{"id":10434,"date":"2025-07-29T09:04:51","date_gmt":"2025-07-29T09:04:51","guid":{"rendered":"https:\/\/meijerholland.nl\/danke-dass-sie-ein-angebot-angefordert-haben\/"},"modified":"2026-02-23T13:20:05","modified_gmt":"2026-02-23T13:20:05","slug":"danke-angebot","status":"publish","type":"page","link":"https:\/\/meijerholland.nl\/de\/danke-angebot\/","title":{"rendered":"Danke, dass Sie ein Angebot angefordert haben"},"content":{"rendered":"<h2 data-start=\"725\" data-end=\"770\">M\u00f6chten Sie noch etwas \u00e4ndern?<\/h2>\n<p>M\u00f6chten Sie der Bewerbung noch etwas hinzuf\u00fcgen? Rufen Sie uns an unter <a href=\"Abrufbar unter:+310503126448\">+31(0)50 3126 448<\/a> oder schicken Sie uns eine E-Mail an <a href=\"mailto:info@meijerholland.com\">info@meijerholland.com<\/a> und wir werden sie f\u00fcr Sie anpassen.<\/p>\n<p><a href=\"https:\/\/www.jh.nl\/wp-content\/uploads\/2025\/05\/Thank-you.png\"><img fetchpriority=\"high\" decoding=\"async\" class=\"alignnone wp-image-26056\" src=\"https:\/\/www.jh.nl\/wp-content\/uploads\/2025\/05\/Thank-you-300x128.png\" alt=\"\" width=\"853\" height=\"364\" \/><\/a><\/p>\n<h3>Bleiben Sie informiert?<\/h3>\n<p>Folgen Sie Meijer Holland auf den sozialen Medien, um aktuelle Informationen \u00fcber unsere Maschinen, Bewertungen und andere interessante Fakten zu erhalten!<\/p>\n<ul>\n<li>Folgen Sie uns auf <a href=\"https:\/\/www.linkedin.com\/company\/meijer-holland---bale-handling-sytems\/\">LinkedIn<\/a><\/li>\n<li>Besuchen Sie unsere <a href=\"https:\/\/www.facebook.com\/meijerhollandbalehandlingsystems\/\">Facebook-Seite<\/a><\/li>\n<li>Sehen Sie sich unseren <a href=\"https:\/\/www.youtube.com\/user\/MeijerHolland\">YouTube-Kanal<\/a> an<\/li>\n<li>Folgen Sie uns auf <a href=\"https:\/\/www.instagram.com\/meijerholland\/\">Instagram<\/a><\/li>\n<\/ul>\n","protected":false},"excerpt":{"rendered":"<p>M\u00f6chten Sie noch etwas \u00e4ndern? M\u00f6chten Sie der Bewerbung noch&#8230;<\/p>\n","protected":false},"author":4,"featured_media":0,"parent":0,"menu_order":0,"comment_status":"closed","ping_status":"closed","template":"","meta":{"_acf_changed":false,"footnotes":""},"class_list":["post-10434","page","type-page","status-publish","hentry"],"acf":[],"yoast_head":"<!-- This site is optimized with the Yoast SEO plugin v27.5 - https:\/\/yoast.com\/product\/yoast-seo-wordpress\/ -->\n<title>Danke, dass Sie ein Angebot angefordert haben - Meijer Holland<\/title>\n<meta name=\"description\" content=\"Danke, dass Sie ein Angebot angefordert haben - Meijer Holland\" \/>\n<meta name=\"robots\" content=\"index, follow, max-snippet:-1, max-image-preview:large, max-video-preview:-1\" \/>\n<link rel=\"canonical\" href=\"https:\/\/meijerholland.nl\/de\/danke-angebot\/\" \/>\n<meta property=\"og:locale\" content=\"de_DE\" \/>\n<meta property=\"og:type\" content=\"article\" \/>\n<meta property=\"og:title\" content=\"Danke, dass Sie ein Angebot angefordert haben - Meijer Holland\" \/>\n<meta property=\"og:description\" content=\"Danke, dass Sie ein Angebot angefordert haben - Meijer Holland\" \/>\n<meta property=\"og:url\" content=\"https:\/\/meijerholland.nl\/de\/danke-angebot\/\" \/>\n<meta property=\"og:site_name\" content=\"Meijer Holland\" \/>\n<meta property=\"article:publisher\" content=\"https:\/\/www.facebook.com\/meijerhollandbalehandlingsystems\/\" \/>\n<meta property=\"article:modified_time\" content=\"2026-02-23T13:20:05+00:00\" \/>\n<meta property=\"og:image\" content=\"https:\/\/meijerholland.nl\/wp-content\/uploads\/2023\/05\/438081-1024x655.png\" \/>\n\t<meta property=\"og:image:width\" content=\"1024\" \/>\n\t<meta property=\"og:image:height\" content=\"655\" \/>\n\t<meta property=\"og:image:type\" content=\"image\/png\" \/>\n<meta name=\"twitter:card\" content=\"summary_large_image\" \/>\n<meta name=\"twitter:label1\" content=\"Gesch\u00e4tzte Lesezeit\" \/>\n\t<meta name=\"twitter:data1\" content=\"1\u00a0Minute\" \/>\n<script type=\"application\/ld+json\" class=\"yoast-schema-graph\">{\"@context\":\"https:\\\/\\\/schema.org\",\"@graph\":[{\"@type\":\"WebPage\",\"@id\":\"https:\\\/\\\/meijerholland.nl\\\/de\\\/danke-angebot\\\/\",\"url\":\"https:\\\/\\\/meijerholland.nl\\\/de\\\/danke-angebot\\\/\",\"name\":\"Danke, dass Sie ein Angebot angefordert haben - Meijer Holland\",\"isPartOf\":{\"@id\":\"https:\\\/\\\/meijerholland.nl\\\/en\\\/#website\"},\"primaryImageOfPage\":{\"@id\":\"https:\\\/\\\/meijerholland.nl\\\/de\\\/danke-angebot\\\/#primaryimage\"},\"image\":{\"@id\":\"https:\\\/\\\/meijerholland.nl\\\/de\\\/danke-angebot\\\/#primaryimage\"},\"thumbnailUrl\":\"https:\\\/\\\/www.jh.nl\\\/wp-content\\\/uploads\\\/2025\\\/05\\\/Thank-you-300x128.png\",\"datePublished\":\"2025-07-29T09:04:51+00:00\",\"dateModified\":\"2026-02-23T13:20:05+00:00\",\"description\":\"Danke, dass Sie ein Angebot angefordert haben - Meijer Holland\",\"breadcrumb\":{\"@id\":\"https:\\\/\\\/meijerholland.nl\\\/de\\\/danke-angebot\\\/#breadcrumb\"},\"inLanguage\":\"de\",\"potentialAction\":[{\"@type\":\"ReadAction\",\"target\":[\"https:\\\/\\\/meijerholland.nl\\\/de\\\/danke-angebot\\\/\"]}]},{\"@type\":\"ImageObject\",\"inLanguage\":\"de\",\"@id\":\"https:\\\/\\\/meijerholland.nl\\\/de\\\/danke-angebot\\\/#primaryimage\",\"url\":\"https:\\\/\\\/www.jh.nl\\\/wp-content\\\/uploads\\\/2025\\\/05\\\/Thank-you-300x128.png\",\"contentUrl\":\"https:\\\/\\\/www.jh.nl\\\/wp-content\\\/uploads\\\/2025\\\/05\\\/Thank-you-300x128.png\"},{\"@type\":\"BreadcrumbList\",\"@id\":\"https:\\\/\\\/meijerholland.nl\\\/de\\\/danke-angebot\\\/#breadcrumb\",\"itemListElement\":[{\"@type\":\"ListItem\",\"position\":1,\"name\":\"Home\",\"item\":\"https:\\\/\\\/meijerholland.nl\\\/de\\\/\"},{\"@type\":\"ListItem\",\"position\":2,\"name\":\"Danke, dass Sie ein Angebot angefordert haben\"}]},{\"@type\":\"WebSite\",\"@id\":\"https:\\\/\\\/meijerholland.nl\\\/en\\\/#website\",\"url\":\"https:\\\/\\\/meijerholland.nl\\\/en\\\/\",\"name\":\"Meijer Holland\",\"description\":\"Bale Handling Systems\u200e\",\"publisher\":{\"@id\":\"https:\\\/\\\/meijerholland.nl\\\/en\\\/#organization\"},\"potentialAction\":[{\"@type\":\"SearchAction\",\"target\":{\"@type\":\"EntryPoint\",\"urlTemplate\":\"https:\\\/\\\/meijerholland.nl\\\/en\\\/?s={search_term_string}\"},\"query-input\":{\"@type\":\"PropertyValueSpecification\",\"valueRequired\":true,\"valueName\":\"search_term_string\"}}],\"inLanguage\":\"de\"},{\"@type\":\"Organization\",\"@id\":\"https:\\\/\\\/meijerholland.nl\\\/en\\\/#organization\",\"name\":\"Meijer Holland\",\"url\":\"https:\\\/\\\/meijerholland.nl\\\/en\\\/\",\"logo\":{\"@type\":\"ImageObject\",\"inLanguage\":\"de\",\"@id\":\"https:\\\/\\\/meijerholland.nl\\\/en\\\/#\\\/schema\\\/logo\\\/image\\\/\",\"url\":\"https:\\\/\\\/meijerholland.nl\\\/wp-content\\\/uploads\\\/2019\\\/10\\\/MH-logo.jpg\",\"contentUrl\":\"https:\\\/\\\/meijerholland.nl\\\/wp-content\\\/uploads\\\/2019\\\/10\\\/MH-logo.jpg\",\"width\":3316,\"height\":614,\"caption\":\"Meijer Holland\"},\"image\":{\"@id\":\"https:\\\/\\\/meijerholland.nl\\\/en\\\/#\\\/schema\\\/logo\\\/image\\\/\"},\"sameAs\":[\"https:\\\/\\\/www.facebook.com\\\/meijerhollandbalehandlingsystems\\\/\",\"https:\\\/\\\/www.linkedin.com\\\/company\\\/meijer-holland---bale-handling-sytems\\\/\",\"https:\\\/\\\/www.instagram.com\\\/meijerholland\\\/\"]}]}<\/script>\n<!-- \/ Yoast SEO plugin. -->","yoast_head_json":{"title":"Danke, dass Sie ein Angebot angefordert haben - Meijer Holland","description":"Danke, dass Sie ein Angebot angefordert haben - Meijer Holland","robots":{"index":"index","follow":"follow","max-snippet":"max-snippet:-1","max-image-preview":"max-image-preview:large","max-video-preview":"max-video-preview:-1"},"canonical":"https:\/\/meijerholland.nl\/de\/danke-angebot\/","og_locale":"de_DE","og_type":"article","og_title":"Danke, dass Sie ein Angebot angefordert haben - Meijer Holland","og_description":"Danke, dass Sie ein Angebot angefordert haben - Meijer Holland","og_url":"https:\/\/meijerholland.nl\/de\/danke-angebot\/","og_site_name":"Meijer Holland","article_publisher":"https:\/\/www.facebook.com\/meijerhollandbalehandlingsystems\/","article_modified_time":"2026-02-23T13:20:05+00:00","og_image":[{"width":1024,"height":655,"url":"https:\/\/meijerholland.nl\/wp-content\/uploads\/2023\/05\/438081-1024x655.png","type":"image\/png"}],"twitter_card":"summary_large_image","twitter_misc":{"Gesch\u00e4tzte Lesezeit":"1\u00a0Minute"},"schema":{"@context":"https:\/\/schema.org","@graph":[{"@type":"WebPage","@id":"https:\/\/meijerholland.nl\/de\/danke-angebot\/","url":"https:\/\/meijerholland.nl\/de\/danke-angebot\/","name":"Danke, dass Sie ein Angebot angefordert haben - Meijer Holland","isPartOf":{"@id":"https:\/\/meijerholland.nl\/en\/#website"},"primaryImageOfPage":{"@id":"https:\/\/meijerholland.nl\/de\/danke-angebot\/#primaryimage"},"image":{"@id":"https:\/\/meijerholland.nl\/de\/danke-angebot\/#primaryimage"},"thumbnailUrl":"https:\/\/www.jh.nl\/wp-content\/uploads\/2025\/05\/Thank-you-300x128.png","datePublished":"2025-07-29T09:04:51+00:00","dateModified":"2026-02-23T13:20:05+00:00","description":"Danke, dass Sie ein Angebot angefordert haben - Meijer Holland","breadcrumb":{"@id":"https:\/\/meijerholland.nl\/de\/danke-angebot\/#breadcrumb"},"inLanguage":"de","potentialAction":[{"@type":"ReadAction","target":["https:\/\/meijerholland.nl\/de\/danke-angebot\/"]}]},{"@type":"ImageObject","inLanguage":"de","@id":"https:\/\/meijerholland.nl\/de\/danke-angebot\/#primaryimage","url":"https:\/\/www.jh.nl\/wp-content\/uploads\/2025\/05\/Thank-you-300x128.png","contentUrl":"https:\/\/www.jh.nl\/wp-content\/uploads\/2025\/05\/Thank-you-300x128.png"},{"@type":"BreadcrumbList","@id":"https:\/\/meijerholland.nl\/de\/danke-angebot\/#breadcrumb","itemListElement":[{"@type":"ListItem","position":1,"name":"Home","item":"https:\/\/meijerholland.nl\/de\/"},{"@type":"ListItem","position":2,"name":"Danke, dass Sie ein Angebot angefordert haben"}]},{"@type":"WebSite","@id":"https:\/\/meijerholland.nl\/en\/#website","url":"https:\/\/meijerholland.nl\/en\/","name":"Meijer Holland","description":"Bale Handling Systems\u200e","publisher":{"@id":"https:\/\/meijerholland.nl\/en\/#organization"},"potentialAction":[{"@type":"SearchAction","target":{"@type":"EntryPoint","urlTemplate":"https:\/\/meijerholland.nl\/en\/?s={search_term_string}"},"query-input":{"@type":"PropertyValueSpecification","valueRequired":true,"valueName":"search_term_string"}}],"inLanguage":"de"},{"@type":"Organization","@id":"https:\/\/meijerholland.nl\/en\/#organization","name":"Meijer Holland","url":"https:\/\/meijerholland.nl\/en\/","logo":{"@type":"ImageObject","inLanguage":"de","@id":"https:\/\/meijerholland.nl\/en\/#\/schema\/logo\/image\/","url":"https:\/\/meijerholland.nl\/wp-content\/uploads\/2019\/10\/MH-logo.jpg","contentUrl":"https:\/\/meijerholland.nl\/wp-content\/uploads\/2019\/10\/MH-logo.jpg","width":3316,"height":614,"caption":"Meijer Holland"},"image":{"@id":"https:\/\/meijerholland.nl\/en\/#\/schema\/logo\/image\/"},"sameAs":["https:\/\/www.facebook.com\/meijerhollandbalehandlingsystems\/","https:\/\/www.linkedin.com\/company\/meijer-holland---bale-handling-sytems\/","https:\/\/www.instagram.com\/meijerholland\/"]}]}},"_links":{"self":[{"href":"https:\/\/meijerholland.nl\/de\/wp-json\/wp\/v2\/pages\/10434","targetHints":{"allow":["GET"]}}],"collection":[{"href":"https:\/\/meijerholland.nl\/de\/wp-json\/wp\/v2\/pages"}],"about":[{"href":"https:\/\/meijerholland.nl\/de\/wp-json\/wp\/v2\/types\/page"}],"author":[{"embeddable":true,"href":"https:\/\/meijerholland.nl\/de\/wp-json\/wp\/v2\/users\/4"}],"replies":[{"embeddable":true,"href":"https:\/\/meijerholland.nl\/de\/wp-json\/wp\/v2\/comments?post=10434"}],"version-history":[{"count":2,"href":"https:\/\/meijerholland.nl\/de\/wp-json\/wp\/v2\/pages\/10434\/revisions"}],"predecessor-version":[{"id":11474,"href":"https:\/\/meijerholland.nl\/de\/wp-json\/wp\/v2\/pages\/10434\/revisions\/11474"}],"wp:attachment":[{"href":"https:\/\/meijerholland.nl\/de\/wp-json\/wp\/v2\/media?parent=10434"}],"curies":[{"name":"wp","href":"https:\/\/api.w.org\/{rel}","templated":true}]}}