{"id":3466,"date":"2019-11-22T14:11:50","date_gmt":"2019-11-22T14:11:50","guid":{"rendered":"https:\/\/meijerholland.nl\/?page_id=3466"},"modified":"2026-02-10T15:07:52","modified_gmt":"2026-02-10T15:07:52","slug":"ueber-uns","status":"publish","type":"page","link":"https:\/\/meijerholland.nl\/de\/ueber-uns\/","title":{"rendered":"\u00dcber uns"},"content":{"rendered":"<h3><img decoding=\"async\" class=\"alignnone size-medium wp-image-7786\" src=\"https:\/\/meijerholland.nl\/wp-content\/uploads\/2022\/07\/oud-MH-logo84-300x88.jpg\" alt=\"\" width=\"300\" height=\"88\" srcset=\"https:\/\/meijerholland.nl\/wp-content\/uploads\/2022\/07\/oud-MH-logo84-300x88.jpg 300w, https:\/\/meijerholland.nl\/wp-content\/uploads\/2022\/07\/oud-MH-logo84-1024x300.jpg 1024w, https:\/\/meijerholland.nl\/wp-content\/uploads\/2022\/07\/oud-MH-logo84-768x225.jpg 768w, https:\/\/meijerholland.nl\/wp-content\/uploads\/2022\/07\/oud-MH-logo84-600x176.jpg 600w, https:\/\/meijerholland.nl\/wp-content\/uploads\/2022\/07\/oud-MH-logo84.jpg 1535w\" sizes=\"(max-width: 300px) 100vw, 300px\" \/>\u00a0 \u00a0 \u00a0 \u00a0<img decoding=\"async\" class=\"alignnone size-medium wp-image-7801\" src=\"https:\/\/meijerholland.nl\/wp-content\/uploads\/2022\/10\/MH-logo-300x56.jpg\" alt=\"\" width=\"300\" height=\"56\" srcset=\"https:\/\/meijerholland.nl\/wp-content\/uploads\/2022\/10\/MH-logo-300x56.jpg 300w, https:\/\/meijerholland.nl\/wp-content\/uploads\/2022\/10\/MH-logo-1024x190.jpg 1024w, https:\/\/meijerholland.nl\/wp-content\/uploads\/2022\/10\/MH-logo-768x142.jpg 768w, https:\/\/meijerholland.nl\/wp-content\/uploads\/2022\/10\/MH-logo-1536x284.jpg 1536w, https:\/\/meijerholland.nl\/wp-content\/uploads\/2022\/10\/MH-logo-2048x379.jpg 2048w, https:\/\/meijerholland.nl\/wp-content\/uploads\/2022\/10\/MH-logo-600x111.jpg 600w\" sizes=\"(max-width: 300px) 100vw, 300px\" \/><\/h3>\n<h3>Der Beginn von Meijer Holland<\/h3>\n<p>Meijer Holland wurde in den 1970er Jahren von Tom Meijer, einem jungen Erfinder aus Lellens, Niederlande, gegr\u00fcndet. Er wuchs auf einem Bauernhof auf und wollte schon in jungen Jahren (17) Ger\u00e4te bauen, die schwere Arbeit erleichtern. Toms Experimentierfreudigkeit f\u00fchrte dazu, dass er mit einem Ballensammler einen Erfinderpreis gewann. Dies war der Beginn von Meijer Holland, mit den verschiedenen Produkten, die im Laufe der Jahre folgen sollten.<\/p>\n\n\t\t<style type=\"text\/css\">\n\t\t\t#gallery-1 {\n\t\t\t\tmargin: auto;\n\t\t\t}\n\t\t\t#gallery-1 .gallery-item {\n\t\t\t\tfloat: left;\n\t\t\t\tmargin-top: 10px;\n\t\t\t\ttext-align: center;\n\t\t\t\twidth: 33%;\n\t\t\t}\n\t\t\t#gallery-1 img {\n\t\t\t\tborder: 2px solid #cfcfcf;\n\t\t\t}\n\t\t\t#gallery-1 .gallery-caption {\n\t\t\t\tmargin-left: 0;\n\t\t\t}\n\t\t\t\/* see gallery_shortcode() in wp-includes\/media.php *\/\n\t\t<\/style>\n\t\t<div id='gallery-1' class='gallery galleryid-3466 gallery-columns-3 gallery-size-large'><dl class='gallery-item'>\n\t\t\t<dt class='gallery-icon landscape'>\n\t\t\t\t<a href='https:\/\/meijerholland.nl\/de\/ueber-uns\/schermopname-1191\/'><img fetchpriority=\"high\" decoding=\"async\" width=\"583\" height=\"354\" src=\"https:\/\/meijerholland.nl\/wp-content\/uploads\/2022\/07\/Schermopname-1191.png\" class=\"attachment-large size-large\" alt=\"\" srcset=\"https:\/\/meijerholland.nl\/wp-content\/uploads\/2022\/07\/Schermopname-1191.png 583w, https:\/\/meijerholland.nl\/wp-content\/uploads\/2022\/07\/Schermopname-1191-300x182.png 300w\" sizes=\"(max-width: 583px) 100vw, 583px\" \/><\/a>\n\t\t\t<\/dt><\/dl><dl class='gallery-item'>\n\t\t\t<dt class='gallery-icon landscape'>\n\t\t\t\t<a href='https:\/\/meijerholland.nl\/de\/ueber-uns\/schermopname-989\/'><img loading=\"lazy\" decoding=\"async\" width=\"586\" height=\"357\" src=\"https:\/\/meijerholland.nl\/wp-content\/uploads\/2022\/07\/Schermopname-989.png\" class=\"attachment-large size-large\" alt=\"\" srcset=\"https:\/\/meijerholland.nl\/wp-content\/uploads\/2022\/07\/Schermopname-989.png 586w, https:\/\/meijerholland.nl\/wp-content\/uploads\/2022\/07\/Schermopname-989-300x183.png 300w\" sizes=\"(max-width: 586px) 100vw, 586px\" \/><\/a>\n\t\t\t<\/dt><\/dl>\n\t\t\t<br style='clear: both' \/>\n\t\t<\/div>\n\n<div>Meijer begann, seine Produkte auf der j\u00e4hrlichen Royal Agricultural Show in England zu pr\u00e4sentieren. Er bemerkte eine gro\u00dfe Nachfrage nach seinen Maschinen und hatte einen Plan: einen englischen H\u00e4ndler finden und ins Ausland verkaufen! Er fand einen in Colchester (Essex); sie arbeiteten viele Jahre lang zusammen und verkauften Tausende von Maschinen in England.<\/div>\n<p><img loading=\"lazy\" decoding=\"async\" class=\"wp-image-7790 size-full alignnone\" src=\"https:\/\/meijerholland.nl\/wp-content\/uploads\/2022\/07\/Schermopname-1090.png\" sizes=\"(max-width: 560px) 100vw, 560px\" srcset=\"https:\/\/meijerholland.nl\/wp-content\/uploads\/2022\/07\/Schermopname-1090.png 560w, https:\/\/meijerholland.nl\/wp-content\/uploads\/2022\/07\/Schermopname-1090-300x200.png 300w\" alt=\"\" width=\"560\" height=\"373\" \/><\/p>\n<p><em><strong>Foto<\/strong>: Der <a href=\"https:\/\/meijerholland.nl\/de\/produkt\/flintstone\/\">Flintstone-Ballensammler<\/a> war ein beliebtes Produkt zum Sammeln gro\u00dfer Ballen. Um seinem Namen gerecht zu werden, hat Meijer ein ziemlich sinnloses Dach auf den Sammler gesetzt, damit er wie das Fred Feuerstein-Auto aussieht. Keine Funktion, aber es sah toll aus!<\/em><\/p>\n<h3>Unsere Produkte<\/h3>\n<p>Heute vertreibt Meijer Holland ein komplettes Sortiment an Ballenklemmen und Ballensammlern. Die Maschinen von Meijer Holland sind f\u00fcr Heu-, Stroh- und Silageballen geeignet und werden in Ballengreifer und -sammler f\u00fcr <a href=\"https:\/\/meijerholland.nl\/de\/produkt-kategorie\/kleine-ballen\/\">Kleine ballen<\/a>, <a href=\"https:\/\/meijerholland.nl\/de\/produkt-kategorie\/grosse-ballen\/\">Gro\u00dfballen<\/a> oder <a href=\"https:\/\/meijerholland.nl\/de\/produkt-kategorie\/gewickelte-ballen\/\">Gewickelte Ballen<\/a> eingeteilt. Die Verarbeitungssysteme k\u00f6nnen auf Frontladern, Teleskopladern, Gabelstaplern, Radladern und Ballenpressen eingesetzt werden. Jede Maschine hat ein unterschiedliches Fassungsverm\u00f6gen, z.B. f\u00fcr 2 oder 4 Ballen, so dass sie f\u00fcr die Bed\u00fcrfnisse jedes Unternehmens geeignet ist.<\/p>\n<h3>Jansen&amp;Heuning<\/h3>\n<p>Im Jahr 2011 wurde Meijer Holland von dem Industriepartner <a href=\"https:\/\/www.jh.nl\/de\/\">Jansen&amp;Heuning<\/a> \u00fcbernommen. Jansen&amp;Heuning ist eine mittelgro\u00dfe Maschinenfabrik, die Maschinen f\u00fcr den Umschlag von Sch\u00fcttg\u00fctern wie Lebensmitteln, Torfverarbeitung, Recycling, Sand und Kies sowie f\u00fcr den Umschlag von landwirtschaftlichen Produkten wie Kartoffeln und Getreide herstellt. Nach der \u00dcbernahme wurde das Sortiment von Jansen&amp;Heuning um die Ballengreifer und Ballensammler von Meijer Holland erweitert.<\/p>\n<p><a href=\"http:\/\/www.jh.nl\" target=\"_blank\" rel=\"noopener noreferrer\"><img loading=\"lazy\" decoding=\"async\" class=\"alignnone wp-image-3106\" src=\"https:\/\/meijerholland.nl\/wp-content\/uploads\/2019\/10\/JH-logo.gif\" alt=\"\" width=\"256\" height=\"43\" \/><\/a><\/p>\n<h3>Meijer Holland Qualit\u00e4t<\/h3>\n<p>Die Maschinen von Meijer Holland haben eine au\u00dfergew\u00f6hnliche Qualit\u00e4t und sind \u00fcber Jahre hinweg in der Praxis getestet worden. Die Maschinen halten ein ganzes Leben lang, es ist also eine Investition, die Ihnen jahrzehntelang dienen wird. Wir h\u00f6ren st\u00e4ndig auf das Feedback unserer Kunden, um unsere Produkte zu verbessern und Ihnen die Arbeit zu erleichtern.<\/p>\n<p><img loading=\"lazy\" decoding=\"async\" class=\"alignnone wp-image-7788 size-large\" src=\"https:\/\/meijerholland.nl\/wp-content\/uploads\/2022\/07\/Schermopname-888-1024x166.jpeg\" alt=\"\" width=\"1024\" height=\"166\" srcset=\"https:\/\/meijerholland.nl\/wp-content\/uploads\/2022\/07\/Schermopname-888-1024x166.jpeg 1024w, https:\/\/meijerholland.nl\/wp-content\/uploads\/2022\/07\/Schermopname-888-300x49.jpeg 300w, https:\/\/meijerholland.nl\/wp-content\/uploads\/2022\/07\/Schermopname-888-768x125.jpeg 768w, https:\/\/meijerholland.nl\/wp-content\/uploads\/2022\/07\/Schermopname-888-1536x249.jpeg 1536w, https:\/\/meijerholland.nl\/wp-content\/uploads\/2022\/07\/Schermopname-888-600x97.jpeg 600w, https:\/\/meijerholland.nl\/wp-content\/uploads\/2022\/07\/Schermopname-888.jpeg 1730w\" sizes=\"(max-width: 1024px) 100vw, 1024px\" \/><\/p>\n","protected":false},"excerpt":{"rendered":"<p>\u00a0 \u00a0 \u00a0 \u00a0 Der Beginn von Meijer Holland Meijer&#8230;<\/p>\n","protected":false},"author":4,"featured_media":7824,"parent":0,"menu_order":0,"comment_status":"closed","ping_status":"closed","template":"template-over-ons.php","meta":{"_acf_changed":false,"footnotes":""},"class_list":["post-3466","page","type-page","status-publish","has-post-thumbnail","hentry"],"acf":[],"yoast_head":"<!-- This site is optimized with the Yoast SEO plugin v27.4 - https:\/\/yoast.com\/product\/yoast-seo-wordpress\/ -->\n<title>\u00dcber uns - Meijer Holland<\/title>\n<meta name=\"description\" content=\"\u00dcber uns - Meijer Holland\" \/>\n<meta name=\"robots\" content=\"index, follow, max-snippet:-1, max-image-preview:large, max-video-preview:-1\" \/>\n<link rel=\"canonical\" href=\"https:\/\/meijerholland.nl\/de\/ueber-uns\/\" \/>\n<meta property=\"og:locale\" content=\"de_DE\" \/>\n<meta property=\"og:type\" content=\"article\" \/>\n<meta property=\"og:title\" content=\"\u00dcber uns - Meijer Holland\" \/>\n<meta property=\"og:description\" content=\"\u00dcber uns - Meijer Holland\" \/>\n<meta property=\"og:url\" content=\"https:\/\/meijerholland.nl\/de\/ueber-uns\/\" \/>\n<meta property=\"og:site_name\" content=\"Meijer Holland\" \/>\n<meta property=\"article:publisher\" content=\"https:\/\/www.facebook.com\/meijerhollandbalehandlingsystems\/\" \/>\n<meta property=\"article:modified_time\" content=\"2026-02-10T15:07:52+00:00\" \/>\n<meta property=\"og:image\" content=\"https:\/\/meijerholland.nl\/wp-content\/uploads\/2022\/10\/Schermopname-9.png\" \/>\n\t<meta property=\"og:image:width\" content=\"586\" \/>\n\t<meta property=\"og:image:height\" content=\"357\" \/>\n\t<meta property=\"og:image:type\" content=\"image\/png\" \/>\n<meta name=\"twitter:card\" content=\"summary_large_image\" \/>\n<meta name=\"twitter:label1\" content=\"Gesch\u00e4tzte Lesezeit\" \/>\n\t<meta name=\"twitter:data1\" content=\"3\u00a0Minuten\" \/>\n<script type=\"application\/ld+json\" class=\"yoast-schema-graph\">{\"@context\":\"https:\\\/\\\/schema.org\",\"@graph\":[{\"@type\":\"WebPage\",\"@id\":\"https:\\\/\\\/meijerholland.nl\\\/de\\\/ueber-uns\\\/\",\"url\":\"https:\\\/\\\/meijerholland.nl\\\/de\\\/ueber-uns\\\/\",\"name\":\"\u00dcber uns - Meijer Holland\",\"isPartOf\":{\"@id\":\"https:\\\/\\\/meijerholland.nl\\\/en\\\/#website\"},\"primaryImageOfPage\":{\"@id\":\"https:\\\/\\\/meijerholland.nl\\\/de\\\/ueber-uns\\\/#primaryimage\"},\"image\":{\"@id\":\"https:\\\/\\\/meijerholland.nl\\\/de\\\/ueber-uns\\\/#primaryimage\"},\"thumbnailUrl\":\"https:\\\/\\\/meijerholland.nl\\\/wp-content\\\/uploads\\\/2022\\\/10\\\/Schermopname-9.png\",\"datePublished\":\"2019-11-22T14:11:50+00:00\",\"dateModified\":\"2026-02-10T15:07:52+00:00\",\"description\":\"\u00dcber uns - Meijer Holland\",\"breadcrumb\":{\"@id\":\"https:\\\/\\\/meijerholland.nl\\\/de\\\/ueber-uns\\\/#breadcrumb\"},\"inLanguage\":\"de\",\"potentialAction\":[{\"@type\":\"ReadAction\",\"target\":[\"https:\\\/\\\/meijerholland.nl\\\/de\\\/ueber-uns\\\/\"]}]},{\"@type\":\"ImageObject\",\"inLanguage\":\"de\",\"@id\":\"https:\\\/\\\/meijerholland.nl\\\/de\\\/ueber-uns\\\/#primaryimage\",\"url\":\"https:\\\/\\\/meijerholland.nl\\\/wp-content\\\/uploads\\\/2022\\\/10\\\/Schermopname-9.png\",\"contentUrl\":\"https:\\\/\\\/meijerholland.nl\\\/wp-content\\\/uploads\\\/2022\\\/10\\\/Schermopname-9.png\",\"width\":586,\"height\":357},{\"@type\":\"BreadcrumbList\",\"@id\":\"https:\\\/\\\/meijerholland.nl\\\/de\\\/ueber-uns\\\/#breadcrumb\",\"itemListElement\":[{\"@type\":\"ListItem\",\"position\":1,\"name\":\"Home\",\"item\":\"https:\\\/\\\/meijerholland.nl\\\/de\\\/\"},{\"@type\":\"ListItem\",\"position\":2,\"name\":\"\u00dcber uns\"}]},{\"@type\":\"WebSite\",\"@id\":\"https:\\\/\\\/meijerholland.nl\\\/en\\\/#website\",\"url\":\"https:\\\/\\\/meijerholland.nl\\\/en\\\/\",\"name\":\"Meijer Holland\",\"description\":\"Bale Handling Systems\u200e\",\"publisher\":{\"@id\":\"https:\\\/\\\/meijerholland.nl\\\/en\\\/#organization\"},\"potentialAction\":[{\"@type\":\"SearchAction\",\"target\":{\"@type\":\"EntryPoint\",\"urlTemplate\":\"https:\\\/\\\/meijerholland.nl\\\/en\\\/?s={search_term_string}\"},\"query-input\":{\"@type\":\"PropertyValueSpecification\",\"valueRequired\":true,\"valueName\":\"search_term_string\"}}],\"inLanguage\":\"de\"},{\"@type\":\"Organization\",\"@id\":\"https:\\\/\\\/meijerholland.nl\\\/en\\\/#organization\",\"name\":\"Meijer Holland\",\"url\":\"https:\\\/\\\/meijerholland.nl\\\/en\\\/\",\"logo\":{\"@type\":\"ImageObject\",\"inLanguage\":\"de\",\"@id\":\"https:\\\/\\\/meijerholland.nl\\\/en\\\/#\\\/schema\\\/logo\\\/image\\\/\",\"url\":\"https:\\\/\\\/meijerholland.nl\\\/wp-content\\\/uploads\\\/2019\\\/10\\\/MH-logo.jpg\",\"contentUrl\":\"https:\\\/\\\/meijerholland.nl\\\/wp-content\\\/uploads\\\/2019\\\/10\\\/MH-logo.jpg\",\"width\":3316,\"height\":614,\"caption\":\"Meijer Holland\"},\"image\":{\"@id\":\"https:\\\/\\\/meijerholland.nl\\\/en\\\/#\\\/schema\\\/logo\\\/image\\\/\"},\"sameAs\":[\"https:\\\/\\\/www.facebook.com\\\/meijerhollandbalehandlingsystems\\\/\",\"https:\\\/\\\/www.linkedin.com\\\/company\\\/meijer-holland---bale-handling-sytems\\\/\",\"https:\\\/\\\/www.instagram.com\\\/meijerholland\\\/\"]}]}<\/script>\n<!-- \/ Yoast SEO plugin. -->","yoast_head_json":{"title":"\u00dcber uns - Meijer Holland","description":"\u00dcber uns - Meijer Holland","robots":{"index":"index","follow":"follow","max-snippet":"max-snippet:-1","max-image-preview":"max-image-preview:large","max-video-preview":"max-video-preview:-1"},"canonical":"https:\/\/meijerholland.nl\/de\/ueber-uns\/","og_locale":"de_DE","og_type":"article","og_title":"\u00dcber uns - Meijer Holland","og_description":"\u00dcber uns - Meijer Holland","og_url":"https:\/\/meijerholland.nl\/de\/ueber-uns\/","og_site_name":"Meijer Holland","article_publisher":"https:\/\/www.facebook.com\/meijerhollandbalehandlingsystems\/","article_modified_time":"2026-02-10T15:07:52+00:00","og_image":[{"width":586,"height":357,"url":"https:\/\/meijerholland.nl\/wp-content\/uploads\/2022\/10\/Schermopname-9.png","type":"image\/png"}],"twitter_card":"summary_large_image","twitter_misc":{"Gesch\u00e4tzte Lesezeit":"3\u00a0Minuten"},"schema":{"@context":"https:\/\/schema.org","@graph":[{"@type":"WebPage","@id":"https:\/\/meijerholland.nl\/de\/ueber-uns\/","url":"https:\/\/meijerholland.nl\/de\/ueber-uns\/","name":"\u00dcber uns - Meijer Holland","isPartOf":{"@id":"https:\/\/meijerholland.nl\/en\/#website"},"primaryImageOfPage":{"@id":"https:\/\/meijerholland.nl\/de\/ueber-uns\/#primaryimage"},"image":{"@id":"https:\/\/meijerholland.nl\/de\/ueber-uns\/#primaryimage"},"thumbnailUrl":"https:\/\/meijerholland.nl\/wp-content\/uploads\/2022\/10\/Schermopname-9.png","datePublished":"2019-11-22T14:11:50+00:00","dateModified":"2026-02-10T15:07:52+00:00","description":"\u00dcber uns - Meijer Holland","breadcrumb":{"@id":"https:\/\/meijerholland.nl\/de\/ueber-uns\/#breadcrumb"},"inLanguage":"de","potentialAction":[{"@type":"ReadAction","target":["https:\/\/meijerholland.nl\/de\/ueber-uns\/"]}]},{"@type":"ImageObject","inLanguage":"de","@id":"https:\/\/meijerholland.nl\/de\/ueber-uns\/#primaryimage","url":"https:\/\/meijerholland.nl\/wp-content\/uploads\/2022\/10\/Schermopname-9.png","contentUrl":"https:\/\/meijerholland.nl\/wp-content\/uploads\/2022\/10\/Schermopname-9.png","width":586,"height":357},{"@type":"BreadcrumbList","@id":"https:\/\/meijerholland.nl\/de\/ueber-uns\/#breadcrumb","itemListElement":[{"@type":"ListItem","position":1,"name":"Home","item":"https:\/\/meijerholland.nl\/de\/"},{"@type":"ListItem","position":2,"name":"\u00dcber uns"}]},{"@type":"WebSite","@id":"https:\/\/meijerholland.nl\/en\/#website","url":"https:\/\/meijerholland.nl\/en\/","name":"Meijer Holland","description":"Bale Handling Systems\u200e","publisher":{"@id":"https:\/\/meijerholland.nl\/en\/#organization"},"potentialAction":[{"@type":"SearchAction","target":{"@type":"EntryPoint","urlTemplate":"https:\/\/meijerholland.nl\/en\/?s={search_term_string}"},"query-input":{"@type":"PropertyValueSpecification","valueRequired":true,"valueName":"search_term_string"}}],"inLanguage":"de"},{"@type":"Organization","@id":"https:\/\/meijerholland.nl\/en\/#organization","name":"Meijer Holland","url":"https:\/\/meijerholland.nl\/en\/","logo":{"@type":"ImageObject","inLanguage":"de","@id":"https:\/\/meijerholland.nl\/en\/#\/schema\/logo\/image\/","url":"https:\/\/meijerholland.nl\/wp-content\/uploads\/2019\/10\/MH-logo.jpg","contentUrl":"https:\/\/meijerholland.nl\/wp-content\/uploads\/2019\/10\/MH-logo.jpg","width":3316,"height":614,"caption":"Meijer Holland"},"image":{"@id":"https:\/\/meijerholland.nl\/en\/#\/schema\/logo\/image\/"},"sameAs":["https:\/\/www.facebook.com\/meijerhollandbalehandlingsystems\/","https:\/\/www.linkedin.com\/company\/meijer-holland---bale-handling-sytems\/","https:\/\/www.instagram.com\/meijerholland\/"]}]}},"_links":{"self":[{"href":"https:\/\/meijerholland.nl\/de\/wp-json\/wp\/v2\/pages\/3466","targetHints":{"allow":["GET"]}}],"collection":[{"href":"https:\/\/meijerholland.nl\/de\/wp-json\/wp\/v2\/pages"}],"about":[{"href":"https:\/\/meijerholland.nl\/de\/wp-json\/wp\/v2\/types\/page"}],"author":[{"embeddable":true,"href":"https:\/\/meijerholland.nl\/de\/wp-json\/wp\/v2\/users\/4"}],"replies":[{"embeddable":true,"href":"https:\/\/meijerholland.nl\/de\/wp-json\/wp\/v2\/comments?post=3466"}],"version-history":[{"count":1,"href":"https:\/\/meijerholland.nl\/de\/wp-json\/wp\/v2\/pages\/3466\/revisions"}],"predecessor-version":[{"id":11458,"href":"https:\/\/meijerholland.nl\/de\/wp-json\/wp\/v2\/pages\/3466\/revisions\/11458"}],"wp:featuredmedia":[{"embeddable":true,"href":"https:\/\/meijerholland.nl\/de\/wp-json\/wp\/v2\/media\/7824"}],"wp:attachment":[{"href":"https:\/\/meijerholland.nl\/de\/wp-json\/wp\/v2\/media?parent=3466"}],"curies":[{"name":"wp","href":"https:\/\/api.w.org\/{rel}","templated":true}]}}