{"id":10516,"date":"2025-08-06T09:47:02","date_gmt":"2025-08-06T09:47:02","guid":{"rendered":"https:\/\/meijerholland.nl\/?post_type=product&#038;p=10516"},"modified":"2025-08-06T09:47:34","modified_gmt":"2025-08-06T09:47:34","slug":"rollrasengreifer","status":"publish","type":"product","link":"https:\/\/meijerholland.nl\/de\/produkt\/rollrasengreifer\/","title":{"rendered":"Rollrasengreifer"},"content":{"rendered":"<p data-start=\"235\" data-end=\"517\">Dieser hydraulische Greifer wurde zum Aufnehmen und Versetzen frisch geschnittener Rollrasenst\u00fccke entwickelt. Der offene Rahmen mit flacher Unterseite sorgt f\u00fcr ein gleichm\u00e4\u00dfiges, besch\u00e4digungsfreies Greifen. Ideal f\u00fcr das Verladen auf Paletten oder den direkten Transport im Feld.<\/p>\n<h2 data-start=\"524\" data-end=\"539\">Geeignet f\u00fcr<\/h2>\n<p data-start=\"541\" data-end=\"760\">Geeignet f\u00fcr Garten- und Landschaftsbauer, Rasenproduzenten und Lohnunternehmen, die mit geschnittenem oder gerolltem Rasen arbeiten. Je nach Breite des Greifers lassen sich mehrere Rasenstreifen gleichzeitig aufnehmen.<\/p>\n<h2 data-start=\"767\" data-end=\"784\">Ausgef\u00fchrt mit<\/h2>\n<ul>\n<li data-start=\"788\" data-end=\"823\">Hydraulisch bet\u00e4tigte Klemmleiste<\/li>\n<li data-start=\"875\" data-end=\"929\">Anbauoption f\u00fcr Radlader oder Kompaktlader (anpassbar)<\/li>\n<\/ul>\n<h2 data-start=\"936\" data-end=\"962\">Ma\u00dfgeschneiderte L\u00f6sung<\/h2>\n<p data-start=\"964\" data-end=\"1125\">Dieses Ger\u00e4t kann als kundenspezifische Sonderanfertigung geliefert worden sein. Anpassungen an Rasengr\u00f6\u00dfe, Aufnahme oder Arbeitsbreite sind auf Anfrage m\u00f6glich.<\/p>\n<h3>Kontakt<\/h3>\n<p>F\u00fcr technische Informationen, Sonderl\u00f6sungen oder weitere Fragen wenden Sie sich bitte an Meijer Holland.<\/p>\n<ul>\n<li>Rufen Sie uns an: <a href=\"callto:+310503126448\">+31 (0)50 \u2013 3126448<\/a><\/li>\n<li>E-Mail: <a href=\"mailto:info@meijerholland.com\">info@meijerholland.com<\/a><\/li>\n<li>Oder f\u00fcllen Sie das <a href=\"https:\/\/meijerholland.nl\/de\/kontakt\/\">Kontaktformular<\/a>\u00a0aus<\/li>\n<\/ul>\n","protected":false},"excerpt":{"rendered":"<p>Dieser hydraulische Greifer wurde zum Aufnehmen und Versetzen frisch geschnittener&#8230;<\/p>\n","protected":false},"featured_media":10517,"template":"","meta":{"_acf_changed":false},"product_brand":[],"product_cat":[783],"product_tag":[],"class_list":{"0":"post-10516","1":"product","2":"type-product","3":"status-publish","4":"has-post-thumbnail","6":"product_cat-massgeschneiderte-maschinen","8":"first","9":"instock","10":"taxable","11":"shipping-taxable","12":"product-type-simple"},"acf":[],"yoast_head":"<!-- This site is optimized with the Yoast SEO plugin v27.3 - https:\/\/yoast.com\/product\/yoast-seo-wordpress\/ -->\n<title>Hydraulischer Rollrasengreifer | Meijer Holland<\/title>\n<meta name=\"description\" content=\"Greifer f\u00fcr Rollrasen, hydraulisch betrieben. F\u00fcr pr\u00e4zises, besch\u00e4digungsfreies Aufnehmen von Rasenst\u00fccken. Anpassbar je nach Anwendung.\" \/>\n<meta name=\"robots\" content=\"index, follow, max-snippet:-1, max-image-preview:large, max-video-preview:-1\" \/>\n<link rel=\"canonical\" href=\"https:\/\/meijerholland.nl\/de\/produkt\/rollrasengreifer\/\" \/>\n<meta property=\"og:locale\" content=\"de_DE\" \/>\n<meta property=\"og:type\" content=\"article\" \/>\n<meta property=\"og:title\" content=\"Hydraulischer Rollrasengreifer | Meijer Holland\" \/>\n<meta property=\"og:description\" content=\"Greifer f\u00fcr Rollrasen, hydraulisch betrieben. F\u00fcr pr\u00e4zises, besch\u00e4digungsfreies Aufnehmen von Rasenst\u00fccken. Anpassbar je nach Anwendung.\" \/>\n<meta property=\"og:url\" content=\"https:\/\/meijerholland.nl\/de\/produkt\/rollrasengreifer\/\" \/>\n<meta property=\"og:site_name\" content=\"Meijer Holland\" \/>\n<meta property=\"article:publisher\" content=\"https:\/\/www.facebook.com\/meijerhollandbalehandlingsystems\/\" \/>\n<meta property=\"article:modified_time\" content=\"2025-08-06T09:47:34+00:00\" \/>\n<meta property=\"og:image\" content=\"https:\/\/meijerholland.nl\/wp-content\/uploads\/2025\/08\/IM004874-1.jpg\" \/>\n\t<meta property=\"og:image:width\" content=\"2048\" \/>\n\t<meta property=\"og:image:height\" content=\"1536\" \/>\n\t<meta property=\"og:image:type\" content=\"image\/jpeg\" \/>\n<meta name=\"twitter:card\" content=\"summary_large_image\" \/>\n<meta name=\"twitter:label1\" content=\"Gesch\u00e4tzte Lesezeit\" \/>\n\t<meta name=\"twitter:data1\" content=\"1\u00a0Minute\" \/>\n<script type=\"application\/ld+json\" class=\"yoast-schema-graph\">{\"@context\":\"https:\\\/\\\/schema.org\",\"@graph\":[{\"@type\":\"WebPage\",\"@id\":\"https:\\\/\\\/meijerholland.nl\\\/de\\\/produkt\\\/rollrasengreifer\\\/\",\"url\":\"https:\\\/\\\/meijerholland.nl\\\/de\\\/produkt\\\/rollrasengreifer\\\/\",\"name\":\"Hydraulischer Rollrasengreifer | Meijer Holland\",\"isPartOf\":{\"@id\":\"https:\\\/\\\/meijerholland.nl\\\/en\\\/#website\"},\"primaryImageOfPage\":{\"@id\":\"https:\\\/\\\/meijerholland.nl\\\/de\\\/produkt\\\/rollrasengreifer\\\/#primaryimage\"},\"image\":{\"@id\":\"https:\\\/\\\/meijerholland.nl\\\/de\\\/produkt\\\/rollrasengreifer\\\/#primaryimage\"},\"thumbnailUrl\":\"https:\\\/\\\/meijerholland.nl\\\/wp-content\\\/uploads\\\/2025\\\/08\\\/IM004874-1.jpg\",\"datePublished\":\"2025-08-06T09:47:02+00:00\",\"dateModified\":\"2025-08-06T09:47:34+00:00\",\"description\":\"Greifer f\u00fcr Rollrasen, hydraulisch betrieben. F\u00fcr pr\u00e4zises, besch\u00e4digungsfreies Aufnehmen von Rasenst\u00fccken. Anpassbar je nach Anwendung.\",\"breadcrumb\":{\"@id\":\"https:\\\/\\\/meijerholland.nl\\\/de\\\/produkt\\\/rollrasengreifer\\\/#breadcrumb\"},\"inLanguage\":\"de\",\"potentialAction\":[{\"@type\":\"ReadAction\",\"target\":[\"https:\\\/\\\/meijerholland.nl\\\/de\\\/produkt\\\/rollrasengreifer\\\/\"]}]},{\"@type\":\"ImageObject\",\"inLanguage\":\"de\",\"@id\":\"https:\\\/\\\/meijerholland.nl\\\/de\\\/produkt\\\/rollrasengreifer\\\/#primaryimage\",\"url\":\"https:\\\/\\\/meijerholland.nl\\\/wp-content\\\/uploads\\\/2025\\\/08\\\/IM004874-1.jpg\",\"contentUrl\":\"https:\\\/\\\/meijerholland.nl\\\/wp-content\\\/uploads\\\/2025\\\/08\\\/IM004874-1.jpg\",\"width\":2048,\"height\":1536,\"caption\":\"Meijer Holland Greifer zum Heben von Rasenst\u00fccken ohne Besch\u00e4digung\"},{\"@type\":\"BreadcrumbList\",\"@id\":\"https:\\\/\\\/meijerholland.nl\\\/de\\\/produkt\\\/rollrasengreifer\\\/#breadcrumb\",\"itemListElement\":[{\"@type\":\"ListItem\",\"position\":1,\"name\":\"Home\",\"item\":\"https:\\\/\\\/meijerholland.nl\\\/de\\\/\"},{\"@type\":\"ListItem\",\"position\":2,\"name\":\"Produkte\",\"item\":\"https:\\\/\\\/meijerholland.nl\\\/de\\\/produkte\\\/\"},{\"@type\":\"ListItem\",\"position\":3,\"name\":\"Ma\u00dfgeschneiderte Maschinen\",\"item\":\"https:\\\/\\\/meijerholland.nl\\\/de\\\/productcategorie\\\/massgeschneiderte-maschinen\\\/\"},{\"@type\":\"ListItem\",\"position\":4,\"name\":\"Rollrasengreifer\"}]},{\"@type\":\"WebSite\",\"@id\":\"https:\\\/\\\/meijerholland.nl\\\/en\\\/#website\",\"url\":\"https:\\\/\\\/meijerholland.nl\\\/en\\\/\",\"name\":\"Meijer Holland\",\"description\":\"Bale Handling Systems\u200e\",\"publisher\":{\"@id\":\"https:\\\/\\\/meijerholland.nl\\\/en\\\/#organization\"},\"potentialAction\":[{\"@type\":\"SearchAction\",\"target\":{\"@type\":\"EntryPoint\",\"urlTemplate\":\"https:\\\/\\\/meijerholland.nl\\\/en\\\/?s={search_term_string}\"},\"query-input\":{\"@type\":\"PropertyValueSpecification\",\"valueRequired\":true,\"valueName\":\"search_term_string\"}}],\"inLanguage\":\"de\"},{\"@type\":\"Organization\",\"@id\":\"https:\\\/\\\/meijerholland.nl\\\/en\\\/#organization\",\"name\":\"Meijer Holland\",\"url\":\"https:\\\/\\\/meijerholland.nl\\\/en\\\/\",\"logo\":{\"@type\":\"ImageObject\",\"inLanguage\":\"de\",\"@id\":\"https:\\\/\\\/meijerholland.nl\\\/en\\\/#\\\/schema\\\/logo\\\/image\\\/\",\"url\":\"https:\\\/\\\/meijerholland.nl\\\/wp-content\\\/uploads\\\/2019\\\/10\\\/MH-logo.jpg\",\"contentUrl\":\"https:\\\/\\\/meijerholland.nl\\\/wp-content\\\/uploads\\\/2019\\\/10\\\/MH-logo.jpg\",\"width\":3316,\"height\":614,\"caption\":\"Meijer Holland\"},\"image\":{\"@id\":\"https:\\\/\\\/meijerholland.nl\\\/en\\\/#\\\/schema\\\/logo\\\/image\\\/\"},\"sameAs\":[\"https:\\\/\\\/www.facebook.com\\\/meijerhollandbalehandlingsystems\\\/\",\"https:\\\/\\\/www.linkedin.com\\\/company\\\/meijer-holland---bale-handling-sytems\\\/\",\"https:\\\/\\\/www.instagram.com\\\/meijerholland\\\/\"]}]}<\/script>\n<!-- \/ Yoast SEO plugin. -->","yoast_head_json":{"title":"Hydraulischer Rollrasengreifer | Meijer Holland","description":"Greifer f\u00fcr Rollrasen, hydraulisch betrieben. F\u00fcr pr\u00e4zises, besch\u00e4digungsfreies Aufnehmen von Rasenst\u00fccken. Anpassbar je nach Anwendung.","robots":{"index":"index","follow":"follow","max-snippet":"max-snippet:-1","max-image-preview":"max-image-preview:large","max-video-preview":"max-video-preview:-1"},"canonical":"https:\/\/meijerholland.nl\/de\/produkt\/rollrasengreifer\/","og_locale":"de_DE","og_type":"article","og_title":"Hydraulischer Rollrasengreifer | Meijer Holland","og_description":"Greifer f\u00fcr Rollrasen, hydraulisch betrieben. F\u00fcr pr\u00e4zises, besch\u00e4digungsfreies Aufnehmen von Rasenst\u00fccken. Anpassbar je nach Anwendung.","og_url":"https:\/\/meijerholland.nl\/de\/produkt\/rollrasengreifer\/","og_site_name":"Meijer Holland","article_publisher":"https:\/\/www.facebook.com\/meijerhollandbalehandlingsystems\/","article_modified_time":"2025-08-06T09:47:34+00:00","og_image":[{"width":2048,"height":1536,"url":"https:\/\/meijerholland.nl\/wp-content\/uploads\/2025\/08\/IM004874-1.jpg","type":"image\/jpeg"}],"twitter_card":"summary_large_image","twitter_misc":{"Gesch\u00e4tzte Lesezeit":"1\u00a0Minute"},"schema":{"@context":"https:\/\/schema.org","@graph":[{"@type":"WebPage","@id":"https:\/\/meijerholland.nl\/de\/produkt\/rollrasengreifer\/","url":"https:\/\/meijerholland.nl\/de\/produkt\/rollrasengreifer\/","name":"Hydraulischer Rollrasengreifer | Meijer Holland","isPartOf":{"@id":"https:\/\/meijerholland.nl\/en\/#website"},"primaryImageOfPage":{"@id":"https:\/\/meijerholland.nl\/de\/produkt\/rollrasengreifer\/#primaryimage"},"image":{"@id":"https:\/\/meijerholland.nl\/de\/produkt\/rollrasengreifer\/#primaryimage"},"thumbnailUrl":"https:\/\/meijerholland.nl\/wp-content\/uploads\/2025\/08\/IM004874-1.jpg","datePublished":"2025-08-06T09:47:02+00:00","dateModified":"2025-08-06T09:47:34+00:00","description":"Greifer f\u00fcr Rollrasen, hydraulisch betrieben. F\u00fcr pr\u00e4zises, besch\u00e4digungsfreies Aufnehmen von Rasenst\u00fccken. Anpassbar je nach Anwendung.","breadcrumb":{"@id":"https:\/\/meijerholland.nl\/de\/produkt\/rollrasengreifer\/#breadcrumb"},"inLanguage":"de","potentialAction":[{"@type":"ReadAction","target":["https:\/\/meijerholland.nl\/de\/produkt\/rollrasengreifer\/"]}]},{"@type":"ImageObject","inLanguage":"de","@id":"https:\/\/meijerholland.nl\/de\/produkt\/rollrasengreifer\/#primaryimage","url":"https:\/\/meijerholland.nl\/wp-content\/uploads\/2025\/08\/IM004874-1.jpg","contentUrl":"https:\/\/meijerholland.nl\/wp-content\/uploads\/2025\/08\/IM004874-1.jpg","width":2048,"height":1536,"caption":"Meijer Holland Greifer zum Heben von Rasenst\u00fccken ohne Besch\u00e4digung"},{"@type":"BreadcrumbList","@id":"https:\/\/meijerholland.nl\/de\/produkt\/rollrasengreifer\/#breadcrumb","itemListElement":[{"@type":"ListItem","position":1,"name":"Home","item":"https:\/\/meijerholland.nl\/de\/"},{"@type":"ListItem","position":2,"name":"Produkte","item":"https:\/\/meijerholland.nl\/de\/produkte\/"},{"@type":"ListItem","position":3,"name":"Ma\u00dfgeschneiderte Maschinen","item":"https:\/\/meijerholland.nl\/de\/productcategorie\/massgeschneiderte-maschinen\/"},{"@type":"ListItem","position":4,"name":"Rollrasengreifer"}]},{"@type":"WebSite","@id":"https:\/\/meijerholland.nl\/en\/#website","url":"https:\/\/meijerholland.nl\/en\/","name":"Meijer Holland","description":"Bale Handling Systems\u200e","publisher":{"@id":"https:\/\/meijerholland.nl\/en\/#organization"},"potentialAction":[{"@type":"SearchAction","target":{"@type":"EntryPoint","urlTemplate":"https:\/\/meijerholland.nl\/en\/?s={search_term_string}"},"query-input":{"@type":"PropertyValueSpecification","valueRequired":true,"valueName":"search_term_string"}}],"inLanguage":"de"},{"@type":"Organization","@id":"https:\/\/meijerholland.nl\/en\/#organization","name":"Meijer Holland","url":"https:\/\/meijerholland.nl\/en\/","logo":{"@type":"ImageObject","inLanguage":"de","@id":"https:\/\/meijerholland.nl\/en\/#\/schema\/logo\/image\/","url":"https:\/\/meijerholland.nl\/wp-content\/uploads\/2019\/10\/MH-logo.jpg","contentUrl":"https:\/\/meijerholland.nl\/wp-content\/uploads\/2019\/10\/MH-logo.jpg","width":3316,"height":614,"caption":"Meijer Holland"},"image":{"@id":"https:\/\/meijerholland.nl\/en\/#\/schema\/logo\/image\/"},"sameAs":["https:\/\/www.facebook.com\/meijerhollandbalehandlingsystems\/","https:\/\/www.linkedin.com\/company\/meijer-holland---bale-handling-sytems\/","https:\/\/www.instagram.com\/meijerholland\/"]}]}},"_links":{"self":[{"href":"https:\/\/meijerholland.nl\/de\/wp-json\/wp\/v2\/product\/10516","targetHints":{"allow":["GET"]}}],"collection":[{"href":"https:\/\/meijerholland.nl\/de\/wp-json\/wp\/v2\/product"}],"about":[{"href":"https:\/\/meijerholland.nl\/de\/wp-json\/wp\/v2\/types\/product"}],"wp:featuredmedia":[{"embeddable":true,"href":"https:\/\/meijerholland.nl\/de\/wp-json\/wp\/v2\/media\/10517"}],"wp:attachment":[{"href":"https:\/\/meijerholland.nl\/de\/wp-json\/wp\/v2\/media?parent=10516"}],"wp:term":[{"taxonomy":"product_brand","embeddable":true,"href":"https:\/\/meijerholland.nl\/de\/wp-json\/wp\/v2\/product_brand?post=10516"},{"taxonomy":"product_cat","embeddable":true,"href":"https:\/\/meijerholland.nl\/de\/wp-json\/wp\/v2\/product_cat?post=10516"},{"taxonomy":"product_tag","embeddable":true,"href":"https:\/\/meijerholland.nl\/de\/wp-json\/wp\/v2\/product_tag?post=10516"}],"curies":[{"name":"wp","href":"https:\/\/api.w.org\/{rel}","templated":true}]}}