{"id":10849,"date":"2025-10-20T09:33:56","date_gmt":"2025-10-20T09:33:56","guid":{"rendered":"https:\/\/meijerholland.nl\/?post_type=product&#038;p=10849"},"modified":"2025-10-20T09:44:17","modified_gmt":"2025-10-20T09:44:17","slug":"rambo-3-krone","status":"publish","type":"product","link":"https:\/\/meijerholland.nl\/de\/produkt\/rambo-3-krone\/","title":{"rendered":"Ex demo Rambo 3 von Krone &#8211; i231"},"content":{"rendered":"<p>Der Rambo 3 sammelt 3 gro\u00dfe Stroh- oder Heuballen nacheinander in L\u00e4ngsrichtung und l\u00e4dt sie gleichzeitig auf. Haken ziehen die Ballenklemme gegen den Rahmen. Dies sorgt f\u00fcr eine sichere Arbeitsweise. Der Rambo 3 eignet sich hervorragend zum Entladen der Ballen.<br \/>\n&#8211; Sensoren melden, ob sich ein Ballen unter dem Haken befindet, und nur dann wird das Ventil des Zylinders ge\u00f6ffnet.<br \/>\n&#8211; Die 3 Ballen werden gemeinsam freigegeben.<br \/>\n&#8211; Geeignet f\u00fcr Ballen mit einer L\u00e4nge von ca. 240 cm und einer Breite von 120 cm.<br \/>\n&#8211; Maximales Gewicht pro Ballen 500 kg.<br \/>\n&#8211; Geeignet f\u00fcr abnehmbare Anbauger\u00e4te.<br \/>\n&#8211; Nicht klappbar.<br \/>\n&#8211; Der Rambo ist weniger f\u00fcr den Einsatz an H\u00e4ngen geeignet.<\/p>\n<p>Ausgestattet mit:<br \/>\n&#8211; 12 speziell entwickelten Haken aus hochwertigem Stahl, die sich in die Ballen drehen<br \/>\n&#8211; 2 hydraulischen Automatikvorrichtungen, die daf\u00fcr sorgen, dass die Ballen einzeln geklemmt werden k\u00f6nnen<br \/>\n&#8211; 1 Zylinder und 4 Haken pro Ballen<\/p>\n<p>Enthaltene Optionen<br \/>\n&#8211; Volvo-Anbau<br \/>\n&#8211; 2 Hydraulikschl\u00e4uche<\/p>\n<p>Optional:<br \/>\n&#8211; Hydraulikkupplungen<br \/>\n&#8211; \u00dcberdruckventil<\/p>\n<p>Max. Druck im Hydraulikkreislauf: 180 bar. Wir empfehlen die Verwendung eines \u00dcberdruckventils bei einem Druck von mehr als 180 bar oder bei Ballen mit einer Dichte von mehr als 200 kg\/m\u00b3.<\/p>\n<p>Abmessungen L x B x H = 205 x 290 x 100 cm.<\/p>\n","protected":false},"excerpt":{"rendered":"<p>Der Rambo 3 sammelt 3 gro\u00dfe Stroh- oder Heuballen nacheinander&#8230;<\/p>\n","protected":false},"featured_media":10850,"template":"","meta":{"_acf_changed":false},"product_brand":[],"product_cat":[143],"product_tag":[],"class_list":{"0":"post-10849","1":"product","2":"type-product","3":"status-publish","4":"has-post-thumbnail","6":"product_cat-gebraucht","8":"first","9":"instock","10":"taxable","11":"shipping-taxable","12":"product-type-simple"},"acf":[],"yoast_head":"<!-- This site is optimized with the Yoast SEO plugin v27.6 - https:\/\/yoast.com\/product\/yoast-seo-wordpress\/ -->\n<title>Ex Demo Rambo 3 Ballengreifer zum Verkauf | Meijer Holland<\/title>\n<meta name=\"description\" content=\"Ex-Demo Rambo 3 Ballengreifer f\u00fcr rechteckige Ballen. Vollst\u00e4ndig gepr\u00fcft und einsatzbereit, direkt bei Meijer Holland erh\u00e4ltlich.\" \/>\n<meta name=\"robots\" content=\"index, follow, max-snippet:-1, max-image-preview:large, max-video-preview:-1\" \/>\n<link rel=\"canonical\" href=\"https:\/\/meijerholland.nl\/de\/produkt\/rambo-3-krone\/\" \/>\n<meta property=\"og:locale\" content=\"de_DE\" \/>\n<meta property=\"og:type\" content=\"article\" \/>\n<meta property=\"og:title\" content=\"Ex Demo Rambo 3 Ballengreifer zum Verkauf | Meijer Holland\" \/>\n<meta property=\"og:description\" content=\"Ex-Demo Rambo 3 Ballengreifer f\u00fcr rechteckige Ballen. Vollst\u00e4ndig gepr\u00fcft und einsatzbereit, direkt bei Meijer Holland erh\u00e4ltlich.\" \/>\n<meta property=\"og:url\" content=\"https:\/\/meijerholland.nl\/de\/produkt\/rambo-3-krone\/\" \/>\n<meta property=\"og:site_name\" content=\"Meijer Holland\" \/>\n<meta property=\"article:publisher\" content=\"https:\/\/www.facebook.com\/meijerhollandbalehandlingsystems\/\" \/>\n<meta property=\"article:modified_time\" content=\"2025-10-20T09:44:17+00:00\" \/>\n<meta property=\"og:image\" content=\"https:\/\/meijerholland.nl\/wp-content\/uploads\/2025\/10\/1-2.jpg\" \/>\n\t<meta property=\"og:image:width\" content=\"2048\" \/>\n\t<meta property=\"og:image:height\" content=\"1364\" \/>\n\t<meta property=\"og:image:type\" content=\"image\/jpeg\" \/>\n<meta name=\"twitter:card\" content=\"summary_large_image\" \/>\n<meta name=\"twitter:label1\" content=\"Gesch\u00e4tzte Lesezeit\" \/>\n\t<meta name=\"twitter:data1\" content=\"2\u00a0Minuten\" \/>\n<script type=\"application\/ld+json\" class=\"yoast-schema-graph\">{\"@context\":\"https:\\\/\\\/schema.org\",\"@graph\":[{\"@type\":\"WebPage\",\"@id\":\"https:\\\/\\\/meijerholland.nl\\\/de\\\/produkt\\\/rambo-3-krone\\\/\",\"url\":\"https:\\\/\\\/meijerholland.nl\\\/de\\\/produkt\\\/rambo-3-krone\\\/\",\"name\":\"Ex Demo Rambo 3 Ballengreifer zum Verkauf | Meijer Holland\",\"isPartOf\":{\"@id\":\"https:\\\/\\\/meijerholland.nl\\\/en\\\/#website\"},\"primaryImageOfPage\":{\"@id\":\"https:\\\/\\\/meijerholland.nl\\\/de\\\/produkt\\\/rambo-3-krone\\\/#primaryimage\"},\"image\":{\"@id\":\"https:\\\/\\\/meijerholland.nl\\\/de\\\/produkt\\\/rambo-3-krone\\\/#primaryimage\"},\"thumbnailUrl\":\"https:\\\/\\\/meijerholland.nl\\\/wp-content\\\/uploads\\\/2025\\\/10\\\/1-2.jpg\",\"datePublished\":\"2025-10-20T09:33:56+00:00\",\"dateModified\":\"2025-10-20T09:44:17+00:00\",\"description\":\"Ex-Demo Rambo 3 Ballengreifer f\u00fcr rechteckige Ballen. Vollst\u00e4ndig gepr\u00fcft und einsatzbereit, direkt bei Meijer Holland erh\u00e4ltlich.\",\"breadcrumb\":{\"@id\":\"https:\\\/\\\/meijerholland.nl\\\/de\\\/produkt\\\/rambo-3-krone\\\/#breadcrumb\"},\"inLanguage\":\"de\",\"potentialAction\":[{\"@type\":\"ReadAction\",\"target\":[\"https:\\\/\\\/meijerholland.nl\\\/de\\\/produkt\\\/rambo-3-krone\\\/\"]}]},{\"@type\":\"ImageObject\",\"inLanguage\":\"de\",\"@id\":\"https:\\\/\\\/meijerholland.nl\\\/de\\\/produkt\\\/rambo-3-krone\\\/#primaryimage\",\"url\":\"https:\\\/\\\/meijerholland.nl\\\/wp-content\\\/uploads\\\/2025\\\/10\\\/1-2.jpg\",\"contentUrl\":\"https:\\\/\\\/meijerholland.nl\\\/wp-content\\\/uploads\\\/2025\\\/10\\\/1-2.jpg\",\"width\":2048,\"height\":1364,\"caption\":\"Ex-Demo Rambo 3 Ballengreifer f\u00fcr rechteckige Ballen, vollst\u00e4ndig gepr\u00fcft und einsatzbereit.\"},{\"@type\":\"BreadcrumbList\",\"@id\":\"https:\\\/\\\/meijerholland.nl\\\/de\\\/produkt\\\/rambo-3-krone\\\/#breadcrumb\",\"itemListElement\":[{\"@type\":\"ListItem\",\"position\":1,\"name\":\"Home\",\"item\":\"https:\\\/\\\/meijerholland.nl\\\/de\\\/\"},{\"@type\":\"ListItem\",\"position\":2,\"name\":\"Produkte\",\"item\":\"https:\\\/\\\/meijerholland.nl\\\/de\\\/produkte\\\/\"},{\"@type\":\"ListItem\",\"position\":3,\"name\":\"Tweedehands balenklemmen en balenverzamelaars\",\"item\":\"https:\\\/\\\/meijerholland.nl\\\/nl\\\/productcategorie\\\/gebruikt\\\/\"},{\"@type\":\"ListItem\",\"position\":4,\"name\":\"Ex demo Rambo 3 von Krone &#8211; i231\"}]},{\"@type\":\"WebSite\",\"@id\":\"https:\\\/\\\/meijerholland.nl\\\/en\\\/#website\",\"url\":\"https:\\\/\\\/meijerholland.nl\\\/en\\\/\",\"name\":\"Meijer Holland\",\"description\":\"Bale Handling Systems\u200e\",\"publisher\":{\"@id\":\"https:\\\/\\\/meijerholland.nl\\\/en\\\/#organization\"},\"potentialAction\":[{\"@type\":\"SearchAction\",\"target\":{\"@type\":\"EntryPoint\",\"urlTemplate\":\"https:\\\/\\\/meijerholland.nl\\\/en\\\/?s={search_term_string}\"},\"query-input\":{\"@type\":\"PropertyValueSpecification\",\"valueRequired\":true,\"valueName\":\"search_term_string\"}}],\"inLanguage\":\"de\"},{\"@type\":\"Organization\",\"@id\":\"https:\\\/\\\/meijerholland.nl\\\/en\\\/#organization\",\"name\":\"Meijer Holland\",\"url\":\"https:\\\/\\\/meijerholland.nl\\\/en\\\/\",\"logo\":{\"@type\":\"ImageObject\",\"inLanguage\":\"de\",\"@id\":\"https:\\\/\\\/meijerholland.nl\\\/en\\\/#\\\/schema\\\/logo\\\/image\\\/\",\"url\":\"https:\\\/\\\/meijerholland.nl\\\/wp-content\\\/uploads\\\/2019\\\/10\\\/MH-logo.jpg\",\"contentUrl\":\"https:\\\/\\\/meijerholland.nl\\\/wp-content\\\/uploads\\\/2019\\\/10\\\/MH-logo.jpg\",\"width\":3316,\"height\":614,\"caption\":\"Meijer Holland\"},\"image\":{\"@id\":\"https:\\\/\\\/meijerholland.nl\\\/en\\\/#\\\/schema\\\/logo\\\/image\\\/\"},\"sameAs\":[\"https:\\\/\\\/www.facebook.com\\\/meijerhollandbalehandlingsystems\\\/\",\"https:\\\/\\\/www.linkedin.com\\\/company\\\/meijer-holland---bale-handling-sytems\\\/\",\"https:\\\/\\\/www.instagram.com\\\/meijerholland\\\/\"]}]}<\/script>\n<!-- \/ Yoast SEO plugin. -->","yoast_head_json":{"title":"Ex Demo Rambo 3 Ballengreifer zum Verkauf | Meijer Holland","description":"Ex-Demo Rambo 3 Ballengreifer f\u00fcr rechteckige Ballen. Vollst\u00e4ndig gepr\u00fcft und einsatzbereit, direkt bei Meijer Holland erh\u00e4ltlich.","robots":{"index":"index","follow":"follow","max-snippet":"max-snippet:-1","max-image-preview":"max-image-preview:large","max-video-preview":"max-video-preview:-1"},"canonical":"https:\/\/meijerholland.nl\/de\/produkt\/rambo-3-krone\/","og_locale":"de_DE","og_type":"article","og_title":"Ex Demo Rambo 3 Ballengreifer zum Verkauf | Meijer Holland","og_description":"Ex-Demo Rambo 3 Ballengreifer f\u00fcr rechteckige Ballen. Vollst\u00e4ndig gepr\u00fcft und einsatzbereit, direkt bei Meijer Holland erh\u00e4ltlich.","og_url":"https:\/\/meijerholland.nl\/de\/produkt\/rambo-3-krone\/","og_site_name":"Meijer Holland","article_publisher":"https:\/\/www.facebook.com\/meijerhollandbalehandlingsystems\/","article_modified_time":"2025-10-20T09:44:17+00:00","og_image":[{"width":2048,"height":1364,"url":"https:\/\/meijerholland.nl\/wp-content\/uploads\/2025\/10\/1-2.jpg","type":"image\/jpeg"}],"twitter_card":"summary_large_image","twitter_misc":{"Gesch\u00e4tzte Lesezeit":"2\u00a0Minuten"},"schema":{"@context":"https:\/\/schema.org","@graph":[{"@type":"WebPage","@id":"https:\/\/meijerholland.nl\/de\/produkt\/rambo-3-krone\/","url":"https:\/\/meijerholland.nl\/de\/produkt\/rambo-3-krone\/","name":"Ex Demo Rambo 3 Ballengreifer zum Verkauf | Meijer Holland","isPartOf":{"@id":"https:\/\/meijerholland.nl\/en\/#website"},"primaryImageOfPage":{"@id":"https:\/\/meijerholland.nl\/de\/produkt\/rambo-3-krone\/#primaryimage"},"image":{"@id":"https:\/\/meijerholland.nl\/de\/produkt\/rambo-3-krone\/#primaryimage"},"thumbnailUrl":"https:\/\/meijerholland.nl\/wp-content\/uploads\/2025\/10\/1-2.jpg","datePublished":"2025-10-20T09:33:56+00:00","dateModified":"2025-10-20T09:44:17+00:00","description":"Ex-Demo Rambo 3 Ballengreifer f\u00fcr rechteckige Ballen. Vollst\u00e4ndig gepr\u00fcft und einsatzbereit, direkt bei Meijer Holland erh\u00e4ltlich.","breadcrumb":{"@id":"https:\/\/meijerholland.nl\/de\/produkt\/rambo-3-krone\/#breadcrumb"},"inLanguage":"de","potentialAction":[{"@type":"ReadAction","target":["https:\/\/meijerholland.nl\/de\/produkt\/rambo-3-krone\/"]}]},{"@type":"ImageObject","inLanguage":"de","@id":"https:\/\/meijerholland.nl\/de\/produkt\/rambo-3-krone\/#primaryimage","url":"https:\/\/meijerholland.nl\/wp-content\/uploads\/2025\/10\/1-2.jpg","contentUrl":"https:\/\/meijerholland.nl\/wp-content\/uploads\/2025\/10\/1-2.jpg","width":2048,"height":1364,"caption":"Ex-Demo Rambo 3 Ballengreifer f\u00fcr rechteckige Ballen, vollst\u00e4ndig gepr\u00fcft und einsatzbereit."},{"@type":"BreadcrumbList","@id":"https:\/\/meijerholland.nl\/de\/produkt\/rambo-3-krone\/#breadcrumb","itemListElement":[{"@type":"ListItem","position":1,"name":"Home","item":"https:\/\/meijerholland.nl\/de\/"},{"@type":"ListItem","position":2,"name":"Produkte","item":"https:\/\/meijerholland.nl\/de\/produkte\/"},{"@type":"ListItem","position":3,"name":"Tweedehands balenklemmen en balenverzamelaars","item":"https:\/\/meijerholland.nl\/nl\/productcategorie\/gebruikt\/"},{"@type":"ListItem","position":4,"name":"Ex demo Rambo 3 von Krone &#8211; i231"}]},{"@type":"WebSite","@id":"https:\/\/meijerholland.nl\/en\/#website","url":"https:\/\/meijerholland.nl\/en\/","name":"Meijer Holland","description":"Bale Handling Systems\u200e","publisher":{"@id":"https:\/\/meijerholland.nl\/en\/#organization"},"potentialAction":[{"@type":"SearchAction","target":{"@type":"EntryPoint","urlTemplate":"https:\/\/meijerholland.nl\/en\/?s={search_term_string}"},"query-input":{"@type":"PropertyValueSpecification","valueRequired":true,"valueName":"search_term_string"}}],"inLanguage":"de"},{"@type":"Organization","@id":"https:\/\/meijerholland.nl\/en\/#organization","name":"Meijer Holland","url":"https:\/\/meijerholland.nl\/en\/","logo":{"@type":"ImageObject","inLanguage":"de","@id":"https:\/\/meijerholland.nl\/en\/#\/schema\/logo\/image\/","url":"https:\/\/meijerholland.nl\/wp-content\/uploads\/2019\/10\/MH-logo.jpg","contentUrl":"https:\/\/meijerholland.nl\/wp-content\/uploads\/2019\/10\/MH-logo.jpg","width":3316,"height":614,"caption":"Meijer Holland"},"image":{"@id":"https:\/\/meijerholland.nl\/en\/#\/schema\/logo\/image\/"},"sameAs":["https:\/\/www.facebook.com\/meijerhollandbalehandlingsystems\/","https:\/\/www.linkedin.com\/company\/meijer-holland---bale-handling-sytems\/","https:\/\/www.instagram.com\/meijerholland\/"]}]}},"_links":{"self":[{"href":"https:\/\/meijerholland.nl\/de\/wp-json\/wp\/v2\/product\/10849","targetHints":{"allow":["GET"]}}],"collection":[{"href":"https:\/\/meijerholland.nl\/de\/wp-json\/wp\/v2\/product"}],"about":[{"href":"https:\/\/meijerholland.nl\/de\/wp-json\/wp\/v2\/types\/product"}],"wp:featuredmedia":[{"embeddable":true,"href":"https:\/\/meijerholland.nl\/de\/wp-json\/wp\/v2\/media\/10850"}],"wp:attachment":[{"href":"https:\/\/meijerholland.nl\/de\/wp-json\/wp\/v2\/media?parent=10849"}],"wp:term":[{"taxonomy":"product_brand","embeddable":true,"href":"https:\/\/meijerholland.nl\/de\/wp-json\/wp\/v2\/product_brand?post=10849"},{"taxonomy":"product_cat","embeddable":true,"href":"https:\/\/meijerholland.nl\/de\/wp-json\/wp\/v2\/product_cat?post=10849"},{"taxonomy":"product_tag","embeddable":true,"href":"https:\/\/meijerholland.nl\/de\/wp-json\/wp\/v2\/product_tag?post=10849"}],"curies":[{"name":"wp","href":"https:\/\/api.w.org\/{rel}","templated":true}]}}