{"id":10868,"date":"2025-10-20T09:57:29","date_gmt":"2025-10-20T09:57:29","guid":{"rendered":"https:\/\/meijerholland.nl\/?post_type=product&#038;p=10868"},"modified":"2025-10-20T10:05:02","modified_gmt":"2025-10-20T10:05:02","slug":"fred-3-4-i233","status":"publish","type":"product","link":"https:\/\/meijerholland.nl\/de\/produkt\/fred-3-4-i233\/","title":{"rendered":"Fred 3-4 HD ex demo &#8211; i233"},"content":{"rendered":"<p>Der Fred 3-4 Heavy Duty ist f\u00fcr den intensiven Einsatz geeignet und stapelt und transportiert 3 bis 4 gro\u00dfe Stroh- oder Heuballen.<br \/>\n&#8211; geeignet f\u00fcr 3 Ballen mit einer H\u00f6he von 90 cm oder 4 Ballen mit einer H\u00f6he von 70 cm<br \/>\n&#8211; Maximale Ballengr\u00f6\u00dfe B x H = 120 x 120 cm<br \/>\n&#8211; Maximale Belastung 1500 kg<br \/>\n&#8211; Geeignet f\u00fcr abnehmbare Anbauteile<br \/>\n&#8211; Beim Vorw\u00e4rtskippen mit 4 Ballen von 70 cm m\u00fcssen diese stabil genug sein, damit der oberste Strohballen nicht aus den oberen Haken fallen kann.<\/p>\n<p>Ausgestattet mit:<br \/>\n&#8211; 12 speziell entwickelten Haken aus hochwertigem Stahl<br \/>\n&#8211; 3 konischen Buchsen zur Montage der geraden, abnehmbaren Zinken<br \/>\n&#8211; Schutzleiste zum Schutz der Zinken w\u00e4hrend des Transports<br \/>\n&#8211; doppeltwirkendem Zylinder mit Hydraulikanschluss<br \/>\n&#8211; 2 Aufsatzh\u00fclsen, damit auch ein vierter 90 cm hoher Ballen oder ein f\u00fcnfter 70 cm hoher Ballen aufgenommen werden kann<br \/>\n&#8211; 2 herausnehmbare dicke Achsen (\u00d8 50 mm) mit Haken, wodurch Verschlei\u00dfteile ausgetauscht werden k\u00f6nnen<br \/>\n&#8211; Schwerer Zylinder<br \/>\n&#8211; Starke Zylinderbefestigung mit Spezialschraube mit Schmiernut<br \/>\n&#8211; Verst\u00e4rkte untere Ecken<\/p>\n<p>Enthaltene Optionen<br \/>\n&#8211; 3 gerade, abnehmbare Zinken (1.100 mm)<br \/>\n&#8211; 2 Hydraulikschl\u00e4uche und Kupplungen (1 x Schnellkupplung m\u00e4nnlich und 1 x Schnellkupplung weiblich)<br \/>\n&#8211; \u00dcberdruckventil<\/p>\n<p>Optional:<br \/>\n&#8211; Abnehmbare Anbauteile<\/p>\n<p>Der maximale Druck des Hydraulikkreislaufs betr\u00e4gt 180 bar. Wir empfehlen die Verwendung eines \u00dcberdruckventils bei einem Druck von mehr als 180 bar oder bei Ballen mit einer Dichte von mehr als 200 kg\/m\u00b3.<\/p>\n<p>Abmessungen L x B x H = 40 x 175 x 230 cm.<\/p>\n","protected":false},"excerpt":{"rendered":"<p>Der Fred 3-4 Heavy Duty ist f\u00fcr den intensiven Einsatz&#8230;<\/p>\n","protected":false},"featured_media":10869,"template":"","meta":{"_acf_changed":false},"product_brand":[],"product_cat":[143],"product_tag":[],"class_list":{"0":"post-10868","1":"product","2":"type-product","3":"status-publish","4":"has-post-thumbnail","6":"product_cat-gebraucht","8":"first","9":"instock","10":"taxable","11":"shipping-taxable","12":"product-type-simple"},"acf":[],"yoast_head":"<!-- This site is optimized with the Yoast SEO plugin v27.4 - https:\/\/yoast.com\/product\/yoast-seo-wordpress\/ -->\n<title>Gebrauchter Fred 3-4 Heavy Duty Ballengreifer | Meijer Holland<\/title>\n<meta name=\"description\" content=\"Gebrauchter Fred 3-4 Heavy Duty Ballengreifer f\u00fcr 3 bis 4 rechteckige Ballen. Vollst\u00e4ndig gepr\u00fcft und einsatzbereit bei Meijer Holland.\" \/>\n<meta name=\"robots\" content=\"index, follow, max-snippet:-1, max-image-preview:large, max-video-preview:-1\" \/>\n<link rel=\"canonical\" href=\"https:\/\/meijerholland.nl\/de\/produkt\/fred-3-4-i233\/\" \/>\n<meta property=\"og:locale\" content=\"de_DE\" \/>\n<meta property=\"og:type\" content=\"article\" \/>\n<meta property=\"og:title\" content=\"Gebrauchter Fred 3-4 Heavy Duty Ballengreifer | Meijer Holland\" \/>\n<meta property=\"og:description\" content=\"Gebrauchter Fred 3-4 Heavy Duty Ballengreifer f\u00fcr 3 bis 4 rechteckige Ballen. Vollst\u00e4ndig gepr\u00fcft und einsatzbereit bei Meijer Holland.\" \/>\n<meta property=\"og:url\" content=\"https:\/\/meijerholland.nl\/de\/produkt\/fred-3-4-i233\/\" \/>\n<meta property=\"og:site_name\" content=\"Meijer Holland\" \/>\n<meta property=\"article:publisher\" content=\"https:\/\/www.facebook.com\/meijerhollandbalehandlingsystems\/\" \/>\n<meta property=\"article:modified_time\" content=\"2025-10-20T10:05:02+00:00\" \/>\n<meta property=\"og:image\" content=\"https:\/\/meijerholland.nl\/wp-content\/uploads\/2025\/10\/A004C0856_250809_PF1304-2-2.jpg\" \/>\n\t<meta property=\"og:image:width\" content=\"2048\" \/>\n\t<meta property=\"og:image:height\" content=\"1364\" \/>\n\t<meta property=\"og:image:type\" content=\"image\/jpeg\" \/>\n<meta name=\"twitter:card\" content=\"summary_large_image\" \/>\n<meta name=\"twitter:label1\" content=\"Gesch\u00e4tzte Lesezeit\" \/>\n\t<meta name=\"twitter:data1\" content=\"2\u00a0Minuten\" \/>\n<script type=\"application\/ld+json\" class=\"yoast-schema-graph\">{\"@context\":\"https:\\\/\\\/schema.org\",\"@graph\":[{\"@type\":\"WebPage\",\"@id\":\"https:\\\/\\\/meijerholland.nl\\\/de\\\/produkt\\\/fred-3-4-i233\\\/\",\"url\":\"https:\\\/\\\/meijerholland.nl\\\/de\\\/produkt\\\/fred-3-4-i233\\\/\",\"name\":\"Gebrauchter Fred 3-4 Heavy Duty Ballengreifer | Meijer Holland\",\"isPartOf\":{\"@id\":\"https:\\\/\\\/meijerholland.nl\\\/en\\\/#website\"},\"primaryImageOfPage\":{\"@id\":\"https:\\\/\\\/meijerholland.nl\\\/de\\\/produkt\\\/fred-3-4-i233\\\/#primaryimage\"},\"image\":{\"@id\":\"https:\\\/\\\/meijerholland.nl\\\/de\\\/produkt\\\/fred-3-4-i233\\\/#primaryimage\"},\"thumbnailUrl\":\"https:\\\/\\\/meijerholland.nl\\\/wp-content\\\/uploads\\\/2025\\\/10\\\/A004C0856_250809_PF1304-2-2.jpg\",\"datePublished\":\"2025-10-20T09:57:29+00:00\",\"dateModified\":\"2025-10-20T10:05:02+00:00\",\"description\":\"Gebrauchter Fred 3-4 Heavy Duty Ballengreifer f\u00fcr 3 bis 4 rechteckige Ballen. Vollst\u00e4ndig gepr\u00fcft und einsatzbereit bei Meijer Holland.\",\"breadcrumb\":{\"@id\":\"https:\\\/\\\/meijerholland.nl\\\/de\\\/produkt\\\/fred-3-4-i233\\\/#breadcrumb\"},\"inLanguage\":\"de\",\"potentialAction\":[{\"@type\":\"ReadAction\",\"target\":[\"https:\\\/\\\/meijerholland.nl\\\/de\\\/produkt\\\/fred-3-4-i233\\\/\"]}]},{\"@type\":\"ImageObject\",\"inLanguage\":\"de\",\"@id\":\"https:\\\/\\\/meijerholland.nl\\\/de\\\/produkt\\\/fred-3-4-i233\\\/#primaryimage\",\"url\":\"https:\\\/\\\/meijerholland.nl\\\/wp-content\\\/uploads\\\/2025\\\/10\\\/A004C0856_250809_PF1304-2-2.jpg\",\"contentUrl\":\"https:\\\/\\\/meijerholland.nl\\\/wp-content\\\/uploads\\\/2025\\\/10\\\/A004C0856_250809_PF1304-2-2.jpg\",\"width\":2048,\"height\":1364,\"caption\":\"defaultGebrauchter Fred 3-4 Heavy Duty Ballengreifer f\u00fcr intensiven Einsatz mit verst\u00e4rktem Rahmen und abnehmbaren Anbauteilen.\"},{\"@type\":\"BreadcrumbList\",\"@id\":\"https:\\\/\\\/meijerholland.nl\\\/de\\\/produkt\\\/fred-3-4-i233\\\/#breadcrumb\",\"itemListElement\":[{\"@type\":\"ListItem\",\"position\":1,\"name\":\"Home\",\"item\":\"https:\\\/\\\/meijerholland.nl\\\/de\\\/\"},{\"@type\":\"ListItem\",\"position\":2,\"name\":\"Produkte\",\"item\":\"https:\\\/\\\/meijerholland.nl\\\/de\\\/produkte\\\/\"},{\"@type\":\"ListItem\",\"position\":3,\"name\":\"Second hand bale grabs and bale collectors\",\"item\":\"https:\\\/\\\/meijerholland.nl\\\/en\\\/productcategorie\\\/used\\\/\"},{\"@type\":\"ListItem\",\"position\":4,\"name\":\"Fred 3-4 HD ex demo &#8211; i233\"}]},{\"@type\":\"WebSite\",\"@id\":\"https:\\\/\\\/meijerholland.nl\\\/en\\\/#website\",\"url\":\"https:\\\/\\\/meijerholland.nl\\\/en\\\/\",\"name\":\"Meijer Holland\",\"description\":\"Bale Handling Systems\u200e\",\"publisher\":{\"@id\":\"https:\\\/\\\/meijerholland.nl\\\/en\\\/#organization\"},\"potentialAction\":[{\"@type\":\"SearchAction\",\"target\":{\"@type\":\"EntryPoint\",\"urlTemplate\":\"https:\\\/\\\/meijerholland.nl\\\/en\\\/?s={search_term_string}\"},\"query-input\":{\"@type\":\"PropertyValueSpecification\",\"valueRequired\":true,\"valueName\":\"search_term_string\"}}],\"inLanguage\":\"de\"},{\"@type\":\"Organization\",\"@id\":\"https:\\\/\\\/meijerholland.nl\\\/en\\\/#organization\",\"name\":\"Meijer Holland\",\"url\":\"https:\\\/\\\/meijerholland.nl\\\/en\\\/\",\"logo\":{\"@type\":\"ImageObject\",\"inLanguage\":\"de\",\"@id\":\"https:\\\/\\\/meijerholland.nl\\\/en\\\/#\\\/schema\\\/logo\\\/image\\\/\",\"url\":\"https:\\\/\\\/meijerholland.nl\\\/wp-content\\\/uploads\\\/2019\\\/10\\\/MH-logo.jpg\",\"contentUrl\":\"https:\\\/\\\/meijerholland.nl\\\/wp-content\\\/uploads\\\/2019\\\/10\\\/MH-logo.jpg\",\"width\":3316,\"height\":614,\"caption\":\"Meijer Holland\"},\"image\":{\"@id\":\"https:\\\/\\\/meijerholland.nl\\\/en\\\/#\\\/schema\\\/logo\\\/image\\\/\"},\"sameAs\":[\"https:\\\/\\\/www.facebook.com\\\/meijerhollandbalehandlingsystems\\\/\",\"https:\\\/\\\/www.linkedin.com\\\/company\\\/meijer-holland---bale-handling-sytems\\\/\",\"https:\\\/\\\/www.instagram.com\\\/meijerholland\\\/\"]}]}<\/script>\n<!-- \/ Yoast SEO plugin. -->","yoast_head_json":{"title":"Gebrauchter Fred 3-4 Heavy Duty Ballengreifer | Meijer Holland","description":"Gebrauchter Fred 3-4 Heavy Duty Ballengreifer f\u00fcr 3 bis 4 rechteckige Ballen. Vollst\u00e4ndig gepr\u00fcft und einsatzbereit bei Meijer Holland.","robots":{"index":"index","follow":"follow","max-snippet":"max-snippet:-1","max-image-preview":"max-image-preview:large","max-video-preview":"max-video-preview:-1"},"canonical":"https:\/\/meijerholland.nl\/de\/produkt\/fred-3-4-i233\/","og_locale":"de_DE","og_type":"article","og_title":"Gebrauchter Fred 3-4 Heavy Duty Ballengreifer | Meijer Holland","og_description":"Gebrauchter Fred 3-4 Heavy Duty Ballengreifer f\u00fcr 3 bis 4 rechteckige Ballen. Vollst\u00e4ndig gepr\u00fcft und einsatzbereit bei Meijer Holland.","og_url":"https:\/\/meijerholland.nl\/de\/produkt\/fred-3-4-i233\/","og_site_name":"Meijer Holland","article_publisher":"https:\/\/www.facebook.com\/meijerhollandbalehandlingsystems\/","article_modified_time":"2025-10-20T10:05:02+00:00","og_image":[{"width":2048,"height":1364,"url":"https:\/\/meijerholland.nl\/wp-content\/uploads\/2025\/10\/A004C0856_250809_PF1304-2-2.jpg","type":"image\/jpeg"}],"twitter_card":"summary_large_image","twitter_misc":{"Gesch\u00e4tzte Lesezeit":"2\u00a0Minuten"},"schema":{"@context":"https:\/\/schema.org","@graph":[{"@type":"WebPage","@id":"https:\/\/meijerholland.nl\/de\/produkt\/fred-3-4-i233\/","url":"https:\/\/meijerholland.nl\/de\/produkt\/fred-3-4-i233\/","name":"Gebrauchter Fred 3-4 Heavy Duty Ballengreifer | Meijer Holland","isPartOf":{"@id":"https:\/\/meijerholland.nl\/en\/#website"},"primaryImageOfPage":{"@id":"https:\/\/meijerholland.nl\/de\/produkt\/fred-3-4-i233\/#primaryimage"},"image":{"@id":"https:\/\/meijerholland.nl\/de\/produkt\/fred-3-4-i233\/#primaryimage"},"thumbnailUrl":"https:\/\/meijerholland.nl\/wp-content\/uploads\/2025\/10\/A004C0856_250809_PF1304-2-2.jpg","datePublished":"2025-10-20T09:57:29+00:00","dateModified":"2025-10-20T10:05:02+00:00","description":"Gebrauchter Fred 3-4 Heavy Duty Ballengreifer f\u00fcr 3 bis 4 rechteckige Ballen. Vollst\u00e4ndig gepr\u00fcft und einsatzbereit bei Meijer Holland.","breadcrumb":{"@id":"https:\/\/meijerholland.nl\/de\/produkt\/fred-3-4-i233\/#breadcrumb"},"inLanguage":"de","potentialAction":[{"@type":"ReadAction","target":["https:\/\/meijerholland.nl\/de\/produkt\/fred-3-4-i233\/"]}]},{"@type":"ImageObject","inLanguage":"de","@id":"https:\/\/meijerholland.nl\/de\/produkt\/fred-3-4-i233\/#primaryimage","url":"https:\/\/meijerholland.nl\/wp-content\/uploads\/2025\/10\/A004C0856_250809_PF1304-2-2.jpg","contentUrl":"https:\/\/meijerholland.nl\/wp-content\/uploads\/2025\/10\/A004C0856_250809_PF1304-2-2.jpg","width":2048,"height":1364,"caption":"defaultGebrauchter Fred 3-4 Heavy Duty Ballengreifer f\u00fcr intensiven Einsatz mit verst\u00e4rktem Rahmen und abnehmbaren Anbauteilen."},{"@type":"BreadcrumbList","@id":"https:\/\/meijerholland.nl\/de\/produkt\/fred-3-4-i233\/#breadcrumb","itemListElement":[{"@type":"ListItem","position":1,"name":"Home","item":"https:\/\/meijerholland.nl\/de\/"},{"@type":"ListItem","position":2,"name":"Produkte","item":"https:\/\/meijerholland.nl\/de\/produkte\/"},{"@type":"ListItem","position":3,"name":"Second hand bale grabs and bale collectors","item":"https:\/\/meijerholland.nl\/en\/productcategorie\/used\/"},{"@type":"ListItem","position":4,"name":"Fred 3-4 HD ex demo &#8211; i233"}]},{"@type":"WebSite","@id":"https:\/\/meijerholland.nl\/en\/#website","url":"https:\/\/meijerholland.nl\/en\/","name":"Meijer Holland","description":"Bale Handling Systems\u200e","publisher":{"@id":"https:\/\/meijerholland.nl\/en\/#organization"},"potentialAction":[{"@type":"SearchAction","target":{"@type":"EntryPoint","urlTemplate":"https:\/\/meijerholland.nl\/en\/?s={search_term_string}"},"query-input":{"@type":"PropertyValueSpecification","valueRequired":true,"valueName":"search_term_string"}}],"inLanguage":"de"},{"@type":"Organization","@id":"https:\/\/meijerholland.nl\/en\/#organization","name":"Meijer Holland","url":"https:\/\/meijerholland.nl\/en\/","logo":{"@type":"ImageObject","inLanguage":"de","@id":"https:\/\/meijerholland.nl\/en\/#\/schema\/logo\/image\/","url":"https:\/\/meijerholland.nl\/wp-content\/uploads\/2019\/10\/MH-logo.jpg","contentUrl":"https:\/\/meijerholland.nl\/wp-content\/uploads\/2019\/10\/MH-logo.jpg","width":3316,"height":614,"caption":"Meijer Holland"},"image":{"@id":"https:\/\/meijerholland.nl\/en\/#\/schema\/logo\/image\/"},"sameAs":["https:\/\/www.facebook.com\/meijerhollandbalehandlingsystems\/","https:\/\/www.linkedin.com\/company\/meijer-holland---bale-handling-sytems\/","https:\/\/www.instagram.com\/meijerholland\/"]}]}},"_links":{"self":[{"href":"https:\/\/meijerholland.nl\/de\/wp-json\/wp\/v2\/product\/10868","targetHints":{"allow":["GET"]}}],"collection":[{"href":"https:\/\/meijerholland.nl\/de\/wp-json\/wp\/v2\/product"}],"about":[{"href":"https:\/\/meijerholland.nl\/de\/wp-json\/wp\/v2\/types\/product"}],"wp:featuredmedia":[{"embeddable":true,"href":"https:\/\/meijerholland.nl\/de\/wp-json\/wp\/v2\/media\/10869"}],"wp:attachment":[{"href":"https:\/\/meijerholland.nl\/de\/wp-json\/wp\/v2\/media?parent=10868"}],"wp:term":[{"taxonomy":"product_brand","embeddable":true,"href":"https:\/\/meijerholland.nl\/de\/wp-json\/wp\/v2\/product_brand?post=10868"},{"taxonomy":"product_cat","embeddable":true,"href":"https:\/\/meijerholland.nl\/de\/wp-json\/wp\/v2\/product_cat?post=10868"},{"taxonomy":"product_tag","embeddable":true,"href":"https:\/\/meijerholland.nl\/de\/wp-json\/wp\/v2\/product_tag?post=10868"}],"curies":[{"name":"wp","href":"https:\/\/api.w.org\/{rel}","templated":true}]}}