{"id":10887,"date":"2025-10-21T07:15:51","date_gmt":"2025-10-21T07:15:51","guid":{"rendered":"https:\/\/meijerholland.nl\/?post_type=product&#038;p=10887"},"modified":"2025-11-11T13:50:23","modified_gmt":"2025-11-11T13:50:23","slug":"rambo-3-collect","status":"publish","type":"product","link":"https:\/\/meijerholland.nl\/de\/produkt\/rambo-3-collect\/","title":{"rendered":"Rambo 3 Collect Ballengreifer"},"content":{"rendered":"<p data-start=\"327\" data-end=\"964\">Der Rambo 3 Collect Ballengreifer ist ein hydraulisches Anbauger\u00e4t zum direkten Aufnehmen, Sammeln und Transportieren von drei gro\u00dfen rechteckigen Ballen in L\u00e4ngsrichtung. Der Greifer wird an das Hydrauliksystem eines Teleskopladers, Frontladers, Radladers oder Krans angeschlossen.<br data-start=\"613\" data-end=\"616\" \/>Im Unterschied zur Standardausf\u00fchrung verf\u00fcgt der Rambo 3 Collect \u00fcber klappbare Seitenf\u00fchrungen und eine klappbare R\u00fcckwand. Dadurch k\u00f6nnen drei Ballen einzeln oder als B\u00fcndel gesammelt und in einem Arbeitsgang verladen werden. Die Haken ziehen die Ballen fest gegen den Rahmen, was f\u00fcr einen sicheren und kontrollierten Transport sorgt.<\/p>\n<p data-start=\"966\" data-end=\"1185\">Aufgrund des starren Rahmens ist diese Ausf\u00fchrung f\u00fcr den Einsatz in Hanglagen weniger geeignet. Die zus\u00e4tzlichen F\u00fchrungen und verriegelbaren Ventile gew\u00e4hrleisten jedoch maximale Stabilit\u00e4t auf ebenem Gel\u00e4nde.<\/p>\n<h2 data-start=\"1192\" data-end=\"1210\">Geeignet f\u00fcr<\/h2>\n<p data-start=\"1211\" data-end=\"1555\">Der Rambo 3 Collect ist f\u00fcr das effiziente Aufnehmen, Sammeln und Abladen gro\u00dfer Stroh- oder Heuballen konzipiert.<br data-start=\"1325\" data-end=\"1328\" \/>Die Standardkonfiguration ist f\u00fcr Ballen mit einer L\u00e4nge von ca. 240 cm und einer Breite von 120 cm bei einem Maximalgewicht von 500 kg pro Ballen ausgelegt.<br data-start=\"1497\" data-end=\"1500\" \/>Andere Ballenabmessungen sind auf Anfrage erh\u00e4ltlich.<\/p>\n<h2 data-start=\"1562\" data-end=\"1582\">Ausgef\u00fchrt mit<\/h2>\n<ul>\n<li data-start=\"1585\" data-end=\"1628\">Klappbare R\u00fcckwand zur F\u00fchrung der Ballen<\/li>\n<li data-start=\"1631\" data-end=\"1699\">Klappbare Seitenf\u00fchrungen zum Sammeln von drei Ballen gleichzeitig<\/li>\n<li data-start=\"1702\" data-end=\"1764\">Zw\u00f6lf speziell entwickelte Greifhaken aus hochwertigem Stahl<\/li>\n<li data-start=\"1767\" data-end=\"1836\">Zwei hydraulische Automaten f\u00fcr individuellen Klemmdruck pro Ballen<\/li>\n<li data-start=\"1839\" data-end=\"1884\">Verriegelbare Ventile f\u00fcr geb\u00fcndelte Abgabe<\/li>\n<li data-start=\"1887\" data-end=\"1942\">Eine Hydraulikzylinder mit vier Haken pro Ballenseite<\/li>\n<li data-start=\"1945\" data-end=\"1990\">Starres Rahmengestell ohne Klappmechanismus<\/li>\n<\/ul>\n<h2 data-start=\"1997\" data-end=\"2031\">Vorteile des Rambo 3 Collect<\/h2>\n<p data-start=\"2032\" data-end=\"2468\">Die sensorgesteuerten Ventile \u00f6ffnen nur, wenn sich ein Ballen unter dem Haken befindet, sodass jeder Zylinder ausschlie\u00dflich bei gesicherter Last arbeitet. Beim Sammeln mehrerer Ballen werden die Klemmen automatisch verriegelt, anschlie\u00dfend werden die drei Ballen gleichzeitig freigegeben.<br data-start=\"2322\" data-end=\"2325\" \/>Diese Funktion macht den Rambo 3 Collect besonders geeignet f\u00fcr das kontrollierte B\u00fcndelhandling und den sicheren Einsatz auf ebenem Gel\u00e4nde.<\/p>\n<p data-start=\"2470\" data-end=\"2764\">Die direkte hydraulische Bet\u00e4tigung in Kombination mit einem soliden Rahmen und der individuellen Klemmdruckregelung erm\u00f6glicht eine hohe Arbeitsgeschwindigkeit bei minimalen Stillstandzeiten.<br data-start=\"2662\" data-end=\"2665\" \/>In Verbindung mit automatischen Ballenablagesystemen wird der Arbeitsablauf zus\u00e4tzlich optimiert.<\/p>\n<h2 data-start=\"2771\" data-end=\"2809\">Optionen f\u00fcr den Rambo 3 Collect<\/h2>\n<ul>\n<li data-start=\"2812\" data-end=\"2865\">Demontierbare Anbauteile f\u00fcr verschiedene Maschinen<\/li>\n<li data-start=\"2868\" data-end=\"2908\">Zwei Hydraulikschl\u00e4uche mit Kupplungen<\/li>\n<li data-start=\"2911\" data-end=\"2967\">Druckbegrenzungsventil zum Schutz des Hydrauliksystems<\/li>\n<\/ul>\n<p data-start=\"2969\" data-end=\"3126\"><strong data-start=\"2969\" data-end=\"2995\">Maximaler Systemdruck:<\/strong> 180 bar.<br data-start=\"3004\" data-end=\"3007\" \/>Bei h\u00f6herem Druck oder einer Ballendichte \u00fcber 200 kg\/m\u00b3 wird die Verwendung eines Druckbegrenzungsventils empfohlen.<\/p>\n<h2 data-start=\"3133\" data-end=\"3154\">Spezifikationen<\/h2>\n<ul>\n<li data-start=\"3157\" data-end=\"3208\">Abmessungen (Arbeitsstellung): 205 \u00d7 370 \u00d7 100 cm<\/li>\n<li data-start=\"3211\" data-end=\"3264\">Abmessungen (Transportstellung): 205 \u00d7 290 \u00d7 180 cm<\/li>\n<\/ul>\n<h3>Kontakt<\/h3>\n<p>F\u00fcr technische Informationen, Sonderl\u00f6sungen oder weitere Fragen wenden Sie sich bitte an Meijer Holland.<\/p>\n<ul>\n<li>Rufen Sie uns an:\u00a0<a href=\"callto:+310503126448\">+31 (0)50 \u2013 3126448<\/a><\/li>\n<li>E-Mail:\u00a0<a href=\"mailto:info@meijerholland.com\">info@meijerholland.com<\/a><\/li>\n<li>Oder f\u00fcllen Sie das\u00a0<a href=\"https:\/\/meijerholland.nl\/de\/kontakt\/\">Kontaktformular<\/a>\u00a0aus<\/li>\n<\/ul>\n","protected":false},"excerpt":{"rendered":"<p>Der Rambo 3 Collect Ballengreifer ist ein hydraulisches Anbauger\u00e4t zum&#8230;<\/p>\n","protected":false},"featured_media":10895,"template":"","meta":{"_acf_changed":false},"product_brand":[],"product_cat":[118],"product_tag":[],"class_list":{"0":"post-10887","1":"product","2":"type-product","3":"status-publish","4":"has-post-thumbnail","6":"product_cat-rambo-ballengreifer","8":"first","9":"instock","10":"taxable","11":"shipping-taxable","12":"product-type-simple"},"acf":[],"yoast_head":"<!-- This site is optimized with the Yoast SEO plugin v27.3 - https:\/\/yoast.com\/product\/yoast-seo-wordpress\/ -->\n<title>Rambo 3 Collect Ballengreifer F\u00fcr 3 Gro\u00dfe Ballen | Meijer Holland<\/title>\n<meta name=\"description\" content=\"Hydraulischer Ballengreifer zum Sammeln und Verladen von drei gro\u00dfen Stroh- oder Heuballen in einem Arbeitsgang. Sicher und effizient auf ebenem Gel\u00e4nde.\" \/>\n<meta name=\"robots\" content=\"index, follow, max-snippet:-1, max-image-preview:large, max-video-preview:-1\" \/>\n<link rel=\"canonical\" href=\"https:\/\/meijerholland.nl\/de\/product\/rambo-3-collect\/\" \/>\n<meta property=\"og:locale\" content=\"de_DE\" \/>\n<meta property=\"og:type\" content=\"article\" \/>\n<meta property=\"og:title\" content=\"Rambo 3 Collect Ballengreifer F\u00fcr 3 Gro\u00dfe Ballen | Meijer Holland\" \/>\n<meta property=\"og:description\" content=\"Hydraulischer Ballengreifer zum Sammeln und Verladen von drei gro\u00dfen Stroh- oder Heuballen in einem Arbeitsgang. Sicher und effizient auf ebenem Gel\u00e4nde.\" \/>\n<meta property=\"og:url\" content=\"https:\/\/meijerholland.nl\/de\/product\/rambo-3-collect\/\" \/>\n<meta property=\"og:site_name\" content=\"Meijer Holland\" \/>\n<meta property=\"article:publisher\" content=\"https:\/\/www.facebook.com\/meijerhollandbalehandlingsystems\/\" \/>\n<meta property=\"article:modified_time\" content=\"2025-11-11T13:50:23+00:00\" \/>\n<meta property=\"og:image\" content=\"https:\/\/meijerholland.nl\/wp-content\/uploads\/2025\/10\/A004C0802_250809_PF1304-1.jpg\" \/>\n\t<meta property=\"og:image:width\" content=\"2048\" \/>\n\t<meta property=\"og:image:height\" content=\"1364\" \/>\n\t<meta property=\"og:image:type\" content=\"image\/jpeg\" \/>\n<meta name=\"twitter:card\" content=\"summary_large_image\" \/>\n<meta name=\"twitter:label1\" content=\"Gesch\u00e4tzte Lesezeit\" \/>\n\t<meta name=\"twitter:data1\" content=\"3\u00a0Minuten\" \/>\n<script type=\"application\/ld+json\" class=\"yoast-schema-graph\">{\"@context\":\"https:\\\/\\\/schema.org\",\"@graph\":[{\"@type\":\"WebPage\",\"@id\":\"https:\\\/\\\/meijerholland.nl\\\/de\\\/product\\\/rambo-3-collect\\\/\",\"url\":\"https:\\\/\\\/meijerholland.nl\\\/de\\\/product\\\/rambo-3-collect\\\/\",\"name\":\"Rambo 3 Collect Ballengreifer F\u00fcr 3 Gro\u00dfe Ballen | Meijer Holland\",\"isPartOf\":{\"@id\":\"https:\\\/\\\/meijerholland.nl\\\/en\\\/#website\"},\"primaryImageOfPage\":{\"@id\":\"https:\\\/\\\/meijerholland.nl\\\/de\\\/product\\\/rambo-3-collect\\\/#primaryimage\"},\"image\":{\"@id\":\"https:\\\/\\\/meijerholland.nl\\\/de\\\/product\\\/rambo-3-collect\\\/#primaryimage\"},\"thumbnailUrl\":\"https:\\\/\\\/meijerholland.nl\\\/wp-content\\\/uploads\\\/2025\\\/10\\\/A004C0802_250809_PF1304-1.jpg\",\"datePublished\":\"2025-10-21T07:15:51+00:00\",\"dateModified\":\"2025-11-11T13:50:23+00:00\",\"description\":\"Hydraulischer Ballengreifer zum Sammeln und Verladen von drei gro\u00dfen Stroh- oder Heuballen in einem Arbeitsgang. Sicher und effizient auf ebenem Gel\u00e4nde.\",\"breadcrumb\":{\"@id\":\"https:\\\/\\\/meijerholland.nl\\\/de\\\/product\\\/rambo-3-collect\\\/#breadcrumb\"},\"inLanguage\":\"de\",\"potentialAction\":[{\"@type\":\"ReadAction\",\"target\":[\"https:\\\/\\\/meijerholland.nl\\\/de\\\/product\\\/rambo-3-collect\\\/\"]}]},{\"@type\":\"ImageObject\",\"inLanguage\":\"de\",\"@id\":\"https:\\\/\\\/meijerholland.nl\\\/de\\\/product\\\/rambo-3-collect\\\/#primaryimage\",\"url\":\"https:\\\/\\\/meijerholland.nl\\\/wp-content\\\/uploads\\\/2025\\\/10\\\/A004C0802_250809_PF1304-1.jpg\",\"contentUrl\":\"https:\\\/\\\/meijerholland.nl\\\/wp-content\\\/uploads\\\/2025\\\/10\\\/A004C0802_250809_PF1304-1.jpg\",\"width\":2048,\"height\":1364,\"caption\":\"Ma\u00dfgeschneiderter Rambo 3 Special Ballengreifer zum gleichzeitigen Aufnehmen und Transportieren von drei gro\u00dfen rechteckigen Stroh- oder Heuballen\"},{\"@type\":\"BreadcrumbList\",\"@id\":\"https:\\\/\\\/meijerholland.nl\\\/de\\\/product\\\/rambo-3-collect\\\/#breadcrumb\",\"itemListElement\":[{\"@type\":\"ListItem\",\"position\":1,\"name\":\"Home\",\"item\":\"https:\\\/\\\/meijerholland.nl\\\/de\\\/\"},{\"@type\":\"ListItem\",\"position\":2,\"name\":\"Produkte\",\"item\":\"https:\\\/\\\/meijerholland.nl\\\/de\\\/produkte\\\/\"},{\"@type\":\"ListItem\",\"position\":3,\"name\":\"Grote balen\",\"item\":\"https:\\\/\\\/meijerholland.nl\\\/nl\\\/productcategorie\\\/grote-balen\\\/\"},{\"@type\":\"ListItem\",\"position\":4,\"name\":\"Rambo balenklem\",\"item\":\"https:\\\/\\\/meijerholland.nl\\\/nl\\\/productcategorie\\\/grote-balen\\\/rambo-balenklem\\\/\"},{\"@type\":\"ListItem\",\"position\":5,\"name\":\"Rambo 3 Collect Ballengreifer\"}]},{\"@type\":\"WebSite\",\"@id\":\"https:\\\/\\\/meijerholland.nl\\\/en\\\/#website\",\"url\":\"https:\\\/\\\/meijerholland.nl\\\/en\\\/\",\"name\":\"Meijer Holland\",\"description\":\"Bale Handling Systems\u200e\",\"publisher\":{\"@id\":\"https:\\\/\\\/meijerholland.nl\\\/en\\\/#organization\"},\"potentialAction\":[{\"@type\":\"SearchAction\",\"target\":{\"@type\":\"EntryPoint\",\"urlTemplate\":\"https:\\\/\\\/meijerholland.nl\\\/en\\\/?s={search_term_string}\"},\"query-input\":{\"@type\":\"PropertyValueSpecification\",\"valueRequired\":true,\"valueName\":\"search_term_string\"}}],\"inLanguage\":\"de\"},{\"@type\":\"Organization\",\"@id\":\"https:\\\/\\\/meijerholland.nl\\\/en\\\/#organization\",\"name\":\"Meijer Holland\",\"url\":\"https:\\\/\\\/meijerholland.nl\\\/en\\\/\",\"logo\":{\"@type\":\"ImageObject\",\"inLanguage\":\"de\",\"@id\":\"https:\\\/\\\/meijerholland.nl\\\/en\\\/#\\\/schema\\\/logo\\\/image\\\/\",\"url\":\"https:\\\/\\\/meijerholland.nl\\\/wp-content\\\/uploads\\\/2019\\\/10\\\/MH-logo.jpg\",\"contentUrl\":\"https:\\\/\\\/meijerholland.nl\\\/wp-content\\\/uploads\\\/2019\\\/10\\\/MH-logo.jpg\",\"width\":3316,\"height\":614,\"caption\":\"Meijer Holland\"},\"image\":{\"@id\":\"https:\\\/\\\/meijerholland.nl\\\/en\\\/#\\\/schema\\\/logo\\\/image\\\/\"},\"sameAs\":[\"https:\\\/\\\/www.facebook.com\\\/meijerhollandbalehandlingsystems\\\/\",\"https:\\\/\\\/www.linkedin.com\\\/company\\\/meijer-holland---bale-handling-sytems\\\/\",\"https:\\\/\\\/www.instagram.com\\\/meijerholland\\\/\"]}]}<\/script>\n<!-- \/ Yoast SEO plugin. -->","yoast_head_json":{"title":"Rambo 3 Collect Ballengreifer F\u00fcr 3 Gro\u00dfe Ballen | Meijer Holland","description":"Hydraulischer Ballengreifer zum Sammeln und Verladen von drei gro\u00dfen Stroh- oder Heuballen in einem Arbeitsgang. Sicher und effizient auf ebenem Gel\u00e4nde.","robots":{"index":"index","follow":"follow","max-snippet":"max-snippet:-1","max-image-preview":"max-image-preview:large","max-video-preview":"max-video-preview:-1"},"canonical":"https:\/\/meijerholland.nl\/de\/product\/rambo-3-collect\/","og_locale":"de_DE","og_type":"article","og_title":"Rambo 3 Collect Ballengreifer F\u00fcr 3 Gro\u00dfe Ballen | Meijer Holland","og_description":"Hydraulischer Ballengreifer zum Sammeln und Verladen von drei gro\u00dfen Stroh- oder Heuballen in einem Arbeitsgang. Sicher und effizient auf ebenem Gel\u00e4nde.","og_url":"https:\/\/meijerholland.nl\/de\/product\/rambo-3-collect\/","og_site_name":"Meijer Holland","article_publisher":"https:\/\/www.facebook.com\/meijerhollandbalehandlingsystems\/","article_modified_time":"2025-11-11T13:50:23+00:00","og_image":[{"width":2048,"height":1364,"url":"https:\/\/meijerholland.nl\/wp-content\/uploads\/2025\/10\/A004C0802_250809_PF1304-1.jpg","type":"image\/jpeg"}],"twitter_card":"summary_large_image","twitter_misc":{"Gesch\u00e4tzte Lesezeit":"3\u00a0Minuten"},"schema":{"@context":"https:\/\/schema.org","@graph":[{"@type":"WebPage","@id":"https:\/\/meijerholland.nl\/de\/product\/rambo-3-collect\/","url":"https:\/\/meijerholland.nl\/de\/product\/rambo-3-collect\/","name":"Rambo 3 Collect Ballengreifer F\u00fcr 3 Gro\u00dfe Ballen | Meijer Holland","isPartOf":{"@id":"https:\/\/meijerholland.nl\/en\/#website"},"primaryImageOfPage":{"@id":"https:\/\/meijerholland.nl\/de\/product\/rambo-3-collect\/#primaryimage"},"image":{"@id":"https:\/\/meijerholland.nl\/de\/product\/rambo-3-collect\/#primaryimage"},"thumbnailUrl":"https:\/\/meijerholland.nl\/wp-content\/uploads\/2025\/10\/A004C0802_250809_PF1304-1.jpg","datePublished":"2025-10-21T07:15:51+00:00","dateModified":"2025-11-11T13:50:23+00:00","description":"Hydraulischer Ballengreifer zum Sammeln und Verladen von drei gro\u00dfen Stroh- oder Heuballen in einem Arbeitsgang. Sicher und effizient auf ebenem Gel\u00e4nde.","breadcrumb":{"@id":"https:\/\/meijerholland.nl\/de\/product\/rambo-3-collect\/#breadcrumb"},"inLanguage":"de","potentialAction":[{"@type":"ReadAction","target":["https:\/\/meijerholland.nl\/de\/product\/rambo-3-collect\/"]}]},{"@type":"ImageObject","inLanguage":"de","@id":"https:\/\/meijerholland.nl\/de\/product\/rambo-3-collect\/#primaryimage","url":"https:\/\/meijerholland.nl\/wp-content\/uploads\/2025\/10\/A004C0802_250809_PF1304-1.jpg","contentUrl":"https:\/\/meijerholland.nl\/wp-content\/uploads\/2025\/10\/A004C0802_250809_PF1304-1.jpg","width":2048,"height":1364,"caption":"Ma\u00dfgeschneiderter Rambo 3 Special Ballengreifer zum gleichzeitigen Aufnehmen und Transportieren von drei gro\u00dfen rechteckigen Stroh- oder Heuballen"},{"@type":"BreadcrumbList","@id":"https:\/\/meijerholland.nl\/de\/product\/rambo-3-collect\/#breadcrumb","itemListElement":[{"@type":"ListItem","position":1,"name":"Home","item":"https:\/\/meijerholland.nl\/de\/"},{"@type":"ListItem","position":2,"name":"Produkte","item":"https:\/\/meijerholland.nl\/de\/produkte\/"},{"@type":"ListItem","position":3,"name":"Grote balen","item":"https:\/\/meijerholland.nl\/nl\/productcategorie\/grote-balen\/"},{"@type":"ListItem","position":4,"name":"Rambo balenklem","item":"https:\/\/meijerholland.nl\/nl\/productcategorie\/grote-balen\/rambo-balenklem\/"},{"@type":"ListItem","position":5,"name":"Rambo 3 Collect Ballengreifer"}]},{"@type":"WebSite","@id":"https:\/\/meijerholland.nl\/en\/#website","url":"https:\/\/meijerholland.nl\/en\/","name":"Meijer Holland","description":"Bale Handling Systems\u200e","publisher":{"@id":"https:\/\/meijerholland.nl\/en\/#organization"},"potentialAction":[{"@type":"SearchAction","target":{"@type":"EntryPoint","urlTemplate":"https:\/\/meijerholland.nl\/en\/?s={search_term_string}"},"query-input":{"@type":"PropertyValueSpecification","valueRequired":true,"valueName":"search_term_string"}}],"inLanguage":"de"},{"@type":"Organization","@id":"https:\/\/meijerholland.nl\/en\/#organization","name":"Meijer Holland","url":"https:\/\/meijerholland.nl\/en\/","logo":{"@type":"ImageObject","inLanguage":"de","@id":"https:\/\/meijerholland.nl\/en\/#\/schema\/logo\/image\/","url":"https:\/\/meijerholland.nl\/wp-content\/uploads\/2019\/10\/MH-logo.jpg","contentUrl":"https:\/\/meijerholland.nl\/wp-content\/uploads\/2019\/10\/MH-logo.jpg","width":3316,"height":614,"caption":"Meijer Holland"},"image":{"@id":"https:\/\/meijerholland.nl\/en\/#\/schema\/logo\/image\/"},"sameAs":["https:\/\/www.facebook.com\/meijerhollandbalehandlingsystems\/","https:\/\/www.linkedin.com\/company\/meijer-holland---bale-handling-sytems\/","https:\/\/www.instagram.com\/meijerholland\/"]}]}},"_links":{"self":[{"href":"https:\/\/meijerholland.nl\/de\/wp-json\/wp\/v2\/product\/10887","targetHints":{"allow":["GET"]}}],"collection":[{"href":"https:\/\/meijerholland.nl\/de\/wp-json\/wp\/v2\/product"}],"about":[{"href":"https:\/\/meijerholland.nl\/de\/wp-json\/wp\/v2\/types\/product"}],"wp:featuredmedia":[{"embeddable":true,"href":"https:\/\/meijerholland.nl\/de\/wp-json\/wp\/v2\/media\/10895"}],"wp:attachment":[{"href":"https:\/\/meijerholland.nl\/de\/wp-json\/wp\/v2\/media?parent=10887"}],"wp:term":[{"taxonomy":"product_brand","embeddable":true,"href":"https:\/\/meijerholland.nl\/de\/wp-json\/wp\/v2\/product_brand?post=10887"},{"taxonomy":"product_cat","embeddable":true,"href":"https:\/\/meijerholland.nl\/de\/wp-json\/wp\/v2\/product_cat?post=10887"},{"taxonomy":"product_tag","embeddable":true,"href":"https:\/\/meijerholland.nl\/de\/wp-json\/wp\/v2\/product_tag?post=10887"}],"curies":[{"name":"wp","href":"https:\/\/api.w.org\/{rel}","templated":true}]}}