{"id":3329,"date":"2019-10-04T11:30:08","date_gmt":"2019-10-04T11:30:08","guid":{"rendered":"https:\/\/meijerholland.nl\/product\/jumbo-ckm-3\/"},"modified":"2026-03-26T12:45:35","modified_gmt":"2026-03-26T12:45:35","slug":"jumbo-ckm-3","status":"publish","type":"product","link":"https:\/\/meijerholland.nl\/de\/produkt\/jumbo-ckm-3\/","title":{"rendered":"Jumbo CKM3 Gewickelte Ballenzange"},"content":{"rendered":"<p data-start=\"3300\" data-end=\"3445\">Der Jumbo CKM3 nimmt drei feste, gewickelte Quader- oder Rundballen auf. Die Ballen werden in der Breite geklemmt und gleichzeitig freigegeben.<\/p>\n<p data-start=\"3447\" data-end=\"3699\">Da die \u00e4u\u00dferen Klemmarme nach au\u00dfen ausfahrbar sind mit einem Hub von 70 cm, k\u00f6nnen drei Ballen dicht aneinander gelegt werden. Der Ballengreifer wird an das Hydrauliksystem eines Teleskopladers, Frontladers, Radladers oder Gabelstaplers angeschlossen.<\/p>\n<h2 data-section-id=\"nzb0m3\" data-start=\"3701\" data-end=\"3718\">Geeignet f\u00fcr<\/h2>\n<ul data-start=\"3719\" data-end=\"3809\">\n<li data-section-id=\"7p69gg\" data-start=\"3719\" data-end=\"3809\">3 Ballen mit den Ma\u00dfen:\n<ul data-start=\"3749\" data-end=\"3809\">\n<li data-section-id=\"z5i3cl\" data-start=\"3749\" data-end=\"3765\">L\u00e4nge 160 cm<\/li>\n<li data-section-id=\"1dx0s6e\" data-start=\"3768\" data-end=\"3788\">Breite 80\u2013125 cm<\/li>\n<li data-section-id=\"1s46kxe\" data-start=\"3791\" data-end=\"3809\">H\u00f6he 70\u2013120 cm<\/li>\n<\/ul>\n<\/li>\n<\/ul>\n<h2 data-section-id=\"1ebqpac\" data-start=\"3811\" data-end=\"3830\">Ausgef\u00fchrt mit<\/h2>\n<ul data-start=\"3831\" data-end=\"4138\">\n<li data-section-id=\"1ruuzdu\" data-start=\"3831\" data-end=\"3892\">Drei verstellbaren Armen, die die Ballen von oben klemmen<\/li>\n<li data-section-id=\"kkyc3y\" data-start=\"3893\" data-end=\"3925\">Gesteuertem R\u00fcckschlagventil<\/li>\n<li data-section-id=\"np6wei\" data-start=\"3926\" data-end=\"4018\">Zwei hydraulischen Automaten mit Laufrad f\u00fcr einzelnes Klemmen mit einem Hydraulikventil<\/li>\n<li data-section-id=\"r5kktm\" data-start=\"4019\" data-end=\"4111\">Elektrischem Umschaltventil f\u00fcr Umschalten zwischen Ein- und Ausfahren und Ballengreifen<\/li>\n<li data-section-id=\"1ek970j\" data-start=\"4112\" data-end=\"4138\">Druckbegrenzungsventil<\/li>\n<\/ul>\n<h2 data-section-id=\"1yh4c9t\" data-start=\"4140\" data-end=\"4182\">Vorteile von Jumbo CKM3 Ballengreifer<\/h2>\n<ul data-start=\"4183\" data-end=\"4395\">\n<li data-section-id=\"ras41j\" data-start=\"4183\" data-end=\"4250\">Drehende rote Rolle sorgt f\u00fcr richtige Bewegung over die Ballen<\/li>\n<li data-section-id=\"1knr0cz\" data-start=\"4251\" data-end=\"4283\">Keine Besch\u00e4digung der Folie<\/li>\n<li data-section-id=\"qk46s1\" data-start=\"4284\" data-end=\"4345\">R\u00fcckschlagventil h\u00e4lt die Ballen geklemmt bei Druckabfall<\/li>\n<li data-section-id=\"e3i64b\" data-start=\"4346\" data-end=\"4395\">Auch geeignet f\u00fcr feste Stroh- oder Heuballen<\/li>\n<\/ul>\n<h2 data-section-id=\"da9n9c\" data-start=\"4397\" data-end=\"4440\">Optionen voor Jumbo CKM3 Ballengreifer<\/h2>\n<p data-start=\"4441\" data-end=\"4484\">Erweiterbar mit zus\u00e4tzlichen Komponenten.<\/p>\n<ul data-start=\"4485\" data-end=\"4551\">\n<li data-section-id=\"tzxdfq\" data-start=\"4485\" data-end=\"4511\">Demontierbare Aufnahme<\/li>\n<li data-section-id=\"1dytph2\" data-start=\"4512\" data-end=\"4551\">2 Hydraulikschl\u00e4uche und Kupplungen<\/li>\n<\/ul>\n<h3 data-section-id=\"724hon\" data-start=\"1874\" data-end=\"1897\">Kontakt &amp; Anleitung<\/h3>\n<p data-start=\"1899\" data-end=\"2008\">F\u00fcr weitere Informationen oder Interesse an\u00a0<strong><a href=\"https:\/\/meijerholland.nl\/de\/productcategorie\/massgeschneiderte-maschinen\/\">ma\u00dfgeschneiderten<\/a><\/strong>\u00a0L\u00f6sungen? Kontaktieren Sie unsere Spezialisten.<\/p>\n<ul>\n<li><strong><a href=\"https:\/\/meijerholland.nl\/wp-content\/uploads\/2022\/01\/MHM-CKM-DU.pdf\">Bedienungsanleitung<\/a>\u00a0<\/strong>herunterladen (PDF)<\/li>\n<li>Anrufen:<strong>\u00a0<a href=\"callto:+31503126448\">+31 (0)50 \u2013 3126448<\/a><\/strong><\/li>\n<li>E-Mail:\u00a0<strong><a href=\"mailto:info@meijerholland.com\" rel=\"noopener\" data-start=\"3121\" data-end=\"3143\">info@meijerholland.com<\/a><\/strong><\/li>\n<li>Oder f\u00fcllen Sie das\u00a0<a href=\"https:\/\/meijerholland.nl\/de\/kontakt\/\">\u00a0<strong>Kontaktformular<\/strong><\/a>\u00a0aus<\/li>\n<\/ul>\n<h3>Referenz<\/h3>\n<ul>\n<li><a title=\"&quot;I can recommend the new model Jumbo CKM 3 to every agricultural contractor&quot;\" href=\"http:\/\/www.meijerholland.nl\/deutsch\/news\/5544_\">Lohnbetrieb Van der Beek in Driezum, Niederlande\u00a0<\/a><\/li>\n<\/ul>\n<p><iframe src=\"https:\/\/www.youtube.com\/embed\/G0jANtmNJ1k\" width=\"560\" height=\"350\" frameborder=\"0\" data-mce-fragment=\"1\"><span data-mce-type=\"bookmark\" style=\"display: inline-block; width: 0px; overflow: hidden; line-height: 0;\" class=\"mce_SELRES_start\">\ufeff<\/span><\/iframe><\/p>\n","protected":false},"excerpt":{"rendered":"<p>Der Jumbo CKM3 nimmt drei feste, gewickelte Quader- oder Rundballen&#8230;<\/p>\n","protected":false},"featured_media":308,"template":"","meta":{"_acf_changed":false},"product_brand":[],"product_cat":[122],"product_tag":[],"class_list":{"0":"post-3329","1":"product","2":"type-product","3":"status-publish","4":"has-post-thumbnail","6":"product_cat-jumbo-ckm-ballenzange","8":"first","9":"instock","10":"taxable","11":"shipping-taxable","12":"product-type-simple"},"acf":[],"yoast_head":"<!-- This site is optimized with the Yoast SEO plugin v27.3 - https:\/\/yoast.com\/product\/yoast-seo-wordpress\/ -->\n<title>Jumbo CKM3 Ballengreifer F\u00fcr 3 Gewickelte Ballen | Meijer Holland<\/title>\n<meta name=\"description\" content=\"Ballengreifer f\u00fcr drei gewickelte Ballen bis 800 kg je Ballen. F\u00fcr Teleskoplader und Stapler. Sicherer Halt ohne Folienbesch\u00e4digung.\" \/>\n<meta name=\"robots\" content=\"index, follow, max-snippet:-1, max-image-preview:large, max-video-preview:-1\" \/>\n<link rel=\"canonical\" href=\"https:\/\/meijerholland.nl\/de\/product\/jumbo-ckm-3\/\" \/>\n<meta property=\"og:locale\" content=\"de_DE\" \/>\n<meta property=\"og:type\" content=\"article\" \/>\n<meta property=\"og:title\" content=\"Jumbo CKM3 Ballengreifer F\u00fcr 3 Gewickelte Ballen | Meijer Holland\" \/>\n<meta property=\"og:description\" content=\"Ballengreifer f\u00fcr drei gewickelte Ballen bis 800 kg je Ballen. F\u00fcr Teleskoplader und Stapler. Sicherer Halt ohne Folienbesch\u00e4digung.\" \/>\n<meta property=\"og:url\" content=\"https:\/\/meijerholland.nl\/de\/product\/jumbo-ckm-3\/\" \/>\n<meta property=\"og:site_name\" content=\"Meijer Holland\" \/>\n<meta property=\"article:publisher\" content=\"https:\/\/www.facebook.com\/meijerhollandbalehandlingsystems\/\" \/>\n<meta property=\"article:modified_time\" content=\"2026-03-26T12:45:35+00:00\" \/>\n<meta property=\"og:image\" content=\"https:\/\/meijerholland.nl\/wp-content\/uploads\/2019\/10\/ckm32-850x500.jpg\" \/>\n\t<meta property=\"og:image:width\" content=\"666\" \/>\n\t<meta property=\"og:image:height\" content=\"500\" \/>\n\t<meta property=\"og:image:type\" content=\"image\/jpeg\" \/>\n<meta name=\"twitter:card\" content=\"summary_large_image\" \/>\n<meta name=\"twitter:label1\" content=\"Gesch\u00e4tzte Lesezeit\" \/>\n\t<meta name=\"twitter:data1\" content=\"2\u00a0Minuten\" \/>\n<script type=\"application\/ld+json\" class=\"yoast-schema-graph\">{\"@context\":\"https:\\\/\\\/schema.org\",\"@graph\":[{\"@type\":\"WebPage\",\"@id\":\"https:\\\/\\\/meijerholland.nl\\\/de\\\/product\\\/jumbo-ckm-3\\\/\",\"url\":\"https:\\\/\\\/meijerholland.nl\\\/de\\\/product\\\/jumbo-ckm-3\\\/\",\"name\":\"Jumbo CKM3 Ballengreifer F\u00fcr 3 Gewickelte Ballen | Meijer Holland\",\"isPartOf\":{\"@id\":\"https:\\\/\\\/meijerholland.nl\\\/en\\\/#website\"},\"primaryImageOfPage\":{\"@id\":\"https:\\\/\\\/meijerholland.nl\\\/de\\\/product\\\/jumbo-ckm-3\\\/#primaryimage\"},\"image\":{\"@id\":\"https:\\\/\\\/meijerholland.nl\\\/de\\\/product\\\/jumbo-ckm-3\\\/#primaryimage\"},\"thumbnailUrl\":\"https:\\\/\\\/meijerholland.nl\\\/wp-content\\\/uploads\\\/2019\\\/10\\\/ckm32-850x500.jpg\",\"datePublished\":\"2019-10-04T11:30:08+00:00\",\"dateModified\":\"2026-03-26T12:45:35+00:00\",\"description\":\"Ballengreifer f\u00fcr drei gewickelte Ballen bis 800 kg je Ballen. F\u00fcr Teleskoplader und Stapler. Sicherer Halt ohne Folienbesch\u00e4digung.\",\"breadcrumb\":{\"@id\":\"https:\\\/\\\/meijerholland.nl\\\/de\\\/product\\\/jumbo-ckm-3\\\/#breadcrumb\"},\"inLanguage\":\"de\",\"potentialAction\":[{\"@type\":\"ReadAction\",\"target\":[\"https:\\\/\\\/meijerholland.nl\\\/de\\\/product\\\/jumbo-ckm-3\\\/\"]}]},{\"@type\":\"ImageObject\",\"inLanguage\":\"de\",\"@id\":\"https:\\\/\\\/meijerholland.nl\\\/de\\\/product\\\/jumbo-ckm-3\\\/#primaryimage\",\"url\":\"https:\\\/\\\/meijerholland.nl\\\/wp-content\\\/uploads\\\/2019\\\/10\\\/ckm32-850x500.jpg\",\"contentUrl\":\"https:\\\/\\\/meijerholland.nl\\\/wp-content\\\/uploads\\\/2019\\\/10\\\/ckm32-850x500.jpg\",\"width\":666,\"height\":500,\"caption\":\"Jumbo CKM3 balenklem\"},{\"@type\":\"BreadcrumbList\",\"@id\":\"https:\\\/\\\/meijerholland.nl\\\/de\\\/product\\\/jumbo-ckm-3\\\/#breadcrumb\",\"itemListElement\":[{\"@type\":\"ListItem\",\"position\":1,\"name\":\"Home\",\"item\":\"https:\\\/\\\/meijerholland.nl\\\/de\\\/\"},{\"@type\":\"ListItem\",\"position\":2,\"name\":\"Produkte\",\"item\":\"https:\\\/\\\/meijerholland.nl\\\/de\\\/produkte\\\/\"},{\"@type\":\"ListItem\",\"position\":3,\"name\":\"Gewikkelde balen\",\"item\":\"https:\\\/\\\/meijerholland.nl\\\/nl\\\/productcategorie\\\/gewikkelde-balen\\\/\"},{\"@type\":\"ListItem\",\"position\":4,\"name\":\"Jumbo CKM balenklem\",\"item\":\"https:\\\/\\\/meijerholland.nl\\\/nl\\\/productcategorie\\\/gewikkelde-balen\\\/jumbo-ckm\\\/\"},{\"@type\":\"ListItem\",\"position\":5,\"name\":\"Jumbo CKM3 Gewickelte Ballenzange\"}]},{\"@type\":\"WebSite\",\"@id\":\"https:\\\/\\\/meijerholland.nl\\\/en\\\/#website\",\"url\":\"https:\\\/\\\/meijerholland.nl\\\/en\\\/\",\"name\":\"Meijer Holland\",\"description\":\"Bale Handling Systems\u200e\",\"publisher\":{\"@id\":\"https:\\\/\\\/meijerholland.nl\\\/en\\\/#organization\"},\"potentialAction\":[{\"@type\":\"SearchAction\",\"target\":{\"@type\":\"EntryPoint\",\"urlTemplate\":\"https:\\\/\\\/meijerholland.nl\\\/en\\\/?s={search_term_string}\"},\"query-input\":{\"@type\":\"PropertyValueSpecification\",\"valueRequired\":true,\"valueName\":\"search_term_string\"}}],\"inLanguage\":\"de\"},{\"@type\":\"Organization\",\"@id\":\"https:\\\/\\\/meijerholland.nl\\\/en\\\/#organization\",\"name\":\"Meijer Holland\",\"url\":\"https:\\\/\\\/meijerholland.nl\\\/en\\\/\",\"logo\":{\"@type\":\"ImageObject\",\"inLanguage\":\"de\",\"@id\":\"https:\\\/\\\/meijerholland.nl\\\/en\\\/#\\\/schema\\\/logo\\\/image\\\/\",\"url\":\"https:\\\/\\\/meijerholland.nl\\\/wp-content\\\/uploads\\\/2019\\\/10\\\/MH-logo.jpg\",\"contentUrl\":\"https:\\\/\\\/meijerholland.nl\\\/wp-content\\\/uploads\\\/2019\\\/10\\\/MH-logo.jpg\",\"width\":3316,\"height\":614,\"caption\":\"Meijer Holland\"},\"image\":{\"@id\":\"https:\\\/\\\/meijerholland.nl\\\/en\\\/#\\\/schema\\\/logo\\\/image\\\/\"},\"sameAs\":[\"https:\\\/\\\/www.facebook.com\\\/meijerhollandbalehandlingsystems\\\/\",\"https:\\\/\\\/www.linkedin.com\\\/company\\\/meijer-holland---bale-handling-sytems\\\/\",\"https:\\\/\\\/www.instagram.com\\\/meijerholland\\\/\"]}]}<\/script>\n<!-- \/ Yoast SEO plugin. -->","yoast_head_json":{"title":"Jumbo CKM3 Ballengreifer F\u00fcr 3 Gewickelte Ballen | Meijer Holland","description":"Ballengreifer f\u00fcr drei gewickelte Ballen bis 800 kg je Ballen. F\u00fcr Teleskoplader und Stapler. Sicherer Halt ohne Folienbesch\u00e4digung.","robots":{"index":"index","follow":"follow","max-snippet":"max-snippet:-1","max-image-preview":"max-image-preview:large","max-video-preview":"max-video-preview:-1"},"canonical":"https:\/\/meijerholland.nl\/de\/product\/jumbo-ckm-3\/","og_locale":"de_DE","og_type":"article","og_title":"Jumbo CKM3 Ballengreifer F\u00fcr 3 Gewickelte Ballen | Meijer Holland","og_description":"Ballengreifer f\u00fcr drei gewickelte Ballen bis 800 kg je Ballen. F\u00fcr Teleskoplader und Stapler. Sicherer Halt ohne Folienbesch\u00e4digung.","og_url":"https:\/\/meijerholland.nl\/de\/product\/jumbo-ckm-3\/","og_site_name":"Meijer Holland","article_publisher":"https:\/\/www.facebook.com\/meijerhollandbalehandlingsystems\/","article_modified_time":"2026-03-26T12:45:35+00:00","og_image":[{"width":666,"height":500,"url":"https:\/\/meijerholland.nl\/wp-content\/uploads\/2019\/10\/ckm32-850x500.jpg","type":"image\/jpeg"}],"twitter_card":"summary_large_image","twitter_misc":{"Gesch\u00e4tzte Lesezeit":"2\u00a0Minuten"},"schema":{"@context":"https:\/\/schema.org","@graph":[{"@type":"WebPage","@id":"https:\/\/meijerholland.nl\/de\/product\/jumbo-ckm-3\/","url":"https:\/\/meijerholland.nl\/de\/product\/jumbo-ckm-3\/","name":"Jumbo CKM3 Ballengreifer F\u00fcr 3 Gewickelte Ballen | Meijer Holland","isPartOf":{"@id":"https:\/\/meijerholland.nl\/en\/#website"},"primaryImageOfPage":{"@id":"https:\/\/meijerholland.nl\/de\/product\/jumbo-ckm-3\/#primaryimage"},"image":{"@id":"https:\/\/meijerholland.nl\/de\/product\/jumbo-ckm-3\/#primaryimage"},"thumbnailUrl":"https:\/\/meijerholland.nl\/wp-content\/uploads\/2019\/10\/ckm32-850x500.jpg","datePublished":"2019-10-04T11:30:08+00:00","dateModified":"2026-03-26T12:45:35+00:00","description":"Ballengreifer f\u00fcr drei gewickelte Ballen bis 800 kg je Ballen. F\u00fcr Teleskoplader und Stapler. Sicherer Halt ohne Folienbesch\u00e4digung.","breadcrumb":{"@id":"https:\/\/meijerholland.nl\/de\/product\/jumbo-ckm-3\/#breadcrumb"},"inLanguage":"de","potentialAction":[{"@type":"ReadAction","target":["https:\/\/meijerholland.nl\/de\/product\/jumbo-ckm-3\/"]}]},{"@type":"ImageObject","inLanguage":"de","@id":"https:\/\/meijerholland.nl\/de\/product\/jumbo-ckm-3\/#primaryimage","url":"https:\/\/meijerholland.nl\/wp-content\/uploads\/2019\/10\/ckm32-850x500.jpg","contentUrl":"https:\/\/meijerholland.nl\/wp-content\/uploads\/2019\/10\/ckm32-850x500.jpg","width":666,"height":500,"caption":"Jumbo CKM3 balenklem"},{"@type":"BreadcrumbList","@id":"https:\/\/meijerholland.nl\/de\/product\/jumbo-ckm-3\/#breadcrumb","itemListElement":[{"@type":"ListItem","position":1,"name":"Home","item":"https:\/\/meijerholland.nl\/de\/"},{"@type":"ListItem","position":2,"name":"Produkte","item":"https:\/\/meijerholland.nl\/de\/produkte\/"},{"@type":"ListItem","position":3,"name":"Gewikkelde balen","item":"https:\/\/meijerholland.nl\/nl\/productcategorie\/gewikkelde-balen\/"},{"@type":"ListItem","position":4,"name":"Jumbo CKM balenklem","item":"https:\/\/meijerholland.nl\/nl\/productcategorie\/gewikkelde-balen\/jumbo-ckm\/"},{"@type":"ListItem","position":5,"name":"Jumbo CKM3 Gewickelte Ballenzange"}]},{"@type":"WebSite","@id":"https:\/\/meijerholland.nl\/en\/#website","url":"https:\/\/meijerholland.nl\/en\/","name":"Meijer Holland","description":"Bale Handling Systems\u200e","publisher":{"@id":"https:\/\/meijerholland.nl\/en\/#organization"},"potentialAction":[{"@type":"SearchAction","target":{"@type":"EntryPoint","urlTemplate":"https:\/\/meijerholland.nl\/en\/?s={search_term_string}"},"query-input":{"@type":"PropertyValueSpecification","valueRequired":true,"valueName":"search_term_string"}}],"inLanguage":"de"},{"@type":"Organization","@id":"https:\/\/meijerholland.nl\/en\/#organization","name":"Meijer Holland","url":"https:\/\/meijerholland.nl\/en\/","logo":{"@type":"ImageObject","inLanguage":"de","@id":"https:\/\/meijerholland.nl\/en\/#\/schema\/logo\/image\/","url":"https:\/\/meijerholland.nl\/wp-content\/uploads\/2019\/10\/MH-logo.jpg","contentUrl":"https:\/\/meijerholland.nl\/wp-content\/uploads\/2019\/10\/MH-logo.jpg","width":3316,"height":614,"caption":"Meijer Holland"},"image":{"@id":"https:\/\/meijerholland.nl\/en\/#\/schema\/logo\/image\/"},"sameAs":["https:\/\/www.facebook.com\/meijerhollandbalehandlingsystems\/","https:\/\/www.linkedin.com\/company\/meijer-holland---bale-handling-sytems\/","https:\/\/www.instagram.com\/meijerholland\/"]}]}},"_links":{"self":[{"href":"https:\/\/meijerholland.nl\/de\/wp-json\/wp\/v2\/product\/3329","targetHints":{"allow":["GET"]}}],"collection":[{"href":"https:\/\/meijerholland.nl\/de\/wp-json\/wp\/v2\/product"}],"about":[{"href":"https:\/\/meijerholland.nl\/de\/wp-json\/wp\/v2\/types\/product"}],"wp:featuredmedia":[{"embeddable":true,"href":"https:\/\/meijerholland.nl\/de\/wp-json\/wp\/v2\/media\/308"}],"wp:attachment":[{"href":"https:\/\/meijerholland.nl\/de\/wp-json\/wp\/v2\/media?parent=3329"}],"wp:term":[{"taxonomy":"product_brand","embeddable":true,"href":"https:\/\/meijerholland.nl\/de\/wp-json\/wp\/v2\/product_brand?post=3329"},{"taxonomy":"product_cat","embeddable":true,"href":"https:\/\/meijerholland.nl\/de\/wp-json\/wp\/v2\/product_cat?post=3329"},{"taxonomy":"product_tag","embeddable":true,"href":"https:\/\/meijerholland.nl\/de\/wp-json\/wp\/v2\/product_tag?post=3329"}],"curies":[{"name":"wp","href":"https:\/\/api.w.org\/{rel}","templated":true}]}}