{"id":3333,"date":"2019-10-04T11:28:57","date_gmt":"2019-10-04T11:28:57","guid":{"rendered":"https:\/\/meijerholland.nl\/product\/jumbo-ckm-2\/"},"modified":"2026-03-26T12:43:01","modified_gmt":"2026-03-26T12:43:01","slug":"jumbo-ckm-2","status":"publish","type":"product","link":"https:\/\/meijerholland.nl\/de\/produkt\/jumbo-ckm-2\/","title":{"rendered":"Jumbo CKM2 Gewickelte Ballenzange"},"content":{"rendered":"<p data-start=\"3259\" data-end=\"3404\">Der Jumbo CKM2 nimmt zwei feste, gewickelte Quader- oder Rundballen auf. Die Ballen werden in der Breite geklemmt und gleichzeitig freigegeben.<\/p>\n<p data-start=\"3406\" data-end=\"3644\">Der Ballengreifer wird an das Hydrauliksystem eines Teleskopladers, Frontladers, Radladers oder Gabelstaplers angeschlossen. Dadurch k\u00f6nnen Ballen kontrolliert aufgenommen und bewegt werden und zwei Ballen gleichzeitig verarbeitet werden.<\/p>\n<h2 data-section-id=\"nzb0m3\" data-start=\"3646\" data-end=\"3663\">Geeignet f\u00fcr<\/h2>\n<ul data-start=\"3664\" data-end=\"3754\">\n<li data-section-id=\"1kr69kx\" data-start=\"3664\" data-end=\"3754\">2 Ballen mit den Ma\u00dfen:\n<ul data-start=\"3694\" data-end=\"3754\">\n<li data-section-id=\"z5i3cl\" data-start=\"3694\" data-end=\"3710\">L\u00e4nge 160 cm<\/li>\n<li data-section-id=\"1dx0s6e\" data-start=\"3713\" data-end=\"3733\">Breite 80\u2013125 cm<\/li>\n<li data-section-id=\"1s46kxe\" data-start=\"3736\" data-end=\"3754\">H\u00f6he 70\u2013120 cm<\/li>\n<\/ul>\n<\/li>\n<\/ul>\n<h2 data-section-id=\"1ebqpac\" data-start=\"3756\" data-end=\"3775\">Ausgef\u00fchrt mit<\/h2>\n<ul data-start=\"3776\" data-end=\"4009\">\n<li data-section-id=\"d2z2l5\" data-start=\"3776\" data-end=\"3837\">Zwei verstellbaren Armen, die die Ballen von oben klemmen<\/li>\n<li data-section-id=\"kkyc3y\" data-start=\"3838\" data-end=\"3870\">Gesteuertem R\u00fcckschlagventil<\/li>\n<li data-section-id=\"11aes2h\" data-start=\"3871\" data-end=\"3982\">Hydraulischer Automatik mit Laufrad, sodass Ballen einzeln geklemmt werden k\u00f6nnen mit einem Hydraulikventil<\/li>\n<li data-section-id=\"1ek970j\" data-start=\"3983\" data-end=\"4009\">Druckbegrenzungsventil<\/li>\n<\/ul>\n<h2 data-section-id=\"hl3ops\" data-start=\"4011\" data-end=\"4053\">Vorteile von Jumbo CKM2 Ballengreifer<\/h2>\n<ul data-start=\"4054\" data-end=\"4266\">\n<li data-section-id=\"135fhyo\" data-start=\"4054\" data-end=\"4121\">Drehende rote Rolle sorgt f\u00fcr richtige Bewegung \u00fcber die Ballen<\/li>\n<li data-section-id=\"1knr0cz\" data-start=\"4122\" data-end=\"4154\">Keine Besch\u00e4digung der Folie<\/li>\n<li data-section-id=\"qk46s1\" data-start=\"4155\" data-end=\"4216\">R\u00fcckschlagventil h\u00e4lt die Ballen geklemmt bei Druckabfall<\/li>\n<li data-section-id=\"e3i64b\" data-start=\"4217\" data-end=\"4266\">Auch geeignet f\u00fcr feste Stroh- oder Heuballen<\/li>\n<\/ul>\n<h2 data-section-id=\"ykzwml\" data-start=\"4268\" data-end=\"4310\">Optionen f\u00fcr Jumbo CKM2 Ballengreifer<\/h2>\n<p data-start=\"4311\" data-end=\"4354\">Erweiterbar mit zus\u00e4tzlichen Komponenten.<\/p>\n<ul data-start=\"4355\" data-end=\"4530\">\n<li data-section-id=\"tzxdfq\" data-start=\"4355\" data-end=\"4381\">Demontierbare Aufnahme<\/li>\n<li data-section-id=\"1dytph2\" data-start=\"4382\" data-end=\"4421\">2 Hydraulikschl\u00e4uche und Kupplungen<\/li>\n<li data-section-id=\"175fxc5\" data-start=\"4422\" data-end=\"4530\">Elektrisches Umschaltventil zur separaten Bedienung beider Arme (12 oder 24 Volt), ersetzt die Automatik<\/li>\n<\/ul>\n<h3 data-section-id=\"724hon\" data-start=\"1874\" data-end=\"1897\">Kontakt &amp; Anleitung<\/h3>\n<p data-start=\"1899\" data-end=\"2008\">F\u00fcr weitere Informationen oder Interesse an\u00a0<strong><a href=\"https:\/\/meijerholland.nl\/de\/productcategorie\/massgeschneiderte-maschinen\/\">ma\u00dfgeschneiderten<\/a><\/strong>\u00a0L\u00f6sungen? Kontaktieren Sie unsere Spezialisten.<\/p>\n<ul>\n<li><strong><a href=\"https:\/\/meijerholland.nl\/wp-content\/uploads\/2022\/01\/MHM-CKM-DU.pdf\">Bedienungsanleitung<\/a>\u00a0<\/strong>herunterladen (PDF)<\/li>\n<li>Anrufen:<strong>\u00a0<a href=\"callto:+31503126448\">+31 (0)50 \u2013 3126448<\/a><\/strong><\/li>\n<li>E-Mail:\u00a0<strong><a href=\"mailto:info@meijerholland.com\" rel=\"noopener\" data-start=\"3121\" data-end=\"3143\">info@meijerholland.com<\/a><\/strong><\/li>\n<li>Oder f\u00fcllen Sie das\u00a0<a href=\"https:\/\/meijerholland.nl\/de\/kontakt\/\">\u00a0<strong>Kontaktformular<\/strong><\/a>\u00a0aus<\/li>\n<\/ul>\n<h3>Referenzen<\/h3>\n<ul>\n<li><a title=\"Meijer Holland erf\u00fcllt individuelle Bed\u00fcrfnisse\" href=\"http:\/\/www.meijerholland.nl\/deutsch\/news\/5341_meijer-holland-erf%C3%BCllt-individuelle-bed%C3%BCrfnisse\">Lohnbetrieb Tamminga in Harkstede, Niederlande (customized Ausf\u00fchrung)<\/a><\/li>\n<li><a title=\"Datema VOF is ready to rock\" href=\"https:\/\/meijerholland.nl\/de\/referentie\/datema-vof-is-ready-to-rock\/\">Datema in Mensingeweer, Niederlande\u00a0<\/a><\/li>\n<\/ul>\n<p><iframe src=\"https:\/\/www.youtube.com\/embed\/EeE-WHQ813s\" width=\"560\" height=\"350\" frameborder=\"0\" allowfullscreen=\"allowfullscreen\"><span data-mce-type=\"bookmark\" style=\"display: inline-block; width: 0px; overflow: hidden; line-height: 0;\" class=\"mce_SELRES_start\">\ufeff<\/span><\/iframe><\/p>\n","protected":false},"excerpt":{"rendered":"<p>Der Jumbo CKM2 nimmt zwei feste, gewickelte Quader- oder Rundballen&#8230;<\/p>\n","protected":false},"featured_media":287,"template":"","meta":{"_acf_changed":false},"product_brand":[],"product_cat":[122],"product_tag":[],"class_list":{"0":"post-3333","1":"product","2":"type-product","3":"status-publish","4":"has-post-thumbnail","6":"product_cat-jumbo-ckm-ballenzange","8":"first","9":"instock","10":"taxable","11":"shipping-taxable","12":"product-type-simple"},"acf":[],"yoast_head":"<!-- This site is optimized with the Yoast SEO plugin v27.3 - https:\/\/yoast.com\/product\/yoast-seo-wordpress\/ -->\n<title>Jumbo CKM2 Ballengreifer F\u00fcr 2 Gewickelte Ballen | Meijer Holland<\/title>\n<meta name=\"description\" content=\"Ballengreifer f\u00fcr zwei gewickelte Ballen bis 800 kg je Ballen. F\u00fcr Teleskoplader und Stapler. Keine Folienbesch\u00e4digung. Ballenzange von Meijer Holland.\" \/>\n<meta name=\"robots\" content=\"index, follow, max-snippet:-1, max-image-preview:large, max-video-preview:-1\" \/>\n<link rel=\"canonical\" href=\"https:\/\/meijerholland.nl\/de\/product\/jumbo-ckm-2\/\" \/>\n<meta property=\"og:locale\" content=\"de_DE\" \/>\n<meta property=\"og:type\" content=\"article\" \/>\n<meta property=\"og:title\" content=\"Jumbo CKM2 Ballengreifer F\u00fcr 2 Gewickelte Ballen | Meijer Holland\" \/>\n<meta property=\"og:description\" content=\"Ballengreifer f\u00fcr zwei gewickelte Ballen bis 800 kg je Ballen. F\u00fcr Teleskoplader und Stapler. Keine Folienbesch\u00e4digung. Ballenzange von Meijer Holland.\" \/>\n<meta property=\"og:url\" content=\"https:\/\/meijerholland.nl\/de\/product\/jumbo-ckm-2\/\" \/>\n<meta property=\"og:site_name\" content=\"Meijer Holland\" \/>\n<meta property=\"article:publisher\" content=\"https:\/\/www.facebook.com\/meijerhollandbalehandlingsystems\/\" \/>\n<meta property=\"article:modified_time\" content=\"2026-03-26T12:43:01+00:00\" \/>\n<meta property=\"og:image\" content=\"https:\/\/meijerholland.nl\/wp-content\/uploads\/2019\/10\/ckm2foto2-850x500.jpg\" \/>\n\t<meta property=\"og:image:width\" content=\"666\" \/>\n\t<meta property=\"og:image:height\" content=\"500\" \/>\n\t<meta property=\"og:image:type\" content=\"image\/jpeg\" \/>\n<meta name=\"twitter:card\" content=\"summary_large_image\" \/>\n<meta name=\"twitter:label1\" content=\"Gesch\u00e4tzte Lesezeit\" \/>\n\t<meta name=\"twitter:data1\" content=\"2\u00a0Minuten\" \/>\n<script type=\"application\/ld+json\" class=\"yoast-schema-graph\">{\"@context\":\"https:\\\/\\\/schema.org\",\"@graph\":[{\"@type\":\"WebPage\",\"@id\":\"https:\\\/\\\/meijerholland.nl\\\/de\\\/product\\\/jumbo-ckm-2\\\/\",\"url\":\"https:\\\/\\\/meijerholland.nl\\\/de\\\/product\\\/jumbo-ckm-2\\\/\",\"name\":\"Jumbo CKM2 Ballengreifer F\u00fcr 2 Gewickelte Ballen | Meijer Holland\",\"isPartOf\":{\"@id\":\"https:\\\/\\\/meijerholland.nl\\\/en\\\/#website\"},\"primaryImageOfPage\":{\"@id\":\"https:\\\/\\\/meijerholland.nl\\\/de\\\/product\\\/jumbo-ckm-2\\\/#primaryimage\"},\"image\":{\"@id\":\"https:\\\/\\\/meijerholland.nl\\\/de\\\/product\\\/jumbo-ckm-2\\\/#primaryimage\"},\"thumbnailUrl\":\"https:\\\/\\\/meijerholland.nl\\\/wp-content\\\/uploads\\\/2019\\\/10\\\/ckm2foto2-850x500.jpg\",\"datePublished\":\"2019-10-04T11:28:57+00:00\",\"dateModified\":\"2026-03-26T12:43:01+00:00\",\"description\":\"Ballengreifer f\u00fcr zwei gewickelte Ballen bis 800 kg je Ballen. F\u00fcr Teleskoplader und Stapler. Keine Folienbesch\u00e4digung. Ballenzange von Meijer Holland.\",\"breadcrumb\":{\"@id\":\"https:\\\/\\\/meijerholland.nl\\\/de\\\/product\\\/jumbo-ckm-2\\\/#breadcrumb\"},\"inLanguage\":\"de\",\"potentialAction\":[{\"@type\":\"ReadAction\",\"target\":[\"https:\\\/\\\/meijerholland.nl\\\/de\\\/product\\\/jumbo-ckm-2\\\/\"]}]},{\"@type\":\"ImageObject\",\"inLanguage\":\"de\",\"@id\":\"https:\\\/\\\/meijerholland.nl\\\/de\\\/product\\\/jumbo-ckm-2\\\/#primaryimage\",\"url\":\"https:\\\/\\\/meijerholland.nl\\\/wp-content\\\/uploads\\\/2019\\\/10\\\/ckm2foto2-850x500.jpg\",\"contentUrl\":\"https:\\\/\\\/meijerholland.nl\\\/wp-content\\\/uploads\\\/2019\\\/10\\\/ckm2foto2-850x500.jpg\",\"width\":666,\"height\":500,\"caption\":\"Jumbo CKM2 balenklem\"},{\"@type\":\"BreadcrumbList\",\"@id\":\"https:\\\/\\\/meijerholland.nl\\\/de\\\/product\\\/jumbo-ckm-2\\\/#breadcrumb\",\"itemListElement\":[{\"@type\":\"ListItem\",\"position\":1,\"name\":\"Home\",\"item\":\"https:\\\/\\\/meijerholland.nl\\\/de\\\/\"},{\"@type\":\"ListItem\",\"position\":2,\"name\":\"Produkte\",\"item\":\"https:\\\/\\\/meijerholland.nl\\\/de\\\/produkte\\\/\"},{\"@type\":\"ListItem\",\"position\":3,\"name\":\"Gewikkelde balen\",\"item\":\"https:\\\/\\\/meijerholland.nl\\\/nl\\\/productcategorie\\\/gewikkelde-balen\\\/\"},{\"@type\":\"ListItem\",\"position\":4,\"name\":\"Jumbo CKM balenklem\",\"item\":\"https:\\\/\\\/meijerholland.nl\\\/nl\\\/productcategorie\\\/gewikkelde-balen\\\/jumbo-ckm\\\/\"},{\"@type\":\"ListItem\",\"position\":5,\"name\":\"Jumbo CKM2 Gewickelte Ballenzange\"}]},{\"@type\":\"WebSite\",\"@id\":\"https:\\\/\\\/meijerholland.nl\\\/en\\\/#website\",\"url\":\"https:\\\/\\\/meijerholland.nl\\\/en\\\/\",\"name\":\"Meijer Holland\",\"description\":\"Bale Handling Systems\u200e\",\"publisher\":{\"@id\":\"https:\\\/\\\/meijerholland.nl\\\/en\\\/#organization\"},\"potentialAction\":[{\"@type\":\"SearchAction\",\"target\":{\"@type\":\"EntryPoint\",\"urlTemplate\":\"https:\\\/\\\/meijerholland.nl\\\/en\\\/?s={search_term_string}\"},\"query-input\":{\"@type\":\"PropertyValueSpecification\",\"valueRequired\":true,\"valueName\":\"search_term_string\"}}],\"inLanguage\":\"de\"},{\"@type\":\"Organization\",\"@id\":\"https:\\\/\\\/meijerholland.nl\\\/en\\\/#organization\",\"name\":\"Meijer Holland\",\"url\":\"https:\\\/\\\/meijerholland.nl\\\/en\\\/\",\"logo\":{\"@type\":\"ImageObject\",\"inLanguage\":\"de\",\"@id\":\"https:\\\/\\\/meijerholland.nl\\\/en\\\/#\\\/schema\\\/logo\\\/image\\\/\",\"url\":\"https:\\\/\\\/meijerholland.nl\\\/wp-content\\\/uploads\\\/2019\\\/10\\\/MH-logo.jpg\",\"contentUrl\":\"https:\\\/\\\/meijerholland.nl\\\/wp-content\\\/uploads\\\/2019\\\/10\\\/MH-logo.jpg\",\"width\":3316,\"height\":614,\"caption\":\"Meijer Holland\"},\"image\":{\"@id\":\"https:\\\/\\\/meijerholland.nl\\\/en\\\/#\\\/schema\\\/logo\\\/image\\\/\"},\"sameAs\":[\"https:\\\/\\\/www.facebook.com\\\/meijerhollandbalehandlingsystems\\\/\",\"https:\\\/\\\/www.linkedin.com\\\/company\\\/meijer-holland---bale-handling-sytems\\\/\",\"https:\\\/\\\/www.instagram.com\\\/meijerholland\\\/\"]}]}<\/script>\n<!-- \/ Yoast SEO plugin. -->","yoast_head_json":{"title":"Jumbo CKM2 Ballengreifer F\u00fcr 2 Gewickelte Ballen | Meijer Holland","description":"Ballengreifer f\u00fcr zwei gewickelte Ballen bis 800 kg je Ballen. F\u00fcr Teleskoplader und Stapler. Keine Folienbesch\u00e4digung. Ballenzange von Meijer Holland.","robots":{"index":"index","follow":"follow","max-snippet":"max-snippet:-1","max-image-preview":"max-image-preview:large","max-video-preview":"max-video-preview:-1"},"canonical":"https:\/\/meijerholland.nl\/de\/product\/jumbo-ckm-2\/","og_locale":"de_DE","og_type":"article","og_title":"Jumbo CKM2 Ballengreifer F\u00fcr 2 Gewickelte Ballen | Meijer Holland","og_description":"Ballengreifer f\u00fcr zwei gewickelte Ballen bis 800 kg je Ballen. F\u00fcr Teleskoplader und Stapler. Keine Folienbesch\u00e4digung. Ballenzange von Meijer Holland.","og_url":"https:\/\/meijerholland.nl\/de\/product\/jumbo-ckm-2\/","og_site_name":"Meijer Holland","article_publisher":"https:\/\/www.facebook.com\/meijerhollandbalehandlingsystems\/","article_modified_time":"2026-03-26T12:43:01+00:00","og_image":[{"width":666,"height":500,"url":"https:\/\/meijerholland.nl\/wp-content\/uploads\/2019\/10\/ckm2foto2-850x500.jpg","type":"image\/jpeg"}],"twitter_card":"summary_large_image","twitter_misc":{"Gesch\u00e4tzte Lesezeit":"2\u00a0Minuten"},"schema":{"@context":"https:\/\/schema.org","@graph":[{"@type":"WebPage","@id":"https:\/\/meijerholland.nl\/de\/product\/jumbo-ckm-2\/","url":"https:\/\/meijerholland.nl\/de\/product\/jumbo-ckm-2\/","name":"Jumbo CKM2 Ballengreifer F\u00fcr 2 Gewickelte Ballen | Meijer Holland","isPartOf":{"@id":"https:\/\/meijerholland.nl\/en\/#website"},"primaryImageOfPage":{"@id":"https:\/\/meijerholland.nl\/de\/product\/jumbo-ckm-2\/#primaryimage"},"image":{"@id":"https:\/\/meijerholland.nl\/de\/product\/jumbo-ckm-2\/#primaryimage"},"thumbnailUrl":"https:\/\/meijerholland.nl\/wp-content\/uploads\/2019\/10\/ckm2foto2-850x500.jpg","datePublished":"2019-10-04T11:28:57+00:00","dateModified":"2026-03-26T12:43:01+00:00","description":"Ballengreifer f\u00fcr zwei gewickelte Ballen bis 800 kg je Ballen. F\u00fcr Teleskoplader und Stapler. Keine Folienbesch\u00e4digung. Ballenzange von Meijer Holland.","breadcrumb":{"@id":"https:\/\/meijerholland.nl\/de\/product\/jumbo-ckm-2\/#breadcrumb"},"inLanguage":"de","potentialAction":[{"@type":"ReadAction","target":["https:\/\/meijerholland.nl\/de\/product\/jumbo-ckm-2\/"]}]},{"@type":"ImageObject","inLanguage":"de","@id":"https:\/\/meijerholland.nl\/de\/product\/jumbo-ckm-2\/#primaryimage","url":"https:\/\/meijerholland.nl\/wp-content\/uploads\/2019\/10\/ckm2foto2-850x500.jpg","contentUrl":"https:\/\/meijerholland.nl\/wp-content\/uploads\/2019\/10\/ckm2foto2-850x500.jpg","width":666,"height":500,"caption":"Jumbo CKM2 balenklem"},{"@type":"BreadcrumbList","@id":"https:\/\/meijerholland.nl\/de\/product\/jumbo-ckm-2\/#breadcrumb","itemListElement":[{"@type":"ListItem","position":1,"name":"Home","item":"https:\/\/meijerholland.nl\/de\/"},{"@type":"ListItem","position":2,"name":"Produkte","item":"https:\/\/meijerholland.nl\/de\/produkte\/"},{"@type":"ListItem","position":3,"name":"Gewikkelde balen","item":"https:\/\/meijerholland.nl\/nl\/productcategorie\/gewikkelde-balen\/"},{"@type":"ListItem","position":4,"name":"Jumbo CKM balenklem","item":"https:\/\/meijerholland.nl\/nl\/productcategorie\/gewikkelde-balen\/jumbo-ckm\/"},{"@type":"ListItem","position":5,"name":"Jumbo CKM2 Gewickelte Ballenzange"}]},{"@type":"WebSite","@id":"https:\/\/meijerholland.nl\/en\/#website","url":"https:\/\/meijerholland.nl\/en\/","name":"Meijer Holland","description":"Bale Handling Systems\u200e","publisher":{"@id":"https:\/\/meijerholland.nl\/en\/#organization"},"potentialAction":[{"@type":"SearchAction","target":{"@type":"EntryPoint","urlTemplate":"https:\/\/meijerholland.nl\/en\/?s={search_term_string}"},"query-input":{"@type":"PropertyValueSpecification","valueRequired":true,"valueName":"search_term_string"}}],"inLanguage":"de"},{"@type":"Organization","@id":"https:\/\/meijerholland.nl\/en\/#organization","name":"Meijer Holland","url":"https:\/\/meijerholland.nl\/en\/","logo":{"@type":"ImageObject","inLanguage":"de","@id":"https:\/\/meijerholland.nl\/en\/#\/schema\/logo\/image\/","url":"https:\/\/meijerholland.nl\/wp-content\/uploads\/2019\/10\/MH-logo.jpg","contentUrl":"https:\/\/meijerholland.nl\/wp-content\/uploads\/2019\/10\/MH-logo.jpg","width":3316,"height":614,"caption":"Meijer Holland"},"image":{"@id":"https:\/\/meijerholland.nl\/en\/#\/schema\/logo\/image\/"},"sameAs":["https:\/\/www.facebook.com\/meijerhollandbalehandlingsystems\/","https:\/\/www.linkedin.com\/company\/meijer-holland---bale-handling-sytems\/","https:\/\/www.instagram.com\/meijerholland\/"]}]}},"_links":{"self":[{"href":"https:\/\/meijerholland.nl\/de\/wp-json\/wp\/v2\/product\/3333","targetHints":{"allow":["GET"]}}],"collection":[{"href":"https:\/\/meijerholland.nl\/de\/wp-json\/wp\/v2\/product"}],"about":[{"href":"https:\/\/meijerholland.nl\/de\/wp-json\/wp\/v2\/types\/product"}],"wp:featuredmedia":[{"embeddable":true,"href":"https:\/\/meijerholland.nl\/de\/wp-json\/wp\/v2\/media\/287"}],"wp:attachment":[{"href":"https:\/\/meijerholland.nl\/de\/wp-json\/wp\/v2\/media?parent=3333"}],"wp:term":[{"taxonomy":"product_brand","embeddable":true,"href":"https:\/\/meijerholland.nl\/de\/wp-json\/wp\/v2\/product_brand?post=3333"},{"taxonomy":"product_cat","embeddable":true,"href":"https:\/\/meijerholland.nl\/de\/wp-json\/wp\/v2\/product_cat?post=3333"},{"taxonomy":"product_tag","embeddable":true,"href":"https:\/\/meijerholland.nl\/de\/wp-json\/wp\/v2\/product_tag?post=3333"}],"curies":[{"name":"wp","href":"https:\/\/api.w.org\/{rel}","templated":true}]}}