{"id":3335,"date":"2019-10-03T11:43:07","date_gmt":"2019-10-03T11:43:07","guid":{"rendered":"https:\/\/meijerholland.nl\/product\/jumbo-ckm-1\/"},"modified":"2026-03-26T12:37:25","modified_gmt":"2026-03-26T12:37:25","slug":"jumbo-ckm-1","status":"publish","type":"product","link":"https:\/\/meijerholland.nl\/de\/produkt\/jumbo-ckm-1\/","title":{"rendered":"Jumbo CKM1 Gewickelte Ballenzange"},"content":{"rendered":"<p data-start=\"2610\" data-end=\"2727\">Der Jumbo CKM1 nimmt einen festen, gewickelten Quader- oder Rundballen auf. Der Ballen wird in der Breite geklemmt.<\/p>\n<p data-start=\"2729\" data-end=\"2921\">Der Ballengreifer wird an das Hydrauliksystem eines Teleskopladers, Frontladers, Radladers oder Gabelstaplers angeschlossen. Dadurch kann der Ballen kontrolliert aufgenommen und bewegt werden.<\/p>\n<h2 data-section-id=\"nzb0m3\" data-start=\"2923\" data-end=\"2940\">Geeignet f\u00fcr<\/h2>\n<ul data-start=\"2941\" data-end=\"3031\">\n<li data-section-id=\"jkonxe\" data-start=\"2941\" data-end=\"3031\">1 Ballen mit den Ma\u00dfen:\n<ul data-start=\"2971\" data-end=\"3031\">\n<li data-section-id=\"z5i3cl\" data-start=\"2971\" data-end=\"2987\">L\u00e4nge 160 cm<\/li>\n<li data-section-id=\"1dx0s6e\" data-start=\"2990\" data-end=\"3010\">Breite 80\u2013125 cm<\/li>\n<li data-section-id=\"1s46kxe\" data-start=\"3013\" data-end=\"3031\">H\u00f6he 70\u2013120 cm<\/li>\n<\/ul>\n<\/li>\n<\/ul>\n<h2 data-section-id=\"1ebqpac\" data-start=\"3033\" data-end=\"3052\">Ausgef\u00fchrt mit<\/h2>\n<ul data-start=\"3053\" data-end=\"3139\">\n<li data-section-id=\"zp2lf7\" data-start=\"3053\" data-end=\"3106\">Verstellbarem Arm, der den Ballen von oben klemmt<\/li>\n<li data-section-id=\"kkyc3y\" data-start=\"3107\" data-end=\"3139\">Gesteuertem R\u00fcckschlagventil<\/li>\n<\/ul>\n<h2 data-section-id=\"19cohsz\" data-start=\"3141\" data-end=\"3183\">Vorteile von Jumbo CKM1 Ballengreifer<\/h2>\n<ul data-start=\"3184\" data-end=\"3396\">\n<li data-section-id=\"12n58yf\" data-start=\"3184\" data-end=\"3251\">Drehende rote Rolle sorgt f\u00fcr richtige Bewegung \u00fcber den Ballen<\/li>\n<li data-section-id=\"1knr0cz\" data-start=\"3252\" data-end=\"3284\">Keine Besch\u00e4digung der Folie<\/li>\n<li data-section-id=\"1mx900m\" data-start=\"3285\" data-end=\"3346\">R\u00fcckschlagventil h\u00e4lt den Ballen geklemmt bei Druckabfall<\/li>\n<li data-section-id=\"e3i64b\" data-start=\"3347\" data-end=\"3396\">Auch geeignet f\u00fcr feste Stroh- oder Heuballen<\/li>\n<\/ul>\n<h2 data-section-id=\"1u2hrxq\" data-start=\"3398\" data-end=\"3440\">Optionen f\u00fcr Jumbo CKM1 Ballengreifer<\/h2>\n<p data-start=\"3441\" data-end=\"3484\">Erweiterbar mit zus\u00e4tzlichen Komponenten.<\/p>\n<ul data-start=\"3485\" data-end=\"3578\">\n<li data-section-id=\"tzxdfq\" data-start=\"3485\" data-end=\"3511\">Demontierbare Aufnahme<\/li>\n<li data-section-id=\"1dytph2\" data-start=\"3512\" data-end=\"3551\">2 Hydraulikschl\u00e4uche und Kupplungen<\/li>\n<li data-section-id=\"1ek970j\" data-start=\"3552\" data-end=\"3578\">Druckbegrenzungsventil<\/li>\n<\/ul>\n<h3 data-section-id=\"724hon\" data-start=\"1874\" data-end=\"1897\">Kontakt &amp; Anleitung<\/h3>\n<p data-start=\"1899\" data-end=\"2008\">F\u00fcr weitere Informationen oder Interesse an <strong><a href=\"https:\/\/meijerholland.nl\/de\/productcategorie\/massgeschneiderte-maschinen\/\">ma\u00dfgeschneiderten<\/a><\/strong> L\u00f6sungen? Kontaktieren Sie unsere Spezialisten.<\/p>\n<ul>\n<li><strong><a href=\"https:\/\/meijerholland.nl\/wp-content\/uploads\/2022\/01\/MHM-CKM-DU.pdf\">Bedienungsanleitung<\/a> <\/strong>herunterladen (PDF)<\/li>\n<li>Anrufen:<strong> <a href=\"callto:+31503126448\">+31 (0)50 \u2013 3126448<\/a><\/strong><\/li>\n<li>E-Mail: <strong><a href=\"mailto:info@meijerholland.com\" rel=\"noopener\" data-start=\"3121\" data-end=\"3143\">info@meijerholland.com<\/a><\/strong><\/li>\n<li>Oder f\u00fcllen Sie das <a href=\"https:\/\/meijerholland.nl\/de\/kontakt\/\">\u00a0<strong>Kontaktformular<\/strong><\/a> aus<\/li>\n<\/ul>\n","protected":false},"excerpt":{"rendered":"<p>Der Jumbo CKM1 nimmt einen festen, gewickelten Quader- oder Rundballen&#8230;<\/p>\n","protected":false},"featured_media":214,"template":"","meta":{"_acf_changed":false},"product_brand":[],"product_cat":[122],"product_tag":[],"class_list":{"0":"post-3335","1":"product","2":"type-product","3":"status-publish","4":"has-post-thumbnail","6":"product_cat-jumbo-ckm-ballenzange","8":"first","9":"instock","10":"taxable","11":"shipping-taxable","12":"product-type-simple"},"acf":[],"yoast_head":"<!-- This site is optimized with the Yoast SEO plugin v27.3 - https:\/\/yoast.com\/product\/yoast-seo-wordpress\/ -->\n<title>Jumbo CKM1 Ballengreifer Gewickelte Ballen | Meijer Holland<\/title>\n<meta name=\"description\" content=\"Jumbo CKM1 Ballengreifer f\u00fcr gewickelte Ballen 800 kg. Geeignet f\u00fcr Teleskoplader und Stapler. Keine Folienbesch\u00e4digung und sicherer Halt bei Druckabfall.\" \/>\n<meta name=\"robots\" content=\"index, follow, max-snippet:-1, max-image-preview:large, max-video-preview:-1\" \/>\n<link rel=\"canonical\" href=\"https:\/\/meijerholland.nl\/de\/produkt\/jumbo-ckm-1\/\" \/>\n<meta property=\"og:locale\" content=\"de_DE\" \/>\n<meta property=\"og:type\" content=\"article\" \/>\n<meta property=\"og:title\" content=\"Jumbo CKM1 Ballengreifer Gewickelte Ballen | Meijer Holland\" \/>\n<meta property=\"og:description\" content=\"Jumbo CKM1 Ballengreifer f\u00fcr gewickelte Ballen 800 kg. Geeignet f\u00fcr Teleskoplader und Stapler. Keine Folienbesch\u00e4digung und sicherer Halt bei Druckabfall.\" \/>\n<meta property=\"og:url\" content=\"https:\/\/meijerholland.nl\/de\/produkt\/jumbo-ckm-1\/\" \/>\n<meta property=\"og:site_name\" content=\"Meijer Holland\" \/>\n<meta property=\"article:publisher\" content=\"https:\/\/www.facebook.com\/meijerhollandbalehandlingsystems\/\" \/>\n<meta property=\"article:modified_time\" content=\"2026-03-26T12:37:25+00:00\" \/>\n<meta property=\"og:image\" content=\"https:\/\/meijerholland.nl\/wp-content\/uploads\/2019\/10\/jumbockm1foto1-850x500.jpg\" \/>\n\t<meta property=\"og:image:width\" content=\"664\" \/>\n\t<meta property=\"og:image:height\" content=\"500\" \/>\n\t<meta property=\"og:image:type\" content=\"image\/jpeg\" \/>\n<meta name=\"twitter:card\" content=\"summary_large_image\" \/>\n<meta name=\"twitter:label1\" content=\"Gesch\u00e4tzte Lesezeit\" \/>\n\t<meta name=\"twitter:data1\" content=\"1\u00a0Minute\" \/>\n<script type=\"application\/ld+json\" class=\"yoast-schema-graph\">{\"@context\":\"https:\\\/\\\/schema.org\",\"@graph\":[{\"@type\":\"WebPage\",\"@id\":\"https:\\\/\\\/meijerholland.nl\\\/de\\\/produkt\\\/jumbo-ckm-1\\\/\",\"url\":\"https:\\\/\\\/meijerholland.nl\\\/de\\\/produkt\\\/jumbo-ckm-1\\\/\",\"name\":\"Jumbo CKM1 Ballengreifer Gewickelte Ballen | Meijer Holland\",\"isPartOf\":{\"@id\":\"https:\\\/\\\/meijerholland.nl\\\/en\\\/#website\"},\"primaryImageOfPage\":{\"@id\":\"https:\\\/\\\/meijerholland.nl\\\/de\\\/produkt\\\/jumbo-ckm-1\\\/#primaryimage\"},\"image\":{\"@id\":\"https:\\\/\\\/meijerholland.nl\\\/de\\\/produkt\\\/jumbo-ckm-1\\\/#primaryimage\"},\"thumbnailUrl\":\"https:\\\/\\\/meijerholland.nl\\\/wp-content\\\/uploads\\\/2019\\\/10\\\/jumbockm1foto1-850x500.jpg\",\"datePublished\":\"2019-10-03T11:43:07+00:00\",\"dateModified\":\"2026-03-26T12:37:25+00:00\",\"description\":\"Jumbo CKM1 Ballengreifer f\u00fcr gewickelte Ballen 800 kg. Geeignet f\u00fcr Teleskoplader und Stapler. Keine Folienbesch\u00e4digung und sicherer Halt bei Druckabfall.\",\"breadcrumb\":{\"@id\":\"https:\\\/\\\/meijerholland.nl\\\/de\\\/produkt\\\/jumbo-ckm-1\\\/#breadcrumb\"},\"inLanguage\":\"de\",\"potentialAction\":[{\"@type\":\"ReadAction\",\"target\":[\"https:\\\/\\\/meijerholland.nl\\\/de\\\/produkt\\\/jumbo-ckm-1\\\/\"]}]},{\"@type\":\"ImageObject\",\"inLanguage\":\"de\",\"@id\":\"https:\\\/\\\/meijerholland.nl\\\/de\\\/produkt\\\/jumbo-ckm-1\\\/#primaryimage\",\"url\":\"https:\\\/\\\/meijerholland.nl\\\/wp-content\\\/uploads\\\/2019\\\/10\\\/jumbockm1foto1-850x500.jpg\",\"contentUrl\":\"https:\\\/\\\/meijerholland.nl\\\/wp-content\\\/uploads\\\/2019\\\/10\\\/jumbockm1foto1-850x500.jpg\",\"width\":664,\"height\":500,\"caption\":\"Jumbo CKM1 balenklem\"},{\"@type\":\"BreadcrumbList\",\"@id\":\"https:\\\/\\\/meijerholland.nl\\\/de\\\/produkt\\\/jumbo-ckm-1\\\/#breadcrumb\",\"itemListElement\":[{\"@type\":\"ListItem\",\"position\":1,\"name\":\"Home\",\"item\":\"https:\\\/\\\/meijerholland.nl\\\/de\\\/\"},{\"@type\":\"ListItem\",\"position\":2,\"name\":\"Produkte\",\"item\":\"https:\\\/\\\/meijerholland.nl\\\/de\\\/produkte\\\/\"},{\"@type\":\"ListItem\",\"position\":3,\"name\":\"Gewickelte Ballen\",\"item\":\"https:\\\/\\\/meijerholland.nl\\\/de\\\/productcategorie\\\/gewickelte-ballen\\\/\"},{\"@type\":\"ListItem\",\"position\":4,\"name\":\"Jumbo CKM Ballenzange\",\"item\":\"https:\\\/\\\/meijerholland.nl\\\/de\\\/productcategorie\\\/gewickelte-ballen\\\/jumbo-ckm-ballenzange\\\/\"},{\"@type\":\"ListItem\",\"position\":5,\"name\":\"Jumbo CKM1 Gewickelte Ballenzange\"}]},{\"@type\":\"WebSite\",\"@id\":\"https:\\\/\\\/meijerholland.nl\\\/en\\\/#website\",\"url\":\"https:\\\/\\\/meijerholland.nl\\\/en\\\/\",\"name\":\"Meijer Holland\",\"description\":\"Bale Handling Systems\u200e\",\"publisher\":{\"@id\":\"https:\\\/\\\/meijerholland.nl\\\/en\\\/#organization\"},\"potentialAction\":[{\"@type\":\"SearchAction\",\"target\":{\"@type\":\"EntryPoint\",\"urlTemplate\":\"https:\\\/\\\/meijerholland.nl\\\/en\\\/?s={search_term_string}\"},\"query-input\":{\"@type\":\"PropertyValueSpecification\",\"valueRequired\":true,\"valueName\":\"search_term_string\"}}],\"inLanguage\":\"de\"},{\"@type\":\"Organization\",\"@id\":\"https:\\\/\\\/meijerholland.nl\\\/en\\\/#organization\",\"name\":\"Meijer Holland\",\"url\":\"https:\\\/\\\/meijerholland.nl\\\/en\\\/\",\"logo\":{\"@type\":\"ImageObject\",\"inLanguage\":\"de\",\"@id\":\"https:\\\/\\\/meijerholland.nl\\\/en\\\/#\\\/schema\\\/logo\\\/image\\\/\",\"url\":\"https:\\\/\\\/meijerholland.nl\\\/wp-content\\\/uploads\\\/2019\\\/10\\\/MH-logo.jpg\",\"contentUrl\":\"https:\\\/\\\/meijerholland.nl\\\/wp-content\\\/uploads\\\/2019\\\/10\\\/MH-logo.jpg\",\"width\":3316,\"height\":614,\"caption\":\"Meijer Holland\"},\"image\":{\"@id\":\"https:\\\/\\\/meijerholland.nl\\\/en\\\/#\\\/schema\\\/logo\\\/image\\\/\"},\"sameAs\":[\"https:\\\/\\\/www.facebook.com\\\/meijerhollandbalehandlingsystems\\\/\",\"https:\\\/\\\/www.linkedin.com\\\/company\\\/meijer-holland---bale-handling-sytems\\\/\",\"https:\\\/\\\/www.instagram.com\\\/meijerholland\\\/\"]}]}<\/script>\n<!-- \/ Yoast SEO plugin. -->","yoast_head_json":{"title":"Jumbo CKM1 Ballengreifer Gewickelte Ballen | Meijer Holland","description":"Jumbo CKM1 Ballengreifer f\u00fcr gewickelte Ballen 800 kg. Geeignet f\u00fcr Teleskoplader und Stapler. Keine Folienbesch\u00e4digung und sicherer Halt bei Druckabfall.","robots":{"index":"index","follow":"follow","max-snippet":"max-snippet:-1","max-image-preview":"max-image-preview:large","max-video-preview":"max-video-preview:-1"},"canonical":"https:\/\/meijerholland.nl\/de\/produkt\/jumbo-ckm-1\/","og_locale":"de_DE","og_type":"article","og_title":"Jumbo CKM1 Ballengreifer Gewickelte Ballen | Meijer Holland","og_description":"Jumbo CKM1 Ballengreifer f\u00fcr gewickelte Ballen 800 kg. Geeignet f\u00fcr Teleskoplader und Stapler. Keine Folienbesch\u00e4digung und sicherer Halt bei Druckabfall.","og_url":"https:\/\/meijerholland.nl\/de\/produkt\/jumbo-ckm-1\/","og_site_name":"Meijer Holland","article_publisher":"https:\/\/www.facebook.com\/meijerhollandbalehandlingsystems\/","article_modified_time":"2026-03-26T12:37:25+00:00","og_image":[{"width":664,"height":500,"url":"https:\/\/meijerholland.nl\/wp-content\/uploads\/2019\/10\/jumbockm1foto1-850x500.jpg","type":"image\/jpeg"}],"twitter_card":"summary_large_image","twitter_misc":{"Gesch\u00e4tzte Lesezeit":"1\u00a0Minute"},"schema":{"@context":"https:\/\/schema.org","@graph":[{"@type":"WebPage","@id":"https:\/\/meijerholland.nl\/de\/produkt\/jumbo-ckm-1\/","url":"https:\/\/meijerholland.nl\/de\/produkt\/jumbo-ckm-1\/","name":"Jumbo CKM1 Ballengreifer Gewickelte Ballen | Meijer Holland","isPartOf":{"@id":"https:\/\/meijerholland.nl\/en\/#website"},"primaryImageOfPage":{"@id":"https:\/\/meijerholland.nl\/de\/produkt\/jumbo-ckm-1\/#primaryimage"},"image":{"@id":"https:\/\/meijerholland.nl\/de\/produkt\/jumbo-ckm-1\/#primaryimage"},"thumbnailUrl":"https:\/\/meijerholland.nl\/wp-content\/uploads\/2019\/10\/jumbockm1foto1-850x500.jpg","datePublished":"2019-10-03T11:43:07+00:00","dateModified":"2026-03-26T12:37:25+00:00","description":"Jumbo CKM1 Ballengreifer f\u00fcr gewickelte Ballen 800 kg. Geeignet f\u00fcr Teleskoplader und Stapler. Keine Folienbesch\u00e4digung und sicherer Halt bei Druckabfall.","breadcrumb":{"@id":"https:\/\/meijerholland.nl\/de\/produkt\/jumbo-ckm-1\/#breadcrumb"},"inLanguage":"de","potentialAction":[{"@type":"ReadAction","target":["https:\/\/meijerholland.nl\/de\/produkt\/jumbo-ckm-1\/"]}]},{"@type":"ImageObject","inLanguage":"de","@id":"https:\/\/meijerholland.nl\/de\/produkt\/jumbo-ckm-1\/#primaryimage","url":"https:\/\/meijerholland.nl\/wp-content\/uploads\/2019\/10\/jumbockm1foto1-850x500.jpg","contentUrl":"https:\/\/meijerholland.nl\/wp-content\/uploads\/2019\/10\/jumbockm1foto1-850x500.jpg","width":664,"height":500,"caption":"Jumbo CKM1 balenklem"},{"@type":"BreadcrumbList","@id":"https:\/\/meijerholland.nl\/de\/produkt\/jumbo-ckm-1\/#breadcrumb","itemListElement":[{"@type":"ListItem","position":1,"name":"Home","item":"https:\/\/meijerholland.nl\/de\/"},{"@type":"ListItem","position":2,"name":"Produkte","item":"https:\/\/meijerholland.nl\/de\/produkte\/"},{"@type":"ListItem","position":3,"name":"Gewickelte Ballen","item":"https:\/\/meijerholland.nl\/de\/productcategorie\/gewickelte-ballen\/"},{"@type":"ListItem","position":4,"name":"Jumbo CKM Ballenzange","item":"https:\/\/meijerholland.nl\/de\/productcategorie\/gewickelte-ballen\/jumbo-ckm-ballenzange\/"},{"@type":"ListItem","position":5,"name":"Jumbo CKM1 Gewickelte Ballenzange"}]},{"@type":"WebSite","@id":"https:\/\/meijerholland.nl\/en\/#website","url":"https:\/\/meijerholland.nl\/en\/","name":"Meijer Holland","description":"Bale Handling Systems\u200e","publisher":{"@id":"https:\/\/meijerholland.nl\/en\/#organization"},"potentialAction":[{"@type":"SearchAction","target":{"@type":"EntryPoint","urlTemplate":"https:\/\/meijerholland.nl\/en\/?s={search_term_string}"},"query-input":{"@type":"PropertyValueSpecification","valueRequired":true,"valueName":"search_term_string"}}],"inLanguage":"de"},{"@type":"Organization","@id":"https:\/\/meijerholland.nl\/en\/#organization","name":"Meijer Holland","url":"https:\/\/meijerholland.nl\/en\/","logo":{"@type":"ImageObject","inLanguage":"de","@id":"https:\/\/meijerholland.nl\/en\/#\/schema\/logo\/image\/","url":"https:\/\/meijerholland.nl\/wp-content\/uploads\/2019\/10\/MH-logo.jpg","contentUrl":"https:\/\/meijerholland.nl\/wp-content\/uploads\/2019\/10\/MH-logo.jpg","width":3316,"height":614,"caption":"Meijer Holland"},"image":{"@id":"https:\/\/meijerholland.nl\/en\/#\/schema\/logo\/image\/"},"sameAs":["https:\/\/www.facebook.com\/meijerhollandbalehandlingsystems\/","https:\/\/www.linkedin.com\/company\/meijer-holland---bale-handling-sytems\/","https:\/\/www.instagram.com\/meijerholland\/"]}]}},"_links":{"self":[{"href":"https:\/\/meijerholland.nl\/de\/wp-json\/wp\/v2\/product\/3335","targetHints":{"allow":["GET"]}}],"collection":[{"href":"https:\/\/meijerholland.nl\/de\/wp-json\/wp\/v2\/product"}],"about":[{"href":"https:\/\/meijerholland.nl\/de\/wp-json\/wp\/v2\/types\/product"}],"wp:featuredmedia":[{"embeddable":true,"href":"https:\/\/meijerholland.nl\/de\/wp-json\/wp\/v2\/media\/214"}],"wp:attachment":[{"href":"https:\/\/meijerholland.nl\/de\/wp-json\/wp\/v2\/media?parent=3335"}],"wp:term":[{"taxonomy":"product_brand","embeddable":true,"href":"https:\/\/meijerholland.nl\/de\/wp-json\/wp\/v2\/product_brand?post=3335"},{"taxonomy":"product_cat","embeddable":true,"href":"https:\/\/meijerholland.nl\/de\/wp-json\/wp\/v2\/product_cat?post=3335"},{"taxonomy":"product_tag","embeddable":true,"href":"https:\/\/meijerholland.nl\/de\/wp-json\/wp\/v2\/product_tag?post=3335"}],"curies":[{"name":"wp","href":"https:\/\/api.w.org\/{rel}","templated":true}]}}