{"id":3338,"date":"2019-10-04T15:09:32","date_gmt":"2019-10-04T15:09:32","guid":{"rendered":"https:\/\/meijerholland.nl\/product\/fred-2-3\/"},"modified":"2026-03-26T10:35:05","modified_gmt":"2026-03-26T10:35:05","slug":"fred-2-3-ballengreifer","status":"publish","type":"product","link":"https:\/\/meijerholland.nl\/de\/produkt\/fred-2-3-ballengreifer\/","title":{"rendered":"Fred 2-3 Ballengreifer"},"content":{"rendered":"<p data-start=\"4117\" data-end=\"4318\">Der Fred 2-3 Ballengreifer ist f\u00fcr das Aufnehmen von zwei bis drei gro\u00dfen Stroh- oder Heuballen pro Arbeitsgang ausgelegt. Dadurch wird die Effizienz beim Laden und innerbetrieblichen Transport erh\u00f6ht.<\/p>\n<p data-start=\"4320\" data-end=\"4549\">Der Ballengreifer wird an das Hydrauliksystem eines Teleskopladers, Frontladers, Radladers oder Krans angeschlossen. Die Haken greifen in die Ballen und ziehen diese gegen den Rahmen, wodurch ein sicherer Halt gew\u00e4hrleistet wird.<\/p>\n<h2 data-section-id=\"1iqn08\" data-start=\"4551\" data-end=\"4567\">Geeignet f\u00fcr<\/h2>\n<ul data-start=\"4569\" data-end=\"4708\">\n<li data-section-id=\"1rbz786\" data-start=\"4569\" data-end=\"4596\">2 Ballen mit 90 cm H\u00f6he<\/li>\n<li data-section-id=\"feus7t\" data-start=\"4597\" data-end=\"4624\">3 Ballen mit 70 cm H\u00f6he<\/li>\n<li data-section-id=\"6e862a\" data-start=\"4625\" data-end=\"4640\">Strohballen<\/li>\n<li data-section-id=\"1lcr0oo\" data-start=\"4641\" data-end=\"4654\">Heuballen<\/li>\n<li data-section-id=\"10b2r9y\" data-start=\"4655\" data-end=\"4708\">Anwendungen mit Teleskoplader, Radlader oder Kran<\/li>\n<\/ul>\n<h2 data-section-id=\"1emxvwk\" data-start=\"4710\" data-end=\"4730\">Ausgestattet mit<\/h2>\n<ul data-start=\"4732\" data-end=\"4837\">\n<li data-section-id=\"eu8npf\" data-start=\"4732\" data-end=\"4788\">6 speziell entwickelten Haken aus hochwertigem Stahl<\/li>\n<li data-section-id=\"1me4fft\" data-start=\"4789\" data-end=\"4837\">3 konischen Buchsen f\u00fcr demontierbare Zinken<\/li>\n<\/ul>\n<h2 data-section-id=\"190qsk2\" data-start=\"4839\" data-end=\"4878\">Vorteile von Fred 2-3 Ballengreifer<\/h2>\n<ul data-start=\"4880\" data-end=\"5109\">\n<li data-section-id=\"8b4ozb\" data-start=\"4880\" data-end=\"4924\">Aufnahme mehrerer Ballen pro Arbeitsgang<\/li>\n<li data-section-id=\"8148x0\" data-start=\"4925\" data-end=\"4970\">Haken ziehen Ballen fest gegen den Rahmen<\/li>\n<li data-section-id=\"d3lx0x\" data-start=\"4971\" data-end=\"5014\">Sichere Klemmung w\u00e4hrend des Transports<\/li>\n<li data-section-id=\"etm7e0\" data-start=\"5015\" data-end=\"5061\">Ballen bleiben auch beim Vorkippen fixiert<\/li>\n<li data-section-id=\"h1nftm\" data-start=\"5062\" data-end=\"5109\">Kompakte Bauweise f\u00fcr den t\u00e4glichen Einsatz<\/li>\n<\/ul>\n<h2 data-section-id=\"h6s0bj\" data-start=\"5111\" data-end=\"5150\">Optionen f\u00fcr Fred 2-3 Ballengreifer<\/h2>\n<p data-start=\"5152\" data-end=\"5180\">Erweiterbar je nach Einsatz.<\/p>\n<ul data-start=\"5182\" data-end=\"5389\">\n<li data-section-id=\"tzxdfq\" data-start=\"5182\" data-end=\"5208\">Demontierbare Aufnahme<\/li>\n<li data-section-id=\"1ji9w6z\" data-start=\"5209\" data-end=\"5242\">2 oder 3 demontierbare Zinken<\/li>\n<li data-section-id=\"9mbb8k\" data-start=\"5243\" data-end=\"5280\">Hydraulikschl\u00e4uche und Kupplungen<\/li>\n<li data-section-id=\"1ek970j\" data-start=\"5281\" data-end=\"5307\">Druckbegrenzungsventil<\/li>\n<li data-section-id=\"1ttdpdk\" data-start=\"5308\" data-end=\"5389\">Ausziehbare Rohre zur Unterst\u00fctzung des oberen Ballens bei 3 Ballen von 70 cm<\/li>\n<\/ul>\n<h3 data-section-id=\"724hon\" data-start=\"1874\" data-end=\"1897\">Kontakt &amp; Anleitung<\/h3>\n<p data-start=\"1899\" data-end=\"2008\">F\u00fcr weitere Informationen oder Interesse an <strong><a href=\"https:\/\/meijerholland.nl\/de\/productcategorie\/massgeschneiderte-maschinen\/\">ma\u00dfgeschneiderten<\/a><\/strong> L\u00f6sungen? Kontaktieren Sie unsere Spezialisten.<\/p>\n<ul>\n<li><strong><a class=\"\" href=\"https:\/\/meijerholland.nl\/wp-content\/uploads\/2025\/01\/MHM-FRED-DU.pdf\" target=\"_new\" rel=\"noopener\" data-start=\"3103\" data-end=\"3229\">Bedienungsanleitung<\/a> <\/strong>herunterladen\u00a0(PDF)<\/li>\n<li>Anrufen:<strong> <a href=\"callto:+31503126448\">+31 (0)50 \u2013 3126448<\/a><\/strong><\/li>\n<li>E-Mail: <strong><a href=\"mailto:info@meijerholland.com\" rel=\"noopener\" data-start=\"3121\" data-end=\"3143\">info@meijerholland.com<\/a><\/strong><\/li>\n<li>Oder f\u00fcllen Sie das <a href=\"https:\/\/meijerholland.nl\/de\/kontakt\/\">\u00a0<strong>Kontaktformular<\/strong><\/a> aus<\/li>\n<\/ul>\n","protected":false},"excerpt":{"rendered":"<p>Der Fred 2-3 Ballengreifer ist f\u00fcr das Aufnehmen von zwei&#8230;<\/p>\n","protected":false},"featured_media":4912,"template":"","meta":{"_acf_changed":false},"product_brand":[],"product_cat":[119],"product_tag":[],"class_list":{"0":"post-3338","1":"product","2":"type-product","3":"status-publish","4":"has-post-thumbnail","6":"product_cat-fred-ballengreifer","8":"first","9":"instock","10":"taxable","11":"shipping-taxable","12":"product-type-simple"},"acf":[],"yoast_head":"<!-- This site is optimized with the Yoast SEO plugin v27.4 - https:\/\/yoast.com\/product\/yoast-seo-wordpress\/ -->\n<title>Fred 2-3 Ballengreifer F\u00fcr 2 Bis 3 Ballen | Meijer Holland<\/title>\n<meta name=\"description\" content=\"Fred 2-3 Ballengreifer f\u00fcr 2 bis 3 gro\u00dfe Stroh- oder Heuballen. Geeignet f\u00fcr Teleskoplader und Radlader mit sicherer und effizienter Klemmung.\" \/>\n<meta name=\"robots\" content=\"index, follow, max-snippet:-1, max-image-preview:large, max-video-preview:-1\" \/>\n<link rel=\"canonical\" href=\"https:\/\/meijerholland.nl\/de\/produkt\/fred-2-3-ballengreifer\/\" \/>\n<meta property=\"og:locale\" content=\"de_DE\" \/>\n<meta property=\"og:type\" content=\"article\" \/>\n<meta property=\"og:title\" content=\"Fred 2-3 Ballengreifer F\u00fcr 2 Bis 3 Ballen | Meijer Holland\" \/>\n<meta property=\"og:description\" content=\"Fred 2-3 Ballengreifer f\u00fcr 2 bis 3 gro\u00dfe Stroh- oder Heuballen. Geeignet f\u00fcr Teleskoplader und Radlader mit sicherer und effizienter Klemmung.\" \/>\n<meta property=\"og:url\" content=\"https:\/\/meijerholland.nl\/de\/produkt\/fred-2-3-ballengreifer\/\" \/>\n<meta property=\"og:site_name\" content=\"Meijer Holland\" \/>\n<meta property=\"article:publisher\" content=\"https:\/\/www.facebook.com\/meijerhollandbalehandlingsystems\/\" \/>\n<meta property=\"article:modified_time\" content=\"2026-03-26T10:35:05+00:00\" \/>\n<meta property=\"og:image\" content=\"https:\/\/meijerholland.nl\/wp-content\/uploads\/2019\/10\/Fred-2-3-Plaizier-diervoeders-scaled.jpg\" \/>\n\t<meta property=\"og:image:width\" content=\"2560\" \/>\n\t<meta property=\"og:image:height\" content=\"1920\" \/>\n\t<meta property=\"og:image:type\" content=\"image\/jpeg\" \/>\n<meta name=\"twitter:card\" content=\"summary_large_image\" \/>\n<meta name=\"twitter:label1\" content=\"Gesch\u00e4tzte Lesezeit\" \/>\n\t<meta name=\"twitter:data1\" content=\"2\u00a0Minuten\" \/>\n<script type=\"application\/ld+json\" class=\"yoast-schema-graph\">{\"@context\":\"https:\\\/\\\/schema.org\",\"@graph\":[{\"@type\":\"WebPage\",\"@id\":\"https:\\\/\\\/meijerholland.nl\\\/de\\\/produkt\\\/fred-2-3-ballengreifer\\\/\",\"url\":\"https:\\\/\\\/meijerholland.nl\\\/de\\\/produkt\\\/fred-2-3-ballengreifer\\\/\",\"name\":\"Fred 2-3 Ballengreifer F\u00fcr 2 Bis 3 Ballen | Meijer Holland\",\"isPartOf\":{\"@id\":\"https:\\\/\\\/meijerholland.nl\\\/en\\\/#website\"},\"primaryImageOfPage\":{\"@id\":\"https:\\\/\\\/meijerholland.nl\\\/de\\\/produkt\\\/fred-2-3-ballengreifer\\\/#primaryimage\"},\"image\":{\"@id\":\"https:\\\/\\\/meijerholland.nl\\\/de\\\/produkt\\\/fred-2-3-ballengreifer\\\/#primaryimage\"},\"thumbnailUrl\":\"https:\\\/\\\/meijerholland.nl\\\/wp-content\\\/uploads\\\/2019\\\/10\\\/Fred-2-3-Plaizier-diervoeders-scaled.jpg\",\"datePublished\":\"2019-10-04T15:09:32+00:00\",\"dateModified\":\"2026-03-26T10:35:05+00:00\",\"description\":\"Fred 2-3 Ballengreifer f\u00fcr 2 bis 3 gro\u00dfe Stroh- oder Heuballen. Geeignet f\u00fcr Teleskoplader und Radlader mit sicherer und effizienter Klemmung.\",\"breadcrumb\":{\"@id\":\"https:\\\/\\\/meijerholland.nl\\\/de\\\/produkt\\\/fred-2-3-ballengreifer\\\/#breadcrumb\"},\"inLanguage\":\"de\",\"potentialAction\":[{\"@type\":\"ReadAction\",\"target\":[\"https:\\\/\\\/meijerholland.nl\\\/de\\\/produkt\\\/fred-2-3-ballengreifer\\\/\"]}]},{\"@type\":\"ImageObject\",\"inLanguage\":\"de\",\"@id\":\"https:\\\/\\\/meijerholland.nl\\\/de\\\/produkt\\\/fred-2-3-ballengreifer\\\/#primaryimage\",\"url\":\"https:\\\/\\\/meijerholland.nl\\\/wp-content\\\/uploads\\\/2019\\\/10\\\/Fred-2-3-Plaizier-diervoeders-scaled.jpg\",\"contentUrl\":\"https:\\\/\\\/meijerholland.nl\\\/wp-content\\\/uploads\\\/2019\\\/10\\\/Fred-2-3-Plaizier-diervoeders-scaled.jpg\",\"width\":2560,\"height\":1920,\"caption\":\"De Fred 2-3 balenklem in actie bij het hanteren van hooibalen; op de achtergrond een stapel ronde balen in opslag.\"},{\"@type\":\"BreadcrumbList\",\"@id\":\"https:\\\/\\\/meijerholland.nl\\\/de\\\/produkt\\\/fred-2-3-ballengreifer\\\/#breadcrumb\",\"itemListElement\":[{\"@type\":\"ListItem\",\"position\":1,\"name\":\"Home\",\"item\":\"https:\\\/\\\/meijerholland.nl\\\/de\\\/\"},{\"@type\":\"ListItem\",\"position\":2,\"name\":\"Produkte\",\"item\":\"https:\\\/\\\/meijerholland.nl\\\/de\\\/produkte\\\/\"},{\"@type\":\"ListItem\",\"position\":3,\"name\":\"Gro\u00dfe Ballen\",\"item\":\"https:\\\/\\\/meijerholland.nl\\\/de\\\/productcategorie\\\/grosse-ballen\\\/\"},{\"@type\":\"ListItem\",\"position\":4,\"name\":\"Fred Ballengreifer\",\"item\":\"https:\\\/\\\/meijerholland.nl\\\/de\\\/productcategorie\\\/grosse-ballen\\\/fred-ballengreifer\\\/\"},{\"@type\":\"ListItem\",\"position\":5,\"name\":\"Fred 2-3 Ballengreifer\"}]},{\"@type\":\"WebSite\",\"@id\":\"https:\\\/\\\/meijerholland.nl\\\/en\\\/#website\",\"url\":\"https:\\\/\\\/meijerholland.nl\\\/en\\\/\",\"name\":\"Meijer Holland\",\"description\":\"Bale Handling Systems\u200e\",\"publisher\":{\"@id\":\"https:\\\/\\\/meijerholland.nl\\\/en\\\/#organization\"},\"potentialAction\":[{\"@type\":\"SearchAction\",\"target\":{\"@type\":\"EntryPoint\",\"urlTemplate\":\"https:\\\/\\\/meijerholland.nl\\\/en\\\/?s={search_term_string}\"},\"query-input\":{\"@type\":\"PropertyValueSpecification\",\"valueRequired\":true,\"valueName\":\"search_term_string\"}}],\"inLanguage\":\"de\"},{\"@type\":\"Organization\",\"@id\":\"https:\\\/\\\/meijerholland.nl\\\/en\\\/#organization\",\"name\":\"Meijer Holland\",\"url\":\"https:\\\/\\\/meijerholland.nl\\\/en\\\/\",\"logo\":{\"@type\":\"ImageObject\",\"inLanguage\":\"de\",\"@id\":\"https:\\\/\\\/meijerholland.nl\\\/en\\\/#\\\/schema\\\/logo\\\/image\\\/\",\"url\":\"https:\\\/\\\/meijerholland.nl\\\/wp-content\\\/uploads\\\/2019\\\/10\\\/MH-logo.jpg\",\"contentUrl\":\"https:\\\/\\\/meijerholland.nl\\\/wp-content\\\/uploads\\\/2019\\\/10\\\/MH-logo.jpg\",\"width\":3316,\"height\":614,\"caption\":\"Meijer Holland\"},\"image\":{\"@id\":\"https:\\\/\\\/meijerholland.nl\\\/en\\\/#\\\/schema\\\/logo\\\/image\\\/\"},\"sameAs\":[\"https:\\\/\\\/www.facebook.com\\\/meijerhollandbalehandlingsystems\\\/\",\"https:\\\/\\\/www.linkedin.com\\\/company\\\/meijer-holland---bale-handling-sytems\\\/\",\"https:\\\/\\\/www.instagram.com\\\/meijerholland\\\/\"]}]}<\/script>\n<!-- \/ Yoast SEO plugin. -->","yoast_head_json":{"title":"Fred 2-3 Ballengreifer F\u00fcr 2 Bis 3 Ballen | Meijer Holland","description":"Fred 2-3 Ballengreifer f\u00fcr 2 bis 3 gro\u00dfe Stroh- oder Heuballen. Geeignet f\u00fcr Teleskoplader und Radlader mit sicherer und effizienter Klemmung.","robots":{"index":"index","follow":"follow","max-snippet":"max-snippet:-1","max-image-preview":"max-image-preview:large","max-video-preview":"max-video-preview:-1"},"canonical":"https:\/\/meijerholland.nl\/de\/produkt\/fred-2-3-ballengreifer\/","og_locale":"de_DE","og_type":"article","og_title":"Fred 2-3 Ballengreifer F\u00fcr 2 Bis 3 Ballen | Meijer Holland","og_description":"Fred 2-3 Ballengreifer f\u00fcr 2 bis 3 gro\u00dfe Stroh- oder Heuballen. Geeignet f\u00fcr Teleskoplader und Radlader mit sicherer und effizienter Klemmung.","og_url":"https:\/\/meijerholland.nl\/de\/produkt\/fred-2-3-ballengreifer\/","og_site_name":"Meijer Holland","article_publisher":"https:\/\/www.facebook.com\/meijerhollandbalehandlingsystems\/","article_modified_time":"2026-03-26T10:35:05+00:00","og_image":[{"width":2560,"height":1920,"url":"https:\/\/meijerholland.nl\/wp-content\/uploads\/2019\/10\/Fred-2-3-Plaizier-diervoeders-scaled.jpg","type":"image\/jpeg"}],"twitter_card":"summary_large_image","twitter_misc":{"Gesch\u00e4tzte Lesezeit":"2\u00a0Minuten"},"schema":{"@context":"https:\/\/schema.org","@graph":[{"@type":"WebPage","@id":"https:\/\/meijerholland.nl\/de\/produkt\/fred-2-3-ballengreifer\/","url":"https:\/\/meijerholland.nl\/de\/produkt\/fred-2-3-ballengreifer\/","name":"Fred 2-3 Ballengreifer F\u00fcr 2 Bis 3 Ballen | Meijer Holland","isPartOf":{"@id":"https:\/\/meijerholland.nl\/en\/#website"},"primaryImageOfPage":{"@id":"https:\/\/meijerholland.nl\/de\/produkt\/fred-2-3-ballengreifer\/#primaryimage"},"image":{"@id":"https:\/\/meijerholland.nl\/de\/produkt\/fred-2-3-ballengreifer\/#primaryimage"},"thumbnailUrl":"https:\/\/meijerholland.nl\/wp-content\/uploads\/2019\/10\/Fred-2-3-Plaizier-diervoeders-scaled.jpg","datePublished":"2019-10-04T15:09:32+00:00","dateModified":"2026-03-26T10:35:05+00:00","description":"Fred 2-3 Ballengreifer f\u00fcr 2 bis 3 gro\u00dfe Stroh- oder Heuballen. Geeignet f\u00fcr Teleskoplader und Radlader mit sicherer und effizienter Klemmung.","breadcrumb":{"@id":"https:\/\/meijerholland.nl\/de\/produkt\/fred-2-3-ballengreifer\/#breadcrumb"},"inLanguage":"de","potentialAction":[{"@type":"ReadAction","target":["https:\/\/meijerholland.nl\/de\/produkt\/fred-2-3-ballengreifer\/"]}]},{"@type":"ImageObject","inLanguage":"de","@id":"https:\/\/meijerholland.nl\/de\/produkt\/fred-2-3-ballengreifer\/#primaryimage","url":"https:\/\/meijerholland.nl\/wp-content\/uploads\/2019\/10\/Fred-2-3-Plaizier-diervoeders-scaled.jpg","contentUrl":"https:\/\/meijerholland.nl\/wp-content\/uploads\/2019\/10\/Fred-2-3-Plaizier-diervoeders-scaled.jpg","width":2560,"height":1920,"caption":"De Fred 2-3 balenklem in actie bij het hanteren van hooibalen; op de achtergrond een stapel ronde balen in opslag."},{"@type":"BreadcrumbList","@id":"https:\/\/meijerholland.nl\/de\/produkt\/fred-2-3-ballengreifer\/#breadcrumb","itemListElement":[{"@type":"ListItem","position":1,"name":"Home","item":"https:\/\/meijerholland.nl\/de\/"},{"@type":"ListItem","position":2,"name":"Produkte","item":"https:\/\/meijerholland.nl\/de\/produkte\/"},{"@type":"ListItem","position":3,"name":"Gro\u00dfe Ballen","item":"https:\/\/meijerholland.nl\/de\/productcategorie\/grosse-ballen\/"},{"@type":"ListItem","position":4,"name":"Fred Ballengreifer","item":"https:\/\/meijerholland.nl\/de\/productcategorie\/grosse-ballen\/fred-ballengreifer\/"},{"@type":"ListItem","position":5,"name":"Fred 2-3 Ballengreifer"}]},{"@type":"WebSite","@id":"https:\/\/meijerholland.nl\/en\/#website","url":"https:\/\/meijerholland.nl\/en\/","name":"Meijer Holland","description":"Bale Handling Systems\u200e","publisher":{"@id":"https:\/\/meijerholland.nl\/en\/#organization"},"potentialAction":[{"@type":"SearchAction","target":{"@type":"EntryPoint","urlTemplate":"https:\/\/meijerholland.nl\/en\/?s={search_term_string}"},"query-input":{"@type":"PropertyValueSpecification","valueRequired":true,"valueName":"search_term_string"}}],"inLanguage":"de"},{"@type":"Organization","@id":"https:\/\/meijerholland.nl\/en\/#organization","name":"Meijer Holland","url":"https:\/\/meijerholland.nl\/en\/","logo":{"@type":"ImageObject","inLanguage":"de","@id":"https:\/\/meijerholland.nl\/en\/#\/schema\/logo\/image\/","url":"https:\/\/meijerholland.nl\/wp-content\/uploads\/2019\/10\/MH-logo.jpg","contentUrl":"https:\/\/meijerholland.nl\/wp-content\/uploads\/2019\/10\/MH-logo.jpg","width":3316,"height":614,"caption":"Meijer Holland"},"image":{"@id":"https:\/\/meijerholland.nl\/en\/#\/schema\/logo\/image\/"},"sameAs":["https:\/\/www.facebook.com\/meijerhollandbalehandlingsystems\/","https:\/\/www.linkedin.com\/company\/meijer-holland---bale-handling-sytems\/","https:\/\/www.instagram.com\/meijerholland\/"]}]}},"_links":{"self":[{"href":"https:\/\/meijerholland.nl\/de\/wp-json\/wp\/v2\/product\/3338","targetHints":{"allow":["GET"]}}],"collection":[{"href":"https:\/\/meijerholland.nl\/de\/wp-json\/wp\/v2\/product"}],"about":[{"href":"https:\/\/meijerholland.nl\/de\/wp-json\/wp\/v2\/types\/product"}],"wp:featuredmedia":[{"embeddable":true,"href":"https:\/\/meijerholland.nl\/de\/wp-json\/wp\/v2\/media\/4912"}],"wp:attachment":[{"href":"https:\/\/meijerholland.nl\/de\/wp-json\/wp\/v2\/media?parent=3338"}],"wp:term":[{"taxonomy":"product_brand","embeddable":true,"href":"https:\/\/meijerholland.nl\/de\/wp-json\/wp\/v2\/product_brand?post=3338"},{"taxonomy":"product_cat","embeddable":true,"href":"https:\/\/meijerholland.nl\/de\/wp-json\/wp\/v2\/product_cat?post=3338"},{"taxonomy":"product_tag","embeddable":true,"href":"https:\/\/meijerholland.nl\/de\/wp-json\/wp\/v2\/product_tag?post=3338"}],"curies":[{"name":"wp","href":"https:\/\/api.w.org\/{rel}","templated":true}]}}