{"id":3341,"date":"2019-10-04T15:10:58","date_gmt":"2019-10-04T15:10:58","guid":{"rendered":"https:\/\/meijerholland.nl\/product\/fred-3-4\/"},"modified":"2026-03-26T10:19:49","modified_gmt":"2026-03-26T10:19:49","slug":"fred-3-4","status":"publish","type":"product","link":"https:\/\/meijerholland.nl\/de\/produkt\/fred-3-4\/","title":{"rendered":"Fred 3-4 Ballengreifer"},"content":{"rendered":"<p data-start=\"4476\" data-end=\"4724\">Der Fred 3-4 Ballengreifer ist f\u00fcr das Aufnehmen von mehreren gro\u00dfen Stroh und Heuballen in einem Arbeitsgang ausgelegt. Dadurch steigt die Ladeleistung und der Umschlag kann mit weniger Handgriffen erfolgen.<\/p>\n<p data-start=\"4726\" data-end=\"5085\">Der Ballengreifer wird an das Hydrauliksystem eines Teleskopladers, Frontladers, Radladers oder Krans angeschlossen. Die Haken greifen tief in die Ballen und ziehen diese fest gegen den Hauptrahmen, sodass die Ballen auch beim Transport und beim Vorkippen sicher gehalten werden.<\/p>\n<h2 data-start=\"5087\" data-end=\"5103\"><strong data-start=\"5087\" data-end=\"5103\">Geeignet f\u00fcr<\/strong><\/h2>\n<ul data-start=\"5105\" data-end=\"5255\">\n<li data-section-id=\"1k2ex07\" data-start=\"5105\" data-end=\"5130\">3 Ballen mit 90 cm H\u00f6he<\/li>\n<li data-section-id=\"1on4xsu\" data-start=\"5131\" data-end=\"5156\">4 Ballen mit 70 cm H\u00f6he<\/li>\n<li data-section-id=\"6kdfv6\" data-start=\"5157\" data-end=\"5176\">Gro\u00dfe Strohballen<\/li>\n<li data-section-id=\"gb2dg8\" data-start=\"5177\" data-end=\"5194\">Gro\u00dfe Heuballen<\/li>\n<li data-section-id=\"168m00r\" data-start=\"5195\" data-end=\"5255\">Eins\u00e4tze mit Teleskoplader, Frontlader, Radlader oder Kran<\/li>\n<\/ul>\n<h2 data-start=\"5257\" data-end=\"5275\">Ausgestattet mit<\/h2>\n<ul data-start=\"5277\" data-end=\"5400\">\n<li data-section-id=\"cwi6ba\" data-start=\"5277\" data-end=\"5332\">12 speziell entwickelten Haken aus hochwertigem Stahl<\/li>\n<li data-section-id=\"lwa59t\" data-start=\"5333\" data-end=\"5400\">3 konischen Buchsen f\u00fcr Montage der geraden demontierbaren Zinken<\/li>\n<\/ul>\n<h2 data-start=\"5402\" data-end=\"5441\"><strong data-start=\"5402\" data-end=\"5441\">Vorteile von Fred 3-4 Ballengreifer<\/strong><\/h2>\n<ul data-start=\"5443\" data-end=\"5738\">\n<li data-section-id=\"ivxyq6\" data-start=\"5443\" data-end=\"5505\">Nimmt maximal drei bis vier gro\u00dfe Ballen pro Arbeitsgang auf<\/li>\n<li data-section-id=\"u0124e\" data-start=\"5506\" data-end=\"5566\">Haken greifen tief in die Ballen f\u00fcr eine sichere Klemmung<\/li>\n<li data-section-id=\"1jtcuc4\" data-start=\"5567\" data-end=\"5617\">Ballen werden fest gegen den Hauptrahmen gezogen<\/li>\n<li data-section-id=\"1dep4rz\" data-start=\"5618\" data-end=\"5674\">Auch beim Vorkippen bleiben die Ballen sicher geklemmt<\/li>\n<li data-section-id=\"134e6ni\" data-start=\"5675\" data-end=\"5738\">Einfache und funktionale Ausf\u00fchrung f\u00fcr den t\u00e4glichen Einsatz<\/li>\n<\/ul>\n<h2 data-start=\"5740\" data-end=\"5779\"><strong data-start=\"5740\" data-end=\"5779\">Optionen f\u00fcr Fred 3-4 Ballengreifer<\/strong><\/h2>\n<p data-start=\"5781\" data-end=\"5829\">Erweiterbar je nach Maschine und Einsatzbereich.<\/p>\n<ul data-start=\"5831\" data-end=\"5951\">\n<li data-section-id=\"1wu9n7q\" data-start=\"5831\" data-end=\"5855\">Demontierbare Aufnahme<\/li>\n<li data-section-id=\"g45y51\" data-start=\"5856\" data-end=\"5888\">2 oder 3 demontierbaren Zinken<\/li>\n<li data-section-id=\"1pomth2\" data-start=\"5889\" data-end=\"5926\">2 Hydraulikschl\u00e4uche und Kupplungen<\/li>\n<li data-section-id=\"vqv1hf\" data-start=\"5927\" data-end=\"5951\">Druckbegrenzungsventil<\/li>\n<\/ul>\n<h2 data-section-id=\"724hon\" data-start=\"1874\" data-end=\"1897\">Kontakt &amp; Anleitung<\/h2>\n<p data-start=\"1899\" data-end=\"2008\">F\u00fcr weitere Informationen oder Interesse an <strong><a href=\"https:\/\/meijerholland.nl\/de\/productcategorie\/massgeschneiderte-maschinen\/\">ma\u00dfgeschneiderten<\/a><\/strong> L\u00f6sungen? Kontaktieren Sie unsere Spezialisten.<\/p>\n<ul>\n<li><a class=\"\" href=\"https:\/\/meijerholland.nl\/wp-content\/uploads\/2025\/01\/MHM-FRED-NL.pdf\" target=\"_new\" rel=\"noopener\" data-start=\"3103\" data-end=\"3229\"><strong>Bedienungsanleitung<\/strong><\/a> herunterladen (PDF)<\/li>\n<li>Anrufen:<strong> <a href=\"callto:+31503126448\">+31 (0)50 \u2013 3126448<\/a><\/strong><\/li>\n<li>E-Mail: <strong><a href=\"mailto:info@meijerholland.com\" rel=\"noopener\" data-start=\"3121\" data-end=\"3143\">info@meijerholland.com<\/a><\/strong><\/li>\n<li>Oder f\u00fcllen Sie das <a href=\"https:\/\/meijerholland.nl\/de\/kontakt\/\">\u00a0<strong>Kontaktformular<\/strong><\/a> aus<\/li>\n<\/ul>\n<h3>Referenz<\/h3>\n<ul>\n<li><a title=\"Fred 3-4 funktioniert wie immer gut\" href=\"http:\/\/www.meijerholland.nl\/deutsch\/news\/5520_fred-3-4-funktioniert-wie-immer-gut\">Landmaschinenhersteller GroeNoord in Oude Pekela, Niederlande<\/a><\/li>\n<\/ul>\n<p><iframe src=\"https:\/\/www.youtube.com\/embed\/tCbXWJueWFY\" width=\"560\" height=\"350\" frameborder=\"0\" allowfullscreen=\"allowfullscreen\"><span data-mce-type=\"bookmark\" style=\"display: inline-block; width: 0px; overflow: hidden; line-height: 0;\" class=\"mce_SELRES_start\">\ufeff<\/span><\/iframe><\/p>\n<div style=\"width: 1280px;\" class=\"wp-video\"><video class=\"wp-video-shortcode\" id=\"video-3341-1\" width=\"1280\" height=\"720\" preload=\"metadata\" controls=\"controls\"><source type=\"video\/mp4\" src=\"https:\/\/meijerholland.nl\/wp-content\/uploads\/2019\/10\/10000000_485354136182330_8630397126006363231_n.mp4?_=1\" \/><a href=\"https:\/\/meijerholland.nl\/wp-content\/uploads\/2019\/10\/10000000_485354136182330_8630397126006363231_n.mp4\">https:\/\/meijerholland.nl\/wp-content\/uploads\/2019\/10\/10000000_485354136182330_8630397126006363231_n.mp4<\/a><\/video><\/div>\n","protected":false},"excerpt":{"rendered":"<p>Der Fred 3-4 Ballengreifer ist f\u00fcr das Aufnehmen von mehreren&#8230;<\/p>\n","protected":false},"featured_media":1051,"template":"","meta":{"_acf_changed":false},"product_brand":[],"product_cat":[119],"product_tag":[],"class_list":{"0":"post-3341","1":"product","2":"type-product","3":"status-publish","4":"has-post-thumbnail","6":"product_cat-fred-ballengreifer","8":"first","9":"instock","10":"taxable","11":"shipping-taxable","12":"product-type-simple"},"acf":[],"yoast_head":"<!-- This site is optimized with the Yoast SEO plugin v27.4 - https:\/\/yoast.com\/product\/yoast-seo-wordpress\/ -->\n<title>Fred 3-4 Ballengreifer F\u00fcr 3 Bis 4 Gro\u00dfe Ballen | Meijer Holland<\/title>\n<meta name=\"description\" content=\"Fred 3-4 Ballengreifer f\u00fcr 3 bis 4 gro\u00dfe Stroh oder Heuballen. Geeignet f\u00fcr Teleskoplader, Radlader und Krane. Effizientes Laden mit sicherer Klemmung.\" \/>\n<meta name=\"robots\" content=\"index, follow, max-snippet:-1, max-image-preview:large, max-video-preview:-1\" \/>\n<link rel=\"canonical\" href=\"https:\/\/meijerholland.nl\/de\/product\/fred-3-4\/\" \/>\n<meta property=\"og:locale\" content=\"de_DE\" \/>\n<meta property=\"og:type\" content=\"article\" \/>\n<meta property=\"og:title\" content=\"Fred 3-4 Ballengreifer F\u00fcr 3 Bis 4 Gro\u00dfe Ballen | Meijer Holland\" \/>\n<meta property=\"og:description\" content=\"Fred 3-4 Ballengreifer f\u00fcr 3 bis 4 gro\u00dfe Stroh oder Heuballen. Geeignet f\u00fcr Teleskoplader, Radlader und Krane. Effizientes Laden mit sicherer Klemmung.\" \/>\n<meta property=\"og:url\" content=\"https:\/\/meijerholland.nl\/de\/product\/fred-3-4\/\" \/>\n<meta property=\"og:site_name\" content=\"Meijer Holland\" \/>\n<meta property=\"article:publisher\" content=\"https:\/\/www.facebook.com\/meijerhollandbalehandlingsystems\/\" \/>\n<meta property=\"article:modified_time\" content=\"2026-03-26T10:19:49+00:00\" \/>\n<meta property=\"og:image\" content=\"https:\/\/meijerholland.nl\/wp-content\/uploads\/2019\/10\/fredfsm3-4foto1-850x500.jpg\" \/>\n\t<meta property=\"og:image:width\" content=\"666\" \/>\n\t<meta property=\"og:image:height\" content=\"500\" \/>\n\t<meta property=\"og:image:type\" content=\"image\/jpeg\" \/>\n<meta name=\"twitter:card\" content=\"summary_large_image\" \/>\n<meta name=\"twitter:label1\" content=\"Gesch\u00e4tzte Lesezeit\" \/>\n\t<meta name=\"twitter:data1\" content=\"2\u00a0Minuten\" \/>\n<script type=\"application\/ld+json\" class=\"yoast-schema-graph\">{\"@context\":\"https:\\\/\\\/schema.org\",\"@graph\":[{\"@type\":\"WebPage\",\"@id\":\"https:\\\/\\\/meijerholland.nl\\\/de\\\/product\\\/fred-3-4\\\/\",\"url\":\"https:\\\/\\\/meijerholland.nl\\\/de\\\/product\\\/fred-3-4\\\/\",\"name\":\"Fred 3-4 Ballengreifer F\u00fcr 3 Bis 4 Gro\u00dfe Ballen | Meijer Holland\",\"isPartOf\":{\"@id\":\"https:\\\/\\\/meijerholland.nl\\\/en\\\/#website\"},\"primaryImageOfPage\":{\"@id\":\"https:\\\/\\\/meijerholland.nl\\\/de\\\/product\\\/fred-3-4\\\/#primaryimage\"},\"image\":{\"@id\":\"https:\\\/\\\/meijerholland.nl\\\/de\\\/product\\\/fred-3-4\\\/#primaryimage\"},\"thumbnailUrl\":\"https:\\\/\\\/meijerholland.nl\\\/wp-content\\\/uploads\\\/2019\\\/10\\\/fredfsm3-4foto1-850x500.jpg\",\"datePublished\":\"2019-10-04T15:10:58+00:00\",\"dateModified\":\"2026-03-26T10:19:49+00:00\",\"description\":\"Fred 3-4 Ballengreifer f\u00fcr 3 bis 4 gro\u00dfe Stroh oder Heuballen. Geeignet f\u00fcr Teleskoplader, Radlader und Krane. Effizientes Laden mit sicherer Klemmung.\",\"breadcrumb\":{\"@id\":\"https:\\\/\\\/meijerholland.nl\\\/de\\\/product\\\/fred-3-4\\\/#breadcrumb\"},\"inLanguage\":\"de\",\"potentialAction\":[{\"@type\":\"ReadAction\",\"target\":[\"https:\\\/\\\/meijerholland.nl\\\/de\\\/product\\\/fred-3-4\\\/\"]}]},{\"@type\":\"ImageObject\",\"inLanguage\":\"de\",\"@id\":\"https:\\\/\\\/meijerholland.nl\\\/de\\\/product\\\/fred-3-4\\\/#primaryimage\",\"url\":\"https:\\\/\\\/meijerholland.nl\\\/wp-content\\\/uploads\\\/2019\\\/10\\\/fredfsm3-4foto1-850x500.jpg\",\"contentUrl\":\"https:\\\/\\\/meijerholland.nl\\\/wp-content\\\/uploads\\\/2019\\\/10\\\/fredfsm3-4foto1-850x500.jpg\",\"width\":666,\"height\":500,\"caption\":\"De Fred 3-4 balenklem van Meijer Holland verplaatst effici\u00ebnt meerdere hooibalen tegelijk.\"},{\"@type\":\"BreadcrumbList\",\"@id\":\"https:\\\/\\\/meijerholland.nl\\\/de\\\/product\\\/fred-3-4\\\/#breadcrumb\",\"itemListElement\":[{\"@type\":\"ListItem\",\"position\":1,\"name\":\"Home\",\"item\":\"https:\\\/\\\/meijerholland.nl\\\/de\\\/\"},{\"@type\":\"ListItem\",\"position\":2,\"name\":\"Produkte\",\"item\":\"https:\\\/\\\/meijerholland.nl\\\/de\\\/produkte\\\/\"},{\"@type\":\"ListItem\",\"position\":3,\"name\":\"Grote balen\",\"item\":\"https:\\\/\\\/meijerholland.nl\\\/nl\\\/productcategorie\\\/grote-balen\\\/\"},{\"@type\":\"ListItem\",\"position\":4,\"name\":\"Fred balenklem\",\"item\":\"https:\\\/\\\/meijerholland.nl\\\/nl\\\/productcategorie\\\/grote-balen\\\/fred-balenklem\\\/\"},{\"@type\":\"ListItem\",\"position\":5,\"name\":\"Fred 3-4 Ballengreifer\"}]},{\"@type\":\"WebSite\",\"@id\":\"https:\\\/\\\/meijerholland.nl\\\/en\\\/#website\",\"url\":\"https:\\\/\\\/meijerholland.nl\\\/en\\\/\",\"name\":\"Meijer Holland\",\"description\":\"Bale Handling Systems\u200e\",\"publisher\":{\"@id\":\"https:\\\/\\\/meijerholland.nl\\\/en\\\/#organization\"},\"potentialAction\":[{\"@type\":\"SearchAction\",\"target\":{\"@type\":\"EntryPoint\",\"urlTemplate\":\"https:\\\/\\\/meijerholland.nl\\\/en\\\/?s={search_term_string}\"},\"query-input\":{\"@type\":\"PropertyValueSpecification\",\"valueRequired\":true,\"valueName\":\"search_term_string\"}}],\"inLanguage\":\"de\"},{\"@type\":\"Organization\",\"@id\":\"https:\\\/\\\/meijerholland.nl\\\/en\\\/#organization\",\"name\":\"Meijer Holland\",\"url\":\"https:\\\/\\\/meijerholland.nl\\\/en\\\/\",\"logo\":{\"@type\":\"ImageObject\",\"inLanguage\":\"de\",\"@id\":\"https:\\\/\\\/meijerholland.nl\\\/en\\\/#\\\/schema\\\/logo\\\/image\\\/\",\"url\":\"https:\\\/\\\/meijerholland.nl\\\/wp-content\\\/uploads\\\/2019\\\/10\\\/MH-logo.jpg\",\"contentUrl\":\"https:\\\/\\\/meijerholland.nl\\\/wp-content\\\/uploads\\\/2019\\\/10\\\/MH-logo.jpg\",\"width\":3316,\"height\":614,\"caption\":\"Meijer Holland\"},\"image\":{\"@id\":\"https:\\\/\\\/meijerholland.nl\\\/en\\\/#\\\/schema\\\/logo\\\/image\\\/\"},\"sameAs\":[\"https:\\\/\\\/www.facebook.com\\\/meijerhollandbalehandlingsystems\\\/\",\"https:\\\/\\\/www.linkedin.com\\\/company\\\/meijer-holland---bale-handling-sytems\\\/\",\"https:\\\/\\\/www.instagram.com\\\/meijerholland\\\/\"]}]}<\/script>\n<!-- \/ Yoast SEO plugin. -->","yoast_head_json":{"title":"Fred 3-4 Ballengreifer F\u00fcr 3 Bis 4 Gro\u00dfe Ballen | Meijer Holland","description":"Fred 3-4 Ballengreifer f\u00fcr 3 bis 4 gro\u00dfe Stroh oder Heuballen. Geeignet f\u00fcr Teleskoplader, Radlader und Krane. Effizientes Laden mit sicherer Klemmung.","robots":{"index":"index","follow":"follow","max-snippet":"max-snippet:-1","max-image-preview":"max-image-preview:large","max-video-preview":"max-video-preview:-1"},"canonical":"https:\/\/meijerholland.nl\/de\/product\/fred-3-4\/","og_locale":"de_DE","og_type":"article","og_title":"Fred 3-4 Ballengreifer F\u00fcr 3 Bis 4 Gro\u00dfe Ballen | Meijer Holland","og_description":"Fred 3-4 Ballengreifer f\u00fcr 3 bis 4 gro\u00dfe Stroh oder Heuballen. Geeignet f\u00fcr Teleskoplader, Radlader und Krane. Effizientes Laden mit sicherer Klemmung.","og_url":"https:\/\/meijerholland.nl\/de\/product\/fred-3-4\/","og_site_name":"Meijer Holland","article_publisher":"https:\/\/www.facebook.com\/meijerhollandbalehandlingsystems\/","article_modified_time":"2026-03-26T10:19:49+00:00","og_image":[{"width":666,"height":500,"url":"https:\/\/meijerholland.nl\/wp-content\/uploads\/2019\/10\/fredfsm3-4foto1-850x500.jpg","type":"image\/jpeg"}],"twitter_card":"summary_large_image","twitter_misc":{"Gesch\u00e4tzte Lesezeit":"2\u00a0Minuten"},"schema":{"@context":"https:\/\/schema.org","@graph":[{"@type":"WebPage","@id":"https:\/\/meijerholland.nl\/de\/product\/fred-3-4\/","url":"https:\/\/meijerholland.nl\/de\/product\/fred-3-4\/","name":"Fred 3-4 Ballengreifer F\u00fcr 3 Bis 4 Gro\u00dfe Ballen | Meijer Holland","isPartOf":{"@id":"https:\/\/meijerholland.nl\/en\/#website"},"primaryImageOfPage":{"@id":"https:\/\/meijerholland.nl\/de\/product\/fred-3-4\/#primaryimage"},"image":{"@id":"https:\/\/meijerholland.nl\/de\/product\/fred-3-4\/#primaryimage"},"thumbnailUrl":"https:\/\/meijerholland.nl\/wp-content\/uploads\/2019\/10\/fredfsm3-4foto1-850x500.jpg","datePublished":"2019-10-04T15:10:58+00:00","dateModified":"2026-03-26T10:19:49+00:00","description":"Fred 3-4 Ballengreifer f\u00fcr 3 bis 4 gro\u00dfe Stroh oder Heuballen. Geeignet f\u00fcr Teleskoplader, Radlader und Krane. Effizientes Laden mit sicherer Klemmung.","breadcrumb":{"@id":"https:\/\/meijerholland.nl\/de\/product\/fred-3-4\/#breadcrumb"},"inLanguage":"de","potentialAction":[{"@type":"ReadAction","target":["https:\/\/meijerholland.nl\/de\/product\/fred-3-4\/"]}]},{"@type":"ImageObject","inLanguage":"de","@id":"https:\/\/meijerholland.nl\/de\/product\/fred-3-4\/#primaryimage","url":"https:\/\/meijerholland.nl\/wp-content\/uploads\/2019\/10\/fredfsm3-4foto1-850x500.jpg","contentUrl":"https:\/\/meijerholland.nl\/wp-content\/uploads\/2019\/10\/fredfsm3-4foto1-850x500.jpg","width":666,"height":500,"caption":"De Fred 3-4 balenklem van Meijer Holland verplaatst effici\u00ebnt meerdere hooibalen tegelijk."},{"@type":"BreadcrumbList","@id":"https:\/\/meijerholland.nl\/de\/product\/fred-3-4\/#breadcrumb","itemListElement":[{"@type":"ListItem","position":1,"name":"Home","item":"https:\/\/meijerholland.nl\/de\/"},{"@type":"ListItem","position":2,"name":"Produkte","item":"https:\/\/meijerholland.nl\/de\/produkte\/"},{"@type":"ListItem","position":3,"name":"Grote balen","item":"https:\/\/meijerholland.nl\/nl\/productcategorie\/grote-balen\/"},{"@type":"ListItem","position":4,"name":"Fred balenklem","item":"https:\/\/meijerholland.nl\/nl\/productcategorie\/grote-balen\/fred-balenklem\/"},{"@type":"ListItem","position":5,"name":"Fred 3-4 Ballengreifer"}]},{"@type":"WebSite","@id":"https:\/\/meijerholland.nl\/en\/#website","url":"https:\/\/meijerholland.nl\/en\/","name":"Meijer Holland","description":"Bale Handling Systems\u200e","publisher":{"@id":"https:\/\/meijerholland.nl\/en\/#organization"},"potentialAction":[{"@type":"SearchAction","target":{"@type":"EntryPoint","urlTemplate":"https:\/\/meijerholland.nl\/en\/?s={search_term_string}"},"query-input":{"@type":"PropertyValueSpecification","valueRequired":true,"valueName":"search_term_string"}}],"inLanguage":"de"},{"@type":"Organization","@id":"https:\/\/meijerholland.nl\/en\/#organization","name":"Meijer Holland","url":"https:\/\/meijerholland.nl\/en\/","logo":{"@type":"ImageObject","inLanguage":"de","@id":"https:\/\/meijerholland.nl\/en\/#\/schema\/logo\/image\/","url":"https:\/\/meijerholland.nl\/wp-content\/uploads\/2019\/10\/MH-logo.jpg","contentUrl":"https:\/\/meijerholland.nl\/wp-content\/uploads\/2019\/10\/MH-logo.jpg","width":3316,"height":614,"caption":"Meijer Holland"},"image":{"@id":"https:\/\/meijerholland.nl\/en\/#\/schema\/logo\/image\/"},"sameAs":["https:\/\/www.facebook.com\/meijerhollandbalehandlingsystems\/","https:\/\/www.linkedin.com\/company\/meijer-holland---bale-handling-sytems\/","https:\/\/www.instagram.com\/meijerholland\/"]}]}},"_links":{"self":[{"href":"https:\/\/meijerholland.nl\/de\/wp-json\/wp\/v2\/product\/3341","targetHints":{"allow":["GET"]}}],"collection":[{"href":"https:\/\/meijerholland.nl\/de\/wp-json\/wp\/v2\/product"}],"about":[{"href":"https:\/\/meijerholland.nl\/de\/wp-json\/wp\/v2\/types\/product"}],"wp:featuredmedia":[{"embeddable":true,"href":"https:\/\/meijerholland.nl\/de\/wp-json\/wp\/v2\/media\/1051"}],"wp:attachment":[{"href":"https:\/\/meijerholland.nl\/de\/wp-json\/wp\/v2\/media?parent=3341"}],"wp:term":[{"taxonomy":"product_brand","embeddable":true,"href":"https:\/\/meijerholland.nl\/de\/wp-json\/wp\/v2\/product_brand?post=3341"},{"taxonomy":"product_cat","embeddable":true,"href":"https:\/\/meijerholland.nl\/de\/wp-json\/wp\/v2\/product_cat?post=3341"},{"taxonomy":"product_tag","embeddable":true,"href":"https:\/\/meijerholland.nl\/de\/wp-json\/wp\/v2\/product_tag?post=3341"}],"curies":[{"name":"wp","href":"https:\/\/api.w.org\/{rel}","templated":true}]}}