{"id":3350,"date":"2019-10-04T14:34:20","date_gmt":"2019-10-04T14:34:20","guid":{"rendered":"https:\/\/meijerholland.nl\/product\/jumbo-vr-4\/"},"modified":"2024-02-28T12:51:04","modified_gmt":"2024-02-28T12:51:04","slug":"jumbo-vr-4","status":"publish","type":"product","link":"https:\/\/meijerholland.nl\/de\/produkt\/jumbo-vr-4\/","title":{"rendered":"Jumbo VR4 Gewickelte Ballenzange"},"content":{"rendered":"<p>Der Jumbo VR4 nimmt vier gewickelten Quader- oder Rundballen auf. Die \u00e4u\u00dferen beiden Klemmarme sind ausziehbar und haben einen Ausw\u00e4rtshub von 75 cm. Der Ballenzange wird an das Hydrauliksytem eines Teleskopladers, Frontladers, Radladers oder Gabelstaplers angeschlossen.<\/p>\n<h3>Geeignet f\u00fcr<\/h3>\n<ul>\n<li>4 Ballen mit einem Spannbereich von 130 tot 200 cm<\/li>\n<\/ul>\n<h3>Ausgestattet mit<\/h3>\n<ul>\n<li>3 Klemmarme mit einer L\u00e4nge von 120 cm<\/li>\n<li>2 Zylinder; 1 f\u00fcr jeden Klemmarm<\/li>\n<li>Umschaltventil (12 oder 24 V DC) zum Umschalten zwischen Greifen links und Greifen rechts<\/li>\n<li>2 gesteuerte R\u00fcckschlagventile, 1 pro Zylinder<\/li>\n<li>Kunststofff\u00fchrung an den ausziehbaren Teilen<\/li>\n<li>Druckbegrenzungsventil<\/li>\n<\/ul>\n<h2>Vorteile Jumbo VR4 Ballenzange<\/h2>\n<ul>\n<li>keine Besch\u00e4digung der Folie durch die speziell entwickelten Klemmarme<\/li>\n<li>die R\u00fcckschlagventile sorgen daf\u00fcr, dass die Ballen bei sinkendem \u00d6ldruck zwischen den beiden ausziehbaren Klemmarmen festgeklemmt bleiben<\/li>\n<li>die Kunststofff\u00fchrung an den ausziehbaren Teilen verhindert Verschlei\u00df<\/li>\n<li>sehr gut geeignet f\u00fcr Auftragnehmer, sehr schwer gebaut<\/li>\n<\/ul>\n<h3>Optionen<\/h3>\n<ul>\n<li>demontierbare Aufnahme<\/li>\n<li>2 Hydraulikschl\u00e4uche und Kupplungen<\/li>\n<\/ul>\n<p><iframe src=\"https:\/\/www.youtube.com\/embed\/7CMuJ48Pamg\" width=\"660\" height=\"365\" frameborder=\"0\" allowfullscreen=\"allowfullscreen\"><\/iframe><\/p>\n","protected":false},"excerpt":{"rendered":"<p>Der Jumbo VR4 nimmt vier gewickelten Quader- oder Rundballen auf&#8230;.<\/p>\n","protected":false},"featured_media":5047,"template":"","meta":{"_acf_changed":false},"product_brand":[],"product_cat":[509],"product_tag":[],"class_list":{"0":"post-3350","1":"product","2":"type-product","3":"status-publish","4":"has-post-thumbnail","6":"product_cat-jumbo-vr-ballenzange","8":"first","9":"instock","10":"taxable","11":"shipping-taxable","12":"product-type-simple"},"acf":[],"yoast_head":"<!-- This site is optimized with the Yoast SEO plugin v27.3 - https:\/\/yoast.com\/product\/yoast-seo-wordpress\/ -->\n<title>Jumbo VR4 Gewickelte Ballenzange - Meijer Holland<\/title>\n<meta name=\"description\" content=\"Jumbo VR4 Gewickelte Ballenzange - Meijer Holland\" \/>\n<meta name=\"robots\" content=\"index, follow, max-snippet:-1, max-image-preview:large, max-video-preview:-1\" \/>\n<link rel=\"canonical\" href=\"https:\/\/meijerholland.nl\/de\/product\/jumbo-vr-4\/\" \/>\n<meta property=\"og:locale\" content=\"de_DE\" \/>\n<meta property=\"og:type\" content=\"article\" \/>\n<meta property=\"og:title\" content=\"Jumbo VR4 Gewickelte Ballenzange - Meijer Holland\" \/>\n<meta property=\"og:description\" content=\"Jumbo VR4 Gewickelte Ballenzange - Meijer Holland\" \/>\n<meta property=\"og:url\" content=\"https:\/\/meijerholland.nl\/de\/product\/jumbo-vr-4\/\" \/>\n<meta property=\"og:site_name\" content=\"Meijer Holland\" \/>\n<meta property=\"article:publisher\" content=\"https:\/\/www.facebook.com\/meijerhollandbalehandlingsystems\/\" \/>\n<meta property=\"article:modified_time\" content=\"2024-02-28T12:51:04+00:00\" \/>\n<meta property=\"og:image\" content=\"https:\/\/meijerholland.nl\/wp-content\/uploads\/2019\/10\/DJI_0010-scaled.jpg\" \/>\n\t<meta property=\"og:image:width\" content=\"2560\" \/>\n\t<meta property=\"og:image:height\" content=\"1440\" \/>\n\t<meta property=\"og:image:type\" content=\"image\/jpeg\" \/>\n<meta name=\"twitter:card\" content=\"summary_large_image\" \/>\n<meta name=\"twitter:label1\" content=\"Gesch\u00e4tzte Lesezeit\" \/>\n\t<meta name=\"twitter:data1\" content=\"1\u00a0Minute\" \/>\n<script type=\"application\/ld+json\" class=\"yoast-schema-graph\">{\"@context\":\"https:\\\/\\\/schema.org\",\"@graph\":[{\"@type\":\"WebPage\",\"@id\":\"https:\\\/\\\/meijerholland.nl\\\/de\\\/product\\\/jumbo-vr-4\\\/\",\"url\":\"https:\\\/\\\/meijerholland.nl\\\/de\\\/product\\\/jumbo-vr-4\\\/\",\"name\":\"Jumbo VR4 Gewickelte Ballenzange - Meijer Holland\",\"isPartOf\":{\"@id\":\"https:\\\/\\\/meijerholland.nl\\\/en\\\/#website\"},\"primaryImageOfPage\":{\"@id\":\"https:\\\/\\\/meijerholland.nl\\\/de\\\/product\\\/jumbo-vr-4\\\/#primaryimage\"},\"image\":{\"@id\":\"https:\\\/\\\/meijerholland.nl\\\/de\\\/product\\\/jumbo-vr-4\\\/#primaryimage\"},\"thumbnailUrl\":\"https:\\\/\\\/meijerholland.nl\\\/wp-content\\\/uploads\\\/2019\\\/10\\\/DJI_0010-scaled.jpg\",\"datePublished\":\"2019-10-04T14:34:20+00:00\",\"dateModified\":\"2024-02-28T12:51:04+00:00\",\"description\":\"Jumbo VR4 Gewickelte Ballenzange - Meijer Holland\",\"breadcrumb\":{\"@id\":\"https:\\\/\\\/meijerholland.nl\\\/de\\\/product\\\/jumbo-vr-4\\\/#breadcrumb\"},\"inLanguage\":\"de\",\"potentialAction\":[{\"@type\":\"ReadAction\",\"target\":[\"https:\\\/\\\/meijerholland.nl\\\/de\\\/product\\\/jumbo-vr-4\\\/\"]}]},{\"@type\":\"ImageObject\",\"inLanguage\":\"de\",\"@id\":\"https:\\\/\\\/meijerholland.nl\\\/de\\\/product\\\/jumbo-vr-4\\\/#primaryimage\",\"url\":\"https:\\\/\\\/meijerholland.nl\\\/wp-content\\\/uploads\\\/2019\\\/10\\\/DJI_0010-scaled.jpg\",\"contentUrl\":\"https:\\\/\\\/meijerholland.nl\\\/wp-content\\\/uploads\\\/2019\\\/10\\\/DJI_0010-scaled.jpg\",\"width\":2560,\"height\":1440,\"caption\":\"DCIM100MEDIADJI_0010.JPG\"},{\"@type\":\"BreadcrumbList\",\"@id\":\"https:\\\/\\\/meijerholland.nl\\\/de\\\/product\\\/jumbo-vr-4\\\/#breadcrumb\",\"itemListElement\":[{\"@type\":\"ListItem\",\"position\":1,\"name\":\"Home\",\"item\":\"https:\\\/\\\/meijerholland.nl\\\/de\\\/\"},{\"@type\":\"ListItem\",\"position\":2,\"name\":\"Produkte\",\"item\":\"https:\\\/\\\/meijerholland.nl\\\/de\\\/produkte\\\/\"},{\"@type\":\"ListItem\",\"position\":3,\"name\":\"Gewikkelde balen\",\"item\":\"https:\\\/\\\/meijerholland.nl\\\/nl\\\/productcategorie\\\/gewikkelde-balen\\\/\"},{\"@type\":\"ListItem\",\"position\":4,\"name\":\"Jumbo VR balenklem\",\"item\":\"https:\\\/\\\/meijerholland.nl\\\/nl\\\/productcategorie\\\/gewikkelde-balen\\\/jumbo-vr-balenklem\\\/\"},{\"@type\":\"ListItem\",\"position\":5,\"name\":\"Jumbo VR4 Gewickelte Ballenzange\"}]},{\"@type\":\"WebSite\",\"@id\":\"https:\\\/\\\/meijerholland.nl\\\/en\\\/#website\",\"url\":\"https:\\\/\\\/meijerholland.nl\\\/en\\\/\",\"name\":\"Meijer Holland\",\"description\":\"Bale Handling Systems\u200e\",\"publisher\":{\"@id\":\"https:\\\/\\\/meijerholland.nl\\\/en\\\/#organization\"},\"potentialAction\":[{\"@type\":\"SearchAction\",\"target\":{\"@type\":\"EntryPoint\",\"urlTemplate\":\"https:\\\/\\\/meijerholland.nl\\\/en\\\/?s={search_term_string}\"},\"query-input\":{\"@type\":\"PropertyValueSpecification\",\"valueRequired\":true,\"valueName\":\"search_term_string\"}}],\"inLanguage\":\"de\"},{\"@type\":\"Organization\",\"@id\":\"https:\\\/\\\/meijerholland.nl\\\/en\\\/#organization\",\"name\":\"Meijer Holland\",\"url\":\"https:\\\/\\\/meijerholland.nl\\\/en\\\/\",\"logo\":{\"@type\":\"ImageObject\",\"inLanguage\":\"de\",\"@id\":\"https:\\\/\\\/meijerholland.nl\\\/en\\\/#\\\/schema\\\/logo\\\/image\\\/\",\"url\":\"https:\\\/\\\/meijerholland.nl\\\/wp-content\\\/uploads\\\/2019\\\/10\\\/MH-logo.jpg\",\"contentUrl\":\"https:\\\/\\\/meijerholland.nl\\\/wp-content\\\/uploads\\\/2019\\\/10\\\/MH-logo.jpg\",\"width\":3316,\"height\":614,\"caption\":\"Meijer Holland\"},\"image\":{\"@id\":\"https:\\\/\\\/meijerholland.nl\\\/en\\\/#\\\/schema\\\/logo\\\/image\\\/\"},\"sameAs\":[\"https:\\\/\\\/www.facebook.com\\\/meijerhollandbalehandlingsystems\\\/\",\"https:\\\/\\\/www.linkedin.com\\\/company\\\/meijer-holland---bale-handling-sytems\\\/\",\"https:\\\/\\\/www.instagram.com\\\/meijerholland\\\/\"]}]}<\/script>\n<!-- \/ Yoast SEO plugin. -->","yoast_head_json":{"title":"Jumbo VR4 Gewickelte Ballenzange - Meijer Holland","description":"Jumbo VR4 Gewickelte Ballenzange - Meijer Holland","robots":{"index":"index","follow":"follow","max-snippet":"max-snippet:-1","max-image-preview":"max-image-preview:large","max-video-preview":"max-video-preview:-1"},"canonical":"https:\/\/meijerholland.nl\/de\/product\/jumbo-vr-4\/","og_locale":"de_DE","og_type":"article","og_title":"Jumbo VR4 Gewickelte Ballenzange - Meijer Holland","og_description":"Jumbo VR4 Gewickelte Ballenzange - Meijer Holland","og_url":"https:\/\/meijerholland.nl\/de\/product\/jumbo-vr-4\/","og_site_name":"Meijer Holland","article_publisher":"https:\/\/www.facebook.com\/meijerhollandbalehandlingsystems\/","article_modified_time":"2024-02-28T12:51:04+00:00","og_image":[{"width":2560,"height":1440,"url":"https:\/\/meijerholland.nl\/wp-content\/uploads\/2019\/10\/DJI_0010-scaled.jpg","type":"image\/jpeg"}],"twitter_card":"summary_large_image","twitter_misc":{"Gesch\u00e4tzte Lesezeit":"1\u00a0Minute"},"schema":{"@context":"https:\/\/schema.org","@graph":[{"@type":"WebPage","@id":"https:\/\/meijerholland.nl\/de\/product\/jumbo-vr-4\/","url":"https:\/\/meijerholland.nl\/de\/product\/jumbo-vr-4\/","name":"Jumbo VR4 Gewickelte Ballenzange - Meijer Holland","isPartOf":{"@id":"https:\/\/meijerholland.nl\/en\/#website"},"primaryImageOfPage":{"@id":"https:\/\/meijerholland.nl\/de\/product\/jumbo-vr-4\/#primaryimage"},"image":{"@id":"https:\/\/meijerholland.nl\/de\/product\/jumbo-vr-4\/#primaryimage"},"thumbnailUrl":"https:\/\/meijerholland.nl\/wp-content\/uploads\/2019\/10\/DJI_0010-scaled.jpg","datePublished":"2019-10-04T14:34:20+00:00","dateModified":"2024-02-28T12:51:04+00:00","description":"Jumbo VR4 Gewickelte Ballenzange - Meijer Holland","breadcrumb":{"@id":"https:\/\/meijerholland.nl\/de\/product\/jumbo-vr-4\/#breadcrumb"},"inLanguage":"de","potentialAction":[{"@type":"ReadAction","target":["https:\/\/meijerholland.nl\/de\/product\/jumbo-vr-4\/"]}]},{"@type":"ImageObject","inLanguage":"de","@id":"https:\/\/meijerholland.nl\/de\/product\/jumbo-vr-4\/#primaryimage","url":"https:\/\/meijerholland.nl\/wp-content\/uploads\/2019\/10\/DJI_0010-scaled.jpg","contentUrl":"https:\/\/meijerholland.nl\/wp-content\/uploads\/2019\/10\/DJI_0010-scaled.jpg","width":2560,"height":1440,"caption":"DCIM100MEDIADJI_0010.JPG"},{"@type":"BreadcrumbList","@id":"https:\/\/meijerholland.nl\/de\/product\/jumbo-vr-4\/#breadcrumb","itemListElement":[{"@type":"ListItem","position":1,"name":"Home","item":"https:\/\/meijerholland.nl\/de\/"},{"@type":"ListItem","position":2,"name":"Produkte","item":"https:\/\/meijerholland.nl\/de\/produkte\/"},{"@type":"ListItem","position":3,"name":"Gewikkelde balen","item":"https:\/\/meijerholland.nl\/nl\/productcategorie\/gewikkelde-balen\/"},{"@type":"ListItem","position":4,"name":"Jumbo VR balenklem","item":"https:\/\/meijerholland.nl\/nl\/productcategorie\/gewikkelde-balen\/jumbo-vr-balenklem\/"},{"@type":"ListItem","position":5,"name":"Jumbo VR4 Gewickelte Ballenzange"}]},{"@type":"WebSite","@id":"https:\/\/meijerholland.nl\/en\/#website","url":"https:\/\/meijerholland.nl\/en\/","name":"Meijer Holland","description":"Bale Handling Systems\u200e","publisher":{"@id":"https:\/\/meijerholland.nl\/en\/#organization"},"potentialAction":[{"@type":"SearchAction","target":{"@type":"EntryPoint","urlTemplate":"https:\/\/meijerholland.nl\/en\/?s={search_term_string}"},"query-input":{"@type":"PropertyValueSpecification","valueRequired":true,"valueName":"search_term_string"}}],"inLanguage":"de"},{"@type":"Organization","@id":"https:\/\/meijerholland.nl\/en\/#organization","name":"Meijer Holland","url":"https:\/\/meijerholland.nl\/en\/","logo":{"@type":"ImageObject","inLanguage":"de","@id":"https:\/\/meijerholland.nl\/en\/#\/schema\/logo\/image\/","url":"https:\/\/meijerholland.nl\/wp-content\/uploads\/2019\/10\/MH-logo.jpg","contentUrl":"https:\/\/meijerholland.nl\/wp-content\/uploads\/2019\/10\/MH-logo.jpg","width":3316,"height":614,"caption":"Meijer Holland"},"image":{"@id":"https:\/\/meijerholland.nl\/en\/#\/schema\/logo\/image\/"},"sameAs":["https:\/\/www.facebook.com\/meijerhollandbalehandlingsystems\/","https:\/\/www.linkedin.com\/company\/meijer-holland---bale-handling-sytems\/","https:\/\/www.instagram.com\/meijerholland\/"]}]}},"_links":{"self":[{"href":"https:\/\/meijerholland.nl\/de\/wp-json\/wp\/v2\/product\/3350","targetHints":{"allow":["GET"]}}],"collection":[{"href":"https:\/\/meijerholland.nl\/de\/wp-json\/wp\/v2\/product"}],"about":[{"href":"https:\/\/meijerholland.nl\/de\/wp-json\/wp\/v2\/types\/product"}],"wp:featuredmedia":[{"embeddable":true,"href":"https:\/\/meijerholland.nl\/de\/wp-json\/wp\/v2\/media\/5047"}],"wp:attachment":[{"href":"https:\/\/meijerholland.nl\/de\/wp-json\/wp\/v2\/media?parent=3350"}],"wp:term":[{"taxonomy":"product_brand","embeddable":true,"href":"https:\/\/meijerholland.nl\/de\/wp-json\/wp\/v2\/product_brand?post=3350"},{"taxonomy":"product_cat","embeddable":true,"href":"https:\/\/meijerholland.nl\/de\/wp-json\/wp\/v2\/product_cat?post=3350"},{"taxonomy":"product_tag","embeddable":true,"href":"https:\/\/meijerholland.nl\/de\/wp-json\/wp\/v2\/product_tag?post=3350"}],"curies":[{"name":"wp","href":"https:\/\/api.w.org\/{rel}","templated":true}]}}