{"id":3353,"date":"2019-10-04T15:12:42","date_gmt":"2019-10-04T15:12:42","guid":{"rendered":"https:\/\/meijerholland.nl\/product\/fred-3-4-heavy-duty\/"},"modified":"2026-03-26T11:03:34","modified_gmt":"2026-03-26T11:03:34","slug":"fred-3-4-heavy-duty","status":"publish","type":"product","link":"https:\/\/meijerholland.nl\/de\/produkt\/fred-3-4-heavy-duty\/","title":{"rendered":"Fred 3-4 Heavy Duty Ballengreifer"},"content":{"rendered":"<p data-start=\"4594\" data-end=\"4848\">Der Fred 3-4 Heavy Duty Ballengreifer ist eine Variante des Fred 3-4 und f\u00fcr den intensiven Einsatz bei der Handhabung von gro\u00dfen Stroh- und Heuballen ausgelegt. Mehrere Ballen k\u00f6nnen pro Arbeitsgang aufgenommen werden, wodurch die Effizienz erh\u00f6ht wird.<\/p>\n<p data-start=\"4850\" data-end=\"5079\">Der Ballengreifer wird an das Hydrauliksystem eines Teleskopladers, Frontladers, Radladers oder Krans angeschlossen. Die Haken greifen in die Ballen und ziehen diese gegen den Rahmen, wodurch ein sicherer Halt gew\u00e4hrleistet wird.<\/p>\n<h2 data-section-id=\"1iqn08\" data-start=\"5081\" data-end=\"5097\">Geeignet f\u00fcr<\/h2>\n<ul data-start=\"5099\" data-end=\"5225\">\n<li data-section-id=\"15hh993\" data-start=\"5099\" data-end=\"5126\">3 Ballen mit 90 cm H\u00f6he<\/li>\n<li data-section-id=\"1g6rixq\" data-start=\"5127\" data-end=\"5154\">4 Ballen mit 70 cm H\u00f6he<\/li>\n<li data-section-id=\"6e862a\" data-start=\"5155\" data-end=\"5170\">Strohballen<\/li>\n<li data-section-id=\"1lcr0oo\" data-start=\"5171\" data-end=\"5184\">Heuballen<\/li>\n<li data-section-id=\"uiqckv\" data-start=\"5185\" data-end=\"5225\">Intensive Lade- und Umschlagarbeiten<\/li>\n<\/ul>\n<h2 data-section-id=\"1emxvwk\" data-start=\"5227\" data-end=\"5247\">Ausgestattet mit<\/h2>\n<ul data-start=\"5249\" data-end=\"5579\">\n<li data-section-id=\"hjjkg\" data-start=\"5249\" data-end=\"5308\">2 einziehbare Aufnahmen f\u00fcr zus\u00e4tzliche Ballenkapazit\u00e4t<\/li>\n<li data-section-id=\"1mnf1fu\" data-start=\"5309\" data-end=\"5354\">Entfernbare dicke Achsen \u00d850 mm mit Haken<\/li>\n<li data-section-id=\"uuduno\" data-start=\"5355\" data-end=\"5388\">Austauschbare Verschlei\u00dfteile<\/li>\n<li data-section-id=\"1pcokn5\" data-start=\"5389\" data-end=\"5419\">Schwerer Hydraulikzylinder<\/li>\n<li data-section-id=\"1sc09b0\" data-start=\"5420\" data-end=\"5469\">Verst\u00e4rkte Zylinderbefestigung mit Schmiernut<\/li>\n<li data-section-id=\"8u90l5\" data-start=\"5470\" data-end=\"5497\">Verst\u00e4rkte untere Ecken<\/li>\n<li data-section-id=\"kvd8mb\" data-start=\"5498\" data-end=\"5531\">12 speziell entwickelte Haken<\/li>\n<li data-section-id=\"1gt4xev\" data-start=\"5532\" data-end=\"5579\">3 konische Buchsen f\u00fcr demontierbare Zinken<\/li>\n<\/ul>\n<h2 data-section-id=\"1f7xujv\" data-start=\"5581\" data-end=\"5631\">Vorteile von Fred 3-4 Heavy Duty Ballengreifer<\/h2>\n<ul data-start=\"5633\" data-end=\"5872\">\n<li data-section-id=\"8148x0\" data-start=\"5633\" data-end=\"5678\">Haken ziehen Ballen fest gegen den Rahmen<\/li>\n<li data-section-id=\"1i8i2x2\" data-start=\"5679\" data-end=\"5728\">Sichere Klemmung w\u00e4hrend Transport und Kippen<\/li>\n<li data-section-id=\"etm7e0\" data-start=\"5729\" data-end=\"5775\">Ballen bleiben auch beim Vorkippen fixiert<\/li>\n<li data-section-id=\"a0l23k\" data-start=\"5776\" data-end=\"5823\">Geeignet f\u00fcr dauerhaften intensiven Einsatz<\/li>\n<li data-section-id=\"1h1h6px\" data-start=\"5824\" data-end=\"5872\">Wartungsfreundlich durch austauschbare Teile<\/li>\n<\/ul>\n<h2 data-section-id=\"f302h2\" data-start=\"5874\" data-end=\"5924\">Optionen f\u00fcr Fred 3-4 HD Ballengreifer<\/h2>\n<p data-start=\"5926\" data-end=\"5954\">Erweiterbar je nach Einsatz.<\/p>\n<ul data-start=\"5956\" data-end=\"6081\">\n<li data-section-id=\"tzxdfq\" data-start=\"5956\" data-end=\"5982\">Demontierbare Aufnahme<\/li>\n<li data-section-id=\"1ji9w6z\" data-start=\"5983\" data-end=\"6016\">2 oder 3 demontierbare Zinken<\/li>\n<li data-section-id=\"9mbb8k\" data-start=\"6017\" data-end=\"6054\">Hydraulikschl\u00e4uche und Kupplungen<\/li>\n<li data-section-id=\"1ek970j\" data-start=\"6055\" data-end=\"6081\">Druckbegrenzungsventil<\/li>\n<\/ul>\n<h3 data-section-id=\"724hon\" data-start=\"1874\" data-end=\"1897\">Kontakt &amp; Anleitung<\/h3>\n<p data-start=\"1899\" data-end=\"2008\">F\u00fcr weitere Informationen oder Interesse an <strong><a href=\"https:\/\/meijerholland.nl\/de\/productcategorie\/massgeschneiderte-maschinen\/\">ma\u00dfgeschneiderten<\/a><\/strong> L\u00f6sungen? Kontaktieren Sie unsere Spezialisten.<\/p>\n<ul>\n<li><strong><a href=\"https:\/\/meijerholland.nl\/wp-content\/uploads\/2025\/01\/MHM-FRED-DU.pdf\">Bedienungsanleitung<\/a> <\/strong>herunterladen (PDF)<\/li>\n<li>Anrufen:<strong> <a href=\"callto:+31503126448\">+31 (0)50 \u2013 3126448<\/a><\/strong><\/li>\n<li>E-Mail: <strong><a href=\"mailto:info@meijerholland.com\" rel=\"noopener\" data-start=\"3121\" data-end=\"3143\">info@meijerholland.com<\/a><\/strong><\/li>\n<li>Oder f\u00fcllen Sie das <a href=\"https:\/\/meijerholland.nl\/de\/kontakt\/\">\u00a0<strong>Kontaktformular<\/strong><\/a> aus<\/li>\n<\/ul>\n<h3>Referenz<\/h3>\n<p><iframe src=\"https:\/\/www.youtube.com\/embed\/EojipaeKzXU\" width=\"560\" height=\"350\" frameborder=\"0\" data-mce-fragment=\"1\"><\/iframe><\/p>\n","protected":false},"excerpt":{"rendered":"<p>Der Fred 3-4 Heavy Duty Ballengreifer ist eine Variante des&#8230;<\/p>\n","protected":false},"featured_media":11494,"template":"","meta":{"_acf_changed":false},"product_brand":[],"product_cat":[119],"product_tag":[],"class_list":{"0":"post-3353","1":"product","2":"type-product","3":"status-publish","4":"has-post-thumbnail","6":"product_cat-fred-ballengreifer","8":"first","9":"instock","10":"taxable","11":"shipping-taxable","12":"product-type-simple"},"acf":[],"yoast_head":"<!-- This site is optimized with the Yoast SEO plugin v27.4 - https:\/\/yoast.com\/product\/yoast-seo-wordpress\/ -->\n<title>Fred 3-4 Heavy Duty Ballengreifer f\u00fcr 3 bis 4 ballen | Meijer Holland<\/title>\n<meta name=\"description\" content=\"Fred 3-4 Heavy Duty Ballengreifer f\u00fcr 3 bis 4 Stroh- oder Heuballen. Geeignet f\u00fcr Teleskoplader und Radlader bei intensivem Einsatz.\" \/>\n<meta name=\"robots\" content=\"index, follow, max-snippet:-1, max-image-preview:large, max-video-preview:-1\" \/>\n<link rel=\"canonical\" href=\"https:\/\/meijerholland.nl\/de\/product\/fred-3-4-heavy-duty\/\" \/>\n<meta property=\"og:locale\" content=\"de_DE\" \/>\n<meta property=\"og:type\" content=\"article\" \/>\n<meta property=\"og:title\" content=\"Fred 3-4 Heavy Duty Ballengreifer f\u00fcr 3 bis 4 ballen | Meijer Holland\" \/>\n<meta property=\"og:description\" content=\"Fred 3-4 Heavy Duty Ballengreifer f\u00fcr 3 bis 4 Stroh- oder Heuballen. Geeignet f\u00fcr Teleskoplader und Radlader bei intensivem Einsatz.\" \/>\n<meta property=\"og:url\" content=\"https:\/\/meijerholland.nl\/de\/product\/fred-3-4-heavy-duty\/\" \/>\n<meta property=\"og:site_name\" content=\"Meijer Holland\" \/>\n<meta property=\"article:publisher\" content=\"https:\/\/www.facebook.com\/meijerhollandbalehandlingsystems\/\" \/>\n<meta property=\"article:modified_time\" content=\"2026-03-26T11:03:34+00:00\" \/>\n<meta property=\"og:image\" content=\"https:\/\/meijerholland.nl\/wp-content\/uploads\/2019\/10\/A004C0846_250809_PF1304.jpg\" \/>\n\t<meta property=\"og:image:width\" content=\"2048\" \/>\n\t<meta property=\"og:image:height\" content=\"1364\" \/>\n\t<meta property=\"og:image:type\" content=\"image\/jpeg\" \/>\n<meta name=\"twitter:card\" content=\"summary_large_image\" \/>\n<meta name=\"twitter:label1\" content=\"Gesch\u00e4tzte Lesezeit\" \/>\n\t<meta name=\"twitter:data1\" content=\"2\u00a0Minuten\" \/>\n<script type=\"application\/ld+json\" class=\"yoast-schema-graph\">{\"@context\":\"https:\\\/\\\/schema.org\",\"@graph\":[{\"@type\":\"WebPage\",\"@id\":\"https:\\\/\\\/meijerholland.nl\\\/de\\\/product\\\/fred-3-4-heavy-duty\\\/\",\"url\":\"https:\\\/\\\/meijerholland.nl\\\/de\\\/product\\\/fred-3-4-heavy-duty\\\/\",\"name\":\"Fred 3-4 Heavy Duty Ballengreifer f\u00fcr 3 bis 4 ballen | Meijer Holland\",\"isPartOf\":{\"@id\":\"https:\\\/\\\/meijerholland.nl\\\/en\\\/#website\"},\"primaryImageOfPage\":{\"@id\":\"https:\\\/\\\/meijerholland.nl\\\/de\\\/product\\\/fred-3-4-heavy-duty\\\/#primaryimage\"},\"image\":{\"@id\":\"https:\\\/\\\/meijerholland.nl\\\/de\\\/product\\\/fred-3-4-heavy-duty\\\/#primaryimage\"},\"thumbnailUrl\":\"https:\\\/\\\/meijerholland.nl\\\/wp-content\\\/uploads\\\/2019\\\/10\\\/A004C0846_250809_PF1304.jpg\",\"datePublished\":\"2019-10-04T15:12:42+00:00\",\"dateModified\":\"2026-03-26T11:03:34+00:00\",\"description\":\"Fred 3-4 Heavy Duty Ballengreifer f\u00fcr 3 bis 4 Stroh- oder Heuballen. Geeignet f\u00fcr Teleskoplader und Radlader bei intensivem Einsatz.\",\"breadcrumb\":{\"@id\":\"https:\\\/\\\/meijerholland.nl\\\/de\\\/product\\\/fred-3-4-heavy-duty\\\/#breadcrumb\"},\"inLanguage\":\"de\",\"potentialAction\":[{\"@type\":\"ReadAction\",\"target\":[\"https:\\\/\\\/meijerholland.nl\\\/de\\\/product\\\/fred-3-4-heavy-duty\\\/\"]}]},{\"@type\":\"ImageObject\",\"inLanguage\":\"de\",\"@id\":\"https:\\\/\\\/meijerholland.nl\\\/de\\\/product\\\/fred-3-4-heavy-duty\\\/#primaryimage\",\"url\":\"https:\\\/\\\/meijerholland.nl\\\/wp-content\\\/uploads\\\/2019\\\/10\\\/A004C0846_250809_PF1304.jpg\",\"contentUrl\":\"https:\\\/\\\/meijerholland.nl\\\/wp-content\\\/uploads\\\/2019\\\/10\\\/A004C0846_250809_PF1304.jpg\",\"width\":2048,\"height\":1364,\"caption\":\"balenklem meijer holland\"},{\"@type\":\"BreadcrumbList\",\"@id\":\"https:\\\/\\\/meijerholland.nl\\\/de\\\/product\\\/fred-3-4-heavy-duty\\\/#breadcrumb\",\"itemListElement\":[{\"@type\":\"ListItem\",\"position\":1,\"name\":\"Home\",\"item\":\"https:\\\/\\\/meijerholland.nl\\\/de\\\/\"},{\"@type\":\"ListItem\",\"position\":2,\"name\":\"Produkte\",\"item\":\"https:\\\/\\\/meijerholland.nl\\\/de\\\/produkte\\\/\"},{\"@type\":\"ListItem\",\"position\":3,\"name\":\"Grote balen\",\"item\":\"https:\\\/\\\/meijerholland.nl\\\/nl\\\/productcategorie\\\/grote-balen\\\/\"},{\"@type\":\"ListItem\",\"position\":4,\"name\":\"Fred balenklem\",\"item\":\"https:\\\/\\\/meijerholland.nl\\\/nl\\\/productcategorie\\\/grote-balen\\\/fred-balenklem\\\/\"},{\"@type\":\"ListItem\",\"position\":5,\"name\":\"Fred 3-4 Heavy Duty Ballengreifer\"}]},{\"@type\":\"WebSite\",\"@id\":\"https:\\\/\\\/meijerholland.nl\\\/en\\\/#website\",\"url\":\"https:\\\/\\\/meijerholland.nl\\\/en\\\/\",\"name\":\"Meijer Holland\",\"description\":\"Bale Handling Systems\u200e\",\"publisher\":{\"@id\":\"https:\\\/\\\/meijerholland.nl\\\/en\\\/#organization\"},\"potentialAction\":[{\"@type\":\"SearchAction\",\"target\":{\"@type\":\"EntryPoint\",\"urlTemplate\":\"https:\\\/\\\/meijerholland.nl\\\/en\\\/?s={search_term_string}\"},\"query-input\":{\"@type\":\"PropertyValueSpecification\",\"valueRequired\":true,\"valueName\":\"search_term_string\"}}],\"inLanguage\":\"de\"},{\"@type\":\"Organization\",\"@id\":\"https:\\\/\\\/meijerholland.nl\\\/en\\\/#organization\",\"name\":\"Meijer Holland\",\"url\":\"https:\\\/\\\/meijerholland.nl\\\/en\\\/\",\"logo\":{\"@type\":\"ImageObject\",\"inLanguage\":\"de\",\"@id\":\"https:\\\/\\\/meijerholland.nl\\\/en\\\/#\\\/schema\\\/logo\\\/image\\\/\",\"url\":\"https:\\\/\\\/meijerholland.nl\\\/wp-content\\\/uploads\\\/2019\\\/10\\\/MH-logo.jpg\",\"contentUrl\":\"https:\\\/\\\/meijerholland.nl\\\/wp-content\\\/uploads\\\/2019\\\/10\\\/MH-logo.jpg\",\"width\":3316,\"height\":614,\"caption\":\"Meijer Holland\"},\"image\":{\"@id\":\"https:\\\/\\\/meijerholland.nl\\\/en\\\/#\\\/schema\\\/logo\\\/image\\\/\"},\"sameAs\":[\"https:\\\/\\\/www.facebook.com\\\/meijerhollandbalehandlingsystems\\\/\",\"https:\\\/\\\/www.linkedin.com\\\/company\\\/meijer-holland---bale-handling-sytems\\\/\",\"https:\\\/\\\/www.instagram.com\\\/meijerholland\\\/\"]}]}<\/script>\n<!-- \/ Yoast SEO plugin. -->","yoast_head_json":{"title":"Fred 3-4 Heavy Duty Ballengreifer f\u00fcr 3 bis 4 ballen | Meijer Holland","description":"Fred 3-4 Heavy Duty Ballengreifer f\u00fcr 3 bis 4 Stroh- oder Heuballen. Geeignet f\u00fcr Teleskoplader und Radlader bei intensivem Einsatz.","robots":{"index":"index","follow":"follow","max-snippet":"max-snippet:-1","max-image-preview":"max-image-preview:large","max-video-preview":"max-video-preview:-1"},"canonical":"https:\/\/meijerholland.nl\/de\/product\/fred-3-4-heavy-duty\/","og_locale":"de_DE","og_type":"article","og_title":"Fred 3-4 Heavy Duty Ballengreifer f\u00fcr 3 bis 4 ballen | Meijer Holland","og_description":"Fred 3-4 Heavy Duty Ballengreifer f\u00fcr 3 bis 4 Stroh- oder Heuballen. Geeignet f\u00fcr Teleskoplader und Radlader bei intensivem Einsatz.","og_url":"https:\/\/meijerholland.nl\/de\/product\/fred-3-4-heavy-duty\/","og_site_name":"Meijer Holland","article_publisher":"https:\/\/www.facebook.com\/meijerhollandbalehandlingsystems\/","article_modified_time":"2026-03-26T11:03:34+00:00","og_image":[{"width":2048,"height":1364,"url":"https:\/\/meijerholland.nl\/wp-content\/uploads\/2019\/10\/A004C0846_250809_PF1304.jpg","type":"image\/jpeg"}],"twitter_card":"summary_large_image","twitter_misc":{"Gesch\u00e4tzte Lesezeit":"2\u00a0Minuten"},"schema":{"@context":"https:\/\/schema.org","@graph":[{"@type":"WebPage","@id":"https:\/\/meijerholland.nl\/de\/product\/fred-3-4-heavy-duty\/","url":"https:\/\/meijerholland.nl\/de\/product\/fred-3-4-heavy-duty\/","name":"Fred 3-4 Heavy Duty Ballengreifer f\u00fcr 3 bis 4 ballen | Meijer Holland","isPartOf":{"@id":"https:\/\/meijerholland.nl\/en\/#website"},"primaryImageOfPage":{"@id":"https:\/\/meijerholland.nl\/de\/product\/fred-3-4-heavy-duty\/#primaryimage"},"image":{"@id":"https:\/\/meijerholland.nl\/de\/product\/fred-3-4-heavy-duty\/#primaryimage"},"thumbnailUrl":"https:\/\/meijerholland.nl\/wp-content\/uploads\/2019\/10\/A004C0846_250809_PF1304.jpg","datePublished":"2019-10-04T15:12:42+00:00","dateModified":"2026-03-26T11:03:34+00:00","description":"Fred 3-4 Heavy Duty Ballengreifer f\u00fcr 3 bis 4 Stroh- oder Heuballen. Geeignet f\u00fcr Teleskoplader und Radlader bei intensivem Einsatz.","breadcrumb":{"@id":"https:\/\/meijerholland.nl\/de\/product\/fred-3-4-heavy-duty\/#breadcrumb"},"inLanguage":"de","potentialAction":[{"@type":"ReadAction","target":["https:\/\/meijerholland.nl\/de\/product\/fred-3-4-heavy-duty\/"]}]},{"@type":"ImageObject","inLanguage":"de","@id":"https:\/\/meijerholland.nl\/de\/product\/fred-3-4-heavy-duty\/#primaryimage","url":"https:\/\/meijerholland.nl\/wp-content\/uploads\/2019\/10\/A004C0846_250809_PF1304.jpg","contentUrl":"https:\/\/meijerholland.nl\/wp-content\/uploads\/2019\/10\/A004C0846_250809_PF1304.jpg","width":2048,"height":1364,"caption":"balenklem meijer holland"},{"@type":"BreadcrumbList","@id":"https:\/\/meijerholland.nl\/de\/product\/fred-3-4-heavy-duty\/#breadcrumb","itemListElement":[{"@type":"ListItem","position":1,"name":"Home","item":"https:\/\/meijerholland.nl\/de\/"},{"@type":"ListItem","position":2,"name":"Produkte","item":"https:\/\/meijerholland.nl\/de\/produkte\/"},{"@type":"ListItem","position":3,"name":"Grote balen","item":"https:\/\/meijerholland.nl\/nl\/productcategorie\/grote-balen\/"},{"@type":"ListItem","position":4,"name":"Fred balenklem","item":"https:\/\/meijerholland.nl\/nl\/productcategorie\/grote-balen\/fred-balenklem\/"},{"@type":"ListItem","position":5,"name":"Fred 3-4 Heavy Duty Ballengreifer"}]},{"@type":"WebSite","@id":"https:\/\/meijerholland.nl\/en\/#website","url":"https:\/\/meijerholland.nl\/en\/","name":"Meijer Holland","description":"Bale Handling Systems\u200e","publisher":{"@id":"https:\/\/meijerholland.nl\/en\/#organization"},"potentialAction":[{"@type":"SearchAction","target":{"@type":"EntryPoint","urlTemplate":"https:\/\/meijerholland.nl\/en\/?s={search_term_string}"},"query-input":{"@type":"PropertyValueSpecification","valueRequired":true,"valueName":"search_term_string"}}],"inLanguage":"de"},{"@type":"Organization","@id":"https:\/\/meijerholland.nl\/en\/#organization","name":"Meijer Holland","url":"https:\/\/meijerholland.nl\/en\/","logo":{"@type":"ImageObject","inLanguage":"de","@id":"https:\/\/meijerholland.nl\/en\/#\/schema\/logo\/image\/","url":"https:\/\/meijerholland.nl\/wp-content\/uploads\/2019\/10\/MH-logo.jpg","contentUrl":"https:\/\/meijerholland.nl\/wp-content\/uploads\/2019\/10\/MH-logo.jpg","width":3316,"height":614,"caption":"Meijer Holland"},"image":{"@id":"https:\/\/meijerholland.nl\/en\/#\/schema\/logo\/image\/"},"sameAs":["https:\/\/www.facebook.com\/meijerhollandbalehandlingsystems\/","https:\/\/www.linkedin.com\/company\/meijer-holland---bale-handling-sytems\/","https:\/\/www.instagram.com\/meijerholland\/"]}]}},"_links":{"self":[{"href":"https:\/\/meijerholland.nl\/de\/wp-json\/wp\/v2\/product\/3353","targetHints":{"allow":["GET"]}}],"collection":[{"href":"https:\/\/meijerholland.nl\/de\/wp-json\/wp\/v2\/product"}],"about":[{"href":"https:\/\/meijerholland.nl\/de\/wp-json\/wp\/v2\/types\/product"}],"wp:featuredmedia":[{"embeddable":true,"href":"https:\/\/meijerholland.nl\/de\/wp-json\/wp\/v2\/media\/11494"}],"wp:attachment":[{"href":"https:\/\/meijerholland.nl\/de\/wp-json\/wp\/v2\/media?parent=3353"}],"wp:term":[{"taxonomy":"product_brand","embeddable":true,"href":"https:\/\/meijerholland.nl\/de\/wp-json\/wp\/v2\/product_brand?post=3353"},{"taxonomy":"product_cat","embeddable":true,"href":"https:\/\/meijerholland.nl\/de\/wp-json\/wp\/v2\/product_cat?post=3353"},{"taxonomy":"product_tag","embeddable":true,"href":"https:\/\/meijerholland.nl\/de\/wp-json\/wp\/v2\/product_tag?post=3353"}],"curies":[{"name":"wp","href":"https:\/\/api.w.org\/{rel}","templated":true}]}}