{"id":3357,"date":"2019-10-04T15:14:24","date_gmt":"2019-10-04T15:14:24","guid":{"rendered":"https:\/\/meijerholland.nl\/product\/super-fred\/"},"modified":"2026-03-26T11:09:34","modified_gmt":"2026-03-26T11:09:34","slug":"superfred-3-4","status":"publish","type":"product","link":"https:\/\/meijerholland.nl\/de\/produkt\/superfred-3-4\/","title":{"rendered":"Superfred 3-4 Ballengreifer"},"content":{"rendered":"<p data-start=\"4094\" data-end=\"4295\">Der Superfred 3-4 Ballengreifer ist f\u00fcr die Verarbeitung von gro\u00dfen Stroh- und Heuballen mit einem Gabelstapler ausgelegt. Mehrere Ballen k\u00f6nnen gleichzeitig aufgenommen und kontrolliert bewegt werden.<\/p>\n<p data-start=\"4297\" data-end=\"4494\">Der Ballengreifer wird an das Hydrauliksystem eines Gabelstaplers angeschlossen. Drei gestapelte Ballen k\u00f6nnen gekippt werden. Die Tragf\u00e4higkeit des Gabelstaplers muss mindestens 4 Tonnen betragen.<\/p>\n<h2 data-section-id=\"1iqn08\" data-start=\"4496\" data-end=\"4512\">Geeignet f\u00fcr<\/h2>\n<ul data-start=\"4514\" data-end=\"4651\">\n<li data-section-id=\"15hh993\" data-start=\"4514\" data-end=\"4541\">3 Ballen mit 90 cm H\u00f6he<\/li>\n<li data-section-id=\"1k5f4ag\" data-start=\"4542\" data-end=\"4588\">4 Ballen mit 70 cm H\u00f6he (nicht vorgekippt)<\/li>\n<li data-section-id=\"6e862a\" data-start=\"4589\" data-end=\"4604\">Strohballen<\/li>\n<li data-section-id=\"1lcr0oo\" data-start=\"4605\" data-end=\"4618\">Heuballen<\/li>\n<li data-section-id=\"o6sg2g\" data-start=\"4619\" data-end=\"4651\">Anwendungen mit Gabelstapler<\/li>\n<\/ul>\n<h2 data-section-id=\"1emxvwk\" data-start=\"4653\" data-end=\"4673\">Ausgestattet mit<\/h2>\n<ul data-start=\"4675\" data-end=\"4861\">\n<li data-section-id=\"mrsuuz\" data-start=\"4675\" data-end=\"4719\">Kippsystem f\u00fcr bis zu 3 Ballen von 90 cm<\/li>\n<li data-section-id=\"1d1bcai\" data-start=\"4720\" data-end=\"4779\">Elektrisches Umschaltventil 12V f\u00fcr Klemmen oder Kippen<\/li>\n<li data-section-id=\"kvd8mb\" data-start=\"4780\" data-end=\"4813\">12 speziell entwickelte Haken<\/li>\n<li data-section-id=\"1gt4xev\" data-start=\"4814\" data-end=\"4861\">3 konische Buchsen f\u00fcr demontierbare Zinken<\/li>\n<\/ul>\n<h2 data-section-id=\"1xh7fyt\" data-start=\"4863\" data-end=\"4907\">Vorteile von Superfred 3-4 Ballengreifer<\/h2>\n<ul data-start=\"4909\" data-end=\"5135\">\n<li data-section-id=\"8148x0\" data-start=\"4909\" data-end=\"4954\">Haken ziehen Ballen fest gegen den Rahmen<\/li>\n<li data-section-id=\"1i8i2x2\" data-start=\"4955\" data-end=\"5004\">Sichere Klemmung w\u00e4hrend Transport und Kippen<\/li>\n<li data-section-id=\"11l5aw7\" data-start=\"5005\" data-end=\"5057\">Geeignet f\u00fcr intensiven Einsatz mit Gabelstapler<\/li>\n<li data-section-id=\"au75vg\" data-start=\"5058\" data-end=\"5089\">Effizientes Beladen von Lkw<\/li>\n<li data-section-id=\"okzi1v\" data-start=\"5090\" data-end=\"5135\">Horizontales und vertikales Laden m\u00f6glich<\/li>\n<\/ul>\n<h2 data-section-id=\"srezug\" data-start=\"5137\" data-end=\"5181\">Optionen f\u00fcr Superfred 3-4 Ballengreifer<\/h2>\n<p data-start=\"5183\" data-end=\"5211\">Erweiterbar je nach Einsatz.<\/p>\n<ul data-start=\"5213\" data-end=\"5338\">\n<li data-section-id=\"tzxdfq\" data-start=\"5213\" data-end=\"5239\">Demontierbare Aufnahme<\/li>\n<li data-section-id=\"1ji9w6z\" data-start=\"5240\" data-end=\"5273\">2 oder 3 demontierbare Zinken<\/li>\n<li data-section-id=\"9mbb8k\" data-start=\"5274\" data-end=\"5311\">Hydraulikschl\u00e4uche und Kupplungen<\/li>\n<li data-section-id=\"1ek970j\" data-start=\"5312\" data-end=\"5338\">Druckbegrenzungsventil<\/li>\n<\/ul>\n<h3 data-section-id=\"724hon\" data-start=\"1874\" data-end=\"1897\">Kontakt &amp; Anleitung<\/h3>\n<p data-start=\"1899\" data-end=\"2008\">F\u00fcr weitere Informationen oder Interesse an <strong><a href=\"https:\/\/meijerholland.nl\/de\/productcategorie\/massgeschneiderte-maschinen\/\">ma\u00dfgeschneiderten<\/a><\/strong> L\u00f6sungen? Kontaktieren Sie unsere Spezialisten.<\/p>\n<ul>\n<li><strong><a href=\"https:\/\/meijerholland.nl\/wp-content\/uploads\/2024\/04\/MHM-FREDS-DU.pdf\">Bedienungsanleitung<\/a> <\/strong>herunterladen (PDF)<\/li>\n<li>Anrufen:<strong> <a href=\"callto:+31503126448\">+31 (0)50 \u2013 3126448<\/a><\/strong><\/li>\n<li>E-Mail: <strong><a href=\"mailto:info@meijerholland.com\" rel=\"noopener\" data-start=\"3121\" data-end=\"3143\">info@meijerholland.com<\/a><\/strong><\/li>\n<li>Oder f\u00fcllen Sie das <a href=\"https:\/\/meijerholland.nl\/de\/kontakt\/\">\u00a0<strong>Kontaktformular<\/strong><\/a> aus<\/li>\n<\/ul>\n<h3>Referenz<\/h3>\n<ul>\n<li><a title=\"Super Fred l\u00e4dt bequem und schnell\" href=\"http:\/\/www.meijerholland.nl\/deutsch\/news\/5357_super-fred-l%C3%A4dt-bequem-und-schnell\">Landgut Scholtenzathe in Klazienaveen-Noord, Niederlande\u00a0<\/a><\/li>\n<\/ul>\n<p><iframe src=\"https:\/\/www.youtube.com\/embed\/91ULjGT0kSc\" width=\"560\" height=\"350\" frameborder=\"0\" data-mce-fragment=\"1\"><span data-mce-type=\"bookmark\" style=\"display: inline-block; width: 0px; overflow: hidden; line-height: 0;\" class=\"mce_SELRES_start\">\ufeff<\/span><\/iframe><\/p>\n","protected":false},"excerpt":{"rendered":"<p>Der Superfred 3-4 Ballengreifer ist f\u00fcr die Verarbeitung von gro\u00dfen&#8230;<\/p>\n","protected":false},"featured_media":1102,"template":"","meta":{"_acf_changed":false},"product_brand":[],"product_cat":[119],"product_tag":[],"class_list":{"0":"post-3357","1":"product","2":"type-product","3":"status-publish","4":"has-post-thumbnail","6":"product_cat-fred-ballengreifer","8":"first","9":"instock","10":"taxable","11":"shipping-taxable","12":"product-type-simple"},"acf":[],"yoast_head":"<!-- This site is optimized with the Yoast SEO plugin v27.3 - https:\/\/yoast.com\/product\/yoast-seo-wordpress\/ -->\n<title>Superfred 3-4 Ballengreifer f\u00fcr 3 bis 4 Ballen | Meijer Holland<\/title>\n<meta name=\"description\" content=\"Superfred 3-4 Ballengreifer f\u00fcr 3 bis 4 Stroh- oder Heuballen mit Gabelstapler. Mit Kippsystem voor gecontroleerd en effici\u00ebnt laden.\" \/>\n<meta name=\"robots\" content=\"index, follow, max-snippet:-1, max-image-preview:large, max-video-preview:-1\" \/>\n<link rel=\"canonical\" href=\"https:\/\/meijerholland.nl\/de\/product\/superfred-3-4\/\" \/>\n<meta property=\"og:locale\" content=\"de_DE\" \/>\n<meta property=\"og:type\" content=\"article\" \/>\n<meta property=\"og:title\" content=\"Superfred 3-4 Ballengreifer f\u00fcr 3 bis 4 Ballen | Meijer Holland\" \/>\n<meta property=\"og:description\" content=\"Superfred 3-4 Ballengreifer f\u00fcr 3 bis 4 Stroh- oder Heuballen mit Gabelstapler. Mit Kippsystem voor gecontroleerd en effici\u00ebnt laden.\" \/>\n<meta property=\"og:url\" content=\"https:\/\/meijerholland.nl\/de\/product\/superfred-3-4\/\" \/>\n<meta property=\"og:site_name\" content=\"Meijer Holland\" \/>\n<meta property=\"article:publisher\" content=\"https:\/\/www.facebook.com\/meijerhollandbalehandlingsystems\/\" \/>\n<meta property=\"article:modified_time\" content=\"2026-03-26T11:09:34+00:00\" \/>\n<meta property=\"og:image\" content=\"https:\/\/meijerholland.nl\/wp-content\/uploads\/2019\/10\/superfredfoto2-850x500.jpg\" \/>\n\t<meta property=\"og:image:width\" content=\"666\" \/>\n\t<meta property=\"og:image:height\" content=\"500\" \/>\n\t<meta property=\"og:image:type\" content=\"image\/jpeg\" \/>\n<meta name=\"twitter:card\" content=\"summary_large_image\" \/>\n<meta name=\"twitter:label1\" content=\"Gesch\u00e4tzte Lesezeit\" \/>\n\t<meta name=\"twitter:data1\" content=\"2\u00a0Minuten\" \/>\n<script type=\"application\/ld+json\" class=\"yoast-schema-graph\">{\"@context\":\"https:\\\/\\\/schema.org\",\"@graph\":[{\"@type\":\"WebPage\",\"@id\":\"https:\\\/\\\/meijerholland.nl\\\/de\\\/product\\\/superfred-3-4\\\/\",\"url\":\"https:\\\/\\\/meijerholland.nl\\\/de\\\/product\\\/superfred-3-4\\\/\",\"name\":\"Superfred 3-4 Ballengreifer f\u00fcr 3 bis 4 Ballen | Meijer Holland\",\"isPartOf\":{\"@id\":\"https:\\\/\\\/meijerholland.nl\\\/en\\\/#website\"},\"primaryImageOfPage\":{\"@id\":\"https:\\\/\\\/meijerholland.nl\\\/de\\\/product\\\/superfred-3-4\\\/#primaryimage\"},\"image\":{\"@id\":\"https:\\\/\\\/meijerholland.nl\\\/de\\\/product\\\/superfred-3-4\\\/#primaryimage\"},\"thumbnailUrl\":\"https:\\\/\\\/meijerholland.nl\\\/wp-content\\\/uploads\\\/2019\\\/10\\\/superfredfoto2-850x500.jpg\",\"datePublished\":\"2019-10-04T15:14:24+00:00\",\"dateModified\":\"2026-03-26T11:09:34+00:00\",\"description\":\"Superfred 3-4 Ballengreifer f\u00fcr 3 bis 4 Stroh- oder Heuballen mit Gabelstapler. Mit Kippsystem voor gecontroleerd en effici\u00ebnt laden.\",\"breadcrumb\":{\"@id\":\"https:\\\/\\\/meijerholland.nl\\\/de\\\/product\\\/superfred-3-4\\\/#breadcrumb\"},\"inLanguage\":\"de\",\"potentialAction\":[{\"@type\":\"ReadAction\",\"target\":[\"https:\\\/\\\/meijerholland.nl\\\/de\\\/product\\\/superfred-3-4\\\/\"]}]},{\"@type\":\"ImageObject\",\"inLanguage\":\"de\",\"@id\":\"https:\\\/\\\/meijerholland.nl\\\/de\\\/product\\\/superfred-3-4\\\/#primaryimage\",\"url\":\"https:\\\/\\\/meijerholland.nl\\\/wp-content\\\/uploads\\\/2019\\\/10\\\/superfredfoto2-850x500.jpg\",\"contentUrl\":\"https:\\\/\\\/meijerholland.nl\\\/wp-content\\\/uploads\\\/2019\\\/10\\\/superfredfoto2-850x500.jpg\",\"width\":666,\"height\":500,\"caption\":\"De Superfred 3-4 balenklem verwerkt tot vier grote balen tegelijk, ideaal voor vrachtwagenbelading en opslag.\"},{\"@type\":\"BreadcrumbList\",\"@id\":\"https:\\\/\\\/meijerholland.nl\\\/de\\\/product\\\/superfred-3-4\\\/#breadcrumb\",\"itemListElement\":[{\"@type\":\"ListItem\",\"position\":1,\"name\":\"Home\",\"item\":\"https:\\\/\\\/meijerholland.nl\\\/de\\\/\"},{\"@type\":\"ListItem\",\"position\":2,\"name\":\"Produkte\",\"item\":\"https:\\\/\\\/meijerholland.nl\\\/de\\\/produkte\\\/\"},{\"@type\":\"ListItem\",\"position\":3,\"name\":\"Grote balen\",\"item\":\"https:\\\/\\\/meijerholland.nl\\\/nl\\\/productcategorie\\\/grote-balen\\\/\"},{\"@type\":\"ListItem\",\"position\":4,\"name\":\"Fred balenklem\",\"item\":\"https:\\\/\\\/meijerholland.nl\\\/nl\\\/productcategorie\\\/grote-balen\\\/fred-balenklem\\\/\"},{\"@type\":\"ListItem\",\"position\":5,\"name\":\"Superfred 3-4 Ballengreifer\"}]},{\"@type\":\"WebSite\",\"@id\":\"https:\\\/\\\/meijerholland.nl\\\/en\\\/#website\",\"url\":\"https:\\\/\\\/meijerholland.nl\\\/en\\\/\",\"name\":\"Meijer Holland\",\"description\":\"Bale Handling Systems\u200e\",\"publisher\":{\"@id\":\"https:\\\/\\\/meijerholland.nl\\\/en\\\/#organization\"},\"potentialAction\":[{\"@type\":\"SearchAction\",\"target\":{\"@type\":\"EntryPoint\",\"urlTemplate\":\"https:\\\/\\\/meijerholland.nl\\\/en\\\/?s={search_term_string}\"},\"query-input\":{\"@type\":\"PropertyValueSpecification\",\"valueRequired\":true,\"valueName\":\"search_term_string\"}}],\"inLanguage\":\"de\"},{\"@type\":\"Organization\",\"@id\":\"https:\\\/\\\/meijerholland.nl\\\/en\\\/#organization\",\"name\":\"Meijer Holland\",\"url\":\"https:\\\/\\\/meijerholland.nl\\\/en\\\/\",\"logo\":{\"@type\":\"ImageObject\",\"inLanguage\":\"de\",\"@id\":\"https:\\\/\\\/meijerholland.nl\\\/en\\\/#\\\/schema\\\/logo\\\/image\\\/\",\"url\":\"https:\\\/\\\/meijerholland.nl\\\/wp-content\\\/uploads\\\/2019\\\/10\\\/MH-logo.jpg\",\"contentUrl\":\"https:\\\/\\\/meijerholland.nl\\\/wp-content\\\/uploads\\\/2019\\\/10\\\/MH-logo.jpg\",\"width\":3316,\"height\":614,\"caption\":\"Meijer Holland\"},\"image\":{\"@id\":\"https:\\\/\\\/meijerholland.nl\\\/en\\\/#\\\/schema\\\/logo\\\/image\\\/\"},\"sameAs\":[\"https:\\\/\\\/www.facebook.com\\\/meijerhollandbalehandlingsystems\\\/\",\"https:\\\/\\\/www.linkedin.com\\\/company\\\/meijer-holland---bale-handling-sytems\\\/\",\"https:\\\/\\\/www.instagram.com\\\/meijerholland\\\/\"]}]}<\/script>\n<!-- \/ Yoast SEO plugin. -->","yoast_head_json":{"title":"Superfred 3-4 Ballengreifer f\u00fcr 3 bis 4 Ballen | Meijer Holland","description":"Superfred 3-4 Ballengreifer f\u00fcr 3 bis 4 Stroh- oder Heuballen mit Gabelstapler. Mit Kippsystem voor gecontroleerd en effici\u00ebnt laden.","robots":{"index":"index","follow":"follow","max-snippet":"max-snippet:-1","max-image-preview":"max-image-preview:large","max-video-preview":"max-video-preview:-1"},"canonical":"https:\/\/meijerholland.nl\/de\/product\/superfred-3-4\/","og_locale":"de_DE","og_type":"article","og_title":"Superfred 3-4 Ballengreifer f\u00fcr 3 bis 4 Ballen | Meijer Holland","og_description":"Superfred 3-4 Ballengreifer f\u00fcr 3 bis 4 Stroh- oder Heuballen mit Gabelstapler. Mit Kippsystem voor gecontroleerd en effici\u00ebnt laden.","og_url":"https:\/\/meijerholland.nl\/de\/product\/superfred-3-4\/","og_site_name":"Meijer Holland","article_publisher":"https:\/\/www.facebook.com\/meijerhollandbalehandlingsystems\/","article_modified_time":"2026-03-26T11:09:34+00:00","og_image":[{"width":666,"height":500,"url":"https:\/\/meijerholland.nl\/wp-content\/uploads\/2019\/10\/superfredfoto2-850x500.jpg","type":"image\/jpeg"}],"twitter_card":"summary_large_image","twitter_misc":{"Gesch\u00e4tzte Lesezeit":"2\u00a0Minuten"},"schema":{"@context":"https:\/\/schema.org","@graph":[{"@type":"WebPage","@id":"https:\/\/meijerholland.nl\/de\/product\/superfred-3-4\/","url":"https:\/\/meijerholland.nl\/de\/product\/superfred-3-4\/","name":"Superfred 3-4 Ballengreifer f\u00fcr 3 bis 4 Ballen | Meijer Holland","isPartOf":{"@id":"https:\/\/meijerholland.nl\/en\/#website"},"primaryImageOfPage":{"@id":"https:\/\/meijerholland.nl\/de\/product\/superfred-3-4\/#primaryimage"},"image":{"@id":"https:\/\/meijerholland.nl\/de\/product\/superfred-3-4\/#primaryimage"},"thumbnailUrl":"https:\/\/meijerholland.nl\/wp-content\/uploads\/2019\/10\/superfredfoto2-850x500.jpg","datePublished":"2019-10-04T15:14:24+00:00","dateModified":"2026-03-26T11:09:34+00:00","description":"Superfred 3-4 Ballengreifer f\u00fcr 3 bis 4 Stroh- oder Heuballen mit Gabelstapler. Mit Kippsystem voor gecontroleerd en effici\u00ebnt laden.","breadcrumb":{"@id":"https:\/\/meijerholland.nl\/de\/product\/superfred-3-4\/#breadcrumb"},"inLanguage":"de","potentialAction":[{"@type":"ReadAction","target":["https:\/\/meijerholland.nl\/de\/product\/superfred-3-4\/"]}]},{"@type":"ImageObject","inLanguage":"de","@id":"https:\/\/meijerholland.nl\/de\/product\/superfred-3-4\/#primaryimage","url":"https:\/\/meijerholland.nl\/wp-content\/uploads\/2019\/10\/superfredfoto2-850x500.jpg","contentUrl":"https:\/\/meijerholland.nl\/wp-content\/uploads\/2019\/10\/superfredfoto2-850x500.jpg","width":666,"height":500,"caption":"De Superfred 3-4 balenklem verwerkt tot vier grote balen tegelijk, ideaal voor vrachtwagenbelading en opslag."},{"@type":"BreadcrumbList","@id":"https:\/\/meijerholland.nl\/de\/product\/superfred-3-4\/#breadcrumb","itemListElement":[{"@type":"ListItem","position":1,"name":"Home","item":"https:\/\/meijerholland.nl\/de\/"},{"@type":"ListItem","position":2,"name":"Produkte","item":"https:\/\/meijerholland.nl\/de\/produkte\/"},{"@type":"ListItem","position":3,"name":"Grote balen","item":"https:\/\/meijerholland.nl\/nl\/productcategorie\/grote-balen\/"},{"@type":"ListItem","position":4,"name":"Fred balenklem","item":"https:\/\/meijerholland.nl\/nl\/productcategorie\/grote-balen\/fred-balenklem\/"},{"@type":"ListItem","position":5,"name":"Superfred 3-4 Ballengreifer"}]},{"@type":"WebSite","@id":"https:\/\/meijerholland.nl\/en\/#website","url":"https:\/\/meijerholland.nl\/en\/","name":"Meijer Holland","description":"Bale Handling Systems\u200e","publisher":{"@id":"https:\/\/meijerholland.nl\/en\/#organization"},"potentialAction":[{"@type":"SearchAction","target":{"@type":"EntryPoint","urlTemplate":"https:\/\/meijerholland.nl\/en\/?s={search_term_string}"},"query-input":{"@type":"PropertyValueSpecification","valueRequired":true,"valueName":"search_term_string"}}],"inLanguage":"de"},{"@type":"Organization","@id":"https:\/\/meijerholland.nl\/en\/#organization","name":"Meijer Holland","url":"https:\/\/meijerholland.nl\/en\/","logo":{"@type":"ImageObject","inLanguage":"de","@id":"https:\/\/meijerholland.nl\/en\/#\/schema\/logo\/image\/","url":"https:\/\/meijerholland.nl\/wp-content\/uploads\/2019\/10\/MH-logo.jpg","contentUrl":"https:\/\/meijerholland.nl\/wp-content\/uploads\/2019\/10\/MH-logo.jpg","width":3316,"height":614,"caption":"Meijer Holland"},"image":{"@id":"https:\/\/meijerholland.nl\/en\/#\/schema\/logo\/image\/"},"sameAs":["https:\/\/www.facebook.com\/meijerhollandbalehandlingsystems\/","https:\/\/www.linkedin.com\/company\/meijer-holland---bale-handling-sytems\/","https:\/\/www.instagram.com\/meijerholland\/"]}]}},"_links":{"self":[{"href":"https:\/\/meijerholland.nl\/de\/wp-json\/wp\/v2\/product\/3357","targetHints":{"allow":["GET"]}}],"collection":[{"href":"https:\/\/meijerholland.nl\/de\/wp-json\/wp\/v2\/product"}],"about":[{"href":"https:\/\/meijerholland.nl\/de\/wp-json\/wp\/v2\/types\/product"}],"wp:featuredmedia":[{"embeddable":true,"href":"https:\/\/meijerholland.nl\/de\/wp-json\/wp\/v2\/media\/1102"}],"wp:attachment":[{"href":"https:\/\/meijerholland.nl\/de\/wp-json\/wp\/v2\/media?parent=3357"}],"wp:term":[{"taxonomy":"product_brand","embeddable":true,"href":"https:\/\/meijerholland.nl\/de\/wp-json\/wp\/v2\/product_brand?post=3357"},{"taxonomy":"product_cat","embeddable":true,"href":"https:\/\/meijerholland.nl\/de\/wp-json\/wp\/v2\/product_cat?post=3357"},{"taxonomy":"product_tag","embeddable":true,"href":"https:\/\/meijerholland.nl\/de\/wp-json\/wp\/v2\/product_tag?post=3357"}],"curies":[{"name":"wp","href":"https:\/\/api.w.org\/{rel}","templated":true}]}}