{"id":3361,"date":"2019-10-04T14:52:25","date_gmt":"2019-10-04T14:52:25","guid":{"rendered":"https:\/\/meijerholland.nl\/product\/rambo-3\/"},"modified":"2026-03-27T10:04:53","modified_gmt":"2026-03-27T10:04:53","slug":"rambo-3","status":"publish","type":"product","link":"https:\/\/meijerholland.nl\/de\/produkt\/rambo-3\/","title":{"rendered":"Rambo 3 Ballengreifer"},"content":{"rendered":"<p data-start=\"1669\" data-end=\"1906\">Der Rambo 3 nimmt maximal drei gro\u00dfe Stroh- oder Heuballen in L\u00e4ngsrichtung auf. Der Ballengreifer wird an das Hydrauliksystem eines Teleskopladers, Frontladers, Radladers oder Krans angeschlossen.<\/p>\n<p data-start=\"1908\" data-end=\"2024\">Der Ballengreifer ist weniger geeignet f\u00fcr Einsatz auf absch\u00fcssigem Gel\u00e4nde.<\/p>\n<p data-start=\"1908\" data-end=\"2024\"><iframe src=\"https:\/\/www.youtube.com\/embed\/nxlZdf9W0xs\" width=\"560\" height=\"350\" frameborder=\"0\" data-mce-fragment=\"1\"><\/iframe><\/p>\n<h2 data-section-id=\"7wwzmj\" data-start=\"2026\" data-end=\"2041\">Geeignet f\u00fcr<\/h2>\n<ul data-start=\"2043\" data-end=\"2135\">\n<li data-section-id=\"1ms777u\" data-start=\"2043\" data-end=\"2066\">entladen von Ballen<\/li>\n<li data-section-id=\"sp9wp\" data-start=\"2067\" data-end=\"2135\">3 Ballen von 120 cm breite<\/li>\n<\/ul>\n<h2 data-section-id=\"ltxsp0\" data-start=\"2137\" data-end=\"2154\">Ausgef\u00fchrt mit<\/h2>\n<ul data-start=\"2156\" data-end=\"2402\">\n<li data-section-id=\"nhgsew\" data-start=\"2156\" data-end=\"2212\">12 speziell entwickelte Haken aus hochwertigem Stahl<\/li>\n<li data-section-id=\"1129smg\" data-start=\"2213\" data-end=\"2274\">2 Hydraulikventile, damit Ballen einzeln aufzunehmen sind<\/li>\n<li data-section-id=\"4w18jk\" data-start=\"2275\" data-end=\"2318\">1 Zylinder und 4 Haken f\u00fcr jeden Ballen<\/li>\n<li data-section-id=\"1te0efe\" data-start=\"2319\" data-end=\"2402\">ein fester Rahmen und daher nicht faltbar<\/li>\n<\/ul>\n<h2 data-section-id=\"fy6oso\" data-start=\"2404\" data-end=\"2441\">Vorteile von Rambo 3 Ballengreifer<\/h2>\n<ul data-start=\"2443\" data-end=\"2570\">\n<li data-section-id=\"5nl2qg\" data-start=\"2443\" data-end=\"2570\">die Haken drehen sich tief in die Ballen und greifen sie fest gegen den Hauptrahmen<\/li>\n<\/ul>\n<h2 data-section-id=\"kr710l\" data-start=\"2572\" data-end=\"2609\">Optionen f\u00fcr Rambo 3 Ballengreifer<\/h2>\n<p data-start=\"2611\" data-end=\"2635\">demontierbare Aufnahme<\/p>\n<ul data-start=\"2637\" data-end=\"2743\">\n<li data-section-id=\"1dytph2\" data-start=\"2637\" data-end=\"2676\">2 Hydraulikschl\u00e4uche und Kupplungen<\/li>\n<li data-section-id=\"mvrpmm\" data-start=\"2677\" data-end=\"2743\">Druckbegrenzungsventil<\/li>\n<\/ul>\n<h3 data-section-id=\"724hon\" data-start=\"1874\" data-end=\"1897\">Kontakt &amp; Anleitung<\/h3>\n<p data-start=\"1899\" data-end=\"2008\">F\u00fcr weitere Informationen oder Interesse an\u00a0<strong><a href=\"https:\/\/meijerholland.nl\/de\/productcategorie\/massgeschneiderte-maschinen\/\">ma\u00dfgeschneiderten<\/a><\/strong>\u00a0L\u00f6sungen? Kontaktieren Sie unsere Spezialisten.<\/p>\n<ul>\n<li><strong><a href=\"https:\/\/meijerholland.nl\/wp-content\/uploads\/2025\/01\/MHM-RAMBO-DU-1.pdf\">Bedienungsanleitung<\/a>\u00a0<\/strong>herunterladen (PDF)<\/li>\n<li>Anrufen:\u00a0<strong><a href=\"callto:+31503126448\">+31 (0)50 \u2013 3126448<\/a><\/strong><\/li>\n<li>E-Mail:\u00a0<strong><a href=\"mailto:info@meijerholland.com\" rel=\"noopener\" data-start=\"3121\" data-end=\"3143\">info@meijerholland.com<\/a><\/strong><\/li>\n<li>Oder f\u00fcllen Sie das\u00a0<a href=\"https:\/\/meijerholland.nl\/de\/kontakt\/\">\u00a0<strong>Kontaktformular<\/strong><\/a>\u00a0aus<\/li>\n<\/ul>\n<h3>Referenz<\/h3>\n<p><a title=\"Rambo 3 - praktisch, zuverl\u00e4ssig und stabil\" href=\"http:\/\/www.meijerholland.nl\/deutsch\/news\/5312_rambo-3-praktisch-zuverl%C3%A4ssig-und-stabil\">Lohnbetrieb Erhard Meyer in Hude\u00a0<\/a><\/p>\n","protected":false},"excerpt":{"rendered":"<p>Der Rambo 3 nimmt maximal drei gro\u00dfe Stroh- oder Heuballen&#8230;<\/p>\n","protected":false},"featured_media":875,"template":"","meta":{"_acf_changed":false},"product_brand":[],"product_cat":[118],"product_tag":[],"class_list":{"0":"post-3361","1":"product","2":"type-product","3":"status-publish","4":"has-post-thumbnail","6":"product_cat-rambo-ballengreifer","8":"first","9":"instock","10":"taxable","11":"shipping-taxable","12":"product-type-simple"},"acf":[],"yoast_head":"<!-- This site is optimized with the Yoast SEO plugin v27.4 - https:\/\/yoast.com\/product\/yoast-seo-wordpress\/ -->\n<title>Rambo 3 Ballengreifer F\u00fcr Drei Gro\u00dfe Ballen | Meijer Holland<\/title>\n<meta name=\"description\" content=\"Rambo 3 Ballengreifer f\u00fcr das Entladen von drei gro\u00dfen Stroh- oder Heuballen. Einsetzbar mit Teleskoplader, Frontlader oder Radlader.\" \/>\n<meta name=\"robots\" content=\"index, follow, max-snippet:-1, max-image-preview:large, max-video-preview:-1\" \/>\n<link rel=\"canonical\" href=\"https:\/\/meijerholland.nl\/de\/produkt\/rambo-3\/\" \/>\n<meta property=\"og:locale\" content=\"de_DE\" \/>\n<meta property=\"og:type\" content=\"article\" \/>\n<meta property=\"og:title\" content=\"Rambo 3 Ballengreifer F\u00fcr Drei Gro\u00dfe Ballen | Meijer Holland\" \/>\n<meta property=\"og:description\" content=\"Rambo 3 Ballengreifer f\u00fcr das Entladen von drei gro\u00dfen Stroh- oder Heuballen. Einsetzbar mit Teleskoplader, Frontlader oder Radlader.\" \/>\n<meta property=\"og:url\" content=\"https:\/\/meijerholland.nl\/de\/produkt\/rambo-3\/\" \/>\n<meta property=\"og:site_name\" content=\"Meijer Holland\" \/>\n<meta property=\"article:publisher\" content=\"https:\/\/www.facebook.com\/meijerhollandbalehandlingsystems\/\" \/>\n<meta property=\"article:modified_time\" content=\"2026-03-27T10:04:53+00:00\" \/>\n<meta property=\"og:image\" content=\"https:\/\/meijerholland.nl\/wp-content\/uploads\/2019\/10\/rambo3foto1-850x500-1.jpg\" \/>\n\t<meta property=\"og:image:width\" content=\"666\" \/>\n\t<meta property=\"og:image:height\" content=\"500\" \/>\n\t<meta property=\"og:image:type\" content=\"image\/jpeg\" \/>\n<meta name=\"twitter:card\" content=\"summary_large_image\" \/>\n<meta name=\"twitter:label1\" content=\"Gesch\u00e4tzte Lesezeit\" \/>\n\t<meta name=\"twitter:data1\" content=\"1\u00a0Minute\" \/>\n<script type=\"application\/ld+json\" class=\"yoast-schema-graph\">{\"@context\":\"https:\\\/\\\/schema.org\",\"@graph\":[{\"@type\":\"WebPage\",\"@id\":\"https:\\\/\\\/meijerholland.nl\\\/de\\\/produkt\\\/rambo-3\\\/\",\"url\":\"https:\\\/\\\/meijerholland.nl\\\/de\\\/produkt\\\/rambo-3\\\/\",\"name\":\"Rambo 3 Ballengreifer F\u00fcr Drei Gro\u00dfe Ballen | Meijer Holland\",\"isPartOf\":{\"@id\":\"https:\\\/\\\/meijerholland.nl\\\/en\\\/#website\"},\"primaryImageOfPage\":{\"@id\":\"https:\\\/\\\/meijerholland.nl\\\/de\\\/produkt\\\/rambo-3\\\/#primaryimage\"},\"image\":{\"@id\":\"https:\\\/\\\/meijerholland.nl\\\/de\\\/produkt\\\/rambo-3\\\/#primaryimage\"},\"thumbnailUrl\":\"https:\\\/\\\/meijerholland.nl\\\/wp-content\\\/uploads\\\/2019\\\/10\\\/rambo3foto1-850x500-1.jpg\",\"datePublished\":\"2019-10-04T14:52:25+00:00\",\"dateModified\":\"2026-03-27T10:04:53+00:00\",\"description\":\"Rambo 3 Ballengreifer f\u00fcr das Entladen von drei gro\u00dfen Stroh- oder Heuballen. Einsetzbar mit Teleskoplader, Frontlader oder Radlader.\",\"breadcrumb\":{\"@id\":\"https:\\\/\\\/meijerholland.nl\\\/de\\\/produkt\\\/rambo-3\\\/#breadcrumb\"},\"inLanguage\":\"de\",\"potentialAction\":[{\"@type\":\"ReadAction\",\"target\":[\"https:\\\/\\\/meijerholland.nl\\\/de\\\/produkt\\\/rambo-3\\\/\"]}]},{\"@type\":\"ImageObject\",\"inLanguage\":\"de\",\"@id\":\"https:\\\/\\\/meijerholland.nl\\\/de\\\/produkt\\\/rambo-3\\\/#primaryimage\",\"url\":\"https:\\\/\\\/meijerholland.nl\\\/wp-content\\\/uploads\\\/2019\\\/10\\\/rambo3foto1-850x500-1.jpg\",\"contentUrl\":\"https:\\\/\\\/meijerholland.nl\\\/wp-content\\\/uploads\\\/2019\\\/10\\\/rambo3foto1-850x500-1.jpg\",\"width\":666,\"height\":500,\"caption\":\"De Rambo 3 Bale Grab is uitgerust met hydraulische klemmen en een stevig frame voor het effici\u00ebnt hanteren van drie balen tegelijk.\"},{\"@type\":\"BreadcrumbList\",\"@id\":\"https:\\\/\\\/meijerholland.nl\\\/de\\\/produkt\\\/rambo-3\\\/#breadcrumb\",\"itemListElement\":[{\"@type\":\"ListItem\",\"position\":1,\"name\":\"Home\",\"item\":\"https:\\\/\\\/meijerholland.nl\\\/de\\\/\"},{\"@type\":\"ListItem\",\"position\":2,\"name\":\"Produkte\",\"item\":\"https:\\\/\\\/meijerholland.nl\\\/de\\\/produkte\\\/\"},{\"@type\":\"ListItem\",\"position\":3,\"name\":\"Gro\u00dfe Ballen\",\"item\":\"https:\\\/\\\/meijerholland.nl\\\/de\\\/productcategorie\\\/grosse-ballen\\\/\"},{\"@type\":\"ListItem\",\"position\":4,\"name\":\"Rambo Ballengreifer\",\"item\":\"https:\\\/\\\/meijerholland.nl\\\/de\\\/productcategorie\\\/grosse-ballen\\\/rambo-ballengreifer\\\/\"},{\"@type\":\"ListItem\",\"position\":5,\"name\":\"Rambo 3 Ballengreifer\"}]},{\"@type\":\"WebSite\",\"@id\":\"https:\\\/\\\/meijerholland.nl\\\/en\\\/#website\",\"url\":\"https:\\\/\\\/meijerholland.nl\\\/en\\\/\",\"name\":\"Meijer Holland\",\"description\":\"Bale Handling Systems\u200e\",\"publisher\":{\"@id\":\"https:\\\/\\\/meijerholland.nl\\\/en\\\/#organization\"},\"potentialAction\":[{\"@type\":\"SearchAction\",\"target\":{\"@type\":\"EntryPoint\",\"urlTemplate\":\"https:\\\/\\\/meijerholland.nl\\\/en\\\/?s={search_term_string}\"},\"query-input\":{\"@type\":\"PropertyValueSpecification\",\"valueRequired\":true,\"valueName\":\"search_term_string\"}}],\"inLanguage\":\"de\"},{\"@type\":\"Organization\",\"@id\":\"https:\\\/\\\/meijerholland.nl\\\/en\\\/#organization\",\"name\":\"Meijer Holland\",\"url\":\"https:\\\/\\\/meijerholland.nl\\\/en\\\/\",\"logo\":{\"@type\":\"ImageObject\",\"inLanguage\":\"de\",\"@id\":\"https:\\\/\\\/meijerholland.nl\\\/en\\\/#\\\/schema\\\/logo\\\/image\\\/\",\"url\":\"https:\\\/\\\/meijerholland.nl\\\/wp-content\\\/uploads\\\/2019\\\/10\\\/MH-logo.jpg\",\"contentUrl\":\"https:\\\/\\\/meijerholland.nl\\\/wp-content\\\/uploads\\\/2019\\\/10\\\/MH-logo.jpg\",\"width\":3316,\"height\":614,\"caption\":\"Meijer Holland\"},\"image\":{\"@id\":\"https:\\\/\\\/meijerholland.nl\\\/en\\\/#\\\/schema\\\/logo\\\/image\\\/\"},\"sameAs\":[\"https:\\\/\\\/www.facebook.com\\\/meijerhollandbalehandlingsystems\\\/\",\"https:\\\/\\\/www.linkedin.com\\\/company\\\/meijer-holland---bale-handling-sytems\\\/\",\"https:\\\/\\\/www.instagram.com\\\/meijerholland\\\/\"]}]}<\/script>\n<!-- \/ Yoast SEO plugin. -->","yoast_head_json":{"title":"Rambo 3 Ballengreifer F\u00fcr Drei Gro\u00dfe Ballen | Meijer Holland","description":"Rambo 3 Ballengreifer f\u00fcr das Entladen von drei gro\u00dfen Stroh- oder Heuballen. Einsetzbar mit Teleskoplader, Frontlader oder Radlader.","robots":{"index":"index","follow":"follow","max-snippet":"max-snippet:-1","max-image-preview":"max-image-preview:large","max-video-preview":"max-video-preview:-1"},"canonical":"https:\/\/meijerholland.nl\/de\/produkt\/rambo-3\/","og_locale":"de_DE","og_type":"article","og_title":"Rambo 3 Ballengreifer F\u00fcr Drei Gro\u00dfe Ballen | Meijer Holland","og_description":"Rambo 3 Ballengreifer f\u00fcr das Entladen von drei gro\u00dfen Stroh- oder Heuballen. Einsetzbar mit Teleskoplader, Frontlader oder Radlader.","og_url":"https:\/\/meijerholland.nl\/de\/produkt\/rambo-3\/","og_site_name":"Meijer Holland","article_publisher":"https:\/\/www.facebook.com\/meijerhollandbalehandlingsystems\/","article_modified_time":"2026-03-27T10:04:53+00:00","og_image":[{"width":666,"height":500,"url":"https:\/\/meijerholland.nl\/wp-content\/uploads\/2019\/10\/rambo3foto1-850x500-1.jpg","type":"image\/jpeg"}],"twitter_card":"summary_large_image","twitter_misc":{"Gesch\u00e4tzte Lesezeit":"1\u00a0Minute"},"schema":{"@context":"https:\/\/schema.org","@graph":[{"@type":"WebPage","@id":"https:\/\/meijerholland.nl\/de\/produkt\/rambo-3\/","url":"https:\/\/meijerholland.nl\/de\/produkt\/rambo-3\/","name":"Rambo 3 Ballengreifer F\u00fcr Drei Gro\u00dfe Ballen | Meijer Holland","isPartOf":{"@id":"https:\/\/meijerholland.nl\/en\/#website"},"primaryImageOfPage":{"@id":"https:\/\/meijerholland.nl\/de\/produkt\/rambo-3\/#primaryimage"},"image":{"@id":"https:\/\/meijerholland.nl\/de\/produkt\/rambo-3\/#primaryimage"},"thumbnailUrl":"https:\/\/meijerholland.nl\/wp-content\/uploads\/2019\/10\/rambo3foto1-850x500-1.jpg","datePublished":"2019-10-04T14:52:25+00:00","dateModified":"2026-03-27T10:04:53+00:00","description":"Rambo 3 Ballengreifer f\u00fcr das Entladen von drei gro\u00dfen Stroh- oder Heuballen. Einsetzbar mit Teleskoplader, Frontlader oder Radlader.","breadcrumb":{"@id":"https:\/\/meijerholland.nl\/de\/produkt\/rambo-3\/#breadcrumb"},"inLanguage":"de","potentialAction":[{"@type":"ReadAction","target":["https:\/\/meijerholland.nl\/de\/produkt\/rambo-3\/"]}]},{"@type":"ImageObject","inLanguage":"de","@id":"https:\/\/meijerholland.nl\/de\/produkt\/rambo-3\/#primaryimage","url":"https:\/\/meijerholland.nl\/wp-content\/uploads\/2019\/10\/rambo3foto1-850x500-1.jpg","contentUrl":"https:\/\/meijerholland.nl\/wp-content\/uploads\/2019\/10\/rambo3foto1-850x500-1.jpg","width":666,"height":500,"caption":"De Rambo 3 Bale Grab is uitgerust met hydraulische klemmen en een stevig frame voor het effici\u00ebnt hanteren van drie balen tegelijk."},{"@type":"BreadcrumbList","@id":"https:\/\/meijerholland.nl\/de\/produkt\/rambo-3\/#breadcrumb","itemListElement":[{"@type":"ListItem","position":1,"name":"Home","item":"https:\/\/meijerholland.nl\/de\/"},{"@type":"ListItem","position":2,"name":"Produkte","item":"https:\/\/meijerholland.nl\/de\/produkte\/"},{"@type":"ListItem","position":3,"name":"Gro\u00dfe Ballen","item":"https:\/\/meijerholland.nl\/de\/productcategorie\/grosse-ballen\/"},{"@type":"ListItem","position":4,"name":"Rambo Ballengreifer","item":"https:\/\/meijerholland.nl\/de\/productcategorie\/grosse-ballen\/rambo-ballengreifer\/"},{"@type":"ListItem","position":5,"name":"Rambo 3 Ballengreifer"}]},{"@type":"WebSite","@id":"https:\/\/meijerholland.nl\/en\/#website","url":"https:\/\/meijerholland.nl\/en\/","name":"Meijer Holland","description":"Bale Handling Systems\u200e","publisher":{"@id":"https:\/\/meijerholland.nl\/en\/#organization"},"potentialAction":[{"@type":"SearchAction","target":{"@type":"EntryPoint","urlTemplate":"https:\/\/meijerholland.nl\/en\/?s={search_term_string}"},"query-input":{"@type":"PropertyValueSpecification","valueRequired":true,"valueName":"search_term_string"}}],"inLanguage":"de"},{"@type":"Organization","@id":"https:\/\/meijerholland.nl\/en\/#organization","name":"Meijer Holland","url":"https:\/\/meijerholland.nl\/en\/","logo":{"@type":"ImageObject","inLanguage":"de","@id":"https:\/\/meijerholland.nl\/en\/#\/schema\/logo\/image\/","url":"https:\/\/meijerholland.nl\/wp-content\/uploads\/2019\/10\/MH-logo.jpg","contentUrl":"https:\/\/meijerholland.nl\/wp-content\/uploads\/2019\/10\/MH-logo.jpg","width":3316,"height":614,"caption":"Meijer Holland"},"image":{"@id":"https:\/\/meijerholland.nl\/en\/#\/schema\/logo\/image\/"},"sameAs":["https:\/\/www.facebook.com\/meijerhollandbalehandlingsystems\/","https:\/\/www.linkedin.com\/company\/meijer-holland---bale-handling-sytems\/","https:\/\/www.instagram.com\/meijerholland\/"]}]}},"_links":{"self":[{"href":"https:\/\/meijerholland.nl\/de\/wp-json\/wp\/v2\/product\/3361","targetHints":{"allow":["GET"]}}],"collection":[{"href":"https:\/\/meijerholland.nl\/de\/wp-json\/wp\/v2\/product"}],"about":[{"href":"https:\/\/meijerholland.nl\/de\/wp-json\/wp\/v2\/types\/product"}],"wp:featuredmedia":[{"embeddable":true,"href":"https:\/\/meijerholland.nl\/de\/wp-json\/wp\/v2\/media\/875"}],"wp:attachment":[{"href":"https:\/\/meijerholland.nl\/de\/wp-json\/wp\/v2\/media?parent=3361"}],"wp:term":[{"taxonomy":"product_brand","embeddable":true,"href":"https:\/\/meijerholland.nl\/de\/wp-json\/wp\/v2\/product_brand?post=3361"},{"taxonomy":"product_cat","embeddable":true,"href":"https:\/\/meijerholland.nl\/de\/wp-json\/wp\/v2\/product_cat?post=3361"},{"taxonomy":"product_tag","embeddable":true,"href":"https:\/\/meijerholland.nl\/de\/wp-json\/wp\/v2\/product_tag?post=3361"}],"curies":[{"name":"wp","href":"https:\/\/api.w.org\/{rel}","templated":true}]}}