{"id":3366,"date":"2019-10-04T15:01:09","date_gmt":"2019-10-04T15:01:09","guid":{"rendered":"https:\/\/meijerholland.nl\/product\/rambo-6\/"},"modified":"2026-03-27T10:13:51","modified_gmt":"2026-03-27T10:13:51","slug":"rambo-6","status":"publish","type":"product","link":"https:\/\/meijerholland.nl\/de\/produkt\/rambo-6\/","title":{"rendered":"Rambo 6 star Ballengreifer"},"content":{"rendered":"<p data-start=\"158\" data-end=\"477\">Der Rambo 6 nimmt maximal sechs gro\u00dfe Stroh- oder Heuballen in L\u00e4ngsrichtung auf. Diese Ballengreifer ist sehr stark und wird nur in Kombination mit einem schweren Radlader ab etwa 14 Tonnen eingesetzt. Der Ballengreifer wird an das Hydrauliksystem eines Radladers angeschlossen.<\/p>\n<p data-start=\"479\" data-end=\"599\">Der Ballengreifer ist f\u00fcr den Einsatz auf absch\u00fcssigem Gel\u00e4nde weniger geeignet.<\/p>\n<p><iframe src=\"https:\/\/www.youtube.com\/embed\/6RZAHz7nrHQ\" width=\"560\" height=\"350\" frameborder=\"0\" allowfullscreen=\"allowfullscreen\" data-mce-fragment=\"1\"><span data-mce-type=\"bookmark\" style=\"display: inline-block; width: 0px; overflow: hidden; line-height: 0;\" class=\"mce_SELRES_start\">\ufeff<\/span><\/iframe><\/p>\n<h2 data-section-id=\"7wwzmj\" data-start=\"601\" data-end=\"616\">Geeignet f\u00fcr<\/h2>\n<ul data-start=\"618\" data-end=\"710\">\n<li data-section-id=\"ald6i2\" data-start=\"618\" data-end=\"641\">Entladen von Ballen<\/li>\n<li data-section-id=\"4oaf70\" data-start=\"642\" data-end=\"710\">6 Ballen von 120 cm Breite<\/li>\n<\/ul>\n<h2 data-section-id=\"ltxsp0\" data-start=\"712\" data-end=\"729\">Ausgef\u00fchrt mit<\/h2>\n<ul data-start=\"731\" data-end=\"981\">\n<li data-section-id=\"yzekql\" data-start=\"731\" data-end=\"787\">24 speziell entwickelte Haken aus hochwertigem Stahl<\/li>\n<li data-section-id=\"lmt1hj\" data-start=\"788\" data-end=\"853\">5 Hydraulikventile, damit die Ballen einzeln aufzunehmen sind<\/li>\n<li data-section-id=\"4w18jk\" data-start=\"854\" data-end=\"897\">1 Zylinder und 4 Haken f\u00fcr jeden Ballen<\/li>\n<li data-section-id=\"o25v7u\" data-start=\"898\" data-end=\"981\">ein fester Rahmen und daher nicht faltbar<\/li>\n<\/ul>\n<h2 data-section-id=\"1wwwse1\" data-start=\"983\" data-end=\"1025\">Vorteile von Rambo 6 Star Ballengreifer<\/h2>\n<ul data-start=\"1027\" data-end=\"1152\">\n<li data-section-id=\"1js61yw\" data-start=\"1027\" data-end=\"1152\">die Haken drehen sich tief in die Ballen und greifen sie fest gegen den Hauptrahmen<\/li>\n<\/ul>\n<h2 data-section-id=\"n4bddg\" data-start=\"1154\" data-end=\"1196\">Optionen f\u00fcr Rambo 6 Star Ballengreifer<\/h2>\n<p data-start=\"1198\" data-end=\"1222\">demontierbare Aufnahme<\/p>\n<ul data-start=\"1224\" data-end=\"1328\">\n<li data-section-id=\"1dytph2\" data-start=\"1224\" data-end=\"1263\">2 Hydraulikschl\u00e4uche und Kupplungen<\/li>\n<li data-section-id=\"6efs3i\" data-start=\"1264\" data-end=\"1328\">Druckbegrenzungsventil<\/li>\n<\/ul>\n<h3 data-section-id=\"724hon\" data-start=\"1874\" data-end=\"1897\">Kontakt &amp; Anleitung<\/h3>\n<p data-start=\"1899\" data-end=\"2008\">F\u00fcr weitere Informationen oder Interesse an\u00a0<strong><a href=\"https:\/\/meijerholland.nl\/de\/productcategorie\/massgeschneiderte-maschinen\/\">ma\u00dfgeschneiderten<\/a><\/strong>\u00a0L\u00f6sungen? Kontaktieren Sie unsere Spezialisten.<\/p>\n<ul>\n<li><strong><a href=\"https:\/\/meijerholland.nl\/wp-content\/uploads\/2025\/01\/MHM-RAMBO-DU-1.pdf\">Bedienungsanleitung<\/a>\u00a0<\/strong>herunterladen (PDF)<\/li>\n<li>Anrufen:\u00a0<strong><a href=\"callto:+31503126448\">+31 (0)50 \u2013 3126448<\/a><\/strong><\/li>\n<li>E-Mail:\u00a0<strong><a href=\"mailto:info@meijerholland.com\" rel=\"noopener\" data-start=\"3121\" data-end=\"3143\">info@meijerholland.com<\/a><\/strong><\/li>\n<li>Oder f\u00fcllen Sie das\u00a0<a href=\"https:\/\/meijerholland.nl\/de\/kontakt\/\">\u00a0<strong>Kontaktformular<\/strong><\/a>\u00a0aus<\/li>\n<\/ul>\n<h3>Referenz<\/h3>\n<ul>\n<li><a title=\"Rambo 6 sammelt 150 gro\u00dfe Ballen pro Stunde\" href=\"http:\/\/www.meijerholland.nl\/deutsch\/news\/5498_rambo-6-sammelt-150-gro%C3%9Fe-ballen-pro-stunde\">Agrarlohn M\u00fcritz GmbH in Ankershagen<\/a><\/li>\n<\/ul>\n","protected":false},"excerpt":{"rendered":"<p>Der Rambo 6 nimmt maximal sechs gro\u00dfe Stroh- oder Heuballen&#8230;<\/p>\n","protected":false},"featured_media":8081,"template":"","meta":{"_acf_changed":false},"product_brand":[],"product_cat":[118],"product_tag":[],"class_list":{"0":"post-3366","1":"product","2":"type-product","3":"status-publish","4":"has-post-thumbnail","6":"product_cat-rambo-ballengreifer","8":"first","9":"instock","10":"taxable","11":"shipping-taxable","12":"product-type-simple"},"acf":[],"yoast_head":"<!-- This site is optimized with the Yoast SEO plugin v27.4 - https:\/\/yoast.com\/product\/yoast-seo-wordpress\/ -->\n<title>Rambo 6 Star Ballengreifer F\u00fcr Gro\u00dfe Ballen | Meijer Holland<\/title>\n<meta name=\"description\" content=\"Rambo 6 Star Ballengreifer f\u00fcr sechs gro\u00dfe Stroh- oder Heuballen. Geeignet f\u00fcr Einsatz mit schweren Radladern ab etwa 14 Tonnen.\" \/>\n<meta name=\"robots\" content=\"index, follow, max-snippet:-1, max-image-preview:large, max-video-preview:-1\" \/>\n<link rel=\"canonical\" href=\"https:\/\/meijerholland.nl\/de\/produkt\/rambo-6\/\" \/>\n<meta property=\"og:locale\" content=\"de_DE\" \/>\n<meta property=\"og:type\" content=\"article\" \/>\n<meta property=\"og:title\" content=\"Rambo 6 Star Ballengreifer F\u00fcr Gro\u00dfe Ballen | Meijer Holland\" \/>\n<meta property=\"og:description\" content=\"Rambo 6 Star Ballengreifer f\u00fcr sechs gro\u00dfe Stroh- oder Heuballen. Geeignet f\u00fcr Einsatz mit schweren Radladern ab etwa 14 Tonnen.\" \/>\n<meta property=\"og:url\" content=\"https:\/\/meijerholland.nl\/de\/produkt\/rambo-6\/\" \/>\n<meta property=\"og:site_name\" content=\"Meijer Holland\" \/>\n<meta property=\"article:publisher\" content=\"https:\/\/www.facebook.com\/meijerhollandbalehandlingsystems\/\" \/>\n<meta property=\"article:modified_time\" content=\"2026-03-27T10:13:51+00:00\" \/>\n<meta property=\"og:image\" content=\"https:\/\/meijerholland.nl\/wp-content\/uploads\/2019\/10\/rambo-6-2.jpg\" \/>\n\t<meta property=\"og:image:width\" content=\"1600\" \/>\n\t<meta property=\"og:image:height\" content=\"900\" \/>\n\t<meta property=\"og:image:type\" content=\"image\/jpeg\" \/>\n<meta name=\"twitter:card\" content=\"summary_large_image\" \/>\n<meta name=\"twitter:label1\" content=\"Gesch\u00e4tzte Lesezeit\" \/>\n\t<meta name=\"twitter:data1\" content=\"2\u00a0Minuten\" \/>\n<script type=\"application\/ld+json\" class=\"yoast-schema-graph\">{\"@context\":\"https:\\\/\\\/schema.org\",\"@graph\":[{\"@type\":\"WebPage\",\"@id\":\"https:\\\/\\\/meijerholland.nl\\\/de\\\/produkt\\\/rambo-6\\\/\",\"url\":\"https:\\\/\\\/meijerholland.nl\\\/de\\\/produkt\\\/rambo-6\\\/\",\"name\":\"Rambo 6 Star Ballengreifer F\u00fcr Gro\u00dfe Ballen | Meijer Holland\",\"isPartOf\":{\"@id\":\"https:\\\/\\\/meijerholland.nl\\\/en\\\/#website\"},\"primaryImageOfPage\":{\"@id\":\"https:\\\/\\\/meijerholland.nl\\\/de\\\/produkt\\\/rambo-6\\\/#primaryimage\"},\"image\":{\"@id\":\"https:\\\/\\\/meijerholland.nl\\\/de\\\/produkt\\\/rambo-6\\\/#primaryimage\"},\"thumbnailUrl\":\"https:\\\/\\\/meijerholland.nl\\\/wp-content\\\/uploads\\\/2019\\\/10\\\/rambo-6-2.jpg\",\"datePublished\":\"2019-10-04T15:01:09+00:00\",\"dateModified\":\"2026-03-27T10:13:51+00:00\",\"description\":\"Rambo 6 Star Ballengreifer f\u00fcr sechs gro\u00dfe Stroh- oder Heuballen. Geeignet f\u00fcr Einsatz mit schweren Radladern ab etwa 14 Tonnen.\",\"breadcrumb\":{\"@id\":\"https:\\\/\\\/meijerholland.nl\\\/de\\\/produkt\\\/rambo-6\\\/#breadcrumb\"},\"inLanguage\":\"de\",\"potentialAction\":[{\"@type\":\"ReadAction\",\"target\":[\"https:\\\/\\\/meijerholland.nl\\\/de\\\/produkt\\\/rambo-6\\\/\"]}]},{\"@type\":\"ImageObject\",\"inLanguage\":\"de\",\"@id\":\"https:\\\/\\\/meijerholland.nl\\\/de\\\/produkt\\\/rambo-6\\\/#primaryimage\",\"url\":\"https:\\\/\\\/meijerholland.nl\\\/wp-content\\\/uploads\\\/2019\\\/10\\\/rambo-6-2.jpg\",\"contentUrl\":\"https:\\\/\\\/meijerholland.nl\\\/wp-content\\\/uploads\\\/2019\\\/10\\\/rambo-6-2.jpg\",\"width\":1600,\"height\":900},{\"@type\":\"BreadcrumbList\",\"@id\":\"https:\\\/\\\/meijerholland.nl\\\/de\\\/produkt\\\/rambo-6\\\/#breadcrumb\",\"itemListElement\":[{\"@type\":\"ListItem\",\"position\":1,\"name\":\"Home\",\"item\":\"https:\\\/\\\/meijerholland.nl\\\/de\\\/\"},{\"@type\":\"ListItem\",\"position\":2,\"name\":\"Produkte\",\"item\":\"https:\\\/\\\/meijerholland.nl\\\/de\\\/produkte\\\/\"},{\"@type\":\"ListItem\",\"position\":3,\"name\":\"Gro\u00dfe Ballen\",\"item\":\"https:\\\/\\\/meijerholland.nl\\\/de\\\/productcategorie\\\/grosse-ballen\\\/\"},{\"@type\":\"ListItem\",\"position\":4,\"name\":\"Rambo Ballengreifer\",\"item\":\"https:\\\/\\\/meijerholland.nl\\\/de\\\/productcategorie\\\/grosse-ballen\\\/rambo-ballengreifer\\\/\"},{\"@type\":\"ListItem\",\"position\":5,\"name\":\"Rambo 6 star Ballengreifer\"}]},{\"@type\":\"WebSite\",\"@id\":\"https:\\\/\\\/meijerholland.nl\\\/en\\\/#website\",\"url\":\"https:\\\/\\\/meijerholland.nl\\\/en\\\/\",\"name\":\"Meijer Holland\",\"description\":\"Bale Handling Systems\u200e\",\"publisher\":{\"@id\":\"https:\\\/\\\/meijerholland.nl\\\/en\\\/#organization\"},\"potentialAction\":[{\"@type\":\"SearchAction\",\"target\":{\"@type\":\"EntryPoint\",\"urlTemplate\":\"https:\\\/\\\/meijerholland.nl\\\/en\\\/?s={search_term_string}\"},\"query-input\":{\"@type\":\"PropertyValueSpecification\",\"valueRequired\":true,\"valueName\":\"search_term_string\"}}],\"inLanguage\":\"de\"},{\"@type\":\"Organization\",\"@id\":\"https:\\\/\\\/meijerholland.nl\\\/en\\\/#organization\",\"name\":\"Meijer Holland\",\"url\":\"https:\\\/\\\/meijerholland.nl\\\/en\\\/\",\"logo\":{\"@type\":\"ImageObject\",\"inLanguage\":\"de\",\"@id\":\"https:\\\/\\\/meijerholland.nl\\\/en\\\/#\\\/schema\\\/logo\\\/image\\\/\",\"url\":\"https:\\\/\\\/meijerholland.nl\\\/wp-content\\\/uploads\\\/2019\\\/10\\\/MH-logo.jpg\",\"contentUrl\":\"https:\\\/\\\/meijerholland.nl\\\/wp-content\\\/uploads\\\/2019\\\/10\\\/MH-logo.jpg\",\"width\":3316,\"height\":614,\"caption\":\"Meijer Holland\"},\"image\":{\"@id\":\"https:\\\/\\\/meijerholland.nl\\\/en\\\/#\\\/schema\\\/logo\\\/image\\\/\"},\"sameAs\":[\"https:\\\/\\\/www.facebook.com\\\/meijerhollandbalehandlingsystems\\\/\",\"https:\\\/\\\/www.linkedin.com\\\/company\\\/meijer-holland---bale-handling-sytems\\\/\",\"https:\\\/\\\/www.instagram.com\\\/meijerholland\\\/\"]}]}<\/script>\n<!-- \/ Yoast SEO plugin. -->","yoast_head_json":{"title":"Rambo 6 Star Ballengreifer F\u00fcr Gro\u00dfe Ballen | Meijer Holland","description":"Rambo 6 Star Ballengreifer f\u00fcr sechs gro\u00dfe Stroh- oder Heuballen. Geeignet f\u00fcr Einsatz mit schweren Radladern ab etwa 14 Tonnen.","robots":{"index":"index","follow":"follow","max-snippet":"max-snippet:-1","max-image-preview":"max-image-preview:large","max-video-preview":"max-video-preview:-1"},"canonical":"https:\/\/meijerholland.nl\/de\/produkt\/rambo-6\/","og_locale":"de_DE","og_type":"article","og_title":"Rambo 6 Star Ballengreifer F\u00fcr Gro\u00dfe Ballen | Meijer Holland","og_description":"Rambo 6 Star Ballengreifer f\u00fcr sechs gro\u00dfe Stroh- oder Heuballen. Geeignet f\u00fcr Einsatz mit schweren Radladern ab etwa 14 Tonnen.","og_url":"https:\/\/meijerholland.nl\/de\/produkt\/rambo-6\/","og_site_name":"Meijer Holland","article_publisher":"https:\/\/www.facebook.com\/meijerhollandbalehandlingsystems\/","article_modified_time":"2026-03-27T10:13:51+00:00","og_image":[{"width":1600,"height":900,"url":"https:\/\/meijerholland.nl\/wp-content\/uploads\/2019\/10\/rambo-6-2.jpg","type":"image\/jpeg"}],"twitter_card":"summary_large_image","twitter_misc":{"Gesch\u00e4tzte Lesezeit":"2\u00a0Minuten"},"schema":{"@context":"https:\/\/schema.org","@graph":[{"@type":"WebPage","@id":"https:\/\/meijerholland.nl\/de\/produkt\/rambo-6\/","url":"https:\/\/meijerholland.nl\/de\/produkt\/rambo-6\/","name":"Rambo 6 Star Ballengreifer F\u00fcr Gro\u00dfe Ballen | Meijer Holland","isPartOf":{"@id":"https:\/\/meijerholland.nl\/en\/#website"},"primaryImageOfPage":{"@id":"https:\/\/meijerholland.nl\/de\/produkt\/rambo-6\/#primaryimage"},"image":{"@id":"https:\/\/meijerholland.nl\/de\/produkt\/rambo-6\/#primaryimage"},"thumbnailUrl":"https:\/\/meijerholland.nl\/wp-content\/uploads\/2019\/10\/rambo-6-2.jpg","datePublished":"2019-10-04T15:01:09+00:00","dateModified":"2026-03-27T10:13:51+00:00","description":"Rambo 6 Star Ballengreifer f\u00fcr sechs gro\u00dfe Stroh- oder Heuballen. Geeignet f\u00fcr Einsatz mit schweren Radladern ab etwa 14 Tonnen.","breadcrumb":{"@id":"https:\/\/meijerholland.nl\/de\/produkt\/rambo-6\/#breadcrumb"},"inLanguage":"de","potentialAction":[{"@type":"ReadAction","target":["https:\/\/meijerholland.nl\/de\/produkt\/rambo-6\/"]}]},{"@type":"ImageObject","inLanguage":"de","@id":"https:\/\/meijerholland.nl\/de\/produkt\/rambo-6\/#primaryimage","url":"https:\/\/meijerholland.nl\/wp-content\/uploads\/2019\/10\/rambo-6-2.jpg","contentUrl":"https:\/\/meijerholland.nl\/wp-content\/uploads\/2019\/10\/rambo-6-2.jpg","width":1600,"height":900},{"@type":"BreadcrumbList","@id":"https:\/\/meijerholland.nl\/de\/produkt\/rambo-6\/#breadcrumb","itemListElement":[{"@type":"ListItem","position":1,"name":"Home","item":"https:\/\/meijerholland.nl\/de\/"},{"@type":"ListItem","position":2,"name":"Produkte","item":"https:\/\/meijerholland.nl\/de\/produkte\/"},{"@type":"ListItem","position":3,"name":"Gro\u00dfe Ballen","item":"https:\/\/meijerholland.nl\/de\/productcategorie\/grosse-ballen\/"},{"@type":"ListItem","position":4,"name":"Rambo Ballengreifer","item":"https:\/\/meijerholland.nl\/de\/productcategorie\/grosse-ballen\/rambo-ballengreifer\/"},{"@type":"ListItem","position":5,"name":"Rambo 6 star Ballengreifer"}]},{"@type":"WebSite","@id":"https:\/\/meijerholland.nl\/en\/#website","url":"https:\/\/meijerholland.nl\/en\/","name":"Meijer Holland","description":"Bale Handling Systems\u200e","publisher":{"@id":"https:\/\/meijerholland.nl\/en\/#organization"},"potentialAction":[{"@type":"SearchAction","target":{"@type":"EntryPoint","urlTemplate":"https:\/\/meijerholland.nl\/en\/?s={search_term_string}"},"query-input":{"@type":"PropertyValueSpecification","valueRequired":true,"valueName":"search_term_string"}}],"inLanguage":"de"},{"@type":"Organization","@id":"https:\/\/meijerholland.nl\/en\/#organization","name":"Meijer Holland","url":"https:\/\/meijerholland.nl\/en\/","logo":{"@type":"ImageObject","inLanguage":"de","@id":"https:\/\/meijerholland.nl\/en\/#\/schema\/logo\/image\/","url":"https:\/\/meijerholland.nl\/wp-content\/uploads\/2019\/10\/MH-logo.jpg","contentUrl":"https:\/\/meijerholland.nl\/wp-content\/uploads\/2019\/10\/MH-logo.jpg","width":3316,"height":614,"caption":"Meijer Holland"},"image":{"@id":"https:\/\/meijerholland.nl\/en\/#\/schema\/logo\/image\/"},"sameAs":["https:\/\/www.facebook.com\/meijerhollandbalehandlingsystems\/","https:\/\/www.linkedin.com\/company\/meijer-holland---bale-handling-sytems\/","https:\/\/www.instagram.com\/meijerholland\/"]}]}},"_links":{"self":[{"href":"https:\/\/meijerholland.nl\/de\/wp-json\/wp\/v2\/product\/3366","targetHints":{"allow":["GET"]}}],"collection":[{"href":"https:\/\/meijerholland.nl\/de\/wp-json\/wp\/v2\/product"}],"about":[{"href":"https:\/\/meijerholland.nl\/de\/wp-json\/wp\/v2\/types\/product"}],"wp:featuredmedia":[{"embeddable":true,"href":"https:\/\/meijerholland.nl\/de\/wp-json\/wp\/v2\/media\/8081"}],"wp:attachment":[{"href":"https:\/\/meijerholland.nl\/de\/wp-json\/wp\/v2\/media?parent=3366"}],"wp:term":[{"taxonomy":"product_brand","embeddable":true,"href":"https:\/\/meijerholland.nl\/de\/wp-json\/wp\/v2\/product_brand?post=3366"},{"taxonomy":"product_cat","embeddable":true,"href":"https:\/\/meijerholland.nl\/de\/wp-json\/wp\/v2\/product_cat?post=3366"},{"taxonomy":"product_tag","embeddable":true,"href":"https:\/\/meijerholland.nl\/de\/wp-json\/wp\/v2\/product_tag?post=3366"}],"curies":[{"name":"wp","href":"https:\/\/api.w.org\/{rel}","templated":true}]}}