{"id":3375,"date":"2019-10-04T15:07:17","date_gmt":"2019-10-04T15:07:17","guid":{"rendered":"https:\/\/meijerholland.nl\/product\/rambo-7k\/"},"modified":"2024-02-28T07:49:19","modified_gmt":"2024-02-28T07:49:19","slug":"rambo-7k","status":"publish","type":"product","link":"https:\/\/meijerholland.nl\/de\/produkt\/rambo-7k\/","title":{"rendered":"Rambo 7K Ballengreifer klappbar"},"content":{"rendered":"<p>Der Rambo 7K Ballengreifer klappbar nimmt maximal sieben gro\u00dfe Stroh- oder Heuballen in L\u00e4ngsrichtung auf und hat einen klappbaren Hauptrahmen. Der Ballengreifer ist sehr stark und wird nur in Kombination mit einer schweren Radlader ab etwa 14 Tonnen verwendet. Der Ballengreifer wird an das Hydrauliksystem eines Radladers angeschlossen.<\/p>\n<p>Der Ballengreifer ist weniger geeignet f\u00fcr Einsatz auf absch\u00fcssigem Gel\u00e4nde.<\/p>\n<h3>Geeignet f\u00fcr<\/h3>\n<ul>\n<li>Entladen von Ballen<\/li>\n<li>7 Ballen von 120 cm Breite<\/li>\n<li>auf Anfrage auch f\u00fcr andere Ballengr\u00f6\u00dfen erh\u00e4ltlich<\/li>\n<\/ul>\n<h3>Ausstattung<\/h3>\n<ul>\n<li>28 speziell entwickelte Haken aus hochwertigem Stahl<\/li>\n<li>6 Hydraulikventile, damit die Ballen einzeln aufzunehmen sind<\/li>\n<li>1 Zylinder und 4 Haken f\u00fcr jeden Ballen<\/li>\n<li>ein Druckbegrenzungsventil<\/li>\n<li>ein 6\/2 Ventil 24DC zum Umschalten zwischen Falten und Greifen der Ballen<br \/>\n(exkl. Verkabelung und Steuerung)<\/li>\n<\/ul>\n<h2>Vorteile Rambo 7K Ballengreifer klappbar<\/h2>\n<ul>\n<li>die Haken drehen sich tief in die Ballen und greifen sie fest gegen den Hauptrahmen<\/li>\n<\/ul>\n<h3>Optionen<\/h3>\n<ul>\n<li>demontierbare Aufnahme<\/li>\n<li>2 Hydraulikschl\u00e4uche und Kupplungen<\/li>\n<\/ul>\n<p><iframe src=\"https:\/\/www.youtube.com\/embed\/NqYIzgTc8XQ\" width=\"560\" height=\"315\" frameborder=\"0\" data-mce-fragment=\"1\"><span data-mce-type=\"bookmark\" style=\"display: inline-block; width: 0px; overflow: hidden; line-height: 0;\" class=\"mce_SELRES_start\">\ufeff<\/span><\/iframe><\/p>\n<h3>Referenz<\/h3>\n<ul>\n<li><a title=\"Die Meijer Ballenzangen sind f\u00fcr viele Jahre verwendbar\" href=\"http:\/\/www.meijerholland.nl\/deutsch\/news\/5508_die-meijer-ballenzangen-sind-f%C3%BCr-viele-jahre-verwendbar\">Landwirtschaftsbetrieb Simon Berends in Thisted, D\u00e4nemark\u00a0<\/a><\/li>\n<\/ul>\n","protected":false},"excerpt":{"rendered":"<p>Der Rambo 7K Ballengreifer klappbar nimmt maximal sieben gro\u00dfe Stroh-&#8230;<\/p>\n","protected":false},"featured_media":1021,"template":"","meta":{"_acf_changed":false},"product_brand":[],"product_cat":[118],"product_tag":[],"class_list":{"0":"post-3375","1":"product","2":"type-product","3":"status-publish","4":"has-post-thumbnail","6":"product_cat-rambo-ballengreifer","8":"first","9":"instock","10":"taxable","11":"shipping-taxable","12":"product-type-simple"},"acf":[],"yoast_head":"<!-- This site is optimized with the Yoast SEO plugin v27.4 - https:\/\/yoast.com\/product\/yoast-seo-wordpress\/ -->\n<title>Rambo 7K Ballengreifer klappbar - Meijer Holland<\/title>\n<meta name=\"description\" content=\"Rambo 7K Ballengreifer klappbar - Meijer Holland\" \/>\n<meta name=\"robots\" content=\"index, follow, max-snippet:-1, max-image-preview:large, max-video-preview:-1\" \/>\n<link rel=\"canonical\" href=\"https:\/\/meijerholland.nl\/de\/product\/rambo-7k\/\" \/>\n<meta property=\"og:locale\" content=\"de_DE\" \/>\n<meta property=\"og:type\" content=\"article\" \/>\n<meta property=\"og:title\" content=\"Rambo 7K Ballengreifer klappbar - Meijer Holland\" \/>\n<meta property=\"og:description\" content=\"Rambo 7K Ballengreifer klappbar - Meijer Holland\" \/>\n<meta property=\"og:url\" content=\"https:\/\/meijerholland.nl\/de\/product\/rambo-7k\/\" \/>\n<meta property=\"og:site_name\" content=\"Meijer Holland\" \/>\n<meta property=\"article:publisher\" content=\"https:\/\/www.facebook.com\/meijerhollandbalehandlingsystems\/\" \/>\n<meta property=\"article:modified_time\" content=\"2024-02-28T07:49:19+00:00\" \/>\n<meta property=\"og:image\" content=\"https:\/\/meijerholland.nl\/wp-content\/uploads\/2019\/10\/2-rambo7kfoto1-850x500.jpg\" \/>\n\t<meta property=\"og:image:width\" content=\"666\" \/>\n\t<meta property=\"og:image:height\" content=\"500\" \/>\n\t<meta property=\"og:image:type\" content=\"image\/jpeg\" \/>\n<meta name=\"twitter:card\" content=\"summary_large_image\" \/>\n<meta name=\"twitter:label1\" content=\"Gesch\u00e4tzte Lesezeit\" \/>\n\t<meta name=\"twitter:data1\" content=\"1\u00a0Minute\" \/>\n<script type=\"application\/ld+json\" class=\"yoast-schema-graph\">{\"@context\":\"https:\\\/\\\/schema.org\",\"@graph\":[{\"@type\":\"WebPage\",\"@id\":\"https:\\\/\\\/meijerholland.nl\\\/de\\\/product\\\/rambo-7k\\\/\",\"url\":\"https:\\\/\\\/meijerholland.nl\\\/de\\\/product\\\/rambo-7k\\\/\",\"name\":\"Rambo 7K Ballengreifer klappbar - Meijer Holland\",\"isPartOf\":{\"@id\":\"https:\\\/\\\/meijerholland.nl\\\/en\\\/#website\"},\"primaryImageOfPage\":{\"@id\":\"https:\\\/\\\/meijerholland.nl\\\/de\\\/product\\\/rambo-7k\\\/#primaryimage\"},\"image\":{\"@id\":\"https:\\\/\\\/meijerholland.nl\\\/de\\\/product\\\/rambo-7k\\\/#primaryimage\"},\"thumbnailUrl\":\"https:\\\/\\\/meijerholland.nl\\\/wp-content\\\/uploads\\\/2019\\\/10\\\/2-rambo7kfoto1-850x500.jpg\",\"datePublished\":\"2019-10-04T15:07:17+00:00\",\"dateModified\":\"2024-02-28T07:49:19+00:00\",\"description\":\"Rambo 7K Ballengreifer klappbar - Meijer Holland\",\"breadcrumb\":{\"@id\":\"https:\\\/\\\/meijerholland.nl\\\/de\\\/product\\\/rambo-7k\\\/#breadcrumb\"},\"inLanguage\":\"de\",\"potentialAction\":[{\"@type\":\"ReadAction\",\"target\":[\"https:\\\/\\\/meijerholland.nl\\\/de\\\/product\\\/rambo-7k\\\/\"]}]},{\"@type\":\"ImageObject\",\"inLanguage\":\"de\",\"@id\":\"https:\\\/\\\/meijerholland.nl\\\/de\\\/product\\\/rambo-7k\\\/#primaryimage\",\"url\":\"https:\\\/\\\/meijerholland.nl\\\/wp-content\\\/uploads\\\/2019\\\/10\\\/2-rambo7kfoto1-850x500.jpg\",\"contentUrl\":\"https:\\\/\\\/meijerholland.nl\\\/wp-content\\\/uploads\\\/2019\\\/10\\\/2-rambo7kfoto1-850x500.jpg\",\"width\":666,\"height\":500},{\"@type\":\"BreadcrumbList\",\"@id\":\"https:\\\/\\\/meijerholland.nl\\\/de\\\/product\\\/rambo-7k\\\/#breadcrumb\",\"itemListElement\":[{\"@type\":\"ListItem\",\"position\":1,\"name\":\"Home\",\"item\":\"https:\\\/\\\/meijerholland.nl\\\/de\\\/\"},{\"@type\":\"ListItem\",\"position\":2,\"name\":\"Produkte\",\"item\":\"https:\\\/\\\/meijerholland.nl\\\/de\\\/produkte\\\/\"},{\"@type\":\"ListItem\",\"position\":3,\"name\":\"Grote balen\",\"item\":\"https:\\\/\\\/meijerholland.nl\\\/nl\\\/productcategorie\\\/grote-balen\\\/\"},{\"@type\":\"ListItem\",\"position\":4,\"name\":\"Rambo balenklem\",\"item\":\"https:\\\/\\\/meijerholland.nl\\\/nl\\\/productcategorie\\\/grote-balen\\\/rambo-balenklem\\\/\"},{\"@type\":\"ListItem\",\"position\":5,\"name\":\"Rambo 7K Ballengreifer klappbar\"}]},{\"@type\":\"WebSite\",\"@id\":\"https:\\\/\\\/meijerholland.nl\\\/en\\\/#website\",\"url\":\"https:\\\/\\\/meijerholland.nl\\\/en\\\/\",\"name\":\"Meijer Holland\",\"description\":\"Bale Handling Systems\u200e\",\"publisher\":{\"@id\":\"https:\\\/\\\/meijerholland.nl\\\/en\\\/#organization\"},\"potentialAction\":[{\"@type\":\"SearchAction\",\"target\":{\"@type\":\"EntryPoint\",\"urlTemplate\":\"https:\\\/\\\/meijerholland.nl\\\/en\\\/?s={search_term_string}\"},\"query-input\":{\"@type\":\"PropertyValueSpecification\",\"valueRequired\":true,\"valueName\":\"search_term_string\"}}],\"inLanguage\":\"de\"},{\"@type\":\"Organization\",\"@id\":\"https:\\\/\\\/meijerholland.nl\\\/en\\\/#organization\",\"name\":\"Meijer Holland\",\"url\":\"https:\\\/\\\/meijerholland.nl\\\/en\\\/\",\"logo\":{\"@type\":\"ImageObject\",\"inLanguage\":\"de\",\"@id\":\"https:\\\/\\\/meijerholland.nl\\\/en\\\/#\\\/schema\\\/logo\\\/image\\\/\",\"url\":\"https:\\\/\\\/meijerholland.nl\\\/wp-content\\\/uploads\\\/2019\\\/10\\\/MH-logo.jpg\",\"contentUrl\":\"https:\\\/\\\/meijerholland.nl\\\/wp-content\\\/uploads\\\/2019\\\/10\\\/MH-logo.jpg\",\"width\":3316,\"height\":614,\"caption\":\"Meijer Holland\"},\"image\":{\"@id\":\"https:\\\/\\\/meijerholland.nl\\\/en\\\/#\\\/schema\\\/logo\\\/image\\\/\"},\"sameAs\":[\"https:\\\/\\\/www.facebook.com\\\/meijerhollandbalehandlingsystems\\\/\",\"https:\\\/\\\/www.linkedin.com\\\/company\\\/meijer-holland---bale-handling-sytems\\\/\",\"https:\\\/\\\/www.instagram.com\\\/meijerholland\\\/\"]}]}<\/script>\n<!-- \/ Yoast SEO plugin. -->","yoast_head_json":{"title":"Rambo 7K Ballengreifer klappbar - Meijer Holland","description":"Rambo 7K Ballengreifer klappbar - Meijer Holland","robots":{"index":"index","follow":"follow","max-snippet":"max-snippet:-1","max-image-preview":"max-image-preview:large","max-video-preview":"max-video-preview:-1"},"canonical":"https:\/\/meijerholland.nl\/de\/product\/rambo-7k\/","og_locale":"de_DE","og_type":"article","og_title":"Rambo 7K Ballengreifer klappbar - Meijer Holland","og_description":"Rambo 7K Ballengreifer klappbar - Meijer Holland","og_url":"https:\/\/meijerholland.nl\/de\/product\/rambo-7k\/","og_site_name":"Meijer Holland","article_publisher":"https:\/\/www.facebook.com\/meijerhollandbalehandlingsystems\/","article_modified_time":"2024-02-28T07:49:19+00:00","og_image":[{"width":666,"height":500,"url":"https:\/\/meijerholland.nl\/wp-content\/uploads\/2019\/10\/2-rambo7kfoto1-850x500.jpg","type":"image\/jpeg"}],"twitter_card":"summary_large_image","twitter_misc":{"Gesch\u00e4tzte Lesezeit":"1\u00a0Minute"},"schema":{"@context":"https:\/\/schema.org","@graph":[{"@type":"WebPage","@id":"https:\/\/meijerholland.nl\/de\/product\/rambo-7k\/","url":"https:\/\/meijerholland.nl\/de\/product\/rambo-7k\/","name":"Rambo 7K Ballengreifer klappbar - Meijer Holland","isPartOf":{"@id":"https:\/\/meijerholland.nl\/en\/#website"},"primaryImageOfPage":{"@id":"https:\/\/meijerholland.nl\/de\/product\/rambo-7k\/#primaryimage"},"image":{"@id":"https:\/\/meijerholland.nl\/de\/product\/rambo-7k\/#primaryimage"},"thumbnailUrl":"https:\/\/meijerholland.nl\/wp-content\/uploads\/2019\/10\/2-rambo7kfoto1-850x500.jpg","datePublished":"2019-10-04T15:07:17+00:00","dateModified":"2024-02-28T07:49:19+00:00","description":"Rambo 7K Ballengreifer klappbar - Meijer Holland","breadcrumb":{"@id":"https:\/\/meijerholland.nl\/de\/product\/rambo-7k\/#breadcrumb"},"inLanguage":"de","potentialAction":[{"@type":"ReadAction","target":["https:\/\/meijerholland.nl\/de\/product\/rambo-7k\/"]}]},{"@type":"ImageObject","inLanguage":"de","@id":"https:\/\/meijerholland.nl\/de\/product\/rambo-7k\/#primaryimage","url":"https:\/\/meijerholland.nl\/wp-content\/uploads\/2019\/10\/2-rambo7kfoto1-850x500.jpg","contentUrl":"https:\/\/meijerholland.nl\/wp-content\/uploads\/2019\/10\/2-rambo7kfoto1-850x500.jpg","width":666,"height":500},{"@type":"BreadcrumbList","@id":"https:\/\/meijerholland.nl\/de\/product\/rambo-7k\/#breadcrumb","itemListElement":[{"@type":"ListItem","position":1,"name":"Home","item":"https:\/\/meijerholland.nl\/de\/"},{"@type":"ListItem","position":2,"name":"Produkte","item":"https:\/\/meijerholland.nl\/de\/produkte\/"},{"@type":"ListItem","position":3,"name":"Grote balen","item":"https:\/\/meijerholland.nl\/nl\/productcategorie\/grote-balen\/"},{"@type":"ListItem","position":4,"name":"Rambo balenklem","item":"https:\/\/meijerholland.nl\/nl\/productcategorie\/grote-balen\/rambo-balenklem\/"},{"@type":"ListItem","position":5,"name":"Rambo 7K Ballengreifer klappbar"}]},{"@type":"WebSite","@id":"https:\/\/meijerholland.nl\/en\/#website","url":"https:\/\/meijerholland.nl\/en\/","name":"Meijer Holland","description":"Bale Handling Systems\u200e","publisher":{"@id":"https:\/\/meijerholland.nl\/en\/#organization"},"potentialAction":[{"@type":"SearchAction","target":{"@type":"EntryPoint","urlTemplate":"https:\/\/meijerholland.nl\/en\/?s={search_term_string}"},"query-input":{"@type":"PropertyValueSpecification","valueRequired":true,"valueName":"search_term_string"}}],"inLanguage":"de"},{"@type":"Organization","@id":"https:\/\/meijerholland.nl\/en\/#organization","name":"Meijer Holland","url":"https:\/\/meijerholland.nl\/en\/","logo":{"@type":"ImageObject","inLanguage":"de","@id":"https:\/\/meijerholland.nl\/en\/#\/schema\/logo\/image\/","url":"https:\/\/meijerholland.nl\/wp-content\/uploads\/2019\/10\/MH-logo.jpg","contentUrl":"https:\/\/meijerholland.nl\/wp-content\/uploads\/2019\/10\/MH-logo.jpg","width":3316,"height":614,"caption":"Meijer Holland"},"image":{"@id":"https:\/\/meijerholland.nl\/en\/#\/schema\/logo\/image\/"},"sameAs":["https:\/\/www.facebook.com\/meijerhollandbalehandlingsystems\/","https:\/\/www.linkedin.com\/company\/meijer-holland---bale-handling-sytems\/","https:\/\/www.instagram.com\/meijerholland\/"]}]}},"_links":{"self":[{"href":"https:\/\/meijerholland.nl\/de\/wp-json\/wp\/v2\/product\/3375","targetHints":{"allow":["GET"]}}],"collection":[{"href":"https:\/\/meijerholland.nl\/de\/wp-json\/wp\/v2\/product"}],"about":[{"href":"https:\/\/meijerholland.nl\/de\/wp-json\/wp\/v2\/types\/product"}],"wp:featuredmedia":[{"embeddable":true,"href":"https:\/\/meijerholland.nl\/de\/wp-json\/wp\/v2\/media\/1021"}],"wp:attachment":[{"href":"https:\/\/meijerholland.nl\/de\/wp-json\/wp\/v2\/media?parent=3375"}],"wp:term":[{"taxonomy":"product_brand","embeddable":true,"href":"https:\/\/meijerholland.nl\/de\/wp-json\/wp\/v2\/product_brand?post=3375"},{"taxonomy":"product_cat","embeddable":true,"href":"https:\/\/meijerholland.nl\/de\/wp-json\/wp\/v2\/product_cat?post=3375"},{"taxonomy":"product_tag","embeddable":true,"href":"https:\/\/meijerholland.nl\/de\/wp-json\/wp\/v2\/product_tag?post=3375"}],"curies":[{"name":"wp","href":"https:\/\/api.w.org\/{rel}","templated":true}]}}