{"id":3381,"date":"2019-10-04T14:43:48","date_gmt":"2019-10-04T14:43:48","guid":{"rendered":"https:\/\/meijerholland.nl\/product\/flintstone\/"},"modified":"2026-03-26T11:59:44","modified_gmt":"2026-03-26T11:59:44","slug":"flintstone","status":"publish","type":"product","link":"https:\/\/meijerholland.nl\/de\/produkt\/flintstone\/","title":{"rendered":"Flintstone Ballensammler"},"content":{"rendered":"<p data-start=\"3893\" data-end=\"4114\">Der Flintstone Ballensammler ist f\u00fcr das vollst\u00e4ndig mechanische Sammeln und Stapeln von gro\u00dfen Stroh- und Heuballen auf dem Feld ausgelegt. Durch das direkte Sammeln hinter der Ballenpresse werden Arbeitsg\u00e4nge reduziert.<\/p>\n<p data-start=\"4116\" data-end=\"4313\">Der Ballensammler wird \u00fcber ein Plateau hinter der Presse montiert und legt die Ballen in Zweierstapeln ab. Dadurch wird die Feldlogistik verbessert und die Verarbeitung gro\u00dfer Ballen beschleunigt.<\/p>\n<h2 data-section-id=\"1iqn08\" data-start=\"4315\" data-end=\"4331\">Geeignet f\u00fcr<\/h2>\n<ul data-start=\"4333\" data-end=\"4487\">\n<li data-section-id=\"ca6d56\" data-start=\"4333\" data-end=\"4361\">2 Ballen pro Arbeitsgang<\/li>\n<li data-section-id=\"1utf5pf\" data-start=\"4362\" data-end=\"4389\">Ballen mit 240 x 120 cm<\/li>\n<li data-section-id=\"684fh8\" data-start=\"4390\" data-end=\"4421\">Ballenh\u00f6he von 70 bis 90 cm<\/li>\n<li data-section-id=\"6e862a\" data-start=\"4422\" data-end=\"4437\">Strohballen<\/li>\n<li data-section-id=\"1lcr0oo\" data-start=\"4438\" data-end=\"4451\">Heuballen<\/li>\n<li data-section-id=\"z76bsz\" data-start=\"4452\" data-end=\"4487\">Einsatz hinter der Ballenpresse<\/li>\n<\/ul>\n<h2 data-section-id=\"1emxvwk\" data-start=\"4489\" data-end=\"4509\">Ausgestattet mit<\/h2>\n<ul data-start=\"4511\" data-end=\"4554\">\n<li data-section-id=\"1ss5abk\" data-start=\"4511\" data-end=\"4554\">Plateau zur Montage an der Ballenpresse<\/li>\n<\/ul>\n<h2 data-section-id=\"19wmuj4\" data-start=\"4556\" data-end=\"4597\">Vorteile von Flintstone Ballensammler<\/h2>\n<ul data-start=\"4599\" data-end=\"4846\">\n<li data-section-id=\"lwyb3l\" data-start=\"4599\" data-end=\"4649\">Sammelt und stapelt Ballen direkt beim Pressen<\/li>\n<li data-section-id=\"1gqdm0j\" data-start=\"4650\" data-end=\"4691\">Reduziert Fahrbewegungen auf dem Feld<\/li>\n<li data-section-id=\"3jmx90\" data-start=\"4692\" data-end=\"4739\">Erh\u00f6ht die Effizienz der Ballenverarbeitung<\/li>\n<li data-section-id=\"a8a7pj\" data-start=\"4740\" data-end=\"4794\">Vollmechanischer Betrieb ohne zus\u00e4tzliche Antriebe<\/li>\n<li data-section-id=\"1ur7o0n\" data-start=\"4795\" data-end=\"4846\">Optimale Kombination mit dem Fred Ballengreifer<\/li>\n<\/ul>\n<h3 data-section-id=\"724hon\" data-start=\"1874\" data-end=\"1897\">Kontakt &amp; Anleitung<\/h3>\n<p data-start=\"1899\" data-end=\"2008\">F\u00fcr weitere Informationen oder Interesse an <strong><a href=\"https:\/\/meijerholland.nl\/de\/productcategorie\/massgeschneiderte-maschinen\/\">ma\u00dfgeschneiderten<\/a><\/strong> L\u00f6sungen? Kontaktieren Sie unsere Spezialisten.<\/p>\n<ul>\n<li><strong><a class=\"\" href=\"https:\/\/meijerholland.nl\/wp-content\/uploads\/2025\/01\/MHM-FS02-DU.pdf\" target=\"_new\" rel=\"noopener\" data-start=\"3103\" data-end=\"3229\">Bedienungsanleitung<\/a> <\/strong>herunterladen (PDF)<\/li>\n<li>Anrufen:<strong> <a href=\"callto:+31503126448\">+31 (0)50 \u2013 3126448<\/a><\/strong><\/li>\n<li>E-Mail: <strong><a href=\"mailto:info@meijerholland.com\" rel=\"noopener\" data-start=\"3121\" data-end=\"3143\">info@meijerholland.com<\/a><\/strong><\/li>\n<li>Oder f\u00fcllen Sie das <a href=\"https:\/\/meijerholland.nl\/de\/kontakt\/\">\u00a0<strong>Kontaktformular<\/strong><\/a> aus<\/li>\n<\/ul>\n<article class=\"text-token-text-primary w-full focus:outline-none [--shadow-height:45px] has-data-writing-block:pointer-events-none has-data-writing-block:-mt-(--shadow-height) has-data-writing-block:pt-(--shadow-height) [&amp;:has([data-writing-block])&gt;*]:pointer-events-auto [content-visibility:auto] supports-[content-visibility:auto]:[contain-intrinsic-size:auto_100lvh] scroll-mt-[calc(var(--header-height)+min(200px,max(70px,20svh)))]\" dir=\"auto\" tabindex=\"-1\" data-turn-id=\"request-WEB:43d86ba2-9d84-41be-aacd-b860b076cc45-8\" data-testid=\"conversation-turn-18\" data-scroll-anchor=\"true\" data-turn=\"assistant\">\n<div class=\"text-base my-auto mx-auto pb-10 [--thread-content-margin:--spacing(4)] thread-sm:[--thread-content-margin:--spacing(6)] thread-lg:[--thread-content-margin:--spacing(16)] px-(--thread-content-margin)\">\n<div class=\"[--thread-content-max-width:40rem] thread-lg:[--thread-content-max-width:48rem] mx-auto max-w-(--thread-content-max-width) flex-1 group\/turn-messages focus-visible:outline-hidden relative flex w-full min-w-0 flex-col agent-turn\" tabindex=\"-1\">\n<div class=\"flex max-w-full flex-col grow\">\n<div class=\"min-h-8 text-message relative flex w-full flex-col items-end gap-2 text-start break-words whitespace-normal [.text-message+&amp;]:mt-1\" dir=\"auto\" data-message-author-role=\"assistant\" data-message-id=\"0a4c2d3b-3753-4dac-91ae-44d24c3433c1\" data-message-model-slug=\"gpt-5\">\n<div class=\"flex w-full flex-col gap-1 empty:hidden first:pt-[1px]\">\n<div class=\"markdown prose dark:prose-invert w-full break-words light markdown-new-styling\">\n<h3 data-start=\"0\" data-end=\"50\">Video des Flintstone Ballensammlers im Einsatz<\/h3>\n<\/div>\n<\/div>\n<\/div>\n<\/div>\n<\/div>\n<\/div>\n<\/article>\n<p><iframe title=\"YouTube video player\" src=\"https:\/\/www.youtube.com\/embed\/cTbxIU3lbgc\" width=\"560\" height=\"315\" frameborder=\"0\" allowfullscreen=\"allowfullscreen\"><\/iframe><\/p>\n","protected":false},"excerpt":{"rendered":"<p>Der Flintstone Ballensammler ist f\u00fcr das vollst\u00e4ndig mechanische Sammeln und&#8230;<\/p>\n","protected":false},"featured_media":830,"template":"","meta":{"_acf_changed":false},"product_brand":[],"product_cat":[120],"product_tag":[],"class_list":{"0":"post-3381","1":"product","2":"type-product","3":"status-publish","4":"has-post-thumbnail","6":"product_cat-ballensammler","8":"first","9":"instock","10":"taxable","11":"shipping-taxable","12":"product-type-simple"},"acf":[],"yoast_head":"<!-- This site is optimized with the Yoast SEO plugin v27.3 - https:\/\/yoast.com\/product\/yoast-seo-wordpress\/ -->\n<title>Flintstone Ballensammler f\u00fcr Gro\u00dfballen | Meijer Holland<\/title>\n<meta name=\"description\" content=\"Flintstone Ballensammler f\u00fcr das Sammeln von 2 Stroh- oder Heuballen hinter der Presse. Weniger Fahrbewegungen und effizientere Verarbeitung im Feld.\" \/>\n<meta name=\"robots\" content=\"index, follow, max-snippet:-1, max-image-preview:large, max-video-preview:-1\" \/>\n<link rel=\"canonical\" href=\"https:\/\/meijerholland.nl\/de\/product\/flintstone\/\" \/>\n<meta property=\"og:locale\" content=\"de_DE\" \/>\n<meta property=\"og:type\" content=\"article\" \/>\n<meta property=\"og:title\" content=\"Flintstone Ballensammler f\u00fcr Gro\u00dfballen | Meijer Holland\" \/>\n<meta property=\"og:description\" content=\"Flintstone Ballensammler f\u00fcr das Sammeln von 2 Stroh- oder Heuballen hinter der Presse. Weniger Fahrbewegungen und effizientere Verarbeitung im Feld.\" \/>\n<meta property=\"og:url\" content=\"https:\/\/meijerholland.nl\/de\/product\/flintstone\/\" \/>\n<meta property=\"og:site_name\" content=\"Meijer Holland\" \/>\n<meta property=\"article:publisher\" content=\"https:\/\/www.facebook.com\/meijerhollandbalehandlingsystems\/\" \/>\n<meta property=\"article:modified_time\" content=\"2026-03-26T11:59:44+00:00\" \/>\n<meta property=\"og:image\" content=\"https:\/\/meijerholland.nl\/wp-content\/uploads\/2019\/10\/flintstonefoto1-850x500.jpg\" \/>\n\t<meta property=\"og:image:width\" content=\"666\" \/>\n\t<meta property=\"og:image:height\" content=\"500\" \/>\n\t<meta property=\"og:image:type\" content=\"image\/jpeg\" \/>\n<meta name=\"twitter:card\" content=\"summary_large_image\" \/>\n<meta name=\"twitter:label1\" content=\"Gesch\u00e4tzte Lesezeit\" \/>\n\t<meta name=\"twitter:data1\" content=\"2\u00a0Minuten\" \/>\n<script type=\"application\/ld+json\" class=\"yoast-schema-graph\">{\"@context\":\"https:\\\/\\\/schema.org\",\"@graph\":[{\"@type\":\"WebPage\",\"@id\":\"https:\\\/\\\/meijerholland.nl\\\/de\\\/product\\\/flintstone\\\/\",\"url\":\"https:\\\/\\\/meijerholland.nl\\\/de\\\/product\\\/flintstone\\\/\",\"name\":\"Flintstone Ballensammler f\u00fcr Gro\u00dfballen | Meijer Holland\",\"isPartOf\":{\"@id\":\"https:\\\/\\\/meijerholland.nl\\\/en\\\/#website\"},\"primaryImageOfPage\":{\"@id\":\"https:\\\/\\\/meijerholland.nl\\\/de\\\/product\\\/flintstone\\\/#primaryimage\"},\"image\":{\"@id\":\"https:\\\/\\\/meijerholland.nl\\\/de\\\/product\\\/flintstone\\\/#primaryimage\"},\"thumbnailUrl\":\"https:\\\/\\\/meijerholland.nl\\\/wp-content\\\/uploads\\\/2019\\\/10\\\/flintstonefoto1-850x500.jpg\",\"datePublished\":\"2019-10-04T14:43:48+00:00\",\"dateModified\":\"2026-03-26T11:59:44+00:00\",\"description\":\"Flintstone Ballensammler f\u00fcr das Sammeln von 2 Stroh- oder Heuballen hinter der Presse. Weniger Fahrbewegungen und effizientere Verarbeitung im Feld.\",\"breadcrumb\":{\"@id\":\"https:\\\/\\\/meijerholland.nl\\\/de\\\/product\\\/flintstone\\\/#breadcrumb\"},\"inLanguage\":\"de\",\"potentialAction\":[{\"@type\":\"ReadAction\",\"target\":[\"https:\\\/\\\/meijerholland.nl\\\/de\\\/product\\\/flintstone\\\/\"]}]},{\"@type\":\"ImageObject\",\"inLanguage\":\"de\",\"@id\":\"https:\\\/\\\/meijerholland.nl\\\/de\\\/product\\\/flintstone\\\/#primaryimage\",\"url\":\"https:\\\/\\\/meijerholland.nl\\\/wp-content\\\/uploads\\\/2019\\\/10\\\/flintstonefoto1-850x500.jpg\",\"contentUrl\":\"https:\\\/\\\/meijerholland.nl\\\/wp-content\\\/uploads\\\/2019\\\/10\\\/flintstonefoto1-850x500.jpg\",\"width\":666,\"height\":500,\"caption\":\"Volledig mechanische balenverzamelaar van Meijer Holland\"},{\"@type\":\"BreadcrumbList\",\"@id\":\"https:\\\/\\\/meijerholland.nl\\\/de\\\/product\\\/flintstone\\\/#breadcrumb\",\"itemListElement\":[{\"@type\":\"ListItem\",\"position\":1,\"name\":\"Home\",\"item\":\"https:\\\/\\\/meijerholland.nl\\\/de\\\/\"},{\"@type\":\"ListItem\",\"position\":2,\"name\":\"Produkte\",\"item\":\"https:\\\/\\\/meijerholland.nl\\\/de\\\/produkte\\\/\"},{\"@type\":\"ListItem\",\"position\":3,\"name\":\"Grote balen\",\"item\":\"https:\\\/\\\/meijerholland.nl\\\/nl\\\/productcategorie\\\/grote-balen\\\/\"},{\"@type\":\"ListItem\",\"position\":4,\"name\":\"Balenverzamelaar\",\"item\":\"https:\\\/\\\/meijerholland.nl\\\/nl\\\/productcategorie\\\/grote-balen\\\/balenverzamelaar\\\/\"},{\"@type\":\"ListItem\",\"position\":5,\"name\":\"Flintstone Ballensammler\"}]},{\"@type\":\"WebSite\",\"@id\":\"https:\\\/\\\/meijerholland.nl\\\/en\\\/#website\",\"url\":\"https:\\\/\\\/meijerholland.nl\\\/en\\\/\",\"name\":\"Meijer Holland\",\"description\":\"Bale Handling Systems\u200e\",\"publisher\":{\"@id\":\"https:\\\/\\\/meijerholland.nl\\\/en\\\/#organization\"},\"potentialAction\":[{\"@type\":\"SearchAction\",\"target\":{\"@type\":\"EntryPoint\",\"urlTemplate\":\"https:\\\/\\\/meijerholland.nl\\\/en\\\/?s={search_term_string}\"},\"query-input\":{\"@type\":\"PropertyValueSpecification\",\"valueRequired\":true,\"valueName\":\"search_term_string\"}}],\"inLanguage\":\"de\"},{\"@type\":\"Organization\",\"@id\":\"https:\\\/\\\/meijerholland.nl\\\/en\\\/#organization\",\"name\":\"Meijer Holland\",\"url\":\"https:\\\/\\\/meijerholland.nl\\\/en\\\/\",\"logo\":{\"@type\":\"ImageObject\",\"inLanguage\":\"de\",\"@id\":\"https:\\\/\\\/meijerholland.nl\\\/en\\\/#\\\/schema\\\/logo\\\/image\\\/\",\"url\":\"https:\\\/\\\/meijerholland.nl\\\/wp-content\\\/uploads\\\/2019\\\/10\\\/MH-logo.jpg\",\"contentUrl\":\"https:\\\/\\\/meijerholland.nl\\\/wp-content\\\/uploads\\\/2019\\\/10\\\/MH-logo.jpg\",\"width\":3316,\"height\":614,\"caption\":\"Meijer Holland\"},\"image\":{\"@id\":\"https:\\\/\\\/meijerholland.nl\\\/en\\\/#\\\/schema\\\/logo\\\/image\\\/\"},\"sameAs\":[\"https:\\\/\\\/www.facebook.com\\\/meijerhollandbalehandlingsystems\\\/\",\"https:\\\/\\\/www.linkedin.com\\\/company\\\/meijer-holland---bale-handling-sytems\\\/\",\"https:\\\/\\\/www.instagram.com\\\/meijerholland\\\/\"]}]}<\/script>\n<!-- \/ Yoast SEO plugin. -->","yoast_head_json":{"title":"Flintstone Ballensammler f\u00fcr Gro\u00dfballen | Meijer Holland","description":"Flintstone Ballensammler f\u00fcr das Sammeln von 2 Stroh- oder Heuballen hinter der Presse. Weniger Fahrbewegungen und effizientere Verarbeitung im Feld.","robots":{"index":"index","follow":"follow","max-snippet":"max-snippet:-1","max-image-preview":"max-image-preview:large","max-video-preview":"max-video-preview:-1"},"canonical":"https:\/\/meijerholland.nl\/de\/product\/flintstone\/","og_locale":"de_DE","og_type":"article","og_title":"Flintstone Ballensammler f\u00fcr Gro\u00dfballen | Meijer Holland","og_description":"Flintstone Ballensammler f\u00fcr das Sammeln von 2 Stroh- oder Heuballen hinter der Presse. Weniger Fahrbewegungen und effizientere Verarbeitung im Feld.","og_url":"https:\/\/meijerholland.nl\/de\/product\/flintstone\/","og_site_name":"Meijer Holland","article_publisher":"https:\/\/www.facebook.com\/meijerhollandbalehandlingsystems\/","article_modified_time":"2026-03-26T11:59:44+00:00","og_image":[{"width":666,"height":500,"url":"https:\/\/meijerholland.nl\/wp-content\/uploads\/2019\/10\/flintstonefoto1-850x500.jpg","type":"image\/jpeg"}],"twitter_card":"summary_large_image","twitter_misc":{"Gesch\u00e4tzte Lesezeit":"2\u00a0Minuten"},"schema":{"@context":"https:\/\/schema.org","@graph":[{"@type":"WebPage","@id":"https:\/\/meijerholland.nl\/de\/product\/flintstone\/","url":"https:\/\/meijerholland.nl\/de\/product\/flintstone\/","name":"Flintstone Ballensammler f\u00fcr Gro\u00dfballen | Meijer Holland","isPartOf":{"@id":"https:\/\/meijerholland.nl\/en\/#website"},"primaryImageOfPage":{"@id":"https:\/\/meijerholland.nl\/de\/product\/flintstone\/#primaryimage"},"image":{"@id":"https:\/\/meijerholland.nl\/de\/product\/flintstone\/#primaryimage"},"thumbnailUrl":"https:\/\/meijerholland.nl\/wp-content\/uploads\/2019\/10\/flintstonefoto1-850x500.jpg","datePublished":"2019-10-04T14:43:48+00:00","dateModified":"2026-03-26T11:59:44+00:00","description":"Flintstone Ballensammler f\u00fcr das Sammeln von 2 Stroh- oder Heuballen hinter der Presse. Weniger Fahrbewegungen und effizientere Verarbeitung im Feld.","breadcrumb":{"@id":"https:\/\/meijerholland.nl\/de\/product\/flintstone\/#breadcrumb"},"inLanguage":"de","potentialAction":[{"@type":"ReadAction","target":["https:\/\/meijerholland.nl\/de\/product\/flintstone\/"]}]},{"@type":"ImageObject","inLanguage":"de","@id":"https:\/\/meijerholland.nl\/de\/product\/flintstone\/#primaryimage","url":"https:\/\/meijerholland.nl\/wp-content\/uploads\/2019\/10\/flintstonefoto1-850x500.jpg","contentUrl":"https:\/\/meijerholland.nl\/wp-content\/uploads\/2019\/10\/flintstonefoto1-850x500.jpg","width":666,"height":500,"caption":"Volledig mechanische balenverzamelaar van Meijer Holland"},{"@type":"BreadcrumbList","@id":"https:\/\/meijerholland.nl\/de\/product\/flintstone\/#breadcrumb","itemListElement":[{"@type":"ListItem","position":1,"name":"Home","item":"https:\/\/meijerholland.nl\/de\/"},{"@type":"ListItem","position":2,"name":"Produkte","item":"https:\/\/meijerholland.nl\/de\/produkte\/"},{"@type":"ListItem","position":3,"name":"Grote balen","item":"https:\/\/meijerholland.nl\/nl\/productcategorie\/grote-balen\/"},{"@type":"ListItem","position":4,"name":"Balenverzamelaar","item":"https:\/\/meijerholland.nl\/nl\/productcategorie\/grote-balen\/balenverzamelaar\/"},{"@type":"ListItem","position":5,"name":"Flintstone Ballensammler"}]},{"@type":"WebSite","@id":"https:\/\/meijerholland.nl\/en\/#website","url":"https:\/\/meijerholland.nl\/en\/","name":"Meijer Holland","description":"Bale Handling Systems\u200e","publisher":{"@id":"https:\/\/meijerholland.nl\/en\/#organization"},"potentialAction":[{"@type":"SearchAction","target":{"@type":"EntryPoint","urlTemplate":"https:\/\/meijerholland.nl\/en\/?s={search_term_string}"},"query-input":{"@type":"PropertyValueSpecification","valueRequired":true,"valueName":"search_term_string"}}],"inLanguage":"de"},{"@type":"Organization","@id":"https:\/\/meijerholland.nl\/en\/#organization","name":"Meijer Holland","url":"https:\/\/meijerholland.nl\/en\/","logo":{"@type":"ImageObject","inLanguage":"de","@id":"https:\/\/meijerholland.nl\/en\/#\/schema\/logo\/image\/","url":"https:\/\/meijerholland.nl\/wp-content\/uploads\/2019\/10\/MH-logo.jpg","contentUrl":"https:\/\/meijerholland.nl\/wp-content\/uploads\/2019\/10\/MH-logo.jpg","width":3316,"height":614,"caption":"Meijer Holland"},"image":{"@id":"https:\/\/meijerholland.nl\/en\/#\/schema\/logo\/image\/"},"sameAs":["https:\/\/www.facebook.com\/meijerhollandbalehandlingsystems\/","https:\/\/www.linkedin.com\/company\/meijer-holland---bale-handling-sytems\/","https:\/\/www.instagram.com\/meijerholland\/"]}]}},"_links":{"self":[{"href":"https:\/\/meijerholland.nl\/de\/wp-json\/wp\/v2\/product\/3381","targetHints":{"allow":["GET"]}}],"collection":[{"href":"https:\/\/meijerholland.nl\/de\/wp-json\/wp\/v2\/product"}],"about":[{"href":"https:\/\/meijerholland.nl\/de\/wp-json\/wp\/v2\/types\/product"}],"wp:featuredmedia":[{"embeddable":true,"href":"https:\/\/meijerholland.nl\/de\/wp-json\/wp\/v2\/media\/830"}],"wp:attachment":[{"href":"https:\/\/meijerholland.nl\/de\/wp-json\/wp\/v2\/media?parent=3381"}],"wp:term":[{"taxonomy":"product_brand","embeddable":true,"href":"https:\/\/meijerholland.nl\/de\/wp-json\/wp\/v2\/product_brand?post=3381"},{"taxonomy":"product_cat","embeddable":true,"href":"https:\/\/meijerholland.nl\/de\/wp-json\/wp\/v2\/product_cat?post=3381"},{"taxonomy":"product_tag","embeddable":true,"href":"https:\/\/meijerholland.nl\/de\/wp-json\/wp\/v2\/product_tag?post=3381"}],"curies":[{"name":"wp","href":"https:\/\/api.w.org\/{rel}","templated":true}]}}