{"id":3383,"date":"2019-10-04T14:50:05","date_gmt":"2019-10-04T14:50:05","guid":{"rendered":"https:\/\/meijerholland.nl\/?post_type=product&#038;p=3383"},"modified":"2026-03-26T15:15:04","modified_gmt":"2026-03-26T15:15:04","slug":"windrow-hvm","status":"publish","type":"product","link":"https:\/\/meijerholland.nl\/de\/produkt\/windrow-hvm\/","title":{"rendered":"Windrow HVM Ballensammler"},"content":{"rendered":"<p data-start=\"3063\" data-end=\"3236\">Angeschlossen an den Presskanal der Ballenpresse sammelt der Windrow HVM gro\u00dfe Stroh- oder Heuballen. Die Ballen werden direkt hinter der Presse aufgenommen und verarbeitet.<\/p>\n<p data-start=\"3238\" data-end=\"3526\">Ein Sensor zeigt an, wann ein Ballen entladen werden kann. Anschlie\u00dfend k\u00f6nnen weitere 1,20 Meter gepresst werden, um Ballen aus verschiedenen Schwaden nebeneinander auf dem Feld abzulegen. Die letzten 1,50 Meter der Rollenbahn schwenken hydraulisch nach unten, um den Ballen zu entladen.<\/p>\n<p><iframe src=\"https:\/\/www.youtube.com\/embed\/3_S11jI_7wE\" width=\"560\" height=\"350\" frameborder=\"0\" data-mce-fragment=\"1\"><span data-mce-type=\"bookmark\" style=\"display: inline-block; width: 0px; overflow: hidden; line-height: 0;\" class=\"mce_SELRES_start\">\ufeff<\/span><\/iframe><\/p>\n<h2 data-section-id=\"7wwzmj\" data-start=\"3528\" data-end=\"3543\">Geeignet f\u00fcr<\/h2>\n<ul data-start=\"3545\" data-end=\"3637\">\n<li data-section-id=\"rvd9hc\" data-start=\"3545\" data-end=\"3637\">2 Ballen mit den Abmessungen:\n<ul data-start=\"3579\" data-end=\"3637\">\n<li data-section-id=\"5n7qqc\" data-start=\"3579\" data-end=\"3595\">L\u00e4nge 240 cm<\/li>\n<li data-section-id=\"he6y7s\" data-start=\"3598\" data-end=\"3615\">Breite 120 cm<\/li>\n<li data-section-id=\"swhhd4\" data-start=\"3618\" data-end=\"3637\">H\u00f6he 70 \u2013 90 cm<\/li>\n<\/ul>\n<\/li>\n<\/ul>\n<h2 data-section-id=\"ltxsp0\" data-start=\"3639\" data-end=\"3656\">Ausgef\u00fchrt mit<\/h2>\n<ul data-start=\"3658\" data-end=\"3828\">\n<li data-section-id=\"1i2quev\" data-start=\"3658\" data-end=\"3677\">Steigrollenbahn<\/li>\n<li data-section-id=\"1fdx25b\" data-start=\"3678\" data-end=\"3710\">Sensor f\u00fcr Signal zur Kabine<\/li>\n<li data-section-id=\"1byimxn\" data-start=\"3711\" data-end=\"3729\">1 Schwenkgabel<\/li>\n<li data-section-id=\"1jyds7f\" data-start=\"3730\" data-end=\"3828\">Einzigartiges Bremssystem, das ein Schwingen der Schwenkgabel beim Stra\u00dfentransport verhindert<\/li>\n<\/ul>\n<h2 data-section-id=\"ok4ctg\" data-start=\"3830\" data-end=\"3871\">Vorteile von Windrow HVM Ballensammler<\/h2>\n<ul data-start=\"3873\" data-end=\"4120\">\n<li data-section-id=\"1xnxktt\" data-start=\"3873\" data-end=\"3951\">Schnelle Bearbeitungszeit, da die Ballen nebeneinander auf dem Feld liegen<\/li>\n<li data-section-id=\"11ci0ho\" data-start=\"3952\" data-end=\"4023\">Kann gut in Kombination mit dem Fred Ballengreifer verwendet werden<\/li>\n<li data-section-id=\"vhpvtj\" data-start=\"4024\" data-end=\"4080\">Weniger Probleme mit Spritzwegen dank das breite Rad<\/li>\n<li data-section-id=\"81yq3m\" data-start=\"4081\" data-end=\"4120\">Funktioniert einfach und problemlos<\/li>\n<\/ul>\n<h3 data-section-id=\"724hon\" data-start=\"1874\" data-end=\"1897\">Kontakt<\/h3>\n<p data-start=\"1899\" data-end=\"2008\">F\u00fcr weitere Informationen oder Interesse an <strong><a href=\"https:\/\/meijerholland.nl\/de\/productcategorie\/massgeschneiderte-maschinen\/\">ma\u00dfgeschneiderten<\/a><\/strong> L\u00f6sungen? Kontaktieren Sie unsere Spezialisten.<\/p>\n<ul>\n<li>Anrufen:<strong> <a href=\"callto:+31503126448\">+31 (0)50 \u2013 3126448<\/a><\/strong><\/li>\n<li>E-Mail: <strong><a href=\"mailto:info@meijerholland.com\" rel=\"noopener\" data-start=\"3121\" data-end=\"3143\">info@meijerholland.com<\/a><\/strong><\/li>\n<li>Oder f\u00fcllen Sie das <a href=\"https:\/\/meijerholland.nl\/de\/kontakt\/\">\u00a0<strong>Kontaktformular<\/strong><\/a> aus<\/li>\n<\/ul>\n","protected":false},"excerpt":{"rendered":"<p>Angeschlossen an den Presskanal der Ballenpresse sammelt der Windrow HVM&#8230;<\/p>\n","protected":false},"featured_media":867,"template":"","meta":{"_acf_changed":false},"product_brand":[],"product_cat":[120],"product_tag":[],"class_list":{"0":"post-3383","1":"product","2":"type-product","3":"status-publish","4":"has-post-thumbnail","6":"product_cat-ballensammler","8":"first","9":"instock","10":"taxable","11":"shipping-taxable","12":"product-type-simple"},"acf":[],"yoast_head":"<!-- This site is optimized with the Yoast SEO plugin v27.3 - https:\/\/yoast.com\/product\/yoast-seo-wordpress\/ -->\n<title>Windrow HVM Ballensammler f\u00fcr Gro\u00dfe Ballen | Meijer Holland<\/title>\n<meta name=\"description\" content=\"Windrow HVM ballensammler f\u00fcr gro\u00dfe Stroh oder Heuballen. Geeignet f\u00fcr 2 Ballen von 240x120x70\u201390 cm und Anschluss an die Ballenpresse.\" \/>\n<meta name=\"robots\" content=\"index, follow, max-snippet:-1, max-image-preview:large, max-video-preview:-1\" \/>\n<link rel=\"canonical\" href=\"https:\/\/meijerholland.nl\/de\/produkt\/windrow-hvm\/\" \/>\n<meta property=\"og:locale\" content=\"de_DE\" \/>\n<meta property=\"og:type\" content=\"article\" \/>\n<meta property=\"og:title\" content=\"Windrow HVM Ballensammler f\u00fcr Gro\u00dfe Ballen | Meijer Holland\" \/>\n<meta property=\"og:description\" content=\"Windrow HVM ballensammler f\u00fcr gro\u00dfe Stroh oder Heuballen. Geeignet f\u00fcr 2 Ballen von 240x120x70\u201390 cm und Anschluss an die Ballenpresse.\" \/>\n<meta property=\"og:url\" content=\"https:\/\/meijerholland.nl\/de\/produkt\/windrow-hvm\/\" \/>\n<meta property=\"og:site_name\" content=\"Meijer Holland\" \/>\n<meta property=\"article:publisher\" content=\"https:\/\/www.facebook.com\/meijerhollandbalehandlingsystems\/\" \/>\n<meta property=\"article:modified_time\" content=\"2026-03-26T15:15:04+00:00\" \/>\n<meta property=\"og:image\" content=\"https:\/\/meijerholland.nl\/wp-content\/uploads\/2019\/10\/windrowhvmfoto3-850x500.jpg\" \/>\n\t<meta property=\"og:image:width\" content=\"666\" \/>\n\t<meta property=\"og:image:height\" content=\"500\" \/>\n\t<meta property=\"og:image:type\" content=\"image\/jpeg\" \/>\n<meta name=\"twitter:card\" content=\"summary_large_image\" \/>\n<meta name=\"twitter:label1\" content=\"Gesch\u00e4tzte Lesezeit\" \/>\n\t<meta name=\"twitter:data1\" content=\"2\u00a0Minuten\" \/>\n<script type=\"application\/ld+json\" class=\"yoast-schema-graph\">{\"@context\":\"https:\\\/\\\/schema.org\",\"@graph\":[{\"@type\":\"WebPage\",\"@id\":\"https:\\\/\\\/meijerholland.nl\\\/de\\\/produkt\\\/windrow-hvm\\\/\",\"url\":\"https:\\\/\\\/meijerholland.nl\\\/de\\\/produkt\\\/windrow-hvm\\\/\",\"name\":\"Windrow HVM Ballensammler f\u00fcr Gro\u00dfe Ballen | Meijer Holland\",\"isPartOf\":{\"@id\":\"https:\\\/\\\/meijerholland.nl\\\/en\\\/#website\"},\"primaryImageOfPage\":{\"@id\":\"https:\\\/\\\/meijerholland.nl\\\/de\\\/produkt\\\/windrow-hvm\\\/#primaryimage\"},\"image\":{\"@id\":\"https:\\\/\\\/meijerholland.nl\\\/de\\\/produkt\\\/windrow-hvm\\\/#primaryimage\"},\"thumbnailUrl\":\"https:\\\/\\\/meijerholland.nl\\\/wp-content\\\/uploads\\\/2019\\\/10\\\/windrowhvmfoto3-850x500.jpg\",\"datePublished\":\"2019-10-04T14:50:05+00:00\",\"dateModified\":\"2026-03-26T15:15:04+00:00\",\"description\":\"Windrow HVM ballensammler f\u00fcr gro\u00dfe Stroh oder Heuballen. Geeignet f\u00fcr 2 Ballen von 240x120x70\u201390 cm und Anschluss an die Ballenpresse.\",\"breadcrumb\":{\"@id\":\"https:\\\/\\\/meijerholland.nl\\\/de\\\/produkt\\\/windrow-hvm\\\/#breadcrumb\"},\"inLanguage\":\"de\",\"potentialAction\":[{\"@type\":\"ReadAction\",\"target\":[\"https:\\\/\\\/meijerholland.nl\\\/de\\\/produkt\\\/windrow-hvm\\\/\"]}]},{\"@type\":\"ImageObject\",\"inLanguage\":\"de\",\"@id\":\"https:\\\/\\\/meijerholland.nl\\\/de\\\/produkt\\\/windrow-hvm\\\/#primaryimage\",\"url\":\"https:\\\/\\\/meijerholland.nl\\\/wp-content\\\/uploads\\\/2019\\\/10\\\/windrowhvmfoto3-850x500.jpg\",\"contentUrl\":\"https:\\\/\\\/meijerholland.nl\\\/wp-content\\\/uploads\\\/2019\\\/10\\\/windrowhvmfoto3-850x500.jpg\",\"width\":666,\"height\":500},{\"@type\":\"BreadcrumbList\",\"@id\":\"https:\\\/\\\/meijerholland.nl\\\/de\\\/produkt\\\/windrow-hvm\\\/#breadcrumb\",\"itemListElement\":[{\"@type\":\"ListItem\",\"position\":1,\"name\":\"Home\",\"item\":\"https:\\\/\\\/meijerholland.nl\\\/de\\\/\"},{\"@type\":\"ListItem\",\"position\":2,\"name\":\"Produkte\",\"item\":\"https:\\\/\\\/meijerholland.nl\\\/de\\\/produkte\\\/\"},{\"@type\":\"ListItem\",\"position\":3,\"name\":\"Gro\u00dfe Ballen\",\"item\":\"https:\\\/\\\/meijerholland.nl\\\/de\\\/productcategorie\\\/grosse-ballen\\\/\"},{\"@type\":\"ListItem\",\"position\":4,\"name\":\"Ballensammler\",\"item\":\"https:\\\/\\\/meijerholland.nl\\\/de\\\/productcategorie\\\/grosse-ballen\\\/ballensammler\\\/\"},{\"@type\":\"ListItem\",\"position\":5,\"name\":\"Windrow HVM Ballensammler\"}]},{\"@type\":\"WebSite\",\"@id\":\"https:\\\/\\\/meijerholland.nl\\\/en\\\/#website\",\"url\":\"https:\\\/\\\/meijerholland.nl\\\/en\\\/\",\"name\":\"Meijer Holland\",\"description\":\"Bale Handling Systems\u200e\",\"publisher\":{\"@id\":\"https:\\\/\\\/meijerholland.nl\\\/en\\\/#organization\"},\"potentialAction\":[{\"@type\":\"SearchAction\",\"target\":{\"@type\":\"EntryPoint\",\"urlTemplate\":\"https:\\\/\\\/meijerholland.nl\\\/en\\\/?s={search_term_string}\"},\"query-input\":{\"@type\":\"PropertyValueSpecification\",\"valueRequired\":true,\"valueName\":\"search_term_string\"}}],\"inLanguage\":\"de\"},{\"@type\":\"Organization\",\"@id\":\"https:\\\/\\\/meijerholland.nl\\\/en\\\/#organization\",\"name\":\"Meijer Holland\",\"url\":\"https:\\\/\\\/meijerholland.nl\\\/en\\\/\",\"logo\":{\"@type\":\"ImageObject\",\"inLanguage\":\"de\",\"@id\":\"https:\\\/\\\/meijerholland.nl\\\/en\\\/#\\\/schema\\\/logo\\\/image\\\/\",\"url\":\"https:\\\/\\\/meijerholland.nl\\\/wp-content\\\/uploads\\\/2019\\\/10\\\/MH-logo.jpg\",\"contentUrl\":\"https:\\\/\\\/meijerholland.nl\\\/wp-content\\\/uploads\\\/2019\\\/10\\\/MH-logo.jpg\",\"width\":3316,\"height\":614,\"caption\":\"Meijer Holland\"},\"image\":{\"@id\":\"https:\\\/\\\/meijerholland.nl\\\/en\\\/#\\\/schema\\\/logo\\\/image\\\/\"},\"sameAs\":[\"https:\\\/\\\/www.facebook.com\\\/meijerhollandbalehandlingsystems\\\/\",\"https:\\\/\\\/www.linkedin.com\\\/company\\\/meijer-holland---bale-handling-sytems\\\/\",\"https:\\\/\\\/www.instagram.com\\\/meijerholland\\\/\"]}]}<\/script>\n<!-- \/ Yoast SEO plugin. -->","yoast_head_json":{"title":"Windrow HVM Ballensammler f\u00fcr Gro\u00dfe Ballen | Meijer Holland","description":"Windrow HVM ballensammler f\u00fcr gro\u00dfe Stroh oder Heuballen. Geeignet f\u00fcr 2 Ballen von 240x120x70\u201390 cm und Anschluss an die Ballenpresse.","robots":{"index":"index","follow":"follow","max-snippet":"max-snippet:-1","max-image-preview":"max-image-preview:large","max-video-preview":"max-video-preview:-1"},"canonical":"https:\/\/meijerholland.nl\/de\/produkt\/windrow-hvm\/","og_locale":"de_DE","og_type":"article","og_title":"Windrow HVM Ballensammler f\u00fcr Gro\u00dfe Ballen | Meijer Holland","og_description":"Windrow HVM ballensammler f\u00fcr gro\u00dfe Stroh oder Heuballen. Geeignet f\u00fcr 2 Ballen von 240x120x70\u201390 cm und Anschluss an die Ballenpresse.","og_url":"https:\/\/meijerholland.nl\/de\/produkt\/windrow-hvm\/","og_site_name":"Meijer Holland","article_publisher":"https:\/\/www.facebook.com\/meijerhollandbalehandlingsystems\/","article_modified_time":"2026-03-26T15:15:04+00:00","og_image":[{"width":666,"height":500,"url":"https:\/\/meijerholland.nl\/wp-content\/uploads\/2019\/10\/windrowhvmfoto3-850x500.jpg","type":"image\/jpeg"}],"twitter_card":"summary_large_image","twitter_misc":{"Gesch\u00e4tzte Lesezeit":"2\u00a0Minuten"},"schema":{"@context":"https:\/\/schema.org","@graph":[{"@type":"WebPage","@id":"https:\/\/meijerholland.nl\/de\/produkt\/windrow-hvm\/","url":"https:\/\/meijerholland.nl\/de\/produkt\/windrow-hvm\/","name":"Windrow HVM Ballensammler f\u00fcr Gro\u00dfe Ballen | Meijer Holland","isPartOf":{"@id":"https:\/\/meijerholland.nl\/en\/#website"},"primaryImageOfPage":{"@id":"https:\/\/meijerholland.nl\/de\/produkt\/windrow-hvm\/#primaryimage"},"image":{"@id":"https:\/\/meijerholland.nl\/de\/produkt\/windrow-hvm\/#primaryimage"},"thumbnailUrl":"https:\/\/meijerholland.nl\/wp-content\/uploads\/2019\/10\/windrowhvmfoto3-850x500.jpg","datePublished":"2019-10-04T14:50:05+00:00","dateModified":"2026-03-26T15:15:04+00:00","description":"Windrow HVM ballensammler f\u00fcr gro\u00dfe Stroh oder Heuballen. Geeignet f\u00fcr 2 Ballen von 240x120x70\u201390 cm und Anschluss an die Ballenpresse.","breadcrumb":{"@id":"https:\/\/meijerholland.nl\/de\/produkt\/windrow-hvm\/#breadcrumb"},"inLanguage":"de","potentialAction":[{"@type":"ReadAction","target":["https:\/\/meijerholland.nl\/de\/produkt\/windrow-hvm\/"]}]},{"@type":"ImageObject","inLanguage":"de","@id":"https:\/\/meijerholland.nl\/de\/produkt\/windrow-hvm\/#primaryimage","url":"https:\/\/meijerholland.nl\/wp-content\/uploads\/2019\/10\/windrowhvmfoto3-850x500.jpg","contentUrl":"https:\/\/meijerholland.nl\/wp-content\/uploads\/2019\/10\/windrowhvmfoto3-850x500.jpg","width":666,"height":500},{"@type":"BreadcrumbList","@id":"https:\/\/meijerholland.nl\/de\/produkt\/windrow-hvm\/#breadcrumb","itemListElement":[{"@type":"ListItem","position":1,"name":"Home","item":"https:\/\/meijerholland.nl\/de\/"},{"@type":"ListItem","position":2,"name":"Produkte","item":"https:\/\/meijerholland.nl\/de\/produkte\/"},{"@type":"ListItem","position":3,"name":"Gro\u00dfe Ballen","item":"https:\/\/meijerholland.nl\/de\/productcategorie\/grosse-ballen\/"},{"@type":"ListItem","position":4,"name":"Ballensammler","item":"https:\/\/meijerholland.nl\/de\/productcategorie\/grosse-ballen\/ballensammler\/"},{"@type":"ListItem","position":5,"name":"Windrow HVM Ballensammler"}]},{"@type":"WebSite","@id":"https:\/\/meijerholland.nl\/en\/#website","url":"https:\/\/meijerholland.nl\/en\/","name":"Meijer Holland","description":"Bale Handling Systems\u200e","publisher":{"@id":"https:\/\/meijerholland.nl\/en\/#organization"},"potentialAction":[{"@type":"SearchAction","target":{"@type":"EntryPoint","urlTemplate":"https:\/\/meijerholland.nl\/en\/?s={search_term_string}"},"query-input":{"@type":"PropertyValueSpecification","valueRequired":true,"valueName":"search_term_string"}}],"inLanguage":"de"},{"@type":"Organization","@id":"https:\/\/meijerholland.nl\/en\/#organization","name":"Meijer Holland","url":"https:\/\/meijerholland.nl\/en\/","logo":{"@type":"ImageObject","inLanguage":"de","@id":"https:\/\/meijerholland.nl\/en\/#\/schema\/logo\/image\/","url":"https:\/\/meijerholland.nl\/wp-content\/uploads\/2019\/10\/MH-logo.jpg","contentUrl":"https:\/\/meijerholland.nl\/wp-content\/uploads\/2019\/10\/MH-logo.jpg","width":3316,"height":614,"caption":"Meijer Holland"},"image":{"@id":"https:\/\/meijerholland.nl\/en\/#\/schema\/logo\/image\/"},"sameAs":["https:\/\/www.facebook.com\/meijerhollandbalehandlingsystems\/","https:\/\/www.linkedin.com\/company\/meijer-holland---bale-handling-sytems\/","https:\/\/www.instagram.com\/meijerholland\/"]}]}},"_links":{"self":[{"href":"https:\/\/meijerholland.nl\/de\/wp-json\/wp\/v2\/product\/3383","targetHints":{"allow":["GET"]}}],"collection":[{"href":"https:\/\/meijerholland.nl\/de\/wp-json\/wp\/v2\/product"}],"about":[{"href":"https:\/\/meijerholland.nl\/de\/wp-json\/wp\/v2\/types\/product"}],"wp:featuredmedia":[{"embeddable":true,"href":"https:\/\/meijerholland.nl\/de\/wp-json\/wp\/v2\/media\/867"}],"wp:attachment":[{"href":"https:\/\/meijerholland.nl\/de\/wp-json\/wp\/v2\/media?parent=3383"}],"wp:term":[{"taxonomy":"product_brand","embeddable":true,"href":"https:\/\/meijerholland.nl\/de\/wp-json\/wp\/v2\/product_brand?post=3383"},{"taxonomy":"product_cat","embeddable":true,"href":"https:\/\/meijerholland.nl\/de\/wp-json\/wp\/v2\/product_cat?post=3383"},{"taxonomy":"product_tag","embeddable":true,"href":"https:\/\/meijerholland.nl\/de\/wp-json\/wp\/v2\/product_tag?post=3383"}],"curies":[{"name":"wp","href":"https:\/\/api.w.org\/{rel}","templated":true}]}}