{"id":3388,"date":"2019-10-08T12:14:03","date_gmt":"2019-10-08T12:14:03","guid":{"rendered":"https:\/\/meijerholland.nl\/product\/meijer-km-12m\/"},"modified":"2026-03-26T15:00:05","modified_gmt":"2026-03-26T15:00:05","slug":"meijer-km-12m","status":"publish","type":"product","link":"https:\/\/meijerholland.nl\/de\/produkt\/meijer-km-12m\/","title":{"rendered":"Meijer KM12M Ballengreifer"},"content":{"rendered":"<p data-start=\"2436\" data-end=\"2629\">Die Meijer KM12M Ballenzange nimmt zw\u00f6lf kleine Stroh- oder Heuballen gleichzeitig auf. Die Ballen werden in drei Reihen zu je vier Ballen nebeneinander, in L\u00e4ngsrichtung der Maschine geklemmt.<\/p>\n<p data-start=\"2631\" data-end=\"2823\">Die Ballenzange wird an das Hydrauliksystem eines Teleskopladers, Frontladers, Radladers oder Krans angeschlossen. Dadurch ist der Einsatz in verschiedenen Lade- und Umschlagprozessen m\u00f6glich.<\/p>\n<h2 data-start=\"2825\" data-end=\"2841\"><strong data-start=\"2825\" data-end=\"2841\">Geeignet f\u00fcr<\/strong><\/h2>\n<ul data-start=\"2843\" data-end=\"2923\">\n<li data-section-id=\"i6w5z5\" data-start=\"2843\" data-end=\"2923\">12 Ballen mit den Ma\u00dfen:\n<ul data-start=\"2872\" data-end=\"2923\">\n<li data-section-id=\"mtwjwv\" data-start=\"2872\" data-end=\"2887\">L\u00e4nge 85 cm<\/li>\n<li data-section-id=\"1fa6mku\" data-start=\"2890\" data-end=\"2906\">Breite 50 cm<\/li>\n<li data-section-id=\"rqan01\" data-start=\"2909\" data-end=\"2923\">H\u00f6he 40 cm<\/li>\n<\/ul>\n<\/li>\n<\/ul>\n<h2 data-start=\"2925\" data-end=\"2943\"><strong data-start=\"2925\" data-end=\"2943\">Ausgef\u00fchrt mit<\/strong><\/h2>\n<ul data-start=\"2945\" data-end=\"3003\">\n<li data-section-id=\"3zwn1h\" data-start=\"2945\" data-end=\"2974\">Doppeltwirkendem Zylinder<\/li>\n<li data-section-id=\"49z36r\" data-start=\"2975\" data-end=\"3003\">Rotem F\u00fchrungsarm rechts<\/li>\n<\/ul>\n<h2 data-start=\"3005\" data-end=\"3046\"><strong data-start=\"3005\" data-end=\"3046\">Vorteile von Meijer KM12M Ballenzange<\/strong><\/h2>\n<ul data-start=\"3048\" data-end=\"3155\">\n<li data-section-id=\"4cn7mt\" data-start=\"3048\" data-end=\"3113\">Die Ballen liegen durch den roten F\u00fchrungsarm fest aneinander<\/li>\n<li data-section-id=\"12f4q9c\" data-start=\"3114\" data-end=\"3155\">Schnelle Verarbeitung von Kleinballen<\/li>\n<\/ul>\n<h2 data-start=\"3157\" data-end=\"3198\"><strong data-start=\"3157\" data-end=\"3198\">Optionen f\u00fcr Meijer KM12M Ballenzange<\/strong><\/h2>\n<p data-start=\"3200\" data-end=\"3233\">Verf\u00fcgbar mit folgenden Optionen.<\/p>\n<ul data-start=\"3235\" data-end=\"3328\">\n<li data-section-id=\"tzxdfq\" data-start=\"3235\" data-end=\"3261\">Demontierbare Aufnahme<\/li>\n<li data-section-id=\"1dytph2\" data-start=\"3262\" data-end=\"3301\">2 Hydraulikschl\u00e4uche und Kupplungen<\/li>\n<li data-section-id=\"1ek970j\" data-start=\"3302\" data-end=\"3328\">Druckbegrenzungsventil<\/li>\n<\/ul>\n<h3 data-section-id=\"724hon\" data-start=\"1874\" data-end=\"1897\">Kontakt &amp; Anleitung<\/h3>\n<p data-start=\"1899\" data-end=\"2008\">F\u00fcr weitere Informationen oder Interesse an\u00a0<strong><a href=\"https:\/\/meijerholland.nl\/de\/productcategorie\/massgeschneiderte-maschinen\/\">ma\u00dfgeschneiderten<\/a><\/strong>\u00a0L\u00f6sungen? Kontaktieren Sie unsere Spezialisten.<\/p>\n<ul>\n<li><strong><a href=\"https:\/\/meijerholland.nl\/wp-content\/uploads\/2025\/01\/MHM-KM-DU.pdf\">Bedienungsanleitung<\/a>\u00a0<\/strong>herunterladen (PDF)<\/li>\n<li>Anrufen:<strong>\u00a0<a href=\"callto:+31503126448\">+31 (0)50 \u2013 3126448<\/a><\/strong><\/li>\n<li>E-Mail:\u00a0<strong><a href=\"mailto:info@meijerholland.com\" rel=\"noopener\" data-start=\"3121\" data-end=\"3143\">info@meijerholland.com<\/a><\/strong><\/li>\n<li>Oder f\u00fcllen Sie das\u00a0<a href=\"https:\/\/meijerholland.nl\/de\/kontakt\/\">\u00a0<strong>Kontaktformular<\/strong><\/a>\u00a0aus<\/li>\n<\/ul>\n","protected":false},"excerpt":{"rendered":"<p>Die Meijer KM12M Ballenzange nimmt zw\u00f6lf kleine Stroh- oder Heuballen&#8230;<\/p>\n","protected":false},"featured_media":8331,"template":"","meta":{"_acf_changed":false},"product_brand":[],"product_cat":[126],"product_tag":[],"class_list":{"0":"post-3388","1":"product","2":"type-product","3":"status-publish","4":"has-post-thumbnail","6":"product_cat-meijer-km-ballenzange","8":"first","9":"instock","10":"taxable","11":"shipping-taxable","12":"product-type-simple"},"acf":[],"yoast_head":"<!-- This site is optimized with the Yoast SEO plugin v27.3 - https:\/\/yoast.com\/product\/yoast-seo-wordpress\/ -->\n<title>Meijer KM12M Ballenzange f\u00fcr Kleine Ballen | Meijer Holland<\/title>\n<meta name=\"description\" content=\"Ballenzange f\u00fcr 12 kleine Stroh oder Heuballen. Geeignet f\u00fcr Teleskoplader oder Radlader. Kapazit\u00e4t 12 Ballen 85x50x40 cm f\u00fcr effizientes Handling.\" \/>\n<meta name=\"robots\" content=\"index, follow, max-snippet:-1, max-image-preview:large, max-video-preview:-1\" \/>\n<link rel=\"canonical\" href=\"https:\/\/meijerholland.nl\/de\/produkt\/meijer-km-12m\/\" \/>\n<meta property=\"og:locale\" content=\"de_DE\" \/>\n<meta property=\"og:type\" content=\"article\" \/>\n<meta property=\"og:title\" content=\"Meijer KM12M Ballenzange f\u00fcr Kleine Ballen | Meijer Holland\" \/>\n<meta property=\"og:description\" content=\"Ballenzange f\u00fcr 12 kleine Stroh oder Heuballen. Geeignet f\u00fcr Teleskoplader oder Radlader. Kapazit\u00e4t 12 Ballen 85x50x40 cm f\u00fcr effizientes Handling.\" \/>\n<meta property=\"og:url\" content=\"https:\/\/meijerholland.nl\/de\/produkt\/meijer-km-12m\/\" \/>\n<meta property=\"og:site_name\" content=\"Meijer Holland\" \/>\n<meta property=\"article:publisher\" content=\"https:\/\/www.facebook.com\/meijerhollandbalehandlingsystems\/\" \/>\n<meta property=\"article:modified_time\" content=\"2026-03-26T15:00:05+00:00\" \/>\n<meta property=\"og:image\" content=\"https:\/\/meijerholland.nl\/wp-content\/uploads\/2019\/10\/Meijer-KM12.png\" \/>\n\t<meta property=\"og:image:width\" content=\"800\" \/>\n\t<meta property=\"og:image:height\" content=\"901\" \/>\n\t<meta property=\"og:image:type\" content=\"image\/png\" \/>\n<meta name=\"twitter:card\" content=\"summary_large_image\" \/>\n<meta name=\"twitter:label1\" content=\"Gesch\u00e4tzte Lesezeit\" \/>\n\t<meta name=\"twitter:data1\" content=\"1\u00a0Minute\" \/>\n<script type=\"application\/ld+json\" class=\"yoast-schema-graph\">{\"@context\":\"https:\\\/\\\/schema.org\",\"@graph\":[{\"@type\":\"WebPage\",\"@id\":\"https:\\\/\\\/meijerholland.nl\\\/de\\\/produkt\\\/meijer-km-12m\\\/\",\"url\":\"https:\\\/\\\/meijerholland.nl\\\/de\\\/produkt\\\/meijer-km-12m\\\/\",\"name\":\"Meijer KM12M Ballenzange f\u00fcr Kleine Ballen | Meijer Holland\",\"isPartOf\":{\"@id\":\"https:\\\/\\\/meijerholland.nl\\\/en\\\/#website\"},\"primaryImageOfPage\":{\"@id\":\"https:\\\/\\\/meijerholland.nl\\\/de\\\/produkt\\\/meijer-km-12m\\\/#primaryimage\"},\"image\":{\"@id\":\"https:\\\/\\\/meijerholland.nl\\\/de\\\/produkt\\\/meijer-km-12m\\\/#primaryimage\"},\"thumbnailUrl\":\"https:\\\/\\\/meijerholland.nl\\\/wp-content\\\/uploads\\\/2019\\\/10\\\/Meijer-KM12.png\",\"datePublished\":\"2019-10-08T12:14:03+00:00\",\"dateModified\":\"2026-03-26T15:00:05+00:00\",\"description\":\"Ballenzange f\u00fcr 12 kleine Stroh oder Heuballen. Geeignet f\u00fcr Teleskoplader oder Radlader. Kapazit\u00e4t 12 Ballen 85x50x40 cm f\u00fcr effizientes Handling.\",\"breadcrumb\":{\"@id\":\"https:\\\/\\\/meijerholland.nl\\\/de\\\/produkt\\\/meijer-km-12m\\\/#breadcrumb\"},\"inLanguage\":\"de\",\"potentialAction\":[{\"@type\":\"ReadAction\",\"target\":[\"https:\\\/\\\/meijerholland.nl\\\/de\\\/produkt\\\/meijer-km-12m\\\/\"]}]},{\"@type\":\"ImageObject\",\"inLanguage\":\"de\",\"@id\":\"https:\\\/\\\/meijerholland.nl\\\/de\\\/produkt\\\/meijer-km-12m\\\/#primaryimage\",\"url\":\"https:\\\/\\\/meijerholland.nl\\\/wp-content\\\/uploads\\\/2019\\\/10\\\/Meijer-KM12.png\",\"contentUrl\":\"https:\\\/\\\/meijerholland.nl\\\/wp-content\\\/uploads\\\/2019\\\/10\\\/Meijer-KM12.png\",\"width\":800,\"height\":901,\"caption\":\"meijer km12m balenklem\"},{\"@type\":\"BreadcrumbList\",\"@id\":\"https:\\\/\\\/meijerholland.nl\\\/de\\\/produkt\\\/meijer-km-12m\\\/#breadcrumb\",\"itemListElement\":[{\"@type\":\"ListItem\",\"position\":1,\"name\":\"Home\",\"item\":\"https:\\\/\\\/meijerholland.nl\\\/de\\\/\"},{\"@type\":\"ListItem\",\"position\":2,\"name\":\"Produkte\",\"item\":\"https:\\\/\\\/meijerholland.nl\\\/de\\\/produkte\\\/\"},{\"@type\":\"ListItem\",\"position\":3,\"name\":\"Kleine Ballen\",\"item\":\"https:\\\/\\\/meijerholland.nl\\\/de\\\/productcategorie\\\/kleine-ballen\\\/\"},{\"@type\":\"ListItem\",\"position\":4,\"name\":\"Meijer KM Ballengreifer\",\"item\":\"https:\\\/\\\/meijerholland.nl\\\/de\\\/productcategorie\\\/kleine-ballen\\\/meijer-km-ballenzange\\\/\"},{\"@type\":\"ListItem\",\"position\":5,\"name\":\"Meijer KM12M Ballengreifer\"}]},{\"@type\":\"WebSite\",\"@id\":\"https:\\\/\\\/meijerholland.nl\\\/en\\\/#website\",\"url\":\"https:\\\/\\\/meijerholland.nl\\\/en\\\/\",\"name\":\"Meijer Holland\",\"description\":\"Bale Handling Systems\u200e\",\"publisher\":{\"@id\":\"https:\\\/\\\/meijerholland.nl\\\/en\\\/#organization\"},\"potentialAction\":[{\"@type\":\"SearchAction\",\"target\":{\"@type\":\"EntryPoint\",\"urlTemplate\":\"https:\\\/\\\/meijerholland.nl\\\/en\\\/?s={search_term_string}\"},\"query-input\":{\"@type\":\"PropertyValueSpecification\",\"valueRequired\":true,\"valueName\":\"search_term_string\"}}],\"inLanguage\":\"de\"},{\"@type\":\"Organization\",\"@id\":\"https:\\\/\\\/meijerholland.nl\\\/en\\\/#organization\",\"name\":\"Meijer Holland\",\"url\":\"https:\\\/\\\/meijerholland.nl\\\/en\\\/\",\"logo\":{\"@type\":\"ImageObject\",\"inLanguage\":\"de\",\"@id\":\"https:\\\/\\\/meijerholland.nl\\\/en\\\/#\\\/schema\\\/logo\\\/image\\\/\",\"url\":\"https:\\\/\\\/meijerholland.nl\\\/wp-content\\\/uploads\\\/2019\\\/10\\\/MH-logo.jpg\",\"contentUrl\":\"https:\\\/\\\/meijerholland.nl\\\/wp-content\\\/uploads\\\/2019\\\/10\\\/MH-logo.jpg\",\"width\":3316,\"height\":614,\"caption\":\"Meijer Holland\"},\"image\":{\"@id\":\"https:\\\/\\\/meijerholland.nl\\\/en\\\/#\\\/schema\\\/logo\\\/image\\\/\"},\"sameAs\":[\"https:\\\/\\\/www.facebook.com\\\/meijerhollandbalehandlingsystems\\\/\",\"https:\\\/\\\/www.linkedin.com\\\/company\\\/meijer-holland---bale-handling-sytems\\\/\",\"https:\\\/\\\/www.instagram.com\\\/meijerholland\\\/\"]}]}<\/script>\n<!-- \/ Yoast SEO plugin. -->","yoast_head_json":{"title":"Meijer KM12M Ballenzange f\u00fcr Kleine Ballen | Meijer Holland","description":"Ballenzange f\u00fcr 12 kleine Stroh oder Heuballen. Geeignet f\u00fcr Teleskoplader oder Radlader. Kapazit\u00e4t 12 Ballen 85x50x40 cm f\u00fcr effizientes Handling.","robots":{"index":"index","follow":"follow","max-snippet":"max-snippet:-1","max-image-preview":"max-image-preview:large","max-video-preview":"max-video-preview:-1"},"canonical":"https:\/\/meijerholland.nl\/de\/produkt\/meijer-km-12m\/","og_locale":"de_DE","og_type":"article","og_title":"Meijer KM12M Ballenzange f\u00fcr Kleine Ballen | Meijer Holland","og_description":"Ballenzange f\u00fcr 12 kleine Stroh oder Heuballen. Geeignet f\u00fcr Teleskoplader oder Radlader. Kapazit\u00e4t 12 Ballen 85x50x40 cm f\u00fcr effizientes Handling.","og_url":"https:\/\/meijerholland.nl\/de\/produkt\/meijer-km-12m\/","og_site_name":"Meijer Holland","article_publisher":"https:\/\/www.facebook.com\/meijerhollandbalehandlingsystems\/","article_modified_time":"2026-03-26T15:00:05+00:00","og_image":[{"width":800,"height":901,"url":"https:\/\/meijerholland.nl\/wp-content\/uploads\/2019\/10\/Meijer-KM12.png","type":"image\/png"}],"twitter_card":"summary_large_image","twitter_misc":{"Gesch\u00e4tzte Lesezeit":"1\u00a0Minute"},"schema":{"@context":"https:\/\/schema.org","@graph":[{"@type":"WebPage","@id":"https:\/\/meijerholland.nl\/de\/produkt\/meijer-km-12m\/","url":"https:\/\/meijerholland.nl\/de\/produkt\/meijer-km-12m\/","name":"Meijer KM12M Ballenzange f\u00fcr Kleine Ballen | Meijer Holland","isPartOf":{"@id":"https:\/\/meijerholland.nl\/en\/#website"},"primaryImageOfPage":{"@id":"https:\/\/meijerholland.nl\/de\/produkt\/meijer-km-12m\/#primaryimage"},"image":{"@id":"https:\/\/meijerholland.nl\/de\/produkt\/meijer-km-12m\/#primaryimage"},"thumbnailUrl":"https:\/\/meijerholland.nl\/wp-content\/uploads\/2019\/10\/Meijer-KM12.png","datePublished":"2019-10-08T12:14:03+00:00","dateModified":"2026-03-26T15:00:05+00:00","description":"Ballenzange f\u00fcr 12 kleine Stroh oder Heuballen. Geeignet f\u00fcr Teleskoplader oder Radlader. Kapazit\u00e4t 12 Ballen 85x50x40 cm f\u00fcr effizientes Handling.","breadcrumb":{"@id":"https:\/\/meijerholland.nl\/de\/produkt\/meijer-km-12m\/#breadcrumb"},"inLanguage":"de","potentialAction":[{"@type":"ReadAction","target":["https:\/\/meijerholland.nl\/de\/produkt\/meijer-km-12m\/"]}]},{"@type":"ImageObject","inLanguage":"de","@id":"https:\/\/meijerholland.nl\/de\/produkt\/meijer-km-12m\/#primaryimage","url":"https:\/\/meijerholland.nl\/wp-content\/uploads\/2019\/10\/Meijer-KM12.png","contentUrl":"https:\/\/meijerholland.nl\/wp-content\/uploads\/2019\/10\/Meijer-KM12.png","width":800,"height":901,"caption":"meijer km12m balenklem"},{"@type":"BreadcrumbList","@id":"https:\/\/meijerholland.nl\/de\/produkt\/meijer-km-12m\/#breadcrumb","itemListElement":[{"@type":"ListItem","position":1,"name":"Home","item":"https:\/\/meijerholland.nl\/de\/"},{"@type":"ListItem","position":2,"name":"Produkte","item":"https:\/\/meijerholland.nl\/de\/produkte\/"},{"@type":"ListItem","position":3,"name":"Kleine Ballen","item":"https:\/\/meijerholland.nl\/de\/productcategorie\/kleine-ballen\/"},{"@type":"ListItem","position":4,"name":"Meijer KM Ballengreifer","item":"https:\/\/meijerholland.nl\/de\/productcategorie\/kleine-ballen\/meijer-km-ballenzange\/"},{"@type":"ListItem","position":5,"name":"Meijer KM12M Ballengreifer"}]},{"@type":"WebSite","@id":"https:\/\/meijerholland.nl\/en\/#website","url":"https:\/\/meijerholland.nl\/en\/","name":"Meijer Holland","description":"Bale Handling Systems\u200e","publisher":{"@id":"https:\/\/meijerholland.nl\/en\/#organization"},"potentialAction":[{"@type":"SearchAction","target":{"@type":"EntryPoint","urlTemplate":"https:\/\/meijerholland.nl\/en\/?s={search_term_string}"},"query-input":{"@type":"PropertyValueSpecification","valueRequired":true,"valueName":"search_term_string"}}],"inLanguage":"de"},{"@type":"Organization","@id":"https:\/\/meijerholland.nl\/en\/#organization","name":"Meijer Holland","url":"https:\/\/meijerholland.nl\/en\/","logo":{"@type":"ImageObject","inLanguage":"de","@id":"https:\/\/meijerholland.nl\/en\/#\/schema\/logo\/image\/","url":"https:\/\/meijerholland.nl\/wp-content\/uploads\/2019\/10\/MH-logo.jpg","contentUrl":"https:\/\/meijerholland.nl\/wp-content\/uploads\/2019\/10\/MH-logo.jpg","width":3316,"height":614,"caption":"Meijer Holland"},"image":{"@id":"https:\/\/meijerholland.nl\/en\/#\/schema\/logo\/image\/"},"sameAs":["https:\/\/www.facebook.com\/meijerhollandbalehandlingsystems\/","https:\/\/www.linkedin.com\/company\/meijer-holland---bale-handling-sytems\/","https:\/\/www.instagram.com\/meijerholland\/"]}]}},"_links":{"self":[{"href":"https:\/\/meijerholland.nl\/de\/wp-json\/wp\/v2\/product\/3388","targetHints":{"allow":["GET"]}}],"collection":[{"href":"https:\/\/meijerholland.nl\/de\/wp-json\/wp\/v2\/product"}],"about":[{"href":"https:\/\/meijerholland.nl\/de\/wp-json\/wp\/v2\/types\/product"}],"wp:featuredmedia":[{"embeddable":true,"href":"https:\/\/meijerholland.nl\/de\/wp-json\/wp\/v2\/media\/8331"}],"wp:attachment":[{"href":"https:\/\/meijerholland.nl\/de\/wp-json\/wp\/v2\/media?parent=3388"}],"wp:term":[{"taxonomy":"product_brand","embeddable":true,"href":"https:\/\/meijerholland.nl\/de\/wp-json\/wp\/v2\/product_brand?post=3388"},{"taxonomy":"product_cat","embeddable":true,"href":"https:\/\/meijerholland.nl\/de\/wp-json\/wp\/v2\/product_cat?post=3388"},{"taxonomy":"product_tag","embeddable":true,"href":"https:\/\/meijerholland.nl\/de\/wp-json\/wp\/v2\/product_tag?post=3388"}],"curies":[{"name":"wp","href":"https:\/\/api.w.org\/{rel}","templated":true}]}}