{"id":3391,"date":"2019-10-08T12:19:16","date_gmt":"2019-10-08T12:19:16","guid":{"rendered":"https:\/\/meijerholland.nl\/product\/meijer-km-15m\/"},"modified":"2026-03-26T15:04:49","modified_gmt":"2026-03-26T15:04:49","slug":"meijer-km-15m","status":"publish","type":"product","link":"https:\/\/meijerholland.nl\/de\/produkt\/meijer-km-15m\/","title":{"rendered":"Meijer KM15M Ballengreifer"},"content":{"rendered":"<p data-start=\"2583\" data-end=\"2779\">Die Meijer KM15M Ballenzange nimmt f\u00fcnfzehn kleine Stroh- oder Heuballen gleichzeitig auf. Die Ballen werden in drei Reihen zu je f\u00fcnf Ballen nebeneinander, in L\u00e4ngsrichtung der Maschine geklemmt.<\/p>\n<p data-start=\"2781\" data-end=\"2973\">Die Ballenzange wird an das Hydrauliksystem eines Teleskopladers, Frontladers, Radladers oder Krans angeschlossen. Dadurch ist der Einsatz in verschiedenen Lade- und Umschlagprozessen m\u00f6glich.<\/p>\n<h2 data-start=\"2975\" data-end=\"2991\"><strong data-start=\"2975\" data-end=\"2991\">Geeignet f\u00fcr<\/strong><\/h2>\n<ul data-start=\"2993\" data-end=\"3073\">\n<li data-section-id=\"1bqeh52\" data-start=\"2993\" data-end=\"3073\">15 Ballen mit den Ma\u00dfen:\n<ul data-start=\"3022\" data-end=\"3073\">\n<li data-section-id=\"mtwjwv\" data-start=\"3022\" data-end=\"3037\">L\u00e4nge 85 cm<\/li>\n<li data-section-id=\"1fa6mku\" data-start=\"3040\" data-end=\"3056\">Breite 50 cm<\/li>\n<li data-section-id=\"rqan01\" data-start=\"3059\" data-end=\"3073\">H\u00f6he 40 cm<\/li>\n<\/ul>\n<\/li>\n<\/ul>\n<h2 data-start=\"3075\" data-end=\"3093\"><strong data-start=\"3075\" data-end=\"3093\">Ausgef\u00fchrt mit<\/strong><\/h2>\n<ul data-start=\"3095\" data-end=\"3153\">\n<li data-section-id=\"3zwn1h\" data-start=\"3095\" data-end=\"3124\">Doppeltwirkendem Zylinder<\/li>\n<li data-section-id=\"49z36r\" data-start=\"3125\" data-end=\"3153\">Rotem F\u00fchrungsarm rechts<\/li>\n<\/ul>\n<h2 data-start=\"3155\" data-end=\"3196\"><strong data-start=\"3155\" data-end=\"3196\">Vorteile von Meijer KM15M Ballenzange<\/strong><\/h2>\n<ul data-start=\"3198\" data-end=\"3305\">\n<li data-section-id=\"4cn7mt\" data-start=\"3198\" data-end=\"3263\">Die Ballen liegen durch den roten F\u00fchrungsarm fest aneinander<\/li>\n<li data-section-id=\"12f4q9c\" data-start=\"3264\" data-end=\"3305\">Schnelle Verarbeitung von Kleinballen<\/li>\n<\/ul>\n<h2 data-start=\"3307\" data-end=\"3348\"><strong data-start=\"3307\" data-end=\"3348\">Optionen f\u00fcr Meijer KM15M Ballenzange<\/strong><\/h2>\n<p data-start=\"3350\" data-end=\"3383\">Verf\u00fcgbar mit folgenden Optionen.<\/p>\n<ul data-start=\"3385\" data-end=\"3478\">\n<li data-section-id=\"tzxdfq\" data-start=\"3385\" data-end=\"3411\">Demontierbare Aufnahme<\/li>\n<li data-section-id=\"1dytph2\" data-start=\"3412\" data-end=\"3451\">2 Hydraulikschl\u00e4uche und Kupplungen<\/li>\n<li data-section-id=\"1ek970j\" data-start=\"3452\" data-end=\"3478\">Druckbegrenzungsventil<\/li>\n<\/ul>\n<h3 data-section-id=\"724hon\" data-start=\"1874\" data-end=\"1897\">Kontakt &amp; Anleitung<\/h3>\n<p data-start=\"1899\" data-end=\"2008\">F\u00fcr weitere Informationen oder Interesse an\u00a0<strong><a href=\"https:\/\/meijerholland.nl\/de\/productcategorie\/massgeschneiderte-maschinen\/\">ma\u00dfgeschneiderten<\/a><\/strong>\u00a0L\u00f6sungen? Kontaktieren Sie unsere Spezialisten.<\/p>\n<ul>\n<li><strong><a href=\"https:\/\/meijerholland.nl\/wp-content\/uploads\/2025\/01\/MHM-KM-DU.pdf\">Bedienungsanleitung<\/a>\u00a0<\/strong>herunterladen (PDF)<\/li>\n<li>Anrufen:<strong>\u00a0<a href=\"callto:+31503126448\">+31 (0)50 \u2013 3126448<\/a><\/strong><\/li>\n<li>E-Mail:\u00a0<strong><a href=\"mailto:info@meijerholland.com\" rel=\"noopener\" data-start=\"3121\" data-end=\"3143\">info@meijerholland.com<\/a><\/strong><\/li>\n<li>Oder f\u00fcllen Sie das\u00a0<a href=\"https:\/\/meijerholland.nl\/de\/kontakt\/\">\u00a0<strong>Kontaktformular<\/strong><\/a>\u00a0aus<\/li>\n<\/ul>\n","protected":false},"excerpt":{"rendered":"<p>Die Meijer KM15M Ballenzange nimmt f\u00fcnfzehn kleine Stroh- oder Heuballen&#8230;<\/p>\n","protected":false},"featured_media":8136,"template":"","meta":{"_acf_changed":false},"product_brand":[],"product_cat":[126],"product_tag":[],"class_list":{"0":"post-3391","1":"product","2":"type-product","3":"status-publish","4":"has-post-thumbnail","6":"product_cat-meijer-km-ballenzange","8":"first","9":"instock","10":"taxable","11":"shipping-taxable","12":"product-type-simple"},"acf":[],"yoast_head":"<!-- This site is optimized with the Yoast SEO plugin v27.3 - https:\/\/yoast.com\/product\/yoast-seo-wordpress\/ -->\n<title>Meijer KM15M Ballenzange f\u00fcr Kleine Ballen | Meijer Holland<\/title>\n<meta name=\"description\" content=\"Meijer KM15M ballenzange f\u00fcr 15 kleine Stroh oder Heuballen. Geeignet f\u00fcr Teleskoplader oder Radlader. Kapazit\u00e4t 15 Ballen 85x50x40 cm.\" \/>\n<meta name=\"robots\" content=\"index, follow, max-snippet:-1, max-image-preview:large, max-video-preview:-1\" \/>\n<link rel=\"canonical\" href=\"https:\/\/meijerholland.nl\/de\/produkt\/meijer-km-15m\/\" \/>\n<meta property=\"og:locale\" content=\"de_DE\" \/>\n<meta property=\"og:type\" content=\"article\" \/>\n<meta property=\"og:title\" content=\"Meijer KM15M Ballenzange f\u00fcr Kleine Ballen | Meijer Holland\" \/>\n<meta property=\"og:description\" content=\"Meijer KM15M ballenzange f\u00fcr 15 kleine Stroh oder Heuballen. Geeignet f\u00fcr Teleskoplader oder Radlader. Kapazit\u00e4t 15 Ballen 85x50x40 cm.\" \/>\n<meta property=\"og:url\" content=\"https:\/\/meijerholland.nl\/de\/produkt\/meijer-km-15m\/\" \/>\n<meta property=\"og:site_name\" content=\"Meijer Holland\" \/>\n<meta property=\"article:publisher\" content=\"https:\/\/www.facebook.com\/meijerhollandbalehandlingsystems\/\" \/>\n<meta property=\"article:modified_time\" content=\"2026-03-26T15:04:49+00:00\" \/>\n<meta property=\"og:image\" content=\"https:\/\/meijerholland.nl\/wp-content\/uploads\/2019\/10\/km15.jpg\" \/>\n\t<meta property=\"og:image:width\" content=\"1080\" \/>\n\t<meta property=\"og:image:height\" content=\"720\" \/>\n\t<meta property=\"og:image:type\" content=\"image\/jpeg\" \/>\n<meta name=\"twitter:card\" content=\"summary_large_image\" \/>\n<meta name=\"twitter:label1\" content=\"Gesch\u00e4tzte Lesezeit\" \/>\n\t<meta name=\"twitter:data1\" content=\"1\u00a0Minute\" \/>\n<script type=\"application\/ld+json\" class=\"yoast-schema-graph\">{\"@context\":\"https:\\\/\\\/schema.org\",\"@graph\":[{\"@type\":\"WebPage\",\"@id\":\"https:\\\/\\\/meijerholland.nl\\\/de\\\/produkt\\\/meijer-km-15m\\\/\",\"url\":\"https:\\\/\\\/meijerholland.nl\\\/de\\\/produkt\\\/meijer-km-15m\\\/\",\"name\":\"Meijer KM15M Ballenzange f\u00fcr Kleine Ballen | Meijer Holland\",\"isPartOf\":{\"@id\":\"https:\\\/\\\/meijerholland.nl\\\/en\\\/#website\"},\"primaryImageOfPage\":{\"@id\":\"https:\\\/\\\/meijerholland.nl\\\/de\\\/produkt\\\/meijer-km-15m\\\/#primaryimage\"},\"image\":{\"@id\":\"https:\\\/\\\/meijerholland.nl\\\/de\\\/produkt\\\/meijer-km-15m\\\/#primaryimage\"},\"thumbnailUrl\":\"https:\\\/\\\/meijerholland.nl\\\/wp-content\\\/uploads\\\/2019\\\/10\\\/km15.jpg\",\"datePublished\":\"2019-10-08T12:19:16+00:00\",\"dateModified\":\"2026-03-26T15:04:49+00:00\",\"description\":\"Meijer KM15M ballenzange f\u00fcr 15 kleine Stroh oder Heuballen. Geeignet f\u00fcr Teleskoplader oder Radlader. Kapazit\u00e4t 15 Ballen 85x50x40 cm.\",\"breadcrumb\":{\"@id\":\"https:\\\/\\\/meijerholland.nl\\\/de\\\/produkt\\\/meijer-km-15m\\\/#breadcrumb\"},\"inLanguage\":\"de\",\"potentialAction\":[{\"@type\":\"ReadAction\",\"target\":[\"https:\\\/\\\/meijerholland.nl\\\/de\\\/produkt\\\/meijer-km-15m\\\/\"]}]},{\"@type\":\"ImageObject\",\"inLanguage\":\"de\",\"@id\":\"https:\\\/\\\/meijerholland.nl\\\/de\\\/produkt\\\/meijer-km-15m\\\/#primaryimage\",\"url\":\"https:\\\/\\\/meijerholland.nl\\\/wp-content\\\/uploads\\\/2019\\\/10\\\/km15.jpg\",\"contentUrl\":\"https:\\\/\\\/meijerholland.nl\\\/wp-content\\\/uploads\\\/2019\\\/10\\\/km15.jpg\",\"width\":1080,\"height\":720},{\"@type\":\"BreadcrumbList\",\"@id\":\"https:\\\/\\\/meijerholland.nl\\\/de\\\/produkt\\\/meijer-km-15m\\\/#breadcrumb\",\"itemListElement\":[{\"@type\":\"ListItem\",\"position\":1,\"name\":\"Home\",\"item\":\"https:\\\/\\\/meijerholland.nl\\\/de\\\/\"},{\"@type\":\"ListItem\",\"position\":2,\"name\":\"Produkte\",\"item\":\"https:\\\/\\\/meijerholland.nl\\\/de\\\/produkte\\\/\"},{\"@type\":\"ListItem\",\"position\":3,\"name\":\"Kleine Ballen\",\"item\":\"https:\\\/\\\/meijerholland.nl\\\/de\\\/productcategorie\\\/kleine-ballen\\\/\"},{\"@type\":\"ListItem\",\"position\":4,\"name\":\"Meijer KM Ballengreifer\",\"item\":\"https:\\\/\\\/meijerholland.nl\\\/de\\\/productcategorie\\\/kleine-ballen\\\/meijer-km-ballenzange\\\/\"},{\"@type\":\"ListItem\",\"position\":5,\"name\":\"Meijer KM15M Ballengreifer\"}]},{\"@type\":\"WebSite\",\"@id\":\"https:\\\/\\\/meijerholland.nl\\\/en\\\/#website\",\"url\":\"https:\\\/\\\/meijerholland.nl\\\/en\\\/\",\"name\":\"Meijer Holland\",\"description\":\"Bale Handling Systems\u200e\",\"publisher\":{\"@id\":\"https:\\\/\\\/meijerholland.nl\\\/en\\\/#organization\"},\"potentialAction\":[{\"@type\":\"SearchAction\",\"target\":{\"@type\":\"EntryPoint\",\"urlTemplate\":\"https:\\\/\\\/meijerholland.nl\\\/en\\\/?s={search_term_string}\"},\"query-input\":{\"@type\":\"PropertyValueSpecification\",\"valueRequired\":true,\"valueName\":\"search_term_string\"}}],\"inLanguage\":\"de\"},{\"@type\":\"Organization\",\"@id\":\"https:\\\/\\\/meijerholland.nl\\\/en\\\/#organization\",\"name\":\"Meijer Holland\",\"url\":\"https:\\\/\\\/meijerholland.nl\\\/en\\\/\",\"logo\":{\"@type\":\"ImageObject\",\"inLanguage\":\"de\",\"@id\":\"https:\\\/\\\/meijerholland.nl\\\/en\\\/#\\\/schema\\\/logo\\\/image\\\/\",\"url\":\"https:\\\/\\\/meijerholland.nl\\\/wp-content\\\/uploads\\\/2019\\\/10\\\/MH-logo.jpg\",\"contentUrl\":\"https:\\\/\\\/meijerholland.nl\\\/wp-content\\\/uploads\\\/2019\\\/10\\\/MH-logo.jpg\",\"width\":3316,\"height\":614,\"caption\":\"Meijer Holland\"},\"image\":{\"@id\":\"https:\\\/\\\/meijerholland.nl\\\/en\\\/#\\\/schema\\\/logo\\\/image\\\/\"},\"sameAs\":[\"https:\\\/\\\/www.facebook.com\\\/meijerhollandbalehandlingsystems\\\/\",\"https:\\\/\\\/www.linkedin.com\\\/company\\\/meijer-holland---bale-handling-sytems\\\/\",\"https:\\\/\\\/www.instagram.com\\\/meijerholland\\\/\"]}]}<\/script>\n<!-- \/ Yoast SEO plugin. -->","yoast_head_json":{"title":"Meijer KM15M Ballenzange f\u00fcr Kleine Ballen | Meijer Holland","description":"Meijer KM15M ballenzange f\u00fcr 15 kleine Stroh oder Heuballen. Geeignet f\u00fcr Teleskoplader oder Radlader. Kapazit\u00e4t 15 Ballen 85x50x40 cm.","robots":{"index":"index","follow":"follow","max-snippet":"max-snippet:-1","max-image-preview":"max-image-preview:large","max-video-preview":"max-video-preview:-1"},"canonical":"https:\/\/meijerholland.nl\/de\/produkt\/meijer-km-15m\/","og_locale":"de_DE","og_type":"article","og_title":"Meijer KM15M Ballenzange f\u00fcr Kleine Ballen | Meijer Holland","og_description":"Meijer KM15M ballenzange f\u00fcr 15 kleine Stroh oder Heuballen. Geeignet f\u00fcr Teleskoplader oder Radlader. Kapazit\u00e4t 15 Ballen 85x50x40 cm.","og_url":"https:\/\/meijerholland.nl\/de\/produkt\/meijer-km-15m\/","og_site_name":"Meijer Holland","article_publisher":"https:\/\/www.facebook.com\/meijerhollandbalehandlingsystems\/","article_modified_time":"2026-03-26T15:04:49+00:00","og_image":[{"width":1080,"height":720,"url":"https:\/\/meijerholland.nl\/wp-content\/uploads\/2019\/10\/km15.jpg","type":"image\/jpeg"}],"twitter_card":"summary_large_image","twitter_misc":{"Gesch\u00e4tzte Lesezeit":"1\u00a0Minute"},"schema":{"@context":"https:\/\/schema.org","@graph":[{"@type":"WebPage","@id":"https:\/\/meijerholland.nl\/de\/produkt\/meijer-km-15m\/","url":"https:\/\/meijerholland.nl\/de\/produkt\/meijer-km-15m\/","name":"Meijer KM15M Ballenzange f\u00fcr Kleine Ballen | Meijer Holland","isPartOf":{"@id":"https:\/\/meijerholland.nl\/en\/#website"},"primaryImageOfPage":{"@id":"https:\/\/meijerholland.nl\/de\/produkt\/meijer-km-15m\/#primaryimage"},"image":{"@id":"https:\/\/meijerholland.nl\/de\/produkt\/meijer-km-15m\/#primaryimage"},"thumbnailUrl":"https:\/\/meijerholland.nl\/wp-content\/uploads\/2019\/10\/km15.jpg","datePublished":"2019-10-08T12:19:16+00:00","dateModified":"2026-03-26T15:04:49+00:00","description":"Meijer KM15M ballenzange f\u00fcr 15 kleine Stroh oder Heuballen. Geeignet f\u00fcr Teleskoplader oder Radlader. Kapazit\u00e4t 15 Ballen 85x50x40 cm.","breadcrumb":{"@id":"https:\/\/meijerholland.nl\/de\/produkt\/meijer-km-15m\/#breadcrumb"},"inLanguage":"de","potentialAction":[{"@type":"ReadAction","target":["https:\/\/meijerholland.nl\/de\/produkt\/meijer-km-15m\/"]}]},{"@type":"ImageObject","inLanguage":"de","@id":"https:\/\/meijerholland.nl\/de\/produkt\/meijer-km-15m\/#primaryimage","url":"https:\/\/meijerholland.nl\/wp-content\/uploads\/2019\/10\/km15.jpg","contentUrl":"https:\/\/meijerholland.nl\/wp-content\/uploads\/2019\/10\/km15.jpg","width":1080,"height":720},{"@type":"BreadcrumbList","@id":"https:\/\/meijerholland.nl\/de\/produkt\/meijer-km-15m\/#breadcrumb","itemListElement":[{"@type":"ListItem","position":1,"name":"Home","item":"https:\/\/meijerholland.nl\/de\/"},{"@type":"ListItem","position":2,"name":"Produkte","item":"https:\/\/meijerholland.nl\/de\/produkte\/"},{"@type":"ListItem","position":3,"name":"Kleine Ballen","item":"https:\/\/meijerholland.nl\/de\/productcategorie\/kleine-ballen\/"},{"@type":"ListItem","position":4,"name":"Meijer KM Ballengreifer","item":"https:\/\/meijerholland.nl\/de\/productcategorie\/kleine-ballen\/meijer-km-ballenzange\/"},{"@type":"ListItem","position":5,"name":"Meijer KM15M Ballengreifer"}]},{"@type":"WebSite","@id":"https:\/\/meijerholland.nl\/en\/#website","url":"https:\/\/meijerholland.nl\/en\/","name":"Meijer Holland","description":"Bale Handling Systems\u200e","publisher":{"@id":"https:\/\/meijerholland.nl\/en\/#organization"},"potentialAction":[{"@type":"SearchAction","target":{"@type":"EntryPoint","urlTemplate":"https:\/\/meijerholland.nl\/en\/?s={search_term_string}"},"query-input":{"@type":"PropertyValueSpecification","valueRequired":true,"valueName":"search_term_string"}}],"inLanguage":"de"},{"@type":"Organization","@id":"https:\/\/meijerholland.nl\/en\/#organization","name":"Meijer Holland","url":"https:\/\/meijerholland.nl\/en\/","logo":{"@type":"ImageObject","inLanguage":"de","@id":"https:\/\/meijerholland.nl\/en\/#\/schema\/logo\/image\/","url":"https:\/\/meijerholland.nl\/wp-content\/uploads\/2019\/10\/MH-logo.jpg","contentUrl":"https:\/\/meijerholland.nl\/wp-content\/uploads\/2019\/10\/MH-logo.jpg","width":3316,"height":614,"caption":"Meijer Holland"},"image":{"@id":"https:\/\/meijerholland.nl\/en\/#\/schema\/logo\/image\/"},"sameAs":["https:\/\/www.facebook.com\/meijerhollandbalehandlingsystems\/","https:\/\/www.linkedin.com\/company\/meijer-holland---bale-handling-sytems\/","https:\/\/www.instagram.com\/meijerholland\/"]}]}},"_links":{"self":[{"href":"https:\/\/meijerholland.nl\/de\/wp-json\/wp\/v2\/product\/3391","targetHints":{"allow":["GET"]}}],"collection":[{"href":"https:\/\/meijerholland.nl\/de\/wp-json\/wp\/v2\/product"}],"about":[{"href":"https:\/\/meijerholland.nl\/de\/wp-json\/wp\/v2\/types\/product"}],"wp:featuredmedia":[{"embeddable":true,"href":"https:\/\/meijerholland.nl\/de\/wp-json\/wp\/v2\/media\/8136"}],"wp:attachment":[{"href":"https:\/\/meijerholland.nl\/de\/wp-json\/wp\/v2\/media?parent=3391"}],"wp:term":[{"taxonomy":"product_brand","embeddable":true,"href":"https:\/\/meijerholland.nl\/de\/wp-json\/wp\/v2\/product_brand?post=3391"},{"taxonomy":"product_cat","embeddable":true,"href":"https:\/\/meijerholland.nl\/de\/wp-json\/wp\/v2\/product_cat?post=3391"},{"taxonomy":"product_tag","embeddable":true,"href":"https:\/\/meijerholland.nl\/de\/wp-json\/wp\/v2\/product_tag?post=3391"}],"curies":[{"name":"wp","href":"https:\/\/api.w.org\/{rel}","templated":true}]}}