{"id":3397,"date":"2019-10-04T14:38:38","date_gmt":"2019-10-04T14:38:38","guid":{"rendered":"https:\/\/meijerholland.nl\/product\/limo-hydra-8\/"},"modified":"2026-03-26T13:39:58","modified_gmt":"2026-03-26T13:39:58","slug":"limo-hydra-8","status":"publish","type":"product","link":"https:\/\/meijerholland.nl\/de\/produkt\/limo-hydra-8\/","title":{"rendered":"Limo Hydra 8 Ballensammler"},"content":{"rendered":"<p data-start=\"2919\" data-end=\"3109\">Der Limo Hydra 8 ist f\u00fcr das Sammeln von acht kleinen Stroh- oder Heuballen in einem Arbeitsgang ausgelegt. Die Ballen werden in zwei Reihen mit jeweils vier Ballen nebeneinander abgelegt.<\/p>\n<p data-start=\"3111\" data-end=\"3354\">Der Antrieb erfolgt hydraulisch \u00fcber den Traktor, danach arbeitet das System mechanisch weiter. Die Montage erfolgt \u00fcber eine Zwischenplatte hinter der Ballenpresse. Auf Abh\u00e4ngen und sehr unebenem Gel\u00e4nde arbeitet die Maschine weniger optimal.<\/p>\n<h2 data-section-id=\"nzb0m3\" data-start=\"3356\" data-end=\"3373\">Geeignet f\u00fcr<\/h2>\n<ul data-start=\"3374\" data-end=\"3456\">\n<li data-section-id=\"1e00n43\" data-start=\"3374\" data-end=\"3456\">8 Ballen mit den Ma\u00dfen:\n<ul data-start=\"3404\" data-end=\"3456\">\n<li data-section-id=\"4xpqdy\" data-start=\"3404\" data-end=\"3420\">L\u00e4nge 105 cm<\/li>\n<li data-section-id=\"1fa6mku\" data-start=\"3423\" data-end=\"3439\">Breite 50 cm<\/li>\n<li data-section-id=\"rqan01\" data-start=\"3442\" data-end=\"3456\">H\u00f6he 40 cm<\/li>\n<\/ul>\n<\/li>\n<\/ul>\n<h2 data-section-id=\"1ebqpac\" data-start=\"3458\" data-end=\"3477\">Ausgef\u00fchrt mit<\/h2>\n<ul data-start=\"3478\" data-end=\"3596\">\n<li data-section-id=\"gva04g\" data-start=\"3478\" data-end=\"3511\">8 Rollen, davon 6 angetrieben<\/li>\n<li data-section-id=\"2nwnf9\" data-start=\"3512\" data-end=\"3560\">Zwischenplatte zur Befestigung an der Presse<\/li>\n<li data-section-id=\"1ypfosz\" data-start=\"3561\" data-end=\"3596\">2 Hydraulikschl\u00e4uche zur Presse<\/li>\n<\/ul>\n<h2 data-section-id=\"1qogte8\" data-start=\"3598\" data-end=\"3642\">Vorteile von Limo Hydra 8 Ballensammler<\/h2>\n<ul data-start=\"3643\" data-end=\"3861\">\n<li data-section-id=\"1me6y15\" data-start=\"3643\" data-end=\"3684\">Ballen schleifen nicht \u00fcber den Boden<\/li>\n<li data-section-id=\"n02u0g\" data-start=\"3685\" data-end=\"3739\">Hydraulischer Antrieb, weitere Funktion mechanisch<\/li>\n<li data-section-id=\"131mij8\" data-start=\"3740\" data-end=\"3793\">Breite R\u00e4der verhindern Probleme mit Spritzspuren<\/li>\n<li data-section-id=\"uql5xg\" data-start=\"3794\" data-end=\"3820\">St\u00f6rungsfreier Betrieb<\/li>\n<li data-section-id=\"d8xs3m\" data-start=\"3821\" data-end=\"3861\">Gr\u00f6\u00dfere Kapazit\u00e4t als der Limo Mecha<\/li>\n<\/ul>\n<h2 data-section-id=\"jbrllp\" data-start=\"3863\" data-end=\"3907\">Optionen f\u00fcr Limo Hydra 8 Ballensammler<\/h2>\n<p data-start=\"3908\" data-end=\"3948\">Erweiterbar mit zus\u00e4tzlichen Optionen.<\/p>\n<ul data-start=\"3949\" data-end=\"3968\">\n<li data-section-id=\"xaopoh\" data-start=\"3949\" data-end=\"3968\">Beleuchtungsset<\/li>\n<\/ul>\n<h3 data-section-id=\"724hon\" data-start=\"1874\" data-end=\"1897\">Kontakt &amp; Anleitung<\/h3>\n<p data-start=\"1899\" data-end=\"2008\">F\u00fcr weitere Informationen oder Interesse an <strong><a href=\"https:\/\/meijerholland.nl\/de\/productcategorie\/massgeschneiderte-maschinen\/\">ma\u00dfgeschneiderten<\/a><\/strong> L\u00f6sungen? Kontaktieren Sie unsere Spezialisten.<\/p>\n<ul>\n<li><strong><a href=\"https:\/\/meijerholland.nl\/wp-content\/uploads\/2025\/01\/MHM-LH-DU.pdf\">Bedienungsanleitung<\/a> <\/strong>herunterladen (PDF)<\/li>\n<li>Anrufen:<strong> <a href=\"callto:+31503126448\">+31 (0)50 \u2013 3126448<\/a><\/strong><\/li>\n<li>E-Mail: <strong><a href=\"mailto:info@meijerholland.com\" rel=\"noopener\" data-start=\"3121\" data-end=\"3143\">info@meijerholland.com<\/a><\/strong><\/li>\n<li>Oder f\u00fcllen Sie das <a href=\"https:\/\/meijerholland.nl\/de\/kontakt\/\">\u00a0<strong>Kontaktformular<\/strong><\/a> aus<\/li>\n<\/ul>\n<h3>Referenz<\/h3>\n<ul>\n<li><a title=\"''Limo Hydra: gutes System, das schnell funktioniert''\" href=\"http:\/\/www.meijerholland.nl\/deutsch\/news\/5464_limo-hydra-gutes-system-das-schnell-funktioniert\">Viehhaltung &amp; Lohnunternehmer M.J. van Leeuwen in Valkenburg, Niederlande<\/a><\/li>\n<li><a title=\"Kombination Limo Hydra 8 und Meijer KM 8 \u00fcbertrifft Erwartungen\" href=\"http:\/\/www.meijerholland.nl\/deutsch\/news\/5482_kombination-limo-hydra-8-und-meijer-km-8-%C3%BCbertrifft-erwartungen\">Futterhandel &amp; Lohnbetrieb Den Oudsten in Vianen, Niederlande\u00a0<\/a><\/li>\n<\/ul>\n<p><iframe src=\"https:\/\/www.youtube.com\/embed\/qh2_PxFLgc4\" width=\"560\" height=\"350\" frameborder=\"0\" data-mce-fragment=\"1\"><span data-mce-type=\"bookmark\" style=\"display: inline-block; width: 0px; overflow: hidden; line-height: 0;\" class=\"mce_SELRES_start\">\ufeff<\/span><\/iframe><\/p>\n<div class=\"ose-youtube ose-uid-d1c747901105f2ab8d5d6c0c87a38b46 ose-embedpress-responsive\" style=\"width:600px; height:550px; max-height:550px; max-width:100%; display:inline-block;\" data-embed-type=\"Youtube\"><iframe allowFullScreen=\"true\" title=\"Meijer Holland | Limo Hydra 8\" width=\"600\" height=\"550\" src=\"https:\/\/www.youtube.com\/embed\/gMds9sswv1g?feature=oembed&color=red&rel=0&controls=1&start=&end=&fs=0&iv_load_policy=0&autoplay=0&mute=0&modestbranding=0&cc_load_policy=1&playsinline=1\" frameborder=\"0\" allow=\"accelerometer; encrypted-media;accelerometer;autoplay;clipboard-write;gyroscope;picture-in-picture clipboard-write; encrypted-media; gyroscope; picture-in-picture; web-share\" referrerpolicy=\"strict-origin-when-cross-origin\" allowfullscreen><\/iframe><\/div>\n","protected":false},"excerpt":{"rendered":"<p>Der Limo Hydra 8 ist f\u00fcr das Sammeln von acht&#8230;<\/p>\n","protected":false},"featured_media":785,"template":"","meta":{"_acf_changed":false},"product_brand":[],"product_cat":[125],"product_tag":[],"class_list":{"0":"post-3397","1":"product","2":"type-product","3":"status-publish","4":"has-post-thumbnail","6":"product_cat-limo-ballensammler","8":"first","9":"instock","10":"taxable","11":"shipping-taxable","12":"product-type-simple"},"acf":[],"yoast_head":"<!-- This site is optimized with the Yoast SEO plugin v27.3 - https:\/\/yoast.com\/product\/yoast-seo-wordpress\/ -->\n<title>Limo Hydra 8 Ballensammler Kleine Ballen | Meijer Holland<\/title>\n<meta name=\"description\" content=\"Ballensammler f\u00fcr 8 kleine Stroh- oder Heuballen. Hydraulisch angetrieben und hinter der Presse montiert. Effizient auf ebenem Gel\u00e4nde.\" \/>\n<meta name=\"robots\" content=\"index, follow, max-snippet:-1, max-image-preview:large, max-video-preview:-1\" \/>\n<link rel=\"canonical\" href=\"https:\/\/meijerholland.nl\/de\/product\/limo-hydra-8\/\" \/>\n<meta property=\"og:locale\" content=\"de_DE\" \/>\n<meta property=\"og:type\" content=\"article\" \/>\n<meta property=\"og:title\" content=\"Limo Hydra 8 Ballensammler Kleine Ballen | Meijer Holland\" \/>\n<meta property=\"og:description\" content=\"Ballensammler f\u00fcr 8 kleine Stroh- oder Heuballen. Hydraulisch angetrieben und hinter der Presse montiert. Effizient auf ebenem Gel\u00e4nde.\" \/>\n<meta property=\"og:url\" content=\"https:\/\/meijerholland.nl\/de\/product\/limo-hydra-8\/\" \/>\n<meta property=\"og:site_name\" content=\"Meijer Holland\" \/>\n<meta property=\"article:publisher\" content=\"https:\/\/www.facebook.com\/meijerhollandbalehandlingsystems\/\" \/>\n<meta property=\"article:modified_time\" content=\"2026-03-26T13:39:58+00:00\" \/>\n<meta property=\"og:image\" content=\"https:\/\/meijerholland.nl\/wp-content\/uploads\/2019\/10\/limohydra8foto2-850x500.jpg\" \/>\n\t<meta property=\"og:image:width\" content=\"666\" \/>\n\t<meta property=\"og:image:height\" content=\"500\" \/>\n\t<meta property=\"og:image:type\" content=\"image\/jpeg\" \/>\n<meta name=\"twitter:card\" content=\"summary_large_image\" \/>\n<meta name=\"twitter:label1\" content=\"Gesch\u00e4tzte Lesezeit\" \/>\n\t<meta name=\"twitter:data1\" content=\"2\u00a0Minuten\" \/>\n<script type=\"application\/ld+json\" class=\"yoast-schema-graph\">{\"@context\":\"https:\\\/\\\/schema.org\",\"@graph\":[{\"@type\":\"WebPage\",\"@id\":\"https:\\\/\\\/meijerholland.nl\\\/de\\\/product\\\/limo-hydra-8\\\/\",\"url\":\"https:\\\/\\\/meijerholland.nl\\\/de\\\/product\\\/limo-hydra-8\\\/\",\"name\":\"Limo Hydra 8 Ballensammler Kleine Ballen | Meijer Holland\",\"isPartOf\":{\"@id\":\"https:\\\/\\\/meijerholland.nl\\\/en\\\/#website\"},\"primaryImageOfPage\":{\"@id\":\"https:\\\/\\\/meijerholland.nl\\\/de\\\/product\\\/limo-hydra-8\\\/#primaryimage\"},\"image\":{\"@id\":\"https:\\\/\\\/meijerholland.nl\\\/de\\\/product\\\/limo-hydra-8\\\/#primaryimage\"},\"thumbnailUrl\":\"https:\\\/\\\/meijerholland.nl\\\/wp-content\\\/uploads\\\/2019\\\/10\\\/limohydra8foto2-850x500.jpg\",\"datePublished\":\"2019-10-04T14:38:38+00:00\",\"dateModified\":\"2026-03-26T13:39:58+00:00\",\"description\":\"Ballensammler f\u00fcr 8 kleine Stroh- oder Heuballen. Hydraulisch angetrieben und hinter der Presse montiert. Effizient auf ebenem Gel\u00e4nde.\",\"breadcrumb\":{\"@id\":\"https:\\\/\\\/meijerholland.nl\\\/de\\\/product\\\/limo-hydra-8\\\/#breadcrumb\"},\"inLanguage\":\"de\",\"potentialAction\":[{\"@type\":\"ReadAction\",\"target\":[\"https:\\\/\\\/meijerholland.nl\\\/de\\\/product\\\/limo-hydra-8\\\/\"]}]},{\"@type\":\"ImageObject\",\"inLanguage\":\"de\",\"@id\":\"https:\\\/\\\/meijerholland.nl\\\/de\\\/product\\\/limo-hydra-8\\\/#primaryimage\",\"url\":\"https:\\\/\\\/meijerholland.nl\\\/wp-content\\\/uploads\\\/2019\\\/10\\\/limohydra8foto2-850x500.jpg\",\"contentUrl\":\"https:\\\/\\\/meijerholland.nl\\\/wp-content\\\/uploads\\\/2019\\\/10\\\/limohydra8foto2-850x500.jpg\",\"width\":666,\"height\":500},{\"@type\":\"BreadcrumbList\",\"@id\":\"https:\\\/\\\/meijerholland.nl\\\/de\\\/product\\\/limo-hydra-8\\\/#breadcrumb\",\"itemListElement\":[{\"@type\":\"ListItem\",\"position\":1,\"name\":\"Home\",\"item\":\"https:\\\/\\\/meijerholland.nl\\\/de\\\/\"},{\"@type\":\"ListItem\",\"position\":2,\"name\":\"Produkte\",\"item\":\"https:\\\/\\\/meijerholland.nl\\\/de\\\/produkte\\\/\"},{\"@type\":\"ListItem\",\"position\":3,\"name\":\"Kleine balen\",\"item\":\"https:\\\/\\\/meijerholland.nl\\\/nl\\\/productcategorie\\\/kleine-balen\\\/\"},{\"@type\":\"ListItem\",\"position\":4,\"name\":\"Limo balenverzamelaar\",\"item\":\"https:\\\/\\\/meijerholland.nl\\\/nl\\\/productcategorie\\\/kleine-balen\\\/limo-balenverzamelaar\\\/\"},{\"@type\":\"ListItem\",\"position\":5,\"name\":\"Limo Hydra 8 Ballensammler\"}]},{\"@type\":\"WebSite\",\"@id\":\"https:\\\/\\\/meijerholland.nl\\\/en\\\/#website\",\"url\":\"https:\\\/\\\/meijerholland.nl\\\/en\\\/\",\"name\":\"Meijer Holland\",\"description\":\"Bale Handling Systems\u200e\",\"publisher\":{\"@id\":\"https:\\\/\\\/meijerholland.nl\\\/en\\\/#organization\"},\"potentialAction\":[{\"@type\":\"SearchAction\",\"target\":{\"@type\":\"EntryPoint\",\"urlTemplate\":\"https:\\\/\\\/meijerholland.nl\\\/en\\\/?s={search_term_string}\"},\"query-input\":{\"@type\":\"PropertyValueSpecification\",\"valueRequired\":true,\"valueName\":\"search_term_string\"}}],\"inLanguage\":\"de\"},{\"@type\":\"Organization\",\"@id\":\"https:\\\/\\\/meijerholland.nl\\\/en\\\/#organization\",\"name\":\"Meijer Holland\",\"url\":\"https:\\\/\\\/meijerholland.nl\\\/en\\\/\",\"logo\":{\"@type\":\"ImageObject\",\"inLanguage\":\"de\",\"@id\":\"https:\\\/\\\/meijerholland.nl\\\/en\\\/#\\\/schema\\\/logo\\\/image\\\/\",\"url\":\"https:\\\/\\\/meijerholland.nl\\\/wp-content\\\/uploads\\\/2019\\\/10\\\/MH-logo.jpg\",\"contentUrl\":\"https:\\\/\\\/meijerholland.nl\\\/wp-content\\\/uploads\\\/2019\\\/10\\\/MH-logo.jpg\",\"width\":3316,\"height\":614,\"caption\":\"Meijer Holland\"},\"image\":{\"@id\":\"https:\\\/\\\/meijerholland.nl\\\/en\\\/#\\\/schema\\\/logo\\\/image\\\/\"},\"sameAs\":[\"https:\\\/\\\/www.facebook.com\\\/meijerhollandbalehandlingsystems\\\/\",\"https:\\\/\\\/www.linkedin.com\\\/company\\\/meijer-holland---bale-handling-sytems\\\/\",\"https:\\\/\\\/www.instagram.com\\\/meijerholland\\\/\"]}]}<\/script>\n<!-- \/ Yoast SEO plugin. -->","yoast_head_json":{"title":"Limo Hydra 8 Ballensammler Kleine Ballen | Meijer Holland","description":"Ballensammler f\u00fcr 8 kleine Stroh- oder Heuballen. Hydraulisch angetrieben und hinter der Presse montiert. Effizient auf ebenem Gel\u00e4nde.","robots":{"index":"index","follow":"follow","max-snippet":"max-snippet:-1","max-image-preview":"max-image-preview:large","max-video-preview":"max-video-preview:-1"},"canonical":"https:\/\/meijerholland.nl\/de\/product\/limo-hydra-8\/","og_locale":"de_DE","og_type":"article","og_title":"Limo Hydra 8 Ballensammler Kleine Ballen | Meijer Holland","og_description":"Ballensammler f\u00fcr 8 kleine Stroh- oder Heuballen. Hydraulisch angetrieben und hinter der Presse montiert. Effizient auf ebenem Gel\u00e4nde.","og_url":"https:\/\/meijerholland.nl\/de\/product\/limo-hydra-8\/","og_site_name":"Meijer Holland","article_publisher":"https:\/\/www.facebook.com\/meijerhollandbalehandlingsystems\/","article_modified_time":"2026-03-26T13:39:58+00:00","og_image":[{"width":666,"height":500,"url":"https:\/\/meijerholland.nl\/wp-content\/uploads\/2019\/10\/limohydra8foto2-850x500.jpg","type":"image\/jpeg"}],"twitter_card":"summary_large_image","twitter_misc":{"Gesch\u00e4tzte Lesezeit":"2\u00a0Minuten"},"schema":{"@context":"https:\/\/schema.org","@graph":[{"@type":"WebPage","@id":"https:\/\/meijerholland.nl\/de\/product\/limo-hydra-8\/","url":"https:\/\/meijerholland.nl\/de\/product\/limo-hydra-8\/","name":"Limo Hydra 8 Ballensammler Kleine Ballen | Meijer Holland","isPartOf":{"@id":"https:\/\/meijerholland.nl\/en\/#website"},"primaryImageOfPage":{"@id":"https:\/\/meijerholland.nl\/de\/product\/limo-hydra-8\/#primaryimage"},"image":{"@id":"https:\/\/meijerholland.nl\/de\/product\/limo-hydra-8\/#primaryimage"},"thumbnailUrl":"https:\/\/meijerholland.nl\/wp-content\/uploads\/2019\/10\/limohydra8foto2-850x500.jpg","datePublished":"2019-10-04T14:38:38+00:00","dateModified":"2026-03-26T13:39:58+00:00","description":"Ballensammler f\u00fcr 8 kleine Stroh- oder Heuballen. Hydraulisch angetrieben und hinter der Presse montiert. Effizient auf ebenem Gel\u00e4nde.","breadcrumb":{"@id":"https:\/\/meijerholland.nl\/de\/product\/limo-hydra-8\/#breadcrumb"},"inLanguage":"de","potentialAction":[{"@type":"ReadAction","target":["https:\/\/meijerholland.nl\/de\/product\/limo-hydra-8\/"]}]},{"@type":"ImageObject","inLanguage":"de","@id":"https:\/\/meijerholland.nl\/de\/product\/limo-hydra-8\/#primaryimage","url":"https:\/\/meijerholland.nl\/wp-content\/uploads\/2019\/10\/limohydra8foto2-850x500.jpg","contentUrl":"https:\/\/meijerholland.nl\/wp-content\/uploads\/2019\/10\/limohydra8foto2-850x500.jpg","width":666,"height":500},{"@type":"BreadcrumbList","@id":"https:\/\/meijerholland.nl\/de\/product\/limo-hydra-8\/#breadcrumb","itemListElement":[{"@type":"ListItem","position":1,"name":"Home","item":"https:\/\/meijerholland.nl\/de\/"},{"@type":"ListItem","position":2,"name":"Produkte","item":"https:\/\/meijerholland.nl\/de\/produkte\/"},{"@type":"ListItem","position":3,"name":"Kleine balen","item":"https:\/\/meijerholland.nl\/nl\/productcategorie\/kleine-balen\/"},{"@type":"ListItem","position":4,"name":"Limo balenverzamelaar","item":"https:\/\/meijerholland.nl\/nl\/productcategorie\/kleine-balen\/limo-balenverzamelaar\/"},{"@type":"ListItem","position":5,"name":"Limo Hydra 8 Ballensammler"}]},{"@type":"WebSite","@id":"https:\/\/meijerholland.nl\/en\/#website","url":"https:\/\/meijerholland.nl\/en\/","name":"Meijer Holland","description":"Bale Handling Systems\u200e","publisher":{"@id":"https:\/\/meijerholland.nl\/en\/#organization"},"potentialAction":[{"@type":"SearchAction","target":{"@type":"EntryPoint","urlTemplate":"https:\/\/meijerholland.nl\/en\/?s={search_term_string}"},"query-input":{"@type":"PropertyValueSpecification","valueRequired":true,"valueName":"search_term_string"}}],"inLanguage":"de"},{"@type":"Organization","@id":"https:\/\/meijerholland.nl\/en\/#organization","name":"Meijer Holland","url":"https:\/\/meijerholland.nl\/en\/","logo":{"@type":"ImageObject","inLanguage":"de","@id":"https:\/\/meijerholland.nl\/en\/#\/schema\/logo\/image\/","url":"https:\/\/meijerholland.nl\/wp-content\/uploads\/2019\/10\/MH-logo.jpg","contentUrl":"https:\/\/meijerholland.nl\/wp-content\/uploads\/2019\/10\/MH-logo.jpg","width":3316,"height":614,"caption":"Meijer Holland"},"image":{"@id":"https:\/\/meijerholland.nl\/en\/#\/schema\/logo\/image\/"},"sameAs":["https:\/\/www.facebook.com\/meijerhollandbalehandlingsystems\/","https:\/\/www.linkedin.com\/company\/meijer-holland---bale-handling-sytems\/","https:\/\/www.instagram.com\/meijerholland\/"]}]}},"_links":{"self":[{"href":"https:\/\/meijerholland.nl\/de\/wp-json\/wp\/v2\/product\/3397","targetHints":{"allow":["GET"]}}],"collection":[{"href":"https:\/\/meijerholland.nl\/de\/wp-json\/wp\/v2\/product"}],"about":[{"href":"https:\/\/meijerholland.nl\/de\/wp-json\/wp\/v2\/types\/product"}],"wp:featuredmedia":[{"embeddable":true,"href":"https:\/\/meijerholland.nl\/de\/wp-json\/wp\/v2\/media\/785"}],"wp:attachment":[{"href":"https:\/\/meijerholland.nl\/de\/wp-json\/wp\/v2\/media?parent=3397"}],"wp:term":[{"taxonomy":"product_brand","embeddable":true,"href":"https:\/\/meijerholland.nl\/de\/wp-json\/wp\/v2\/product_brand?post=3397"},{"taxonomy":"product_cat","embeddable":true,"href":"https:\/\/meijerholland.nl\/de\/wp-json\/wp\/v2\/product_cat?post=3397"},{"taxonomy":"product_tag","embeddable":true,"href":"https:\/\/meijerholland.nl\/de\/wp-json\/wp\/v2\/product_tag?post=3397"}],"curies":[{"name":"wp","href":"https:\/\/api.w.org\/{rel}","templated":true}]}}