{"id":3405,"date":"2019-10-07T14:29:26","date_gmt":"2019-10-07T14:29:26","guid":{"rendered":"https:\/\/meijerholland.nl\/product\/limo-mecha\/"},"modified":"2026-03-26T13:52:31","modified_gmt":"2026-03-26T13:52:31","slug":"limo-mecha","status":"publish","type":"product","link":"https:\/\/meijerholland.nl\/de\/produkt\/limo-mecha\/","title":{"rendered":"Limo Mecha 8 Ballensammler"},"content":{"rendered":"<p data-start=\"2790\" data-end=\"3011\">Der Limo Mecha 8 sammelt acht kleine Stroh- oder Heuballen und legt sie in zwei Reihen mit jeweils vier Ballen nebeneinander ab. Das System arbeitet vollst\u00e4ndig mechanisch und ist direkt in den Pressvorgang eingebunden.<\/p>\n<p data-start=\"3013\" data-end=\"3197\">Die Montage erfolgt \u00fcber eine Zwischenplatte hinter der Ballenpresse. W\u00e4hrend des Betriebs schleifen die Ballen \u00fcber den Boden. Daher ist diese Ausf\u00fchrung nicht f\u00fcr Torfb\u00f6den geeignet.<\/p>\n<h2 data-section-id=\"nzb0m3\" data-start=\"3199\" data-end=\"3216\">Geeignet f\u00fcr<\/h2>\n<ul data-start=\"3217\" data-end=\"3299\">\n<li data-section-id=\"1e00n43\" data-start=\"3217\" data-end=\"3299\">8 Ballen mit den Ma\u00dfen:\n<ul data-start=\"3247\" data-end=\"3299\">\n<li data-section-id=\"4xpqdy\" data-start=\"3247\" data-end=\"3263\">L\u00e4nge 105 cm<\/li>\n<li data-section-id=\"1fa6mku\" data-start=\"3266\" data-end=\"3282\">Breite 50 cm<\/li>\n<li data-section-id=\"rqan01\" data-start=\"3285\" data-end=\"3299\">H\u00f6he 40 cm<\/li>\n<\/ul>\n<\/li>\n<\/ul>\n<h2 data-section-id=\"1ebqpac\" data-start=\"3301\" data-end=\"3320\">Ausgef\u00fchrt mit<\/h2>\n<ul data-start=\"3321\" data-end=\"3369\">\n<li data-section-id=\"2nwnf9\" data-start=\"3321\" data-end=\"3369\">Zwischenplatte zur Befestigung an der Presse<\/li>\n<\/ul>\n<h2 data-section-id=\"1mqjoic\" data-start=\"3371\" data-end=\"3415\">Vorteile von Limo Mecha 8 Ballensammler<\/h2>\n<ul data-start=\"3416\" data-end=\"3530\">\n<li data-section-id=\"1d1suff\" data-start=\"3416\" data-end=\"3452\">Geeignet f\u00fcr Lehm- und Sandb\u00f6den<\/li>\n<li data-section-id=\"q302f8\" data-start=\"3453\" data-end=\"3489\">Vollst\u00e4ndig mechanische Funktion<\/li>\n<li data-section-id=\"1wsfdae\" data-start=\"3490\" data-end=\"3530\">Einfache und st\u00f6rungsfreie Anwendung<\/li>\n<\/ul>\n<h3 data-section-id=\"724hon\" data-start=\"1874\" data-end=\"1897\">Kontakt &amp; Anleitung<\/h3>\n<p data-start=\"1899\" data-end=\"2008\">F\u00fcr weitere Informationen oder Interesse an <strong><a href=\"https:\/\/meijerholland.nl\/de\/productcategorie\/massgeschneiderte-maschinen\/\">ma\u00dfgeschneiderten<\/a><\/strong> L\u00f6sungen? Kontaktieren Sie unsere Spezialisten.<\/p>\n<ul>\n<li><strong><a href=\"https:\/\/meijerholland.nl\/wp-content\/uploads\/2024\/05\/MHM-Limo-Mecha-DU.pdf\">Bedienungsanleitung<\/a> <\/strong>herunterladen (PDF)<\/li>\n<li>Anrufen:<strong> <a href=\"callto:+31503126448\">+31 (0)50 \u2013 3126448<\/a><\/strong><\/li>\n<li>E-Mail: <strong><a href=\"mailto:info@meijerholland.com\" rel=\"noopener\" data-start=\"3121\" data-end=\"3143\">info@meijerholland.com<\/a><\/strong><\/li>\n<li>Oder f\u00fcllen Sie das <a href=\"https:\/\/meijerholland.nl\/de\/kontakt\/\">\u00a0<strong>Kontaktformular<\/strong><\/a> aus<\/li>\n<\/ul>\n","protected":false},"excerpt":{"rendered":"<p>Der Limo Mecha 8 sammelt acht kleine Stroh- oder Heuballen&#8230;<\/p>\n","protected":false},"featured_media":1409,"template":"","meta":{"_acf_changed":false},"product_brand":[],"product_cat":[125],"product_tag":[],"class_list":{"0":"post-3405","1":"product","2":"type-product","3":"status-publish","4":"has-post-thumbnail","6":"product_cat-limo-ballensammler","8":"first","9":"instock","10":"taxable","11":"shipping-taxable","12":"product-type-simple"},"acf":[],"yoast_head":"<!-- This site is optimized with the Yoast SEO plugin v27.3 - https:\/\/yoast.com\/product\/yoast-seo-wordpress\/ -->\n<title>Limo Mecha 8 Ballensammler Kleine Ballen | Meijer Holland<\/title>\n<meta name=\"description\" content=\"Mechanischer Ballensammler f\u00fcr 8 kleine Ballen. Geeignet f\u00fcr Lehm- und Sandb\u00f6den. Einfache Anwendung hinter der Presse. Limo Mecha 8.\" \/>\n<meta name=\"robots\" content=\"index, follow, max-snippet:-1, max-image-preview:large, max-video-preview:-1\" \/>\n<link rel=\"canonical\" href=\"https:\/\/meijerholland.nl\/de\/product\/limo-mecha\/\" \/>\n<meta property=\"og:locale\" content=\"de_DE\" \/>\n<meta property=\"og:type\" content=\"article\" \/>\n<meta property=\"og:title\" content=\"Limo Mecha 8 Ballensammler Kleine Ballen | Meijer Holland\" \/>\n<meta property=\"og:description\" content=\"Mechanischer Ballensammler f\u00fcr 8 kleine Ballen. Geeignet f\u00fcr Lehm- und Sandb\u00f6den. Einfache Anwendung hinter der Presse. Limo Mecha 8.\" \/>\n<meta property=\"og:url\" content=\"https:\/\/meijerholland.nl\/de\/product\/limo-mecha\/\" \/>\n<meta property=\"og:site_name\" content=\"Meijer Holland\" \/>\n<meta property=\"article:publisher\" content=\"https:\/\/www.facebook.com\/meijerhollandbalehandlingsystems\/\" \/>\n<meta property=\"article:modified_time\" content=\"2026-03-26T13:52:31+00:00\" \/>\n<meta property=\"og:image\" content=\"https:\/\/meijerholland.nl\/wp-content\/uploads\/2019\/10\/HPIM0546-1024x770.jpg\" \/>\n\t<meta property=\"og:image:width\" content=\"1024\" \/>\n\t<meta property=\"og:image:height\" content=\"770\" \/>\n\t<meta property=\"og:image:type\" content=\"image\/jpeg\" \/>\n<meta name=\"twitter:card\" content=\"summary_large_image\" \/>\n<meta name=\"twitter:label1\" content=\"Gesch\u00e4tzte Lesezeit\" \/>\n\t<meta name=\"twitter:data1\" content=\"1\u00a0Minute\" \/>\n<script type=\"application\/ld+json\" class=\"yoast-schema-graph\">{\"@context\":\"https:\\\/\\\/schema.org\",\"@graph\":[{\"@type\":\"WebPage\",\"@id\":\"https:\\\/\\\/meijerholland.nl\\\/de\\\/product\\\/limo-mecha\\\/\",\"url\":\"https:\\\/\\\/meijerholland.nl\\\/de\\\/product\\\/limo-mecha\\\/\",\"name\":\"Limo Mecha 8 Ballensammler Kleine Ballen | Meijer Holland\",\"isPartOf\":{\"@id\":\"https:\\\/\\\/meijerholland.nl\\\/en\\\/#website\"},\"primaryImageOfPage\":{\"@id\":\"https:\\\/\\\/meijerholland.nl\\\/de\\\/product\\\/limo-mecha\\\/#primaryimage\"},\"image\":{\"@id\":\"https:\\\/\\\/meijerholland.nl\\\/de\\\/product\\\/limo-mecha\\\/#primaryimage\"},\"thumbnailUrl\":\"https:\\\/\\\/meijerholland.nl\\\/wp-content\\\/uploads\\\/2019\\\/10\\\/HPIM0546.jpg\",\"datePublished\":\"2019-10-07T14:29:26+00:00\",\"dateModified\":\"2026-03-26T13:52:31+00:00\",\"description\":\"Mechanischer Ballensammler f\u00fcr 8 kleine Ballen. Geeignet f\u00fcr Lehm- und Sandb\u00f6den. Einfache Anwendung hinter der Presse. Limo Mecha 8.\",\"breadcrumb\":{\"@id\":\"https:\\\/\\\/meijerholland.nl\\\/de\\\/product\\\/limo-mecha\\\/#breadcrumb\"},\"inLanguage\":\"de\",\"potentialAction\":[{\"@type\":\"ReadAction\",\"target\":[\"https:\\\/\\\/meijerholland.nl\\\/de\\\/product\\\/limo-mecha\\\/\"]}]},{\"@type\":\"ImageObject\",\"inLanguage\":\"de\",\"@id\":\"https:\\\/\\\/meijerholland.nl\\\/de\\\/product\\\/limo-mecha\\\/#primaryimage\",\"url\":\"https:\\\/\\\/meijerholland.nl\\\/wp-content\\\/uploads\\\/2019\\\/10\\\/HPIM0546.jpg\",\"contentUrl\":\"https:\\\/\\\/meijerholland.nl\\\/wp-content\\\/uploads\\\/2019\\\/10\\\/HPIM0546.jpg\",\"width\":3296,\"height\":2480},{\"@type\":\"BreadcrumbList\",\"@id\":\"https:\\\/\\\/meijerholland.nl\\\/de\\\/product\\\/limo-mecha\\\/#breadcrumb\",\"itemListElement\":[{\"@type\":\"ListItem\",\"position\":1,\"name\":\"Home\",\"item\":\"https:\\\/\\\/meijerholland.nl\\\/de\\\/\"},{\"@type\":\"ListItem\",\"position\":2,\"name\":\"Produkte\",\"item\":\"https:\\\/\\\/meijerholland.nl\\\/de\\\/produkte\\\/\"},{\"@type\":\"ListItem\",\"position\":3,\"name\":\"Kleine balen\",\"item\":\"https:\\\/\\\/meijerholland.nl\\\/nl\\\/productcategorie\\\/kleine-balen\\\/\"},{\"@type\":\"ListItem\",\"position\":4,\"name\":\"Limo balenverzamelaar\",\"item\":\"https:\\\/\\\/meijerholland.nl\\\/nl\\\/productcategorie\\\/kleine-balen\\\/limo-balenverzamelaar\\\/\"},{\"@type\":\"ListItem\",\"position\":5,\"name\":\"Limo Mecha 8 Ballensammler\"}]},{\"@type\":\"WebSite\",\"@id\":\"https:\\\/\\\/meijerholland.nl\\\/en\\\/#website\",\"url\":\"https:\\\/\\\/meijerholland.nl\\\/en\\\/\",\"name\":\"Meijer Holland\",\"description\":\"Bale Handling Systems\u200e\",\"publisher\":{\"@id\":\"https:\\\/\\\/meijerholland.nl\\\/en\\\/#organization\"},\"potentialAction\":[{\"@type\":\"SearchAction\",\"target\":{\"@type\":\"EntryPoint\",\"urlTemplate\":\"https:\\\/\\\/meijerholland.nl\\\/en\\\/?s={search_term_string}\"},\"query-input\":{\"@type\":\"PropertyValueSpecification\",\"valueRequired\":true,\"valueName\":\"search_term_string\"}}],\"inLanguage\":\"de\"},{\"@type\":\"Organization\",\"@id\":\"https:\\\/\\\/meijerholland.nl\\\/en\\\/#organization\",\"name\":\"Meijer Holland\",\"url\":\"https:\\\/\\\/meijerholland.nl\\\/en\\\/\",\"logo\":{\"@type\":\"ImageObject\",\"inLanguage\":\"de\",\"@id\":\"https:\\\/\\\/meijerholland.nl\\\/en\\\/#\\\/schema\\\/logo\\\/image\\\/\",\"url\":\"https:\\\/\\\/meijerholland.nl\\\/wp-content\\\/uploads\\\/2019\\\/10\\\/MH-logo.jpg\",\"contentUrl\":\"https:\\\/\\\/meijerholland.nl\\\/wp-content\\\/uploads\\\/2019\\\/10\\\/MH-logo.jpg\",\"width\":3316,\"height\":614,\"caption\":\"Meijer Holland\"},\"image\":{\"@id\":\"https:\\\/\\\/meijerholland.nl\\\/en\\\/#\\\/schema\\\/logo\\\/image\\\/\"},\"sameAs\":[\"https:\\\/\\\/www.facebook.com\\\/meijerhollandbalehandlingsystems\\\/\",\"https:\\\/\\\/www.linkedin.com\\\/company\\\/meijer-holland---bale-handling-sytems\\\/\",\"https:\\\/\\\/www.instagram.com\\\/meijerholland\\\/\"]}]}<\/script>\n<!-- \/ Yoast SEO plugin. -->","yoast_head_json":{"title":"Limo Mecha 8 Ballensammler Kleine Ballen | Meijer Holland","description":"Mechanischer Ballensammler f\u00fcr 8 kleine Ballen. Geeignet f\u00fcr Lehm- und Sandb\u00f6den. Einfache Anwendung hinter der Presse. Limo Mecha 8.","robots":{"index":"index","follow":"follow","max-snippet":"max-snippet:-1","max-image-preview":"max-image-preview:large","max-video-preview":"max-video-preview:-1"},"canonical":"https:\/\/meijerholland.nl\/de\/product\/limo-mecha\/","og_locale":"de_DE","og_type":"article","og_title":"Limo Mecha 8 Ballensammler Kleine Ballen | Meijer Holland","og_description":"Mechanischer Ballensammler f\u00fcr 8 kleine Ballen. Geeignet f\u00fcr Lehm- und Sandb\u00f6den. Einfache Anwendung hinter der Presse. Limo Mecha 8.","og_url":"https:\/\/meijerholland.nl\/de\/product\/limo-mecha\/","og_site_name":"Meijer Holland","article_publisher":"https:\/\/www.facebook.com\/meijerhollandbalehandlingsystems\/","article_modified_time":"2026-03-26T13:52:31+00:00","og_image":[{"width":1024,"height":770,"url":"https:\/\/meijerholland.nl\/wp-content\/uploads\/2019\/10\/HPIM0546-1024x770.jpg","type":"image\/jpeg"}],"twitter_card":"summary_large_image","twitter_misc":{"Gesch\u00e4tzte Lesezeit":"1\u00a0Minute"},"schema":{"@context":"https:\/\/schema.org","@graph":[{"@type":"WebPage","@id":"https:\/\/meijerholland.nl\/de\/product\/limo-mecha\/","url":"https:\/\/meijerholland.nl\/de\/product\/limo-mecha\/","name":"Limo Mecha 8 Ballensammler Kleine Ballen | Meijer Holland","isPartOf":{"@id":"https:\/\/meijerholland.nl\/en\/#website"},"primaryImageOfPage":{"@id":"https:\/\/meijerholland.nl\/de\/product\/limo-mecha\/#primaryimage"},"image":{"@id":"https:\/\/meijerholland.nl\/de\/product\/limo-mecha\/#primaryimage"},"thumbnailUrl":"https:\/\/meijerholland.nl\/wp-content\/uploads\/2019\/10\/HPIM0546.jpg","datePublished":"2019-10-07T14:29:26+00:00","dateModified":"2026-03-26T13:52:31+00:00","description":"Mechanischer Ballensammler f\u00fcr 8 kleine Ballen. Geeignet f\u00fcr Lehm- und Sandb\u00f6den. Einfache Anwendung hinter der Presse. Limo Mecha 8.","breadcrumb":{"@id":"https:\/\/meijerholland.nl\/de\/product\/limo-mecha\/#breadcrumb"},"inLanguage":"de","potentialAction":[{"@type":"ReadAction","target":["https:\/\/meijerholland.nl\/de\/product\/limo-mecha\/"]}]},{"@type":"ImageObject","inLanguage":"de","@id":"https:\/\/meijerholland.nl\/de\/product\/limo-mecha\/#primaryimage","url":"https:\/\/meijerholland.nl\/wp-content\/uploads\/2019\/10\/HPIM0546.jpg","contentUrl":"https:\/\/meijerholland.nl\/wp-content\/uploads\/2019\/10\/HPIM0546.jpg","width":3296,"height":2480},{"@type":"BreadcrumbList","@id":"https:\/\/meijerholland.nl\/de\/product\/limo-mecha\/#breadcrumb","itemListElement":[{"@type":"ListItem","position":1,"name":"Home","item":"https:\/\/meijerholland.nl\/de\/"},{"@type":"ListItem","position":2,"name":"Produkte","item":"https:\/\/meijerholland.nl\/de\/produkte\/"},{"@type":"ListItem","position":3,"name":"Kleine balen","item":"https:\/\/meijerholland.nl\/nl\/productcategorie\/kleine-balen\/"},{"@type":"ListItem","position":4,"name":"Limo balenverzamelaar","item":"https:\/\/meijerholland.nl\/nl\/productcategorie\/kleine-balen\/limo-balenverzamelaar\/"},{"@type":"ListItem","position":5,"name":"Limo Mecha 8 Ballensammler"}]},{"@type":"WebSite","@id":"https:\/\/meijerholland.nl\/en\/#website","url":"https:\/\/meijerholland.nl\/en\/","name":"Meijer Holland","description":"Bale Handling Systems\u200e","publisher":{"@id":"https:\/\/meijerholland.nl\/en\/#organization"},"potentialAction":[{"@type":"SearchAction","target":{"@type":"EntryPoint","urlTemplate":"https:\/\/meijerholland.nl\/en\/?s={search_term_string}"},"query-input":{"@type":"PropertyValueSpecification","valueRequired":true,"valueName":"search_term_string"}}],"inLanguage":"de"},{"@type":"Organization","@id":"https:\/\/meijerholland.nl\/en\/#organization","name":"Meijer Holland","url":"https:\/\/meijerholland.nl\/en\/","logo":{"@type":"ImageObject","inLanguage":"de","@id":"https:\/\/meijerholland.nl\/en\/#\/schema\/logo\/image\/","url":"https:\/\/meijerholland.nl\/wp-content\/uploads\/2019\/10\/MH-logo.jpg","contentUrl":"https:\/\/meijerholland.nl\/wp-content\/uploads\/2019\/10\/MH-logo.jpg","width":3316,"height":614,"caption":"Meijer Holland"},"image":{"@id":"https:\/\/meijerholland.nl\/en\/#\/schema\/logo\/image\/"},"sameAs":["https:\/\/www.facebook.com\/meijerhollandbalehandlingsystems\/","https:\/\/www.linkedin.com\/company\/meijer-holland---bale-handling-sytems\/","https:\/\/www.instagram.com\/meijerholland\/"]}]}},"_links":{"self":[{"href":"https:\/\/meijerholland.nl\/de\/wp-json\/wp\/v2\/product\/3405","targetHints":{"allow":["GET"]}}],"collection":[{"href":"https:\/\/meijerholland.nl\/de\/wp-json\/wp\/v2\/product"}],"about":[{"href":"https:\/\/meijerholland.nl\/de\/wp-json\/wp\/v2\/types\/product"}],"wp:featuredmedia":[{"embeddable":true,"href":"https:\/\/meijerholland.nl\/de\/wp-json\/wp\/v2\/media\/1409"}],"wp:attachment":[{"href":"https:\/\/meijerholland.nl\/de\/wp-json\/wp\/v2\/media?parent=3405"}],"wp:term":[{"taxonomy":"product_brand","embeddable":true,"href":"https:\/\/meijerholland.nl\/de\/wp-json\/wp\/v2\/product_brand?post=3405"},{"taxonomy":"product_cat","embeddable":true,"href":"https:\/\/meijerholland.nl\/de\/wp-json\/wp\/v2\/product_cat?post=3405"},{"taxonomy":"product_tag","embeddable":true,"href":"https:\/\/meijerholland.nl\/de\/wp-json\/wp\/v2\/product_tag?post=3405"}],"curies":[{"name":"wp","href":"https:\/\/api.w.org\/{rel}","templated":true}]}}