{"id":3618,"date":"2019-10-04T14:00:57","date_gmt":"2019-10-04T14:00:57","guid":{"rendered":"https:\/\/meijerholland.nl\/product\/schnellkupplung-weiblich\/"},"modified":"2019-10-04T14:00:57","modified_gmt":"2019-10-04T14:00:57","slug":"schnellkupplung-weiblich","status":"publish","type":"product","link":"https:\/\/meijerholland.nl\/de\/produkt\/schnellkupplung-weiblich\/","title":{"rendered":"Schnellkupplung Weiblich"},"content":{"rendered":"<table>\n<tbody>\n<tr class=\"even\">\n<td>Typ<\/td>\n<td>Push-Pull Kupplungsmuffe<\/td>\n<\/tr>\n<tr class=\"odd\">\n<td>Technische Information<\/td>\n<td>Kuppeln und Entkuppeln kann die Verriegelungsh\u00fclse axial in beiden Richtungen bet\u00e4tigt werden. (Push und Pull Prinzip) SKP-Kupplungen sind sehr kompakt und bieten eine Vielzahl von Anschlu\u00dfm\u00f6glichkeiten.<\/td>\n<\/tr>\n<tr class=\"even\">\n<td>Anschluss<\/td>\n<td>1\/2&#8243; BSP<\/td>\n<\/tr>\n<tr class=\"odd\">\n<td>Baugr\u00f6\u00dfe<\/td>\n<td>1\/2.<\/td>\n<\/tr>\n<tr class=\"even\">\n<td>PN (bar)<\/td>\n<td>250<\/td>\n<\/tr>\n<tr class=\"odd\">\n<td>Q (l\/min)<\/td>\n<td>45<\/td>\n<\/tr>\n<tr class=\"even\">\n<td>Merkmal<\/td>\n<td>Nicht unter Druck kuppelbar<\/td>\n<\/tr>\n<tr class=\"odd\">\n<td>Passende contra Kopplung<\/td>\n<td><a title=\"Schnellkupplung M\u00e4nnlich\" href=\"http:\/\/www.meijerholland.nl\/deutsch\/produkte\/sonstige\/hydraulik-kupplungen\/3911_schnellkupplung-m%C3%A4nnlich\">Schnellkupplung M\u00e4nnlich<\/a><\/td>\n<\/tr>\n<\/tbody>\n<\/table>\n","protected":false},"excerpt":{"rendered":"<p>Typ Push-Pull Kupplungsmuffe Technische Information Kuppeln und Entkuppeln kann die&#8230;<\/p>\n","protected":false},"featured_media":595,"template":"","meta":{"_acf_changed":false},"product_brand":[],"product_cat":[134],"product_tag":[],"class_list":{"0":"post-3618","1":"product","2":"type-product","3":"status-publish","4":"has-post-thumbnail","6":"product_cat-hydraulik-kupplungen","8":"first","9":"instock","10":"taxable","11":"shipping-taxable","12":"purchasable","13":"product-type-simple"},"acf":[],"yoast_head":"<!-- This site is optimized with the Yoast SEO plugin v27.3 - https:\/\/yoast.com\/product\/yoast-seo-wordpress\/ -->\n<title>Schnellkupplung Weiblich - Meijer Holland<\/title>\n<meta name=\"description\" content=\"Schnellkupplung Weiblich - Meijer Holland\" \/>\n<meta name=\"robots\" content=\"index, follow, max-snippet:-1, max-image-preview:large, max-video-preview:-1\" \/>\n<link rel=\"canonical\" href=\"https:\/\/meijerholland.nl\/de\/produkt\/schnellkupplung-weiblich\/\" \/>\n<meta property=\"og:locale\" content=\"de_DE\" \/>\n<meta property=\"og:type\" content=\"article\" \/>\n<meta property=\"og:title\" content=\"Schnellkupplung Weiblich - Meijer Holland\" \/>\n<meta property=\"og:description\" content=\"Schnellkupplung Weiblich - Meijer Holland\" \/>\n<meta property=\"og:url\" content=\"https:\/\/meijerholland.nl\/de\/produkt\/schnellkupplung-weiblich\/\" \/>\n<meta property=\"og:site_name\" content=\"Meijer Holland\" \/>\n<meta property=\"article:publisher\" content=\"https:\/\/www.facebook.com\/meijerhollandbalehandlingsystems\/\" \/>\n<meta property=\"og:image\" content=\"https:\/\/meijerholland.nl\/wp-content\/uploads\/2019\/10\/snelkoppelingvrouwelijk-850x500.jpg\" \/>\n\t<meta property=\"og:image:width\" content=\"600\" \/>\n\t<meta property=\"og:image:height\" content=\"379\" \/>\n\t<meta property=\"og:image:type\" content=\"image\/jpeg\" \/>\n<meta name=\"twitter:card\" content=\"summary_large_image\" \/>\n<script type=\"application\/ld+json\" class=\"yoast-schema-graph\">{\"@context\":\"https:\\\/\\\/schema.org\",\"@graph\":[{\"@type\":\"WebPage\",\"@id\":\"https:\\\/\\\/meijerholland.nl\\\/de\\\/produkt\\\/schnellkupplung-weiblich\\\/\",\"url\":\"https:\\\/\\\/meijerholland.nl\\\/de\\\/produkt\\\/schnellkupplung-weiblich\\\/\",\"name\":\"Schnellkupplung Weiblich - Meijer Holland\",\"isPartOf\":{\"@id\":\"https:\\\/\\\/meijerholland.nl\\\/en\\\/#website\"},\"primaryImageOfPage\":{\"@id\":\"https:\\\/\\\/meijerholland.nl\\\/de\\\/produkt\\\/schnellkupplung-weiblich\\\/#primaryimage\"},\"image\":{\"@id\":\"https:\\\/\\\/meijerholland.nl\\\/de\\\/produkt\\\/schnellkupplung-weiblich\\\/#primaryimage\"},\"thumbnailUrl\":\"https:\\\/\\\/meijerholland.nl\\\/wp-content\\\/uploads\\\/2019\\\/10\\\/snelkoppelingvrouwelijk-850x500.jpg\",\"datePublished\":\"2019-10-04T14:00:57+00:00\",\"description\":\"Schnellkupplung Weiblich - Meijer Holland\",\"breadcrumb\":{\"@id\":\"https:\\\/\\\/meijerholland.nl\\\/de\\\/produkt\\\/schnellkupplung-weiblich\\\/#breadcrumb\"},\"inLanguage\":\"de\",\"potentialAction\":[{\"@type\":\"ReadAction\",\"target\":[\"https:\\\/\\\/meijerholland.nl\\\/de\\\/produkt\\\/schnellkupplung-weiblich\\\/\"]}]},{\"@type\":\"ImageObject\",\"inLanguage\":\"de\",\"@id\":\"https:\\\/\\\/meijerholland.nl\\\/de\\\/produkt\\\/schnellkupplung-weiblich\\\/#primaryimage\",\"url\":\"https:\\\/\\\/meijerholland.nl\\\/wp-content\\\/uploads\\\/2019\\\/10\\\/snelkoppelingvrouwelijk-850x500.jpg\",\"contentUrl\":\"https:\\\/\\\/meijerholland.nl\\\/wp-content\\\/uploads\\\/2019\\\/10\\\/snelkoppelingvrouwelijk-850x500.jpg\",\"width\":600,\"height\":379},{\"@type\":\"BreadcrumbList\",\"@id\":\"https:\\\/\\\/meijerholland.nl\\\/de\\\/produkt\\\/schnellkupplung-weiblich\\\/#breadcrumb\",\"itemListElement\":[{\"@type\":\"ListItem\",\"position\":1,\"name\":\"Home\",\"item\":\"https:\\\/\\\/meijerholland.nl\\\/de\\\/\"},{\"@type\":\"ListItem\",\"position\":2,\"name\":\"Produkte\",\"item\":\"https:\\\/\\\/meijerholland.nl\\\/de\\\/produkte\\\/\"},{\"@type\":\"ListItem\",\"position\":3,\"name\":\"Onderdelen\",\"item\":\"https:\\\/\\\/meijerholland.nl\\\/nl\\\/productcategorie\\\/onderdelen-2\\\/\"},{\"@type\":\"ListItem\",\"position\":4,\"name\":\"Hydr. koppelingen\",\"item\":\"https:\\\/\\\/meijerholland.nl\\\/nl\\\/productcategorie\\\/onderdelen-2\\\/hydraulische-koppelingen\\\/\"},{\"@type\":\"ListItem\",\"position\":5,\"name\":\"Schnellkupplung Weiblich\"}]},{\"@type\":\"WebSite\",\"@id\":\"https:\\\/\\\/meijerholland.nl\\\/en\\\/#website\",\"url\":\"https:\\\/\\\/meijerholland.nl\\\/en\\\/\",\"name\":\"Meijer Holland\",\"description\":\"Bale Handling Systems\u200e\",\"publisher\":{\"@id\":\"https:\\\/\\\/meijerholland.nl\\\/en\\\/#organization\"},\"potentialAction\":[{\"@type\":\"SearchAction\",\"target\":{\"@type\":\"EntryPoint\",\"urlTemplate\":\"https:\\\/\\\/meijerholland.nl\\\/en\\\/?s={search_term_string}\"},\"query-input\":{\"@type\":\"PropertyValueSpecification\",\"valueRequired\":true,\"valueName\":\"search_term_string\"}}],\"inLanguage\":\"de\"},{\"@type\":\"Organization\",\"@id\":\"https:\\\/\\\/meijerholland.nl\\\/en\\\/#organization\",\"name\":\"Meijer Holland\",\"url\":\"https:\\\/\\\/meijerholland.nl\\\/en\\\/\",\"logo\":{\"@type\":\"ImageObject\",\"inLanguage\":\"de\",\"@id\":\"https:\\\/\\\/meijerholland.nl\\\/en\\\/#\\\/schema\\\/logo\\\/image\\\/\",\"url\":\"https:\\\/\\\/meijerholland.nl\\\/wp-content\\\/uploads\\\/2019\\\/10\\\/MH-logo.jpg\",\"contentUrl\":\"https:\\\/\\\/meijerholland.nl\\\/wp-content\\\/uploads\\\/2019\\\/10\\\/MH-logo.jpg\",\"width\":3316,\"height\":614,\"caption\":\"Meijer Holland\"},\"image\":{\"@id\":\"https:\\\/\\\/meijerholland.nl\\\/en\\\/#\\\/schema\\\/logo\\\/image\\\/\"},\"sameAs\":[\"https:\\\/\\\/www.facebook.com\\\/meijerhollandbalehandlingsystems\\\/\",\"https:\\\/\\\/www.linkedin.com\\\/company\\\/meijer-holland---bale-handling-sytems\\\/\",\"https:\\\/\\\/www.instagram.com\\\/meijerholland\\\/\"]}]}<\/script>\n<!-- \/ Yoast SEO plugin. -->","yoast_head_json":{"title":"Schnellkupplung Weiblich - Meijer Holland","description":"Schnellkupplung Weiblich - Meijer Holland","robots":{"index":"index","follow":"follow","max-snippet":"max-snippet:-1","max-image-preview":"max-image-preview:large","max-video-preview":"max-video-preview:-1"},"canonical":"https:\/\/meijerholland.nl\/de\/produkt\/schnellkupplung-weiblich\/","og_locale":"de_DE","og_type":"article","og_title":"Schnellkupplung Weiblich - Meijer Holland","og_description":"Schnellkupplung Weiblich - Meijer Holland","og_url":"https:\/\/meijerholland.nl\/de\/produkt\/schnellkupplung-weiblich\/","og_site_name":"Meijer Holland","article_publisher":"https:\/\/www.facebook.com\/meijerhollandbalehandlingsystems\/","og_image":[{"width":600,"height":379,"url":"https:\/\/meijerholland.nl\/wp-content\/uploads\/2019\/10\/snelkoppelingvrouwelijk-850x500.jpg","type":"image\/jpeg"}],"twitter_card":"summary_large_image","schema":{"@context":"https:\/\/schema.org","@graph":[{"@type":"WebPage","@id":"https:\/\/meijerholland.nl\/de\/produkt\/schnellkupplung-weiblich\/","url":"https:\/\/meijerholland.nl\/de\/produkt\/schnellkupplung-weiblich\/","name":"Schnellkupplung Weiblich - Meijer Holland","isPartOf":{"@id":"https:\/\/meijerholland.nl\/en\/#website"},"primaryImageOfPage":{"@id":"https:\/\/meijerholland.nl\/de\/produkt\/schnellkupplung-weiblich\/#primaryimage"},"image":{"@id":"https:\/\/meijerholland.nl\/de\/produkt\/schnellkupplung-weiblich\/#primaryimage"},"thumbnailUrl":"https:\/\/meijerholland.nl\/wp-content\/uploads\/2019\/10\/snelkoppelingvrouwelijk-850x500.jpg","datePublished":"2019-10-04T14:00:57+00:00","description":"Schnellkupplung Weiblich - Meijer Holland","breadcrumb":{"@id":"https:\/\/meijerholland.nl\/de\/produkt\/schnellkupplung-weiblich\/#breadcrumb"},"inLanguage":"de","potentialAction":[{"@type":"ReadAction","target":["https:\/\/meijerholland.nl\/de\/produkt\/schnellkupplung-weiblich\/"]}]},{"@type":"ImageObject","inLanguage":"de","@id":"https:\/\/meijerholland.nl\/de\/produkt\/schnellkupplung-weiblich\/#primaryimage","url":"https:\/\/meijerholland.nl\/wp-content\/uploads\/2019\/10\/snelkoppelingvrouwelijk-850x500.jpg","contentUrl":"https:\/\/meijerholland.nl\/wp-content\/uploads\/2019\/10\/snelkoppelingvrouwelijk-850x500.jpg","width":600,"height":379},{"@type":"BreadcrumbList","@id":"https:\/\/meijerholland.nl\/de\/produkt\/schnellkupplung-weiblich\/#breadcrumb","itemListElement":[{"@type":"ListItem","position":1,"name":"Home","item":"https:\/\/meijerholland.nl\/de\/"},{"@type":"ListItem","position":2,"name":"Produkte","item":"https:\/\/meijerholland.nl\/de\/produkte\/"},{"@type":"ListItem","position":3,"name":"Onderdelen","item":"https:\/\/meijerholland.nl\/nl\/productcategorie\/onderdelen-2\/"},{"@type":"ListItem","position":4,"name":"Hydr. koppelingen","item":"https:\/\/meijerholland.nl\/nl\/productcategorie\/onderdelen-2\/hydraulische-koppelingen\/"},{"@type":"ListItem","position":5,"name":"Schnellkupplung Weiblich"}]},{"@type":"WebSite","@id":"https:\/\/meijerholland.nl\/en\/#website","url":"https:\/\/meijerholland.nl\/en\/","name":"Meijer Holland","description":"Bale Handling Systems\u200e","publisher":{"@id":"https:\/\/meijerholland.nl\/en\/#organization"},"potentialAction":[{"@type":"SearchAction","target":{"@type":"EntryPoint","urlTemplate":"https:\/\/meijerholland.nl\/en\/?s={search_term_string}"},"query-input":{"@type":"PropertyValueSpecification","valueRequired":true,"valueName":"search_term_string"}}],"inLanguage":"de"},{"@type":"Organization","@id":"https:\/\/meijerholland.nl\/en\/#organization","name":"Meijer Holland","url":"https:\/\/meijerholland.nl\/en\/","logo":{"@type":"ImageObject","inLanguage":"de","@id":"https:\/\/meijerholland.nl\/en\/#\/schema\/logo\/image\/","url":"https:\/\/meijerholland.nl\/wp-content\/uploads\/2019\/10\/MH-logo.jpg","contentUrl":"https:\/\/meijerholland.nl\/wp-content\/uploads\/2019\/10\/MH-logo.jpg","width":3316,"height":614,"caption":"Meijer Holland"},"image":{"@id":"https:\/\/meijerholland.nl\/en\/#\/schema\/logo\/image\/"},"sameAs":["https:\/\/www.facebook.com\/meijerhollandbalehandlingsystems\/","https:\/\/www.linkedin.com\/company\/meijer-holland---bale-handling-sytems\/","https:\/\/www.instagram.com\/meijerholland\/"]}]}},"_links":{"self":[{"href":"https:\/\/meijerholland.nl\/de\/wp-json\/wp\/v2\/product\/3618","targetHints":{"allow":["GET"]}}],"collection":[{"href":"https:\/\/meijerholland.nl\/de\/wp-json\/wp\/v2\/product"}],"about":[{"href":"https:\/\/meijerholland.nl\/de\/wp-json\/wp\/v2\/types\/product"}],"wp:featuredmedia":[{"embeddable":true,"href":"https:\/\/meijerholland.nl\/de\/wp-json\/wp\/v2\/media\/595"}],"wp:attachment":[{"href":"https:\/\/meijerholland.nl\/de\/wp-json\/wp\/v2\/media?parent=3618"}],"wp:term":[{"taxonomy":"product_brand","embeddable":true,"href":"https:\/\/meijerholland.nl\/de\/wp-json\/wp\/v2\/product_brand?post=3618"},{"taxonomy":"product_cat","embeddable":true,"href":"https:\/\/meijerholland.nl\/de\/wp-json\/wp\/v2\/product_cat?post=3618"},{"taxonomy":"product_tag","embeddable":true,"href":"https:\/\/meijerholland.nl\/de\/wp-json\/wp\/v2\/product_tag?post=3618"}],"curies":[{"name":"wp","href":"https:\/\/api.w.org\/{rel}","templated":true}]}}