{"id":3685,"date":"2019-10-07T14:13:03","date_gmt":"2019-10-07T14:13:03","guid":{"rendered":"https:\/\/meijerholland.nl\/product\/limo-hydra-15m\/"},"modified":"2026-03-26T13:48:08","modified_gmt":"2026-03-26T13:48:08","slug":"limo-hydra-15m","status":"publish","type":"product","link":"https:\/\/meijerholland.nl\/de\/produkt\/limo-hydra-15m\/","title":{"rendered":"Limo Hydra 15M Ballensammler"},"content":{"rendered":"<p>Der Limo Hydra 15M sammelt f\u00fcnfzehn kleine Stroh- oder Heuballen in drei Reihen zu je f\u00fcnf Ballen nebeneinander. Der Ballensammler wird hydraulisch vom Traktor angetrieben und \u00fcber eine Zwischenplatte hinter der Ballenpresse montiert. Der Limo Hydra funktioniert nicht optimal auf Abh\u00e4ngen und auf sehr unebenem Gel\u00e4nde.<\/p>\n<h3>Geeignet f\u00fcr<\/h3>\n<ul>\n<li>15 Ballen mit den Abmessungen:\n<ul>\n<li>L\u00e4nge 85 cm<\/li>\n<li>Breite 50 cm<\/li>\n<li>H\u00f6he 40 cm<\/li>\n<\/ul>\n<\/li>\n<\/ul>\n<h3>Ausgestattet mit<\/h3>\n<ul>\n<li>9 Rollen, davon 7 angetrieben<\/li>\n<li>Zwischenplatte zur Befestigung an der Presse<\/li>\n<li>2 Hydraulikschl\u00e4uche zur Presse<\/li>\n<\/ul>\n<h2>Vorteile Limo Hydra 15M Ballensammler<\/h2>\n<ul>\n<li>die Ballen schleifen nicht auf dem Boden<\/li>\n<li>hydraulischer Antrieb der Rollen; weiterer Betrieb komplett mechanisch<\/li>\n<li>keine Probleme mit Spritzwege dank breiter R\u00e4der<\/li>\n<li>st\u00f6rungsfreier Betrieb<\/li>\n<li>Gr\u00f6\u00dfere Kapazit\u00e4t als der Limo Mecha<\/li>\n<\/ul>\n<h3>Optional<\/h3>\n<ul>\n<li>Beleuchtungsset<\/li>\n<\/ul>\n<h3 data-section-id=\"724hon\" data-start=\"1874\" data-end=\"1897\">Kontakt &amp; Anleitung<\/h3>\n<p data-start=\"1899\" data-end=\"2008\">F\u00fcr weitere Informationen oder Interesse an\u00a0<strong><a href=\"https:\/\/meijerholland.nl\/de\/productcategorie\/massgeschneiderte-maschinen\/\">ma\u00dfgeschneiderten<\/a><\/strong>\u00a0L\u00f6sungen? Kontaktieren Sie unsere Spezialisten.<\/p>\n<ul>\n<li><strong><a href=\"https:\/\/meijerholland.nl\/wp-content\/uploads\/2025\/01\/MHM-LH-DU.pdf\">Bedienungsanleitung<\/a>\u00a0<\/strong>herunterladen (PDF)<\/li>\n<li>Anrufen:<strong>\u00a0<a href=\"callto:+31503126448\">+31 (0)50 \u2013 3126448<\/a><\/strong><\/li>\n<li>E-Mail:\u00a0<strong><a href=\"mailto:info@meijerholland.com\" rel=\"noopener\" data-start=\"3121\" data-end=\"3143\">info@meijerholland.com<\/a><\/strong><\/li>\n<li>Oder f\u00fcllen Sie das\u00a0<a href=\"https:\/\/meijerholland.nl\/de\/kontakt\/\">\u00a0<strong>Kontaktformular<\/strong><\/a>\u00a0aus<\/li>\n<\/ul>\n<h3>Referenz<\/h3>\n<p><iframe src=\"https:\/\/www.youtube.com\/embed\/P-JrmK7GD7U\" width=\"560\" height=\"315\" frameborder=\"0\" allowfullscreen=\"allowfullscreen\" data-mce-fragment=\"1\"><\/iframe><\/p>\n<div class=\"ose-youtube ose-uid-09a8e7b303b6a411b53f4cebd72691e4 ose-embedpress-responsive\" style=\"width:600px; height:550px; max-height:550px; max-width:100%; display:inline-block;\" data-embed-type=\"Youtube\"><iframe allowFullScreen=\"true\" title=\"Meijer Holland | Limo Hydra 15\" width=\"600\" height=\"550\" src=\"https:\/\/www.youtube.com\/embed\/Z61s3zq9Qu8?feature=oembed&color=red&rel=0&controls=1&start=&end=&fs=0&iv_load_policy=0&autoplay=0&mute=0&modestbranding=0&cc_load_policy=1&playsinline=1\" frameborder=\"0\" allow=\"accelerometer; encrypted-media;accelerometer;autoplay;clipboard-write;gyroscope;picture-in-picture clipboard-write; encrypted-media; gyroscope; picture-in-picture; web-share\" referrerpolicy=\"strict-origin-when-cross-origin\" allowfullscreen><\/iframe><\/div>\n","protected":false},"excerpt":{"rendered":"<p>Der Limo Hydra 15M sammelt f\u00fcnfzehn kleine Stroh- oder Heuballen&#8230;<\/p>\n","protected":false},"featured_media":9051,"template":"","meta":{"_acf_changed":false},"product_brand":[],"product_cat":[125],"product_tag":[],"class_list":{"0":"post-3685","1":"product","2":"type-product","3":"status-publish","4":"has-post-thumbnail","6":"product_cat-limo-ballensammler","8":"first","9":"instock","10":"taxable","11":"shipping-taxable","12":"product-type-simple"},"acf":[],"yoast_head":"<!-- This site is optimized with the Yoast SEO plugin v27.4 - https:\/\/yoast.com\/product\/yoast-seo-wordpress\/ -->\n<title>Limo Hydra 15M Ballensammler Kleine Ballen | Meijer Holland<\/title>\n<meta name=\"description\" content=\"Ballensammler f\u00fcr 15 kleine Stroh- oder Heuballen. Hydraulisch angetrieben und hinter der Presse montiert. Effizient auf ebenem Gel\u00e4nde.\" \/>\n<meta name=\"robots\" content=\"index, follow, max-snippet:-1, max-image-preview:large, max-video-preview:-1\" \/>\n<link rel=\"canonical\" href=\"https:\/\/meijerholland.nl\/de\/product\/limo-hydra-15m\/\" \/>\n<meta property=\"og:locale\" content=\"de_DE\" \/>\n<meta property=\"og:type\" content=\"article\" \/>\n<meta property=\"og:title\" content=\"Limo Hydra 15M Ballensammler Kleine Ballen | Meijer Holland\" \/>\n<meta property=\"og:description\" content=\"Ballensammler f\u00fcr 15 kleine Stroh- oder Heuballen. Hydraulisch angetrieben und hinter der Presse montiert. Effizient auf ebenem Gel\u00e4nde.\" \/>\n<meta property=\"og:url\" content=\"https:\/\/meijerholland.nl\/de\/product\/limo-hydra-15m\/\" \/>\n<meta property=\"og:site_name\" content=\"Meijer Holland\" \/>\n<meta property=\"article:publisher\" content=\"https:\/\/www.facebook.com\/meijerhollandbalehandlingsystems\/\" \/>\n<meta property=\"article:modified_time\" content=\"2026-03-26T13:48:08+00:00\" \/>\n<meta property=\"og:image\" content=\"https:\/\/meijerholland.nl\/wp-content\/uploads\/2019\/10\/Hydra-15M-2.webp\" \/>\n\t<meta property=\"og:image:width\" content=\"1117\" \/>\n\t<meta property=\"og:image:height\" content=\"758\" \/>\n\t<meta property=\"og:image:type\" content=\"image\/webp\" \/>\n<meta name=\"twitter:card\" content=\"summary_large_image\" \/>\n<meta name=\"twitter:label1\" content=\"Gesch\u00e4tzte Lesezeit\" \/>\n\t<meta name=\"twitter:data1\" content=\"1\u00a0Minute\" \/>\n<script type=\"application\/ld+json\" class=\"yoast-schema-graph\">{\"@context\":\"https:\\\/\\\/schema.org\",\"@graph\":[{\"@type\":\"WebPage\",\"@id\":\"https:\\\/\\\/meijerholland.nl\\\/de\\\/product\\\/limo-hydra-15m\\\/\",\"url\":\"https:\\\/\\\/meijerholland.nl\\\/de\\\/product\\\/limo-hydra-15m\\\/\",\"name\":\"Limo Hydra 15M Ballensammler Kleine Ballen | Meijer Holland\",\"isPartOf\":{\"@id\":\"https:\\\/\\\/meijerholland.nl\\\/en\\\/#website\"},\"primaryImageOfPage\":{\"@id\":\"https:\\\/\\\/meijerholland.nl\\\/de\\\/product\\\/limo-hydra-15m\\\/#primaryimage\"},\"image\":{\"@id\":\"https:\\\/\\\/meijerholland.nl\\\/de\\\/product\\\/limo-hydra-15m\\\/#primaryimage\"},\"thumbnailUrl\":\"https:\\\/\\\/meijerholland.nl\\\/wp-content\\\/uploads\\\/2019\\\/10\\\/Hydra-15M-2.webp\",\"datePublished\":\"2019-10-07T14:13:03+00:00\",\"dateModified\":\"2026-03-26T13:48:08+00:00\",\"description\":\"Ballensammler f\u00fcr 15 kleine Stroh- oder Heuballen. Hydraulisch angetrieben und hinter der Presse montiert. Effizient auf ebenem Gel\u00e4nde.\",\"breadcrumb\":{\"@id\":\"https:\\\/\\\/meijerholland.nl\\\/de\\\/product\\\/limo-hydra-15m\\\/#breadcrumb\"},\"inLanguage\":\"de\",\"potentialAction\":[{\"@type\":\"ReadAction\",\"target\":[\"https:\\\/\\\/meijerholland.nl\\\/de\\\/product\\\/limo-hydra-15m\\\/\"]}]},{\"@type\":\"ImageObject\",\"inLanguage\":\"de\",\"@id\":\"https:\\\/\\\/meijerholland.nl\\\/de\\\/product\\\/limo-hydra-15m\\\/#primaryimage\",\"url\":\"https:\\\/\\\/meijerholland.nl\\\/wp-content\\\/uploads\\\/2019\\\/10\\\/Hydra-15M-2.webp\",\"contentUrl\":\"https:\\\/\\\/meijerholland.nl\\\/wp-content\\\/uploads\\\/2019\\\/10\\\/Hydra-15M-2.webp\",\"width\":1117,\"height\":758},{\"@type\":\"BreadcrumbList\",\"@id\":\"https:\\\/\\\/meijerholland.nl\\\/de\\\/product\\\/limo-hydra-15m\\\/#breadcrumb\",\"itemListElement\":[{\"@type\":\"ListItem\",\"position\":1,\"name\":\"Home\",\"item\":\"https:\\\/\\\/meijerholland.nl\\\/de\\\/\"},{\"@type\":\"ListItem\",\"position\":2,\"name\":\"Produkte\",\"item\":\"https:\\\/\\\/meijerholland.nl\\\/de\\\/produkte\\\/\"},{\"@type\":\"ListItem\",\"position\":3,\"name\":\"Kleine balen\",\"item\":\"https:\\\/\\\/meijerholland.nl\\\/nl\\\/productcategorie\\\/kleine-balen\\\/\"},{\"@type\":\"ListItem\",\"position\":4,\"name\":\"Limo balenverzamelaar\",\"item\":\"https:\\\/\\\/meijerholland.nl\\\/nl\\\/productcategorie\\\/kleine-balen\\\/limo-balenverzamelaar\\\/\"},{\"@type\":\"ListItem\",\"position\":5,\"name\":\"Limo Hydra 15M Ballensammler\"}]},{\"@type\":\"WebSite\",\"@id\":\"https:\\\/\\\/meijerholland.nl\\\/en\\\/#website\",\"url\":\"https:\\\/\\\/meijerholland.nl\\\/en\\\/\",\"name\":\"Meijer Holland\",\"description\":\"Bale Handling Systems\u200e\",\"publisher\":{\"@id\":\"https:\\\/\\\/meijerholland.nl\\\/en\\\/#organization\"},\"potentialAction\":[{\"@type\":\"SearchAction\",\"target\":{\"@type\":\"EntryPoint\",\"urlTemplate\":\"https:\\\/\\\/meijerholland.nl\\\/en\\\/?s={search_term_string}\"},\"query-input\":{\"@type\":\"PropertyValueSpecification\",\"valueRequired\":true,\"valueName\":\"search_term_string\"}}],\"inLanguage\":\"de\"},{\"@type\":\"Organization\",\"@id\":\"https:\\\/\\\/meijerholland.nl\\\/en\\\/#organization\",\"name\":\"Meijer Holland\",\"url\":\"https:\\\/\\\/meijerholland.nl\\\/en\\\/\",\"logo\":{\"@type\":\"ImageObject\",\"inLanguage\":\"de\",\"@id\":\"https:\\\/\\\/meijerholland.nl\\\/en\\\/#\\\/schema\\\/logo\\\/image\\\/\",\"url\":\"https:\\\/\\\/meijerholland.nl\\\/wp-content\\\/uploads\\\/2019\\\/10\\\/MH-logo.jpg\",\"contentUrl\":\"https:\\\/\\\/meijerholland.nl\\\/wp-content\\\/uploads\\\/2019\\\/10\\\/MH-logo.jpg\",\"width\":3316,\"height\":614,\"caption\":\"Meijer Holland\"},\"image\":{\"@id\":\"https:\\\/\\\/meijerholland.nl\\\/en\\\/#\\\/schema\\\/logo\\\/image\\\/\"},\"sameAs\":[\"https:\\\/\\\/www.facebook.com\\\/meijerhollandbalehandlingsystems\\\/\",\"https:\\\/\\\/www.linkedin.com\\\/company\\\/meijer-holland---bale-handling-sytems\\\/\",\"https:\\\/\\\/www.instagram.com\\\/meijerholland\\\/\"]}]}<\/script>\n<!-- \/ Yoast SEO plugin. -->","yoast_head_json":{"title":"Limo Hydra 15M Ballensammler Kleine Ballen | Meijer Holland","description":"Ballensammler f\u00fcr 15 kleine Stroh- oder Heuballen. Hydraulisch angetrieben und hinter der Presse montiert. Effizient auf ebenem Gel\u00e4nde.","robots":{"index":"index","follow":"follow","max-snippet":"max-snippet:-1","max-image-preview":"max-image-preview:large","max-video-preview":"max-video-preview:-1"},"canonical":"https:\/\/meijerholland.nl\/de\/product\/limo-hydra-15m\/","og_locale":"de_DE","og_type":"article","og_title":"Limo Hydra 15M Ballensammler Kleine Ballen | Meijer Holland","og_description":"Ballensammler f\u00fcr 15 kleine Stroh- oder Heuballen. Hydraulisch angetrieben und hinter der Presse montiert. Effizient auf ebenem Gel\u00e4nde.","og_url":"https:\/\/meijerholland.nl\/de\/product\/limo-hydra-15m\/","og_site_name":"Meijer Holland","article_publisher":"https:\/\/www.facebook.com\/meijerhollandbalehandlingsystems\/","article_modified_time":"2026-03-26T13:48:08+00:00","og_image":[{"width":1117,"height":758,"url":"https:\/\/meijerholland.nl\/wp-content\/uploads\/2019\/10\/Hydra-15M-2.webp","type":"image\/webp"}],"twitter_card":"summary_large_image","twitter_misc":{"Gesch\u00e4tzte Lesezeit":"1\u00a0Minute"},"schema":{"@context":"https:\/\/schema.org","@graph":[{"@type":"WebPage","@id":"https:\/\/meijerholland.nl\/de\/product\/limo-hydra-15m\/","url":"https:\/\/meijerholland.nl\/de\/product\/limo-hydra-15m\/","name":"Limo Hydra 15M Ballensammler Kleine Ballen | Meijer Holland","isPartOf":{"@id":"https:\/\/meijerholland.nl\/en\/#website"},"primaryImageOfPage":{"@id":"https:\/\/meijerholland.nl\/de\/product\/limo-hydra-15m\/#primaryimage"},"image":{"@id":"https:\/\/meijerholland.nl\/de\/product\/limo-hydra-15m\/#primaryimage"},"thumbnailUrl":"https:\/\/meijerholland.nl\/wp-content\/uploads\/2019\/10\/Hydra-15M-2.webp","datePublished":"2019-10-07T14:13:03+00:00","dateModified":"2026-03-26T13:48:08+00:00","description":"Ballensammler f\u00fcr 15 kleine Stroh- oder Heuballen. Hydraulisch angetrieben und hinter der Presse montiert. Effizient auf ebenem Gel\u00e4nde.","breadcrumb":{"@id":"https:\/\/meijerholland.nl\/de\/product\/limo-hydra-15m\/#breadcrumb"},"inLanguage":"de","potentialAction":[{"@type":"ReadAction","target":["https:\/\/meijerholland.nl\/de\/product\/limo-hydra-15m\/"]}]},{"@type":"ImageObject","inLanguage":"de","@id":"https:\/\/meijerholland.nl\/de\/product\/limo-hydra-15m\/#primaryimage","url":"https:\/\/meijerholland.nl\/wp-content\/uploads\/2019\/10\/Hydra-15M-2.webp","contentUrl":"https:\/\/meijerholland.nl\/wp-content\/uploads\/2019\/10\/Hydra-15M-2.webp","width":1117,"height":758},{"@type":"BreadcrumbList","@id":"https:\/\/meijerholland.nl\/de\/product\/limo-hydra-15m\/#breadcrumb","itemListElement":[{"@type":"ListItem","position":1,"name":"Home","item":"https:\/\/meijerholland.nl\/de\/"},{"@type":"ListItem","position":2,"name":"Produkte","item":"https:\/\/meijerholland.nl\/de\/produkte\/"},{"@type":"ListItem","position":3,"name":"Kleine balen","item":"https:\/\/meijerholland.nl\/nl\/productcategorie\/kleine-balen\/"},{"@type":"ListItem","position":4,"name":"Limo balenverzamelaar","item":"https:\/\/meijerholland.nl\/nl\/productcategorie\/kleine-balen\/limo-balenverzamelaar\/"},{"@type":"ListItem","position":5,"name":"Limo Hydra 15M Ballensammler"}]},{"@type":"WebSite","@id":"https:\/\/meijerholland.nl\/en\/#website","url":"https:\/\/meijerholland.nl\/en\/","name":"Meijer Holland","description":"Bale Handling Systems\u200e","publisher":{"@id":"https:\/\/meijerholland.nl\/en\/#organization"},"potentialAction":[{"@type":"SearchAction","target":{"@type":"EntryPoint","urlTemplate":"https:\/\/meijerholland.nl\/en\/?s={search_term_string}"},"query-input":{"@type":"PropertyValueSpecification","valueRequired":true,"valueName":"search_term_string"}}],"inLanguage":"de"},{"@type":"Organization","@id":"https:\/\/meijerholland.nl\/en\/#organization","name":"Meijer Holland","url":"https:\/\/meijerholland.nl\/en\/","logo":{"@type":"ImageObject","inLanguage":"de","@id":"https:\/\/meijerholland.nl\/en\/#\/schema\/logo\/image\/","url":"https:\/\/meijerholland.nl\/wp-content\/uploads\/2019\/10\/MH-logo.jpg","contentUrl":"https:\/\/meijerholland.nl\/wp-content\/uploads\/2019\/10\/MH-logo.jpg","width":3316,"height":614,"caption":"Meijer Holland"},"image":{"@id":"https:\/\/meijerholland.nl\/en\/#\/schema\/logo\/image\/"},"sameAs":["https:\/\/www.facebook.com\/meijerhollandbalehandlingsystems\/","https:\/\/www.linkedin.com\/company\/meijer-holland---bale-handling-sytems\/","https:\/\/www.instagram.com\/meijerholland\/"]}]}},"_links":{"self":[{"href":"https:\/\/meijerholland.nl\/de\/wp-json\/wp\/v2\/product\/3685","targetHints":{"allow":["GET"]}}],"collection":[{"href":"https:\/\/meijerholland.nl\/de\/wp-json\/wp\/v2\/product"}],"about":[{"href":"https:\/\/meijerholland.nl\/de\/wp-json\/wp\/v2\/types\/product"}],"wp:featuredmedia":[{"embeddable":true,"href":"https:\/\/meijerholland.nl\/de\/wp-json\/wp\/v2\/media\/9051"}],"wp:attachment":[{"href":"https:\/\/meijerholland.nl\/de\/wp-json\/wp\/v2\/media?parent=3685"}],"wp:term":[{"taxonomy":"product_brand","embeddable":true,"href":"https:\/\/meijerholland.nl\/de\/wp-json\/wp\/v2\/product_brand?post=3685"},{"taxonomy":"product_cat","embeddable":true,"href":"https:\/\/meijerholland.nl\/de\/wp-json\/wp\/v2\/product_cat?post=3685"},{"taxonomy":"product_tag","embeddable":true,"href":"https:\/\/meijerholland.nl\/de\/wp-json\/wp\/v2\/product_tag?post=3685"}],"curies":[{"name":"wp","href":"https:\/\/api.w.org\/{rel}","templated":true}]}}