{"id":4086,"date":"2020-01-10T08:13:43","date_gmt":"2020-01-10T08:13:43","guid":{"rendered":"https:\/\/meijerholland.nl\/product\/super-fred-3-4-heavy-duty\/"},"modified":"2026-03-26T10:20:33","modified_gmt":"2026-03-26T10:20:33","slug":"super-fred-3-4-heavy-duty","status":"publish","type":"product","link":"https:\/\/meijerholland.nl\/de\/produkt\/super-fred-3-4-heavy-duty\/","title":{"rendered":"Super Fred 3-4 Heavy Duty Ballengreifer"},"content":{"rendered":"<p data-start=\"4481\" data-end=\"4729\">Der Superfred 3-4 Heavy Duty Ballengreifer ist f\u00fcr den intensiven Einsatz bei der Handhabung von gro\u00dfen Stroh- und Heuballen mit einem Gabelstapler ausgelegt. Mehrere Ballen k\u00f6nnen gleichzeitig aufgenommen werden, wodurch die Effizienz erh\u00f6ht wird.<\/p>\n<p data-start=\"4731\" data-end=\"4941\">Der Ballengreifer wird an das Hydrauliksystem eines Gabelstaplers angeschlossen. Drei gestapelte Ballen k\u00f6nnen kontrolliert gekippt werden. Die Tragf\u00e4higkeit des Gabelstaplers muss mindestens 4 Tonnen betragen.<\/p>\n<h2 data-section-id=\"1iqn08\" data-start=\"4948\" data-end=\"4964\">Geeignet f\u00fcr<\/h2>\n<ul data-start=\"4966\" data-end=\"5111\">\n<li data-section-id=\"15hh993\" data-start=\"4966\" data-end=\"4993\">3 Ballen mit 90 cm H\u00f6he<\/li>\n<li data-section-id=\"1k5f4ag\" data-start=\"4994\" data-end=\"5040\">4 Ballen mit 70 cm H\u00f6he (nicht vorgekippt)<\/li>\n<li data-section-id=\"6e862a\" data-start=\"5041\" data-end=\"5056\">Strohballen<\/li>\n<li data-section-id=\"1lcr0oo\" data-start=\"5057\" data-end=\"5070\">Heuballen<\/li>\n<li data-section-id=\"uiqckv\" data-start=\"5071\" data-end=\"5111\">Intensive Lade- und Umschlagarbeiten<\/li>\n<\/ul>\n<h2 data-section-id=\"v1ymcn\" data-start=\"5118\" data-end=\"5136\">Ausgestattet mit<\/h2>\n<ul data-start=\"5138\" data-end=\"5571\">\n<li data-section-id=\"hjjkg\" data-start=\"5138\" data-end=\"5197\">2 einziehbare Aufnahmen f\u00fcr zus\u00e4tzliche Ballenkapazit\u00e4t<\/li>\n<li data-section-id=\"1mnf1fu\" data-start=\"5198\" data-end=\"5243\">Entfernbare dicke Achsen \u00d850 mm mit Haken<\/li>\n<li data-section-id=\"uuduno\" data-start=\"5244\" data-end=\"5277\">Austauschbare Verschlei\u00dfteile<\/li>\n<li data-section-id=\"1pcokn5\" data-start=\"5278\" data-end=\"5308\">Schwerer Hydraulikzylinder<\/li>\n<li data-section-id=\"1sc09b0\" data-start=\"5309\" data-end=\"5358\">Verst\u00e4rkte Zylinderbefestigung mit Schmiernut<\/li>\n<li data-section-id=\"8u90l5\" data-start=\"5359\" data-end=\"5386\">Verst\u00e4rkte untere Ecken<\/li>\n<li data-section-id=\"mrsuuz\" data-start=\"5387\" data-end=\"5431\">Kippsystem f\u00fcr bis zu 3 Ballen von 90 cm<\/li>\n<li data-section-id=\"z0i3lf\" data-start=\"5432\" data-end=\"5489\">Elektrisches Umschaltventil 12V (Klemmen oder Kippen)<\/li>\n<li data-section-id=\"kvd8mb\" data-start=\"5490\" data-end=\"5523\">12 speziell entwickelte Haken<\/li>\n<li data-section-id=\"1gt4xev\" data-start=\"5524\" data-end=\"5571\">3 konische Buchsen f\u00fcr demontierbare Zinken<\/li>\n<\/ul>\n<h2 data-section-id=\"bxmrwq\" data-start=\"5578\" data-end=\"5633\">Vorteile von Superfred 3-4 Heavy Duty Ballengreifer<\/h2>\n<ul data-start=\"5635\" data-end=\"5825\">\n<li data-section-id=\"8148x0\" data-start=\"5635\" data-end=\"5680\">Haken ziehen Ballen fest gegen den Rahmen<\/li>\n<li data-section-id=\"1v7qi7z\" data-start=\"5681\" data-end=\"5713\">Sichere Klemmung beim Kippen<\/li>\n<li data-section-id=\"a0l23k\" data-start=\"5714\" data-end=\"5761\">Geeignet f\u00fcr dauerhaften intensiven Einsatz<\/li>\n<li data-section-id=\"1qq3v6l\" data-start=\"5762\" data-end=\"5793\">Flexibel durch Kippfunktion<\/li>\n<li data-section-id=\"au75vg\" data-start=\"5794\" data-end=\"5825\">Effizientes Beladen von Lkw<\/li>\n<\/ul>\n<h2 data-section-id=\"146r2yv\" data-start=\"5832\" data-end=\"5887\">Optionen f\u00fcr Superfred 3-4 Heavy Duty Ballengreifer<\/h2>\n<p data-start=\"5889\" data-end=\"5917\">Erweiterbar je nach Einsatz.<\/p>\n<ul data-start=\"5919\" data-end=\"6045\">\n<li data-section-id=\"1uj657s\" data-start=\"5919\" data-end=\"5946\">Demontierbare Aufnahmen<\/li>\n<li data-section-id=\"1ji9w6z\" data-start=\"5947\" data-end=\"5980\">2 oder 3 demontierbare Zinken<\/li>\n<li data-section-id=\"9mbb8k\" data-start=\"5981\" data-end=\"6018\">Hydraulikschl\u00e4uche und Kupplungen<\/li>\n<li data-section-id=\"1ek970j\" data-start=\"6019\" data-end=\"6045\">Druckbegrenzungsventil<\/li>\n<\/ul>\n<h3 data-section-id=\"724hon\" data-start=\"1874\" data-end=\"1897\">Kontakt &amp; Anleitung<\/h3>\n<p data-start=\"1899\" data-end=\"2008\">F\u00fcr weitere Informationen oder Interesse an <strong><a href=\"https:\/\/meijerholland.nl\/de\/productcategorie\/massgeschneiderte-maschinen\/\">ma\u00dfgeschneiderten<\/a><\/strong> L\u00f6sungen? Kontaktieren Sie unsere Spezialisten.<\/p>\n<ul>\n<li><strong><a href=\"https:\/\/meijerholland.nl\/wp-content\/uploads\/2024\/04\/MHM-FREDS-DU.pdf\">Bedienungsanleitung<\/a> <\/strong>herunterladen (PDF)<\/li>\n<li>Anrufen: <strong><a href=\"callto:+31503126448\">+31 (0)50 \u2013 3126448<\/a><\/strong><\/li>\n<li>E-Mail: <strong><a href=\"mailto:info@meijerholland.com\" rel=\"noopener\" data-start=\"3121\" data-end=\"3143\">info@meijerholland.com<\/a><\/strong><\/li>\n<li>Oder f\u00fcllen Sie das <a href=\"https:\/\/meijerholland.nl\/de\/kontakt\/\">\u00a0<strong>Kontaktformular<\/strong><\/a> aus<\/li>\n<\/ul>\n","protected":false},"excerpt":{"rendered":"<p>Der Superfred 3-4 Heavy Duty Ballengreifer ist f\u00fcr den intensiven&#8230;<\/p>\n","protected":false},"featured_media":8202,"template":"","meta":{"_acf_changed":false},"product_brand":[],"product_cat":[119],"product_tag":[],"class_list":{"0":"post-4086","1":"product","2":"type-product","3":"status-publish","4":"has-post-thumbnail","6":"product_cat-fred-ballengreifer","8":"first","9":"instock","10":"taxable","11":"shipping-taxable","12":"product-type-simple"},"acf":[],"yoast_head":"<!-- This site is optimized with the Yoast SEO plugin v27.4 - https:\/\/yoast.com\/product\/yoast-seo-wordpress\/ -->\n<title>Superfred 3-4 Heavy Duty Ballengreifer | Meijer Holland<\/title>\n<meta name=\"description\" content=\"Bewegen Sie 3 bis 4 Ballen effizient mit dem Superfred 3-4 Heavy Duty Ballengreifer. Geeignet f\u00fcr intensiven Einsatz mit Gabelstaplern.\" \/>\n<meta name=\"robots\" content=\"index, follow, max-snippet:-1, max-image-preview:large, max-video-preview:-1\" \/>\n<link rel=\"canonical\" href=\"https:\/\/meijerholland.nl\/de\/produkt\/super-fred-3-4-heavy-duty\/\" \/>\n<meta property=\"og:locale\" content=\"de_DE\" \/>\n<meta property=\"og:type\" content=\"article\" \/>\n<meta property=\"og:title\" content=\"Superfred 3-4 Heavy Duty Ballengreifer | Meijer Holland\" \/>\n<meta property=\"og:description\" content=\"Bewegen Sie 3 bis 4 Ballen effizient mit dem Superfred 3-4 Heavy Duty Ballengreifer. Geeignet f\u00fcr intensiven Einsatz mit Gabelstaplern.\" \/>\n<meta property=\"og:url\" content=\"https:\/\/meijerholland.nl\/de\/produkt\/super-fred-3-4-heavy-duty\/\" \/>\n<meta property=\"og:site_name\" content=\"Meijer Holland\" \/>\n<meta property=\"article:publisher\" content=\"https:\/\/www.facebook.com\/meijerhollandbalehandlingsystems\/\" \/>\n<meta property=\"article:modified_time\" content=\"2026-03-26T10:20:33+00:00\" \/>\n<meta property=\"og:image\" content=\"https:\/\/meijerholland.nl\/wp-content\/uploads\/2020\/01\/MH74X01-000A.png\" \/>\n\t<meta property=\"og:image:width\" content=\"1920\" \/>\n\t<meta property=\"og:image:height\" content=\"1080\" \/>\n\t<meta property=\"og:image:type\" content=\"image\/png\" \/>\n<meta name=\"twitter:card\" content=\"summary_large_image\" \/>\n<meta name=\"twitter:label1\" content=\"Gesch\u00e4tzte Lesezeit\" \/>\n\t<meta name=\"twitter:data1\" content=\"2\u00a0Minuten\" \/>\n<script type=\"application\/ld+json\" class=\"yoast-schema-graph\">{\"@context\":\"https:\\\/\\\/schema.org\",\"@graph\":[{\"@type\":\"WebPage\",\"@id\":\"https:\\\/\\\/meijerholland.nl\\\/de\\\/produkt\\\/super-fred-3-4-heavy-duty\\\/\",\"url\":\"https:\\\/\\\/meijerholland.nl\\\/de\\\/produkt\\\/super-fred-3-4-heavy-duty\\\/\",\"name\":\"Superfred 3-4 Heavy Duty Ballengreifer | Meijer Holland\",\"isPartOf\":{\"@id\":\"https:\\\/\\\/meijerholland.nl\\\/en\\\/#website\"},\"primaryImageOfPage\":{\"@id\":\"https:\\\/\\\/meijerholland.nl\\\/de\\\/produkt\\\/super-fred-3-4-heavy-duty\\\/#primaryimage\"},\"image\":{\"@id\":\"https:\\\/\\\/meijerholland.nl\\\/de\\\/produkt\\\/super-fred-3-4-heavy-duty\\\/#primaryimage\"},\"thumbnailUrl\":\"https:\\\/\\\/meijerholland.nl\\\/wp-content\\\/uploads\\\/2020\\\/01\\\/MH74X01-000A.png\",\"datePublished\":\"2020-01-10T08:13:43+00:00\",\"dateModified\":\"2026-03-26T10:20:33+00:00\",\"description\":\"Bewegen Sie 3 bis 4 Ballen effizient mit dem Superfred 3-4 Heavy Duty Ballengreifer. Geeignet f\u00fcr intensiven Einsatz mit Gabelstaplern.\",\"breadcrumb\":{\"@id\":\"https:\\\/\\\/meijerholland.nl\\\/de\\\/produkt\\\/super-fred-3-4-heavy-duty\\\/#breadcrumb\"},\"inLanguage\":\"de\",\"potentialAction\":[{\"@type\":\"ReadAction\",\"target\":[\"https:\\\/\\\/meijerholland.nl\\\/de\\\/produkt\\\/super-fred-3-4-heavy-duty\\\/\"]}]},{\"@type\":\"ImageObject\",\"inLanguage\":\"de\",\"@id\":\"https:\\\/\\\/meijerholland.nl\\\/de\\\/produkt\\\/super-fred-3-4-heavy-duty\\\/#primaryimage\",\"url\":\"https:\\\/\\\/meijerholland.nl\\\/wp-content\\\/uploads\\\/2020\\\/01\\\/MH74X01-000A.png\",\"contentUrl\":\"https:\\\/\\\/meijerholland.nl\\\/wp-content\\\/uploads\\\/2020\\\/01\\\/MH74X01-000A.png\",\"width\":1920,\"height\":1080,\"caption\":\"De Superfred 3-4 Heavy Duty balenklem verwerkt moeiteloos drie zware strobalen\"},{\"@type\":\"BreadcrumbList\",\"@id\":\"https:\\\/\\\/meijerholland.nl\\\/de\\\/produkt\\\/super-fred-3-4-heavy-duty\\\/#breadcrumb\",\"itemListElement\":[{\"@type\":\"ListItem\",\"position\":1,\"name\":\"Home\",\"item\":\"https:\\\/\\\/meijerholland.nl\\\/de\\\/\"},{\"@type\":\"ListItem\",\"position\":2,\"name\":\"Produkte\",\"item\":\"https:\\\/\\\/meijerholland.nl\\\/de\\\/produkte\\\/\"},{\"@type\":\"ListItem\",\"position\":3,\"name\":\"Gro\u00dfe Ballen\",\"item\":\"https:\\\/\\\/meijerholland.nl\\\/de\\\/productcategorie\\\/grosse-ballen\\\/\"},{\"@type\":\"ListItem\",\"position\":4,\"name\":\"Fred Ballengreifer\",\"item\":\"https:\\\/\\\/meijerholland.nl\\\/de\\\/productcategorie\\\/grosse-ballen\\\/fred-ballengreifer\\\/\"},{\"@type\":\"ListItem\",\"position\":5,\"name\":\"Super Fred 3-4 Heavy Duty Ballengreifer\"}]},{\"@type\":\"WebSite\",\"@id\":\"https:\\\/\\\/meijerholland.nl\\\/en\\\/#website\",\"url\":\"https:\\\/\\\/meijerholland.nl\\\/en\\\/\",\"name\":\"Meijer Holland\",\"description\":\"Bale Handling Systems\u200e\",\"publisher\":{\"@id\":\"https:\\\/\\\/meijerholland.nl\\\/en\\\/#organization\"},\"potentialAction\":[{\"@type\":\"SearchAction\",\"target\":{\"@type\":\"EntryPoint\",\"urlTemplate\":\"https:\\\/\\\/meijerholland.nl\\\/en\\\/?s={search_term_string}\"},\"query-input\":{\"@type\":\"PropertyValueSpecification\",\"valueRequired\":true,\"valueName\":\"search_term_string\"}}],\"inLanguage\":\"de\"},{\"@type\":\"Organization\",\"@id\":\"https:\\\/\\\/meijerholland.nl\\\/en\\\/#organization\",\"name\":\"Meijer Holland\",\"url\":\"https:\\\/\\\/meijerholland.nl\\\/en\\\/\",\"logo\":{\"@type\":\"ImageObject\",\"inLanguage\":\"de\",\"@id\":\"https:\\\/\\\/meijerholland.nl\\\/en\\\/#\\\/schema\\\/logo\\\/image\\\/\",\"url\":\"https:\\\/\\\/meijerholland.nl\\\/wp-content\\\/uploads\\\/2019\\\/10\\\/MH-logo.jpg\",\"contentUrl\":\"https:\\\/\\\/meijerholland.nl\\\/wp-content\\\/uploads\\\/2019\\\/10\\\/MH-logo.jpg\",\"width\":3316,\"height\":614,\"caption\":\"Meijer Holland\"},\"image\":{\"@id\":\"https:\\\/\\\/meijerholland.nl\\\/en\\\/#\\\/schema\\\/logo\\\/image\\\/\"},\"sameAs\":[\"https:\\\/\\\/www.facebook.com\\\/meijerhollandbalehandlingsystems\\\/\",\"https:\\\/\\\/www.linkedin.com\\\/company\\\/meijer-holland---bale-handling-sytems\\\/\",\"https:\\\/\\\/www.instagram.com\\\/meijerholland\\\/\"]}]}<\/script>\n<!-- \/ Yoast SEO plugin. -->","yoast_head_json":{"title":"Superfred 3-4 Heavy Duty Ballengreifer | Meijer Holland","description":"Bewegen Sie 3 bis 4 Ballen effizient mit dem Superfred 3-4 Heavy Duty Ballengreifer. Geeignet f\u00fcr intensiven Einsatz mit Gabelstaplern.","robots":{"index":"index","follow":"follow","max-snippet":"max-snippet:-1","max-image-preview":"max-image-preview:large","max-video-preview":"max-video-preview:-1"},"canonical":"https:\/\/meijerholland.nl\/de\/produkt\/super-fred-3-4-heavy-duty\/","og_locale":"de_DE","og_type":"article","og_title":"Superfred 3-4 Heavy Duty Ballengreifer | Meijer Holland","og_description":"Bewegen Sie 3 bis 4 Ballen effizient mit dem Superfred 3-4 Heavy Duty Ballengreifer. Geeignet f\u00fcr intensiven Einsatz mit Gabelstaplern.","og_url":"https:\/\/meijerholland.nl\/de\/produkt\/super-fred-3-4-heavy-duty\/","og_site_name":"Meijer Holland","article_publisher":"https:\/\/www.facebook.com\/meijerhollandbalehandlingsystems\/","article_modified_time":"2026-03-26T10:20:33+00:00","og_image":[{"width":1920,"height":1080,"url":"https:\/\/meijerholland.nl\/wp-content\/uploads\/2020\/01\/MH74X01-000A.png","type":"image\/png"}],"twitter_card":"summary_large_image","twitter_misc":{"Gesch\u00e4tzte Lesezeit":"2\u00a0Minuten"},"schema":{"@context":"https:\/\/schema.org","@graph":[{"@type":"WebPage","@id":"https:\/\/meijerholland.nl\/de\/produkt\/super-fred-3-4-heavy-duty\/","url":"https:\/\/meijerholland.nl\/de\/produkt\/super-fred-3-4-heavy-duty\/","name":"Superfred 3-4 Heavy Duty Ballengreifer | Meijer Holland","isPartOf":{"@id":"https:\/\/meijerholland.nl\/en\/#website"},"primaryImageOfPage":{"@id":"https:\/\/meijerholland.nl\/de\/produkt\/super-fred-3-4-heavy-duty\/#primaryimage"},"image":{"@id":"https:\/\/meijerholland.nl\/de\/produkt\/super-fred-3-4-heavy-duty\/#primaryimage"},"thumbnailUrl":"https:\/\/meijerholland.nl\/wp-content\/uploads\/2020\/01\/MH74X01-000A.png","datePublished":"2020-01-10T08:13:43+00:00","dateModified":"2026-03-26T10:20:33+00:00","description":"Bewegen Sie 3 bis 4 Ballen effizient mit dem Superfred 3-4 Heavy Duty Ballengreifer. Geeignet f\u00fcr intensiven Einsatz mit Gabelstaplern.","breadcrumb":{"@id":"https:\/\/meijerholland.nl\/de\/produkt\/super-fred-3-4-heavy-duty\/#breadcrumb"},"inLanguage":"de","potentialAction":[{"@type":"ReadAction","target":["https:\/\/meijerholland.nl\/de\/produkt\/super-fred-3-4-heavy-duty\/"]}]},{"@type":"ImageObject","inLanguage":"de","@id":"https:\/\/meijerholland.nl\/de\/produkt\/super-fred-3-4-heavy-duty\/#primaryimage","url":"https:\/\/meijerholland.nl\/wp-content\/uploads\/2020\/01\/MH74X01-000A.png","contentUrl":"https:\/\/meijerholland.nl\/wp-content\/uploads\/2020\/01\/MH74X01-000A.png","width":1920,"height":1080,"caption":"De Superfred 3-4 Heavy Duty balenklem verwerkt moeiteloos drie zware strobalen"},{"@type":"BreadcrumbList","@id":"https:\/\/meijerholland.nl\/de\/produkt\/super-fred-3-4-heavy-duty\/#breadcrumb","itemListElement":[{"@type":"ListItem","position":1,"name":"Home","item":"https:\/\/meijerholland.nl\/de\/"},{"@type":"ListItem","position":2,"name":"Produkte","item":"https:\/\/meijerholland.nl\/de\/produkte\/"},{"@type":"ListItem","position":3,"name":"Gro\u00dfe Ballen","item":"https:\/\/meijerholland.nl\/de\/productcategorie\/grosse-ballen\/"},{"@type":"ListItem","position":4,"name":"Fred Ballengreifer","item":"https:\/\/meijerholland.nl\/de\/productcategorie\/grosse-ballen\/fred-ballengreifer\/"},{"@type":"ListItem","position":5,"name":"Super Fred 3-4 Heavy Duty Ballengreifer"}]},{"@type":"WebSite","@id":"https:\/\/meijerholland.nl\/en\/#website","url":"https:\/\/meijerholland.nl\/en\/","name":"Meijer Holland","description":"Bale Handling Systems\u200e","publisher":{"@id":"https:\/\/meijerholland.nl\/en\/#organization"},"potentialAction":[{"@type":"SearchAction","target":{"@type":"EntryPoint","urlTemplate":"https:\/\/meijerholland.nl\/en\/?s={search_term_string}"},"query-input":{"@type":"PropertyValueSpecification","valueRequired":true,"valueName":"search_term_string"}}],"inLanguage":"de"},{"@type":"Organization","@id":"https:\/\/meijerholland.nl\/en\/#organization","name":"Meijer Holland","url":"https:\/\/meijerholland.nl\/en\/","logo":{"@type":"ImageObject","inLanguage":"de","@id":"https:\/\/meijerholland.nl\/en\/#\/schema\/logo\/image\/","url":"https:\/\/meijerholland.nl\/wp-content\/uploads\/2019\/10\/MH-logo.jpg","contentUrl":"https:\/\/meijerholland.nl\/wp-content\/uploads\/2019\/10\/MH-logo.jpg","width":3316,"height":614,"caption":"Meijer Holland"},"image":{"@id":"https:\/\/meijerholland.nl\/en\/#\/schema\/logo\/image\/"},"sameAs":["https:\/\/www.facebook.com\/meijerhollandbalehandlingsystems\/","https:\/\/www.linkedin.com\/company\/meijer-holland---bale-handling-sytems\/","https:\/\/www.instagram.com\/meijerholland\/"]}]}},"_links":{"self":[{"href":"https:\/\/meijerholland.nl\/de\/wp-json\/wp\/v2\/product\/4086","targetHints":{"allow":["GET"]}}],"collection":[{"href":"https:\/\/meijerholland.nl\/de\/wp-json\/wp\/v2\/product"}],"about":[{"href":"https:\/\/meijerholland.nl\/de\/wp-json\/wp\/v2\/types\/product"}],"wp:featuredmedia":[{"embeddable":true,"href":"https:\/\/meijerholland.nl\/de\/wp-json\/wp\/v2\/media\/8202"}],"wp:attachment":[{"href":"https:\/\/meijerholland.nl\/de\/wp-json\/wp\/v2\/media?parent=4086"}],"wp:term":[{"taxonomy":"product_brand","embeddable":true,"href":"https:\/\/meijerholland.nl\/de\/wp-json\/wp\/v2\/product_brand?post=4086"},{"taxonomy":"product_cat","embeddable":true,"href":"https:\/\/meijerholland.nl\/de\/wp-json\/wp\/v2\/product_cat?post=4086"},{"taxonomy":"product_tag","embeddable":true,"href":"https:\/\/meijerholland.nl\/de\/wp-json\/wp\/v2\/product_tag?post=4086"}],"curies":[{"name":"wp","href":"https:\/\/api.w.org\/{rel}","templated":true}]}}