{"id":4462,"date":"2020-04-01T07:54:53","date_gmt":"2020-04-01T07:54:53","guid":{"rendered":"https:\/\/meijerholland.nl\/product\/jumbo-vr-2\/"},"modified":"2026-03-26T13:19:32","modified_gmt":"2026-03-26T13:19:32","slug":"jumbo-vr-2","status":"publish","type":"product","link":"https:\/\/meijerholland.nl\/de\/produkt\/jumbo-vr-2\/","title":{"rendered":"Jumbo VR2 Gewickelte Ballenzange"},"content":{"rendered":"<p data-start=\"3619\" data-end=\"3799\">Die Jumbo VR2 Ballenzange ist f\u00fcr die Aufnahme von ein oder zwei gewickelten Ballen ausgelegt. Sowohl Quader- als auch Rundballen werden in der Breite geklemmt und sicher bewegt.<\/p>\n<p data-start=\"3801\" data-end=\"4071\">Die Klemmarme bewegen sich 45 cm nach au\u00dfen und gleiten unter Druck von zwei Zylindern durch U-Profile. Dadurch entsteht eine stabile Konstruktion. Die Ballenzange wird an das Hydrauliksystem eines Teleskopladers, Frontladers, Radladers oder Gabelstaplers angeschlossen.<\/p>\n<h2 data-section-id=\"nzb0m3\" data-start=\"4073\" data-end=\"4090\">Geeignet f\u00fcr<\/h2>\n<ul data-start=\"4091\" data-end=\"4201\">\n<li data-section-id=\"80vp40\" data-start=\"4091\" data-end=\"4201\">1 oder 2 Ballen mit einem Spannbereich von:\n<ul data-start=\"4141\" data-end=\"4201\">\n<li data-section-id=\"15ij8zb\" data-start=\"4141\" data-end=\"4159\">100 bis 190 cm<\/li>\n<li data-section-id=\"1bfqnrw\" data-start=\"4162\" data-end=\"4180\">118 bis 208 cm<\/li>\n<li data-section-id=\"ztvk0s\" data-start=\"4183\" data-end=\"4201\">135 bis 225 cm<\/li>\n<\/ul>\n<\/li>\n<\/ul>\n<h2 data-section-id=\"1ebqpac\" data-start=\"4203\" data-end=\"4222\">Ausgef\u00fchrt mit<\/h2>\n<ul data-start=\"4223\" data-end=\"4419\">\n<li data-section-id=\"gx0ouf\" data-start=\"4223\" data-end=\"4266\">2 Klemmarmen mit einer L\u00e4nge von 112 cm<\/li>\n<li data-section-id=\"m3v8y4\" data-start=\"4267\" data-end=\"4310\">2 Zylindern, jeweils einer pro Klemmarm<\/li>\n<li data-section-id=\"kkyc3y\" data-start=\"4311\" data-end=\"4343\">Gesteuertem R\u00fcckschlagventil<\/li>\n<li data-section-id=\"7olmdz\" data-start=\"4344\" data-end=\"4392\">Kunststofff\u00fchrung an den ausziehbaren Teilen<\/li>\n<li data-section-id=\"1ek970j\" data-start=\"4393\" data-end=\"4419\">Druckbegrenzungsventil<\/li>\n<\/ul>\n<h2 data-section-id=\"1j0jzz2\" data-start=\"4421\" data-end=\"4460\">Vorteile von Jumbo VR2 Ballenzange<\/h2>\n<ul data-start=\"4461\" data-end=\"4743\">\n<li data-section-id=\"7ow7wj\" data-start=\"4461\" data-end=\"4530\">Keine Besch\u00e4digung der Folie durch speziell entwickelte Klemmarme<\/li>\n<li data-section-id=\"anw1it\" data-start=\"4531\" data-end=\"4600\">Zylinder in drei Positionen einstellbar f\u00fcr gr\u00f6\u00dferen Spannbereich<\/li>\n<li data-section-id=\"22m9cn\" data-start=\"4601\" data-end=\"4669\">R\u00fcckschlagventil h\u00e4lt die Ballen sicher geklemmt bei Druckabfall<\/li>\n<li data-section-id=\"115840r\" data-start=\"4670\" data-end=\"4712\">Kunststofff\u00fchrung reduziert Verschlei\u00df<\/li>\n<li data-section-id=\"1vl94il\" data-start=\"4713\" data-end=\"4743\">Geeignet f\u00fcr Auftragnehmer<\/li>\n<\/ul>\n<h2 data-section-id=\"1ueexv7\" data-start=\"4745\" data-end=\"4784\">Optionen f\u00fcr Jumbo VR2 Ballenzange<\/h2>\n<p data-start=\"4785\" data-end=\"4828\">Erweiterbar mit zus\u00e4tzlichen Komponenten.<\/p>\n<ul data-start=\"4829\" data-end=\"4895\">\n<li data-section-id=\"tzxdfq\" data-start=\"4829\" data-end=\"4855\">Demontierbare Aufnahme<\/li>\n<li data-section-id=\"1dytph2\" data-start=\"4856\" data-end=\"4895\">2 Hydraulikschl\u00e4uche und Kupplungen<\/li>\n<\/ul>\n<h3 data-section-id=\"724hon\" data-start=\"1874\" data-end=\"1897\">Kontakt &amp; Anleitung<\/h3>\n<p data-start=\"1899\" data-end=\"2008\">F\u00fcr weitere Informationen oder Interesse an <strong><a href=\"https:\/\/meijerholland.nl\/de\/productcategorie\/massgeschneiderte-maschinen\/\">ma\u00dfgeschneiderten<\/a><\/strong> L\u00f6sungen? Kontaktieren Sie unsere Spezialisten.<\/p>\n<ul>\n<li><strong><a href=\"https:\/\/meijerholland.nl\/wp-content\/uploads\/2025\/01\/MHM-VR-DU.pdf\">Bedienungsanleitung<\/a> <\/strong>herunterladen (PDF)<\/li>\n<li>Anrufen:<strong> <a href=\"callto:+31503126448\">+31 (0)50 \u2013 3126448<\/a><\/strong><\/li>\n<li>E-Mail: <strong><a href=\"mailto:info@meijerholland.com\" rel=\"noopener\" data-start=\"3121\" data-end=\"3143\">info@meijerholland.com<\/a><\/strong><\/li>\n<li>Oder f\u00fcllen Sie das <a href=\"https:\/\/meijerholland.nl\/de\/kontakt\/\">\u00a0<strong>Kontaktformular<\/strong><\/a> aus<\/li>\n<\/ul>\n","protected":false},"excerpt":{"rendered":"<p>Die Jumbo VR2 Ballenzange ist f\u00fcr die Aufnahme von ein&#8230;<\/p>\n","protected":false},"featured_media":5246,"template":"","meta":{"_acf_changed":false},"product_brand":[],"product_cat":[509],"product_tag":[],"class_list":{"0":"post-4462","1":"product","2":"type-product","3":"status-publish","4":"has-post-thumbnail","6":"product_cat-jumbo-vr-ballenzange","8":"first","9":"instock","10":"taxable","11":"shipping-taxable","12":"product-type-simple"},"acf":[],"yoast_head":"<!-- This site is optimized with the Yoast SEO plugin v27.3 - https:\/\/yoast.com\/product\/yoast-seo-wordpress\/ -->\n<title>Jumbo VR2 Ballenzange f\u00fcr 1\/2 Gewickelte Ballen | Meijer Holland<\/title>\n<meta name=\"description\" content=\"Ballenzange f\u00fcr ein oder zwei gewickelte Ballen bis 800 kg je Ballen. Verstellbarer Spannbereich und sicherer Halt bei Druckabfall.\" \/>\n<meta name=\"robots\" content=\"index, follow, max-snippet:-1, max-image-preview:large, max-video-preview:-1\" \/>\n<link rel=\"canonical\" href=\"https:\/\/meijerholland.nl\/de\/product\/jumbo-vr-2\/\" \/>\n<meta property=\"og:locale\" content=\"de_DE\" \/>\n<meta property=\"og:type\" content=\"article\" \/>\n<meta property=\"og:title\" content=\"Jumbo VR2 Ballenzange f\u00fcr 1\/2 Gewickelte Ballen | Meijer Holland\" \/>\n<meta property=\"og:description\" content=\"Ballenzange f\u00fcr ein oder zwei gewickelte Ballen bis 800 kg je Ballen. Verstellbarer Spannbereich und sicherer Halt bei Druckabfall.\" \/>\n<meta property=\"og:url\" content=\"https:\/\/meijerholland.nl\/de\/product\/jumbo-vr-2\/\" \/>\n<meta property=\"og:site_name\" content=\"Meijer Holland\" \/>\n<meta property=\"article:publisher\" content=\"https:\/\/www.facebook.com\/meijerhollandbalehandlingsystems\/\" \/>\n<meta property=\"article:modified_time\" content=\"2026-03-26T13:19:32+00:00\" \/>\n<meta property=\"og:image\" content=\"https:\/\/meijerholland.nl\/wp-content\/uploads\/2020\/04\/MH16X01-000_01.png\" \/>\n\t<meta property=\"og:image:width\" content=\"1920\" \/>\n\t<meta property=\"og:image:height\" content=\"1080\" \/>\n\t<meta property=\"og:image:type\" content=\"image\/png\" \/>\n<meta name=\"twitter:card\" content=\"summary_large_image\" \/>\n<meta name=\"twitter:label1\" content=\"Gesch\u00e4tzte Lesezeit\" \/>\n\t<meta name=\"twitter:data1\" content=\"2\u00a0Minuten\" \/>\n<script type=\"application\/ld+json\" class=\"yoast-schema-graph\">{\"@context\":\"https:\\\/\\\/schema.org\",\"@graph\":[{\"@type\":\"WebPage\",\"@id\":\"https:\\\/\\\/meijerholland.nl\\\/de\\\/product\\\/jumbo-vr-2\\\/\",\"url\":\"https:\\\/\\\/meijerholland.nl\\\/de\\\/product\\\/jumbo-vr-2\\\/\",\"name\":\"Jumbo VR2 Ballenzange f\u00fcr 1\\\/2 Gewickelte Ballen | Meijer Holland\",\"isPartOf\":{\"@id\":\"https:\\\/\\\/meijerholland.nl\\\/en\\\/#website\"},\"primaryImageOfPage\":{\"@id\":\"https:\\\/\\\/meijerholland.nl\\\/de\\\/product\\\/jumbo-vr-2\\\/#primaryimage\"},\"image\":{\"@id\":\"https:\\\/\\\/meijerholland.nl\\\/de\\\/product\\\/jumbo-vr-2\\\/#primaryimage\"},\"thumbnailUrl\":\"https:\\\/\\\/meijerholland.nl\\\/wp-content\\\/uploads\\\/2020\\\/04\\\/MH16X01-000_01.png\",\"datePublished\":\"2020-04-01T07:54:53+00:00\",\"dateModified\":\"2026-03-26T13:19:32+00:00\",\"description\":\"Ballenzange f\u00fcr ein oder zwei gewickelte Ballen bis 800 kg je Ballen. Verstellbarer Spannbereich und sicherer Halt bei Druckabfall.\",\"breadcrumb\":{\"@id\":\"https:\\\/\\\/meijerholland.nl\\\/de\\\/product\\\/jumbo-vr-2\\\/#breadcrumb\"},\"inLanguage\":\"de\",\"potentialAction\":[{\"@type\":\"ReadAction\",\"target\":[\"https:\\\/\\\/meijerholland.nl\\\/de\\\/product\\\/jumbo-vr-2\\\/\"]}]},{\"@type\":\"ImageObject\",\"inLanguage\":\"de\",\"@id\":\"https:\\\/\\\/meijerholland.nl\\\/de\\\/product\\\/jumbo-vr-2\\\/#primaryimage\",\"url\":\"https:\\\/\\\/meijerholland.nl\\\/wp-content\\\/uploads\\\/2020\\\/04\\\/MH16X01-000_01.png\",\"contentUrl\":\"https:\\\/\\\/meijerholland.nl\\\/wp-content\\\/uploads\\\/2020\\\/04\\\/MH16X01-000_01.png\",\"width\":1920,\"height\":1080,\"caption\":\"jumbo vr2 balenklem\"},{\"@type\":\"BreadcrumbList\",\"@id\":\"https:\\\/\\\/meijerholland.nl\\\/de\\\/product\\\/jumbo-vr-2\\\/#breadcrumb\",\"itemListElement\":[{\"@type\":\"ListItem\",\"position\":1,\"name\":\"Home\",\"item\":\"https:\\\/\\\/meijerholland.nl\\\/de\\\/\"},{\"@type\":\"ListItem\",\"position\":2,\"name\":\"Produkte\",\"item\":\"https:\\\/\\\/meijerholland.nl\\\/de\\\/produkte\\\/\"},{\"@type\":\"ListItem\",\"position\":3,\"name\":\"Gewikkelde balen\",\"item\":\"https:\\\/\\\/meijerholland.nl\\\/nl\\\/productcategorie\\\/gewikkelde-balen\\\/\"},{\"@type\":\"ListItem\",\"position\":4,\"name\":\"Jumbo VR balenklem\",\"item\":\"https:\\\/\\\/meijerholland.nl\\\/nl\\\/productcategorie\\\/gewikkelde-balen\\\/jumbo-vr-balenklem\\\/\"},{\"@type\":\"ListItem\",\"position\":5,\"name\":\"Jumbo VR2 Gewickelte Ballenzange\"}]},{\"@type\":\"WebSite\",\"@id\":\"https:\\\/\\\/meijerholland.nl\\\/en\\\/#website\",\"url\":\"https:\\\/\\\/meijerholland.nl\\\/en\\\/\",\"name\":\"Meijer Holland\",\"description\":\"Bale Handling Systems\u200e\",\"publisher\":{\"@id\":\"https:\\\/\\\/meijerholland.nl\\\/en\\\/#organization\"},\"potentialAction\":[{\"@type\":\"SearchAction\",\"target\":{\"@type\":\"EntryPoint\",\"urlTemplate\":\"https:\\\/\\\/meijerholland.nl\\\/en\\\/?s={search_term_string}\"},\"query-input\":{\"@type\":\"PropertyValueSpecification\",\"valueRequired\":true,\"valueName\":\"search_term_string\"}}],\"inLanguage\":\"de\"},{\"@type\":\"Organization\",\"@id\":\"https:\\\/\\\/meijerholland.nl\\\/en\\\/#organization\",\"name\":\"Meijer Holland\",\"url\":\"https:\\\/\\\/meijerholland.nl\\\/en\\\/\",\"logo\":{\"@type\":\"ImageObject\",\"inLanguage\":\"de\",\"@id\":\"https:\\\/\\\/meijerholland.nl\\\/en\\\/#\\\/schema\\\/logo\\\/image\\\/\",\"url\":\"https:\\\/\\\/meijerholland.nl\\\/wp-content\\\/uploads\\\/2019\\\/10\\\/MH-logo.jpg\",\"contentUrl\":\"https:\\\/\\\/meijerholland.nl\\\/wp-content\\\/uploads\\\/2019\\\/10\\\/MH-logo.jpg\",\"width\":3316,\"height\":614,\"caption\":\"Meijer Holland\"},\"image\":{\"@id\":\"https:\\\/\\\/meijerholland.nl\\\/en\\\/#\\\/schema\\\/logo\\\/image\\\/\"},\"sameAs\":[\"https:\\\/\\\/www.facebook.com\\\/meijerhollandbalehandlingsystems\\\/\",\"https:\\\/\\\/www.linkedin.com\\\/company\\\/meijer-holland---bale-handling-sytems\\\/\",\"https:\\\/\\\/www.instagram.com\\\/meijerholland\\\/\"]}]}<\/script>\n<!-- \/ Yoast SEO plugin. -->","yoast_head_json":{"title":"Jumbo VR2 Ballenzange f\u00fcr 1\/2 Gewickelte Ballen | Meijer Holland","description":"Ballenzange f\u00fcr ein oder zwei gewickelte Ballen bis 800 kg je Ballen. Verstellbarer Spannbereich und sicherer Halt bei Druckabfall.","robots":{"index":"index","follow":"follow","max-snippet":"max-snippet:-1","max-image-preview":"max-image-preview:large","max-video-preview":"max-video-preview:-1"},"canonical":"https:\/\/meijerholland.nl\/de\/product\/jumbo-vr-2\/","og_locale":"de_DE","og_type":"article","og_title":"Jumbo VR2 Ballenzange f\u00fcr 1\/2 Gewickelte Ballen | Meijer Holland","og_description":"Ballenzange f\u00fcr ein oder zwei gewickelte Ballen bis 800 kg je Ballen. Verstellbarer Spannbereich und sicherer Halt bei Druckabfall.","og_url":"https:\/\/meijerholland.nl\/de\/product\/jumbo-vr-2\/","og_site_name":"Meijer Holland","article_publisher":"https:\/\/www.facebook.com\/meijerhollandbalehandlingsystems\/","article_modified_time":"2026-03-26T13:19:32+00:00","og_image":[{"width":1920,"height":1080,"url":"https:\/\/meijerholland.nl\/wp-content\/uploads\/2020\/04\/MH16X01-000_01.png","type":"image\/png"}],"twitter_card":"summary_large_image","twitter_misc":{"Gesch\u00e4tzte Lesezeit":"2\u00a0Minuten"},"schema":{"@context":"https:\/\/schema.org","@graph":[{"@type":"WebPage","@id":"https:\/\/meijerholland.nl\/de\/product\/jumbo-vr-2\/","url":"https:\/\/meijerholland.nl\/de\/product\/jumbo-vr-2\/","name":"Jumbo VR2 Ballenzange f\u00fcr 1\/2 Gewickelte Ballen | Meijer Holland","isPartOf":{"@id":"https:\/\/meijerholland.nl\/en\/#website"},"primaryImageOfPage":{"@id":"https:\/\/meijerholland.nl\/de\/product\/jumbo-vr-2\/#primaryimage"},"image":{"@id":"https:\/\/meijerholland.nl\/de\/product\/jumbo-vr-2\/#primaryimage"},"thumbnailUrl":"https:\/\/meijerholland.nl\/wp-content\/uploads\/2020\/04\/MH16X01-000_01.png","datePublished":"2020-04-01T07:54:53+00:00","dateModified":"2026-03-26T13:19:32+00:00","description":"Ballenzange f\u00fcr ein oder zwei gewickelte Ballen bis 800 kg je Ballen. Verstellbarer Spannbereich und sicherer Halt bei Druckabfall.","breadcrumb":{"@id":"https:\/\/meijerholland.nl\/de\/product\/jumbo-vr-2\/#breadcrumb"},"inLanguage":"de","potentialAction":[{"@type":"ReadAction","target":["https:\/\/meijerholland.nl\/de\/product\/jumbo-vr-2\/"]}]},{"@type":"ImageObject","inLanguage":"de","@id":"https:\/\/meijerholland.nl\/de\/product\/jumbo-vr-2\/#primaryimage","url":"https:\/\/meijerholland.nl\/wp-content\/uploads\/2020\/04\/MH16X01-000_01.png","contentUrl":"https:\/\/meijerholland.nl\/wp-content\/uploads\/2020\/04\/MH16X01-000_01.png","width":1920,"height":1080,"caption":"jumbo vr2 balenklem"},{"@type":"BreadcrumbList","@id":"https:\/\/meijerholland.nl\/de\/product\/jumbo-vr-2\/#breadcrumb","itemListElement":[{"@type":"ListItem","position":1,"name":"Home","item":"https:\/\/meijerholland.nl\/de\/"},{"@type":"ListItem","position":2,"name":"Produkte","item":"https:\/\/meijerholland.nl\/de\/produkte\/"},{"@type":"ListItem","position":3,"name":"Gewikkelde balen","item":"https:\/\/meijerholland.nl\/nl\/productcategorie\/gewikkelde-balen\/"},{"@type":"ListItem","position":4,"name":"Jumbo VR balenklem","item":"https:\/\/meijerholland.nl\/nl\/productcategorie\/gewikkelde-balen\/jumbo-vr-balenklem\/"},{"@type":"ListItem","position":5,"name":"Jumbo VR2 Gewickelte Ballenzange"}]},{"@type":"WebSite","@id":"https:\/\/meijerholland.nl\/en\/#website","url":"https:\/\/meijerholland.nl\/en\/","name":"Meijer Holland","description":"Bale Handling Systems\u200e","publisher":{"@id":"https:\/\/meijerholland.nl\/en\/#organization"},"potentialAction":[{"@type":"SearchAction","target":{"@type":"EntryPoint","urlTemplate":"https:\/\/meijerholland.nl\/en\/?s={search_term_string}"},"query-input":{"@type":"PropertyValueSpecification","valueRequired":true,"valueName":"search_term_string"}}],"inLanguage":"de"},{"@type":"Organization","@id":"https:\/\/meijerholland.nl\/en\/#organization","name":"Meijer Holland","url":"https:\/\/meijerholland.nl\/en\/","logo":{"@type":"ImageObject","inLanguage":"de","@id":"https:\/\/meijerholland.nl\/en\/#\/schema\/logo\/image\/","url":"https:\/\/meijerholland.nl\/wp-content\/uploads\/2019\/10\/MH-logo.jpg","contentUrl":"https:\/\/meijerholland.nl\/wp-content\/uploads\/2019\/10\/MH-logo.jpg","width":3316,"height":614,"caption":"Meijer Holland"},"image":{"@id":"https:\/\/meijerholland.nl\/en\/#\/schema\/logo\/image\/"},"sameAs":["https:\/\/www.facebook.com\/meijerhollandbalehandlingsystems\/","https:\/\/www.linkedin.com\/company\/meijer-holland---bale-handling-sytems\/","https:\/\/www.instagram.com\/meijerholland\/"]}]}},"_links":{"self":[{"href":"https:\/\/meijerholland.nl\/de\/wp-json\/wp\/v2\/product\/4462","targetHints":{"allow":["GET"]}}],"collection":[{"href":"https:\/\/meijerholland.nl\/de\/wp-json\/wp\/v2\/product"}],"about":[{"href":"https:\/\/meijerholland.nl\/de\/wp-json\/wp\/v2\/types\/product"}],"wp:featuredmedia":[{"embeddable":true,"href":"https:\/\/meijerholland.nl\/de\/wp-json\/wp\/v2\/media\/5246"}],"wp:attachment":[{"href":"https:\/\/meijerholland.nl\/de\/wp-json\/wp\/v2\/media?parent=4462"}],"wp:term":[{"taxonomy":"product_brand","embeddable":true,"href":"https:\/\/meijerholland.nl\/de\/wp-json\/wp\/v2\/product_brand?post=4462"},{"taxonomy":"product_cat","embeddable":true,"href":"https:\/\/meijerholland.nl\/de\/wp-json\/wp\/v2\/product_cat?post=4462"},{"taxonomy":"product_tag","embeddable":true,"href":"https:\/\/meijerholland.nl\/de\/wp-json\/wp\/v2\/product_tag?post=4462"}],"curies":[{"name":"wp","href":"https:\/\/api.w.org\/{rel}","templated":true}]}}