{"id":4504,"date":"2020-06-04T14:46:13","date_gmt":"2020-06-04T14:46:13","guid":{"rendered":"https:\/\/meijerholland.nl\/product\/fred-4-5-heavy-duty\/"},"modified":"2026-03-26T10:20:12","modified_gmt":"2026-03-26T10:20:12","slug":"fred-4-5-heavy-duty","status":"publish","type":"product","link":"https:\/\/meijerholland.nl\/de\/produkt\/fred-4-5-heavy-duty\/","title":{"rendered":"Fred 4-5 Heavy Duty Ballengreifer"},"content":{"rendered":"<p data-start=\"292\" data-end=\"535\">Der Fred 4-5 Heavy Duty Ballengreifer ist f\u00fcr den intensiven Einsatz bei der Handhabung von gro\u00dfen Stroh- und Heuballen ausgelegt. Mehrere Ballen k\u00f6nnen gleichzeitig aufgenommen werden, wodurch die Umschlagleistung pro Arbeitsgang erh\u00f6ht wird.<\/p>\n<p data-start=\"537\" data-end=\"748\">Der Ballengreifer wird an das Hydrauliksystem eines Teleskopladers, Frontladers, Radladers oder Krans angeschlossen. Durch die Anordnung der Haken bleiben die Ballen auch in vorgekippter Position sicher fixiert.<\/p>\n<h2 data-section-id=\"1iqn08\" data-start=\"755\" data-end=\"771\">Geeignet f\u00fcr<\/h2>\n<ul data-start=\"773\" data-end=\"959\">\n<li data-section-id=\"v4uwmg\" data-start=\"773\" data-end=\"830\">4 Ballen mit 90 cm H\u00f6he (vorgekippt maximal 3 Ballen)<\/li>\n<li data-section-id=\"xwlb6o\" data-start=\"831\" data-end=\"888\">5 Ballen mit 70 cm H\u00f6he (vorgekippt maximal 4 Ballen)<\/li>\n<li data-section-id=\"6e862a\" data-start=\"889\" data-end=\"904\">Strohballen<\/li>\n<li data-section-id=\"1lcr0oo\" data-start=\"905\" data-end=\"918\">Heuballen<\/li>\n<li data-section-id=\"uiqckv\" data-start=\"919\" data-end=\"959\">Intensive Lade- und Umschlagarbeiten<\/li>\n<\/ul>\n<h2 data-section-id=\"v1ymcn\" data-start=\"966\" data-end=\"984\">Ausgestattet mit<\/h2>\n<ul data-start=\"986\" data-end=\"1300\">\n<li data-section-id=\"1mnf1fu\" data-start=\"986\" data-end=\"1031\">Entfernbare dicke Achsen \u00d850 mm mit Haken<\/li>\n<li data-section-id=\"uuduno\" data-start=\"1032\" data-end=\"1065\">Austauschbare Verschlei\u00dfteile<\/li>\n<li data-section-id=\"1pcokn5\" data-start=\"1066\" data-end=\"1096\">Schwerer Hydraulikzylinder<\/li>\n<li data-section-id=\"1sc09b0\" data-start=\"1097\" data-end=\"1146\">Verst\u00e4rkte Zylinderbefestigung mit Schmiernut<\/li>\n<li data-section-id=\"8u90l5\" data-start=\"1147\" data-end=\"1174\">Verst\u00e4rkte untere Ecken<\/li>\n<li data-section-id=\"nwlyli\" data-start=\"1175\" data-end=\"1218\">12 speziell entwickelte Haken aus Stahl<\/li>\n<li data-section-id=\"lmgsyf\" data-start=\"1219\" data-end=\"1273\">3 konische Buchsen f\u00fcr gerade demontierbare Zinken<\/li>\n<li data-section-id=\"1ek970j\" data-start=\"1274\" data-end=\"1300\">Druckbegrenzungsventil<\/li>\n<\/ul>\n<h2 data-section-id=\"1bzqve5\" data-start=\"1307\" data-end=\"1357\">Vorteile von Fred 4-5 Heavy Duty Ballengreifer<\/h2>\n<ul data-start=\"1359\" data-end=\"1652\">\n<li data-section-id=\"yaf9ms\" data-start=\"1359\" data-end=\"1429\">Haken greifen tief in die Ballen und ziehen diese gegen den Rahmen<\/li>\n<li data-section-id=\"1ffifiz\" data-start=\"1430\" data-end=\"1485\">Sichere Klemmung auch bei vorgekippter Arbeitsweise<\/li>\n<li data-section-id=\"nbjaor\" data-start=\"1486\" data-end=\"1545\">Gleichm\u00e4\u00dfiger Halt w\u00e4hrend Transport und Positionierung<\/li>\n<li data-section-id=\"a0l23k\" data-start=\"1546\" data-end=\"1593\">Geeignet f\u00fcr dauerhaften intensiven Einsatz<\/li>\n<li data-section-id=\"1kk6jmr\" data-start=\"1594\" data-end=\"1652\">Wartungsfreundlich durch austauschbare Verschlei\u00dfteile<\/li>\n<\/ul>\n<h2 data-section-id=\"nqqlq8\" data-start=\"1659\" data-end=\"1709\">Optionen f\u00fcr Fred 4-5 Heavy Duty Ballengreifer<\/h2>\n<p data-start=\"1711\" data-end=\"1766\">Erweiterbar je nach Einsatz und Maschinenkonfiguration.<\/p>\n<ul data-start=\"1768\" data-end=\"1867\">\n<li data-section-id=\"1uj657s\" data-start=\"1768\" data-end=\"1795\">Demontierbare Aufnahmen<\/li>\n<li data-section-id=\"1ji9w6z\" data-start=\"1796\" data-end=\"1829\">2 oder 3 demontierbare Zinken<\/li>\n<li data-section-id=\"9mbb8k\" data-start=\"1830\" data-end=\"1867\">Hydraulikschl\u00e4uche und Kupplungen<\/li>\n<\/ul>\n<h3 data-section-id=\"724hon\" data-start=\"1874\" data-end=\"1897\">Kontakt &amp; Anleitung<\/h3>\n<p data-start=\"1899\" data-end=\"2008\">F\u00fcr weitere Informationen oder Interesse an <strong><a href=\"https:\/\/meijerholland.nl\/de\/productcategorie\/massgeschneiderte-maschinen\/\">ma\u00dfgeschneiderten<\/a><\/strong> L\u00f6sungen? Kontaktieren Sie unsere Spezialisten.<\/p>\n<ul>\n<li><strong><a href=\"https:\/\/meijerholland.nl\/wp-content\/uploads\/2025\/01\/MHM-FRED-DU.pdf\">Bedienungsanleitung<\/a> <\/strong>herunterladen (PDF)<\/li>\n<li>Anrufen:<strong> <a href=\"callto:+31503126448\">+31 (0)50 \u2013 3126448<\/a><\/strong><\/li>\n<li>E-Mail: <strong><a href=\"mailto:info@meijerholland.com\" rel=\"noopener\" data-start=\"3121\" data-end=\"3143\">info@meijerholland.com<\/a><\/strong><\/li>\n<li>Oder f\u00fcllen Sie das <a href=\"https:\/\/meijerholland.nl\/de\/kontakt\/\">\u00a0<strong>Kontaktformular<\/strong><\/a> aus<\/li>\n<\/ul>\n","protected":false},"excerpt":{"rendered":"<p>Der Fred 4-5 Heavy Duty Ballengreifer ist f\u00fcr den intensiven&#8230;<\/p>\n","protected":false},"featured_media":5200,"template":"","meta":{"_acf_changed":false},"product_brand":[],"product_cat":[119],"product_tag":[],"class_list":{"0":"post-4504","1":"product","2":"type-product","3":"status-publish","4":"has-post-thumbnail","6":"product_cat-fred-ballengreifer","8":"first","9":"instock","10":"taxable","11":"shipping-taxable","12":"product-type-simple"},"acf":[],"yoast_head":"<!-- This site is optimized with the Yoast SEO plugin v27.3 - https:\/\/yoast.com\/product\/yoast-seo-wordpress\/ -->\n<title>Fred 4-5 Heavy Duty Ballengreifer | Meijer Holland<\/title>\n<meta name=\"description\" content=\"Bewegen Sie bis zu 5 Ballen effizient mit dem Fred 4-5 Heavy Duty Ballengreifer. Geeignet f\u00fcr intensiven Einsatz an Teleskopladern und Radladern.\" \/>\n<meta name=\"robots\" content=\"index, follow, max-snippet:-1, max-image-preview:large, max-video-preview:-1\" \/>\n<link rel=\"canonical\" href=\"https:\/\/meijerholland.nl\/de\/produkt\/fred-4-5-heavy-duty\/\" \/>\n<meta property=\"og:locale\" content=\"de_DE\" \/>\n<meta property=\"og:type\" content=\"article\" \/>\n<meta property=\"og:title\" content=\"Fred 4-5 Heavy Duty Ballengreifer | Meijer Holland\" \/>\n<meta property=\"og:description\" content=\"Bewegen Sie bis zu 5 Ballen effizient mit dem Fred 4-5 Heavy Duty Ballengreifer. Geeignet f\u00fcr intensiven Einsatz an Teleskopladern und Radladern.\" \/>\n<meta property=\"og:url\" content=\"https:\/\/meijerholland.nl\/de\/produkt\/fred-4-5-heavy-duty\/\" \/>\n<meta property=\"og:site_name\" content=\"Meijer Holland\" \/>\n<meta property=\"article:publisher\" content=\"https:\/\/www.facebook.com\/meijerhollandbalehandlingsystems\/\" \/>\n<meta property=\"article:modified_time\" content=\"2026-03-26T10:20:12+00:00\" \/>\n<meta property=\"og:image\" content=\"https:\/\/meijerholland.nl\/wp-content\/uploads\/2020\/06\/Knipsel.jpg\" \/>\n\t<meta property=\"og:image:width\" content=\"504\" \/>\n\t<meta property=\"og:image:height\" content=\"708\" \/>\n\t<meta property=\"og:image:type\" content=\"image\/jpeg\" \/>\n<meta name=\"twitter:card\" content=\"summary_large_image\" \/>\n<meta name=\"twitter:label1\" content=\"Gesch\u00e4tzte Lesezeit\" \/>\n\t<meta name=\"twitter:data1\" content=\"2\u00a0Minuten\" \/>\n<script type=\"application\/ld+json\" class=\"yoast-schema-graph\">{\"@context\":\"https:\\\/\\\/schema.org\",\"@graph\":[{\"@type\":\"WebPage\",\"@id\":\"https:\\\/\\\/meijerholland.nl\\\/de\\\/produkt\\\/fred-4-5-heavy-duty\\\/\",\"url\":\"https:\\\/\\\/meijerholland.nl\\\/de\\\/produkt\\\/fred-4-5-heavy-duty\\\/\",\"name\":\"Fred 4-5 Heavy Duty Ballengreifer | Meijer Holland\",\"isPartOf\":{\"@id\":\"https:\\\/\\\/meijerholland.nl\\\/en\\\/#website\"},\"primaryImageOfPage\":{\"@id\":\"https:\\\/\\\/meijerholland.nl\\\/de\\\/produkt\\\/fred-4-5-heavy-duty\\\/#primaryimage\"},\"image\":{\"@id\":\"https:\\\/\\\/meijerholland.nl\\\/de\\\/produkt\\\/fred-4-5-heavy-duty\\\/#primaryimage\"},\"thumbnailUrl\":\"https:\\\/\\\/meijerholland.nl\\\/wp-content\\\/uploads\\\/2020\\\/06\\\/Knipsel.jpg\",\"datePublished\":\"2020-06-04T14:46:13+00:00\",\"dateModified\":\"2026-03-26T10:20:12+00:00\",\"description\":\"Bewegen Sie bis zu 5 Ballen effizient mit dem Fred 4-5 Heavy Duty Ballengreifer. Geeignet f\u00fcr intensiven Einsatz an Teleskopladern und Radladern.\",\"breadcrumb\":{\"@id\":\"https:\\\/\\\/meijerholland.nl\\\/de\\\/produkt\\\/fred-4-5-heavy-duty\\\/#breadcrumb\"},\"inLanguage\":\"de\",\"potentialAction\":[{\"@type\":\"ReadAction\",\"target\":[\"https:\\\/\\\/meijerholland.nl\\\/de\\\/produkt\\\/fred-4-5-heavy-duty\\\/\"]}]},{\"@type\":\"ImageObject\",\"inLanguage\":\"de\",\"@id\":\"https:\\\/\\\/meijerholland.nl\\\/de\\\/produkt\\\/fred-4-5-heavy-duty\\\/#primaryimage\",\"url\":\"https:\\\/\\\/meijerholland.nl\\\/wp-content\\\/uploads\\\/2020\\\/06\\\/Knipsel.jpg\",\"contentUrl\":\"https:\\\/\\\/meijerholland.nl\\\/wp-content\\\/uploads\\\/2020\\\/06\\\/Knipsel.jpg\",\"width\":504,\"height\":708,\"caption\":\"De Fred 4-5 Heavy Duty balenklem verwerkt meerdere balen tegelijk, ideaal voor intensief gebruik in landbouw en loonwerk.\"},{\"@type\":\"BreadcrumbList\",\"@id\":\"https:\\\/\\\/meijerholland.nl\\\/de\\\/produkt\\\/fred-4-5-heavy-duty\\\/#breadcrumb\",\"itemListElement\":[{\"@type\":\"ListItem\",\"position\":1,\"name\":\"Home\",\"item\":\"https:\\\/\\\/meijerholland.nl\\\/de\\\/\"},{\"@type\":\"ListItem\",\"position\":2,\"name\":\"Produkte\",\"item\":\"https:\\\/\\\/meijerholland.nl\\\/de\\\/produkte\\\/\"},{\"@type\":\"ListItem\",\"position\":3,\"name\":\"Gro\u00dfe Ballen\",\"item\":\"https:\\\/\\\/meijerholland.nl\\\/de\\\/productcategorie\\\/grosse-ballen\\\/\"},{\"@type\":\"ListItem\",\"position\":4,\"name\":\"Fred Ballengreifer\",\"item\":\"https:\\\/\\\/meijerholland.nl\\\/de\\\/productcategorie\\\/grosse-ballen\\\/fred-ballengreifer\\\/\"},{\"@type\":\"ListItem\",\"position\":5,\"name\":\"Fred 4-5 Heavy Duty Ballengreifer\"}]},{\"@type\":\"WebSite\",\"@id\":\"https:\\\/\\\/meijerholland.nl\\\/en\\\/#website\",\"url\":\"https:\\\/\\\/meijerholland.nl\\\/en\\\/\",\"name\":\"Meijer Holland\",\"description\":\"Bale Handling Systems\u200e\",\"publisher\":{\"@id\":\"https:\\\/\\\/meijerholland.nl\\\/en\\\/#organization\"},\"potentialAction\":[{\"@type\":\"SearchAction\",\"target\":{\"@type\":\"EntryPoint\",\"urlTemplate\":\"https:\\\/\\\/meijerholland.nl\\\/en\\\/?s={search_term_string}\"},\"query-input\":{\"@type\":\"PropertyValueSpecification\",\"valueRequired\":true,\"valueName\":\"search_term_string\"}}],\"inLanguage\":\"de\"},{\"@type\":\"Organization\",\"@id\":\"https:\\\/\\\/meijerholland.nl\\\/en\\\/#organization\",\"name\":\"Meijer Holland\",\"url\":\"https:\\\/\\\/meijerholland.nl\\\/en\\\/\",\"logo\":{\"@type\":\"ImageObject\",\"inLanguage\":\"de\",\"@id\":\"https:\\\/\\\/meijerholland.nl\\\/en\\\/#\\\/schema\\\/logo\\\/image\\\/\",\"url\":\"https:\\\/\\\/meijerholland.nl\\\/wp-content\\\/uploads\\\/2019\\\/10\\\/MH-logo.jpg\",\"contentUrl\":\"https:\\\/\\\/meijerholland.nl\\\/wp-content\\\/uploads\\\/2019\\\/10\\\/MH-logo.jpg\",\"width\":3316,\"height\":614,\"caption\":\"Meijer Holland\"},\"image\":{\"@id\":\"https:\\\/\\\/meijerholland.nl\\\/en\\\/#\\\/schema\\\/logo\\\/image\\\/\"},\"sameAs\":[\"https:\\\/\\\/www.facebook.com\\\/meijerhollandbalehandlingsystems\\\/\",\"https:\\\/\\\/www.linkedin.com\\\/company\\\/meijer-holland---bale-handling-sytems\\\/\",\"https:\\\/\\\/www.instagram.com\\\/meijerholland\\\/\"]}]}<\/script>\n<!-- \/ Yoast SEO plugin. -->","yoast_head_json":{"title":"Fred 4-5 Heavy Duty Ballengreifer | Meijer Holland","description":"Bewegen Sie bis zu 5 Ballen effizient mit dem Fred 4-5 Heavy Duty Ballengreifer. Geeignet f\u00fcr intensiven Einsatz an Teleskopladern und Radladern.","robots":{"index":"index","follow":"follow","max-snippet":"max-snippet:-1","max-image-preview":"max-image-preview:large","max-video-preview":"max-video-preview:-1"},"canonical":"https:\/\/meijerholland.nl\/de\/produkt\/fred-4-5-heavy-duty\/","og_locale":"de_DE","og_type":"article","og_title":"Fred 4-5 Heavy Duty Ballengreifer | Meijer Holland","og_description":"Bewegen Sie bis zu 5 Ballen effizient mit dem Fred 4-5 Heavy Duty Ballengreifer. Geeignet f\u00fcr intensiven Einsatz an Teleskopladern und Radladern.","og_url":"https:\/\/meijerholland.nl\/de\/produkt\/fred-4-5-heavy-duty\/","og_site_name":"Meijer Holland","article_publisher":"https:\/\/www.facebook.com\/meijerhollandbalehandlingsystems\/","article_modified_time":"2026-03-26T10:20:12+00:00","og_image":[{"width":504,"height":708,"url":"https:\/\/meijerholland.nl\/wp-content\/uploads\/2020\/06\/Knipsel.jpg","type":"image\/jpeg"}],"twitter_card":"summary_large_image","twitter_misc":{"Gesch\u00e4tzte Lesezeit":"2\u00a0Minuten"},"schema":{"@context":"https:\/\/schema.org","@graph":[{"@type":"WebPage","@id":"https:\/\/meijerholland.nl\/de\/produkt\/fred-4-5-heavy-duty\/","url":"https:\/\/meijerholland.nl\/de\/produkt\/fred-4-5-heavy-duty\/","name":"Fred 4-5 Heavy Duty Ballengreifer | Meijer Holland","isPartOf":{"@id":"https:\/\/meijerholland.nl\/en\/#website"},"primaryImageOfPage":{"@id":"https:\/\/meijerholland.nl\/de\/produkt\/fred-4-5-heavy-duty\/#primaryimage"},"image":{"@id":"https:\/\/meijerholland.nl\/de\/produkt\/fred-4-5-heavy-duty\/#primaryimage"},"thumbnailUrl":"https:\/\/meijerholland.nl\/wp-content\/uploads\/2020\/06\/Knipsel.jpg","datePublished":"2020-06-04T14:46:13+00:00","dateModified":"2026-03-26T10:20:12+00:00","description":"Bewegen Sie bis zu 5 Ballen effizient mit dem Fred 4-5 Heavy Duty Ballengreifer. Geeignet f\u00fcr intensiven Einsatz an Teleskopladern und Radladern.","breadcrumb":{"@id":"https:\/\/meijerholland.nl\/de\/produkt\/fred-4-5-heavy-duty\/#breadcrumb"},"inLanguage":"de","potentialAction":[{"@type":"ReadAction","target":["https:\/\/meijerholland.nl\/de\/produkt\/fred-4-5-heavy-duty\/"]}]},{"@type":"ImageObject","inLanguage":"de","@id":"https:\/\/meijerholland.nl\/de\/produkt\/fred-4-5-heavy-duty\/#primaryimage","url":"https:\/\/meijerholland.nl\/wp-content\/uploads\/2020\/06\/Knipsel.jpg","contentUrl":"https:\/\/meijerholland.nl\/wp-content\/uploads\/2020\/06\/Knipsel.jpg","width":504,"height":708,"caption":"De Fred 4-5 Heavy Duty balenklem verwerkt meerdere balen tegelijk, ideaal voor intensief gebruik in landbouw en loonwerk."},{"@type":"BreadcrumbList","@id":"https:\/\/meijerholland.nl\/de\/produkt\/fred-4-5-heavy-duty\/#breadcrumb","itemListElement":[{"@type":"ListItem","position":1,"name":"Home","item":"https:\/\/meijerholland.nl\/de\/"},{"@type":"ListItem","position":2,"name":"Produkte","item":"https:\/\/meijerholland.nl\/de\/produkte\/"},{"@type":"ListItem","position":3,"name":"Gro\u00dfe Ballen","item":"https:\/\/meijerholland.nl\/de\/productcategorie\/grosse-ballen\/"},{"@type":"ListItem","position":4,"name":"Fred Ballengreifer","item":"https:\/\/meijerholland.nl\/de\/productcategorie\/grosse-ballen\/fred-ballengreifer\/"},{"@type":"ListItem","position":5,"name":"Fred 4-5 Heavy Duty Ballengreifer"}]},{"@type":"WebSite","@id":"https:\/\/meijerholland.nl\/en\/#website","url":"https:\/\/meijerholland.nl\/en\/","name":"Meijer Holland","description":"Bale Handling Systems\u200e","publisher":{"@id":"https:\/\/meijerholland.nl\/en\/#organization"},"potentialAction":[{"@type":"SearchAction","target":{"@type":"EntryPoint","urlTemplate":"https:\/\/meijerholland.nl\/en\/?s={search_term_string}"},"query-input":{"@type":"PropertyValueSpecification","valueRequired":true,"valueName":"search_term_string"}}],"inLanguage":"de"},{"@type":"Organization","@id":"https:\/\/meijerholland.nl\/en\/#organization","name":"Meijer Holland","url":"https:\/\/meijerholland.nl\/en\/","logo":{"@type":"ImageObject","inLanguage":"de","@id":"https:\/\/meijerholland.nl\/en\/#\/schema\/logo\/image\/","url":"https:\/\/meijerholland.nl\/wp-content\/uploads\/2019\/10\/MH-logo.jpg","contentUrl":"https:\/\/meijerholland.nl\/wp-content\/uploads\/2019\/10\/MH-logo.jpg","width":3316,"height":614,"caption":"Meijer Holland"},"image":{"@id":"https:\/\/meijerholland.nl\/en\/#\/schema\/logo\/image\/"},"sameAs":["https:\/\/www.facebook.com\/meijerhollandbalehandlingsystems\/","https:\/\/www.linkedin.com\/company\/meijer-holland---bale-handling-sytems\/","https:\/\/www.instagram.com\/meijerholland\/"]}]}},"_links":{"self":[{"href":"https:\/\/meijerholland.nl\/de\/wp-json\/wp\/v2\/product\/4504","targetHints":{"allow":["GET"]}}],"collection":[{"href":"https:\/\/meijerholland.nl\/de\/wp-json\/wp\/v2\/product"}],"about":[{"href":"https:\/\/meijerholland.nl\/de\/wp-json\/wp\/v2\/types\/product"}],"wp:featuredmedia":[{"embeddable":true,"href":"https:\/\/meijerholland.nl\/de\/wp-json\/wp\/v2\/media\/5200"}],"wp:attachment":[{"href":"https:\/\/meijerholland.nl\/de\/wp-json\/wp\/v2\/media?parent=4504"}],"wp:term":[{"taxonomy":"product_brand","embeddable":true,"href":"https:\/\/meijerholland.nl\/de\/wp-json\/wp\/v2\/product_brand?post=4504"},{"taxonomy":"product_cat","embeddable":true,"href":"https:\/\/meijerholland.nl\/de\/wp-json\/wp\/v2\/product_cat?post=4504"},{"taxonomy":"product_tag","embeddable":true,"href":"https:\/\/meijerholland.nl\/de\/wp-json\/wp\/v2\/product_tag?post=4504"}],"curies":[{"name":"wp","href":"https:\/\/api.w.org\/{rel}","templated":true}]}}