{"id":9627,"date":"2025-01-20T12:42:17","date_gmt":"2025-01-20T12:42:17","guid":{"rendered":"https:\/\/meijerholland.nl\/product\/tweedehands-rambo-2\/"},"modified":"2025-10-20T10:09:23","modified_gmt":"2025-10-20T10:09:23","slug":"tweedehands-rambo-2","status":"publish","type":"product","link":"https:\/\/meijerholland.nl\/de\/produkt\/tweedehands-rambo-2\/","title":{"rendered":"Rambo 2 &#8211; i088"},"content":{"rendered":"<p>Mit dem Rambo 2 werden 2 gro\u00dfe Stroh- und Heuballen einzeln oder gleichzeitig l\u00e4ngs aufgenommen. Die Haken ziehen die Ballen fest an den Rahmen und sorgen f\u00fcr sicheres Arbeiten. Auch zum Entladen von Fahrzeugen kann der Rambo gut eingesetzt werden.<br \/>\n&#8211; die 2 Ballen werden gleichzeitig freigegeben<br \/>\n&#8211; geeignet f\u00fcr Ballen von L\u00e4nge 240 cm und Breite 120 cm<br \/>\n&#8211; maximales Gewicht pro Ballen 500 kg<br \/>\n&#8211; geeignet f\u00fcr demontierbare Aufnahme<br \/>\n&#8211; der Rambo 2 ist nicht vorteilhaft am Hang<\/p>\n<p>Ausgestattet mit:<br \/>\n&#8211; 8 Haken die in die Ballen ziehen<br \/>\n&#8211; 1 Hydraulikventil an Schwingen dadurch die Haken die Ballen einzeln greifen k\u00f6nnen<br \/>\n&#8211; 1 Zylinder und 4 Haken f\u00fcr jeden Ballen<\/p>\n<p>Optional:<br \/>\n&#8211; demontierbare Aufnahme<br \/>\n&#8211; 2 Hydraulikschl\u00e4uche und Kupplungen<br \/>\n&#8211; Druckbegrenzungsventil<\/p>\n<p>Max. Hydraulik\u00f6ldruck: 180 bar. Wir empfehlen ein Druckbegrenzungsventil zu gebrauchen wenn die Druck h\u00f6her ist wie 180 bar oder wenn die Ballen eine Dichte von mehr als 200 kg\/m\u00b3 haben.<\/p>\n<p>Abmessungen L x B x H = 210 x 200 x 80 cm.<\/p>\n<p>Herstellung nach Kundenauftrag.<\/p>\n","protected":false},"excerpt":{"rendered":"<p>Mit dem Rambo 2 werden 2 gro\u00dfe Stroh- und Heuballen&#8230;<\/p>\n","protected":false},"featured_media":9629,"template":"","meta":{"_acf_changed":false},"product_brand":[],"product_cat":[143],"product_tag":[],"class_list":{"0":"post-9627","1":"product","2":"type-product","3":"status-publish","4":"has-post-thumbnail","6":"product_cat-gebraucht","8":"first","9":"instock","10":"taxable","11":"shipping-taxable","12":"product-type-simple"},"acf":[],"yoast_head":"<!-- This site is optimized with the Yoast SEO plugin v27.6 - https:\/\/yoast.com\/product\/yoast-seo-wordpress\/ -->\n<title>Rambo 2 - i088 - Meijer Holland<\/title>\n<meta name=\"description\" content=\"Rambo 2 - i088 - Meijer Holland\" \/>\n<meta name=\"robots\" content=\"index, follow, max-snippet:-1, max-image-preview:large, max-video-preview:-1\" \/>\n<link rel=\"canonical\" href=\"https:\/\/meijerholland.nl\/de\/produkt\/tweedehands-rambo-2\/\" \/>\n<meta property=\"og:locale\" content=\"de_DE\" \/>\n<meta property=\"og:type\" content=\"article\" \/>\n<meta property=\"og:title\" content=\"Rambo 2 - i088 - Meijer Holland\" \/>\n<meta property=\"og:description\" content=\"Rambo 2 - i088 - Meijer Holland\" \/>\n<meta property=\"og:url\" content=\"https:\/\/meijerholland.nl\/de\/produkt\/tweedehands-rambo-2\/\" \/>\n<meta property=\"og:site_name\" content=\"Meijer Holland\" \/>\n<meta property=\"article:publisher\" content=\"https:\/\/www.facebook.com\/meijerhollandbalehandlingsystems\/\" \/>\n<meta property=\"article:modified_time\" content=\"2025-10-20T10:09:23+00:00\" \/>\n<meta property=\"og:image\" content=\"https:\/\/meijerholland.nl\/wp-content\/uploads\/2025\/01\/1000038086-rotated.jpg\" \/>\n\t<meta property=\"og:image:width\" content=\"1530\" \/>\n\t<meta property=\"og:image:height\" content=\"2040\" \/>\n\t<meta property=\"og:image:type\" content=\"image\/jpeg\" \/>\n<meta name=\"twitter:card\" content=\"summary_large_image\" \/>\n<meta name=\"twitter:label1\" content=\"Gesch\u00e4tzte Lesezeit\" \/>\n\t<meta name=\"twitter:data1\" content=\"1\u00a0Minute\" \/>\n<script type=\"application\/ld+json\" class=\"yoast-schema-graph\">{\"@context\":\"https:\\\/\\\/schema.org\",\"@graph\":[{\"@type\":\"WebPage\",\"@id\":\"https:\\\/\\\/meijerholland.nl\\\/de\\\/produkt\\\/tweedehands-rambo-2\\\/\",\"url\":\"https:\\\/\\\/meijerholland.nl\\\/de\\\/produkt\\\/tweedehands-rambo-2\\\/\",\"name\":\"Rambo 2 - i088 - Meijer Holland\",\"isPartOf\":{\"@id\":\"https:\\\/\\\/meijerholland.nl\\\/en\\\/#website\"},\"primaryImageOfPage\":{\"@id\":\"https:\\\/\\\/meijerholland.nl\\\/de\\\/produkt\\\/tweedehands-rambo-2\\\/#primaryimage\"},\"image\":{\"@id\":\"https:\\\/\\\/meijerholland.nl\\\/de\\\/produkt\\\/tweedehands-rambo-2\\\/#primaryimage\"},\"thumbnailUrl\":\"https:\\\/\\\/meijerholland.nl\\\/wp-content\\\/uploads\\\/2025\\\/01\\\/1000038086-rotated.jpg\",\"datePublished\":\"2025-01-20T12:42:17+00:00\",\"dateModified\":\"2025-10-20T10:09:23+00:00\",\"description\":\"Rambo 2 - i088 - Meijer Holland\",\"breadcrumb\":{\"@id\":\"https:\\\/\\\/meijerholland.nl\\\/de\\\/produkt\\\/tweedehands-rambo-2\\\/#breadcrumb\"},\"inLanguage\":\"de\",\"potentialAction\":[{\"@type\":\"ReadAction\",\"target\":[\"https:\\\/\\\/meijerholland.nl\\\/de\\\/produkt\\\/tweedehands-rambo-2\\\/\"]}]},{\"@type\":\"ImageObject\",\"inLanguage\":\"de\",\"@id\":\"https:\\\/\\\/meijerholland.nl\\\/de\\\/produkt\\\/tweedehands-rambo-2\\\/#primaryimage\",\"url\":\"https:\\\/\\\/meijerholland.nl\\\/wp-content\\\/uploads\\\/2025\\\/01\\\/1000038086-rotated.jpg\",\"contentUrl\":\"https:\\\/\\\/meijerholland.nl\\\/wp-content\\\/uploads\\\/2025\\\/01\\\/1000038086-rotated.jpg\",\"width\":1530,\"height\":2040},{\"@type\":\"BreadcrumbList\",\"@id\":\"https:\\\/\\\/meijerholland.nl\\\/de\\\/produkt\\\/tweedehands-rambo-2\\\/#breadcrumb\",\"itemListElement\":[{\"@type\":\"ListItem\",\"position\":1,\"name\":\"Home\",\"item\":\"https:\\\/\\\/meijerholland.nl\\\/de\\\/\"},{\"@type\":\"ListItem\",\"position\":2,\"name\":\"Produkte\",\"item\":\"https:\\\/\\\/meijerholland.nl\\\/de\\\/produkte\\\/\"},{\"@type\":\"ListItem\",\"position\":3,\"name\":\"Gebrauchte Ballenzangen und Ballensammlers\",\"item\":\"https:\\\/\\\/meijerholland.nl\\\/de\\\/productcategorie\\\/gebraucht\\\/\"},{\"@type\":\"ListItem\",\"position\":4,\"name\":\"Rambo 2 &#8211; i088\"}]},{\"@type\":\"WebSite\",\"@id\":\"https:\\\/\\\/meijerholland.nl\\\/en\\\/#website\",\"url\":\"https:\\\/\\\/meijerholland.nl\\\/en\\\/\",\"name\":\"Meijer Holland\",\"description\":\"Bale Handling Systems\u200e\",\"publisher\":{\"@id\":\"https:\\\/\\\/meijerholland.nl\\\/en\\\/#organization\"},\"potentialAction\":[{\"@type\":\"SearchAction\",\"target\":{\"@type\":\"EntryPoint\",\"urlTemplate\":\"https:\\\/\\\/meijerholland.nl\\\/en\\\/?s={search_term_string}\"},\"query-input\":{\"@type\":\"PropertyValueSpecification\",\"valueRequired\":true,\"valueName\":\"search_term_string\"}}],\"inLanguage\":\"de\"},{\"@type\":\"Organization\",\"@id\":\"https:\\\/\\\/meijerholland.nl\\\/en\\\/#organization\",\"name\":\"Meijer Holland\",\"url\":\"https:\\\/\\\/meijerholland.nl\\\/en\\\/\",\"logo\":{\"@type\":\"ImageObject\",\"inLanguage\":\"de\",\"@id\":\"https:\\\/\\\/meijerholland.nl\\\/en\\\/#\\\/schema\\\/logo\\\/image\\\/\",\"url\":\"https:\\\/\\\/meijerholland.nl\\\/wp-content\\\/uploads\\\/2019\\\/10\\\/MH-logo.jpg\",\"contentUrl\":\"https:\\\/\\\/meijerholland.nl\\\/wp-content\\\/uploads\\\/2019\\\/10\\\/MH-logo.jpg\",\"width\":3316,\"height\":614,\"caption\":\"Meijer Holland\"},\"image\":{\"@id\":\"https:\\\/\\\/meijerholland.nl\\\/en\\\/#\\\/schema\\\/logo\\\/image\\\/\"},\"sameAs\":[\"https:\\\/\\\/www.facebook.com\\\/meijerhollandbalehandlingsystems\\\/\",\"https:\\\/\\\/www.linkedin.com\\\/company\\\/meijer-holland---bale-handling-sytems\\\/\",\"https:\\\/\\\/www.instagram.com\\\/meijerholland\\\/\"]}]}<\/script>\n<!-- \/ Yoast SEO plugin. -->","yoast_head_json":{"title":"Rambo 2 - i088 - Meijer Holland","description":"Rambo 2 - i088 - Meijer Holland","robots":{"index":"index","follow":"follow","max-snippet":"max-snippet:-1","max-image-preview":"max-image-preview:large","max-video-preview":"max-video-preview:-1"},"canonical":"https:\/\/meijerholland.nl\/de\/produkt\/tweedehands-rambo-2\/","og_locale":"de_DE","og_type":"article","og_title":"Rambo 2 - i088 - Meijer Holland","og_description":"Rambo 2 - i088 - Meijer Holland","og_url":"https:\/\/meijerholland.nl\/de\/produkt\/tweedehands-rambo-2\/","og_site_name":"Meijer Holland","article_publisher":"https:\/\/www.facebook.com\/meijerhollandbalehandlingsystems\/","article_modified_time":"2025-10-20T10:09:23+00:00","og_image":[{"width":1530,"height":2040,"url":"https:\/\/meijerholland.nl\/wp-content\/uploads\/2025\/01\/1000038086-rotated.jpg","type":"image\/jpeg"}],"twitter_card":"summary_large_image","twitter_misc":{"Gesch\u00e4tzte Lesezeit":"1\u00a0Minute"},"schema":{"@context":"https:\/\/schema.org","@graph":[{"@type":"WebPage","@id":"https:\/\/meijerholland.nl\/de\/produkt\/tweedehands-rambo-2\/","url":"https:\/\/meijerholland.nl\/de\/produkt\/tweedehands-rambo-2\/","name":"Rambo 2 - i088 - Meijer Holland","isPartOf":{"@id":"https:\/\/meijerholland.nl\/en\/#website"},"primaryImageOfPage":{"@id":"https:\/\/meijerholland.nl\/de\/produkt\/tweedehands-rambo-2\/#primaryimage"},"image":{"@id":"https:\/\/meijerholland.nl\/de\/produkt\/tweedehands-rambo-2\/#primaryimage"},"thumbnailUrl":"https:\/\/meijerholland.nl\/wp-content\/uploads\/2025\/01\/1000038086-rotated.jpg","datePublished":"2025-01-20T12:42:17+00:00","dateModified":"2025-10-20T10:09:23+00:00","description":"Rambo 2 - i088 - Meijer Holland","breadcrumb":{"@id":"https:\/\/meijerholland.nl\/de\/produkt\/tweedehands-rambo-2\/#breadcrumb"},"inLanguage":"de","potentialAction":[{"@type":"ReadAction","target":["https:\/\/meijerholland.nl\/de\/produkt\/tweedehands-rambo-2\/"]}]},{"@type":"ImageObject","inLanguage":"de","@id":"https:\/\/meijerholland.nl\/de\/produkt\/tweedehands-rambo-2\/#primaryimage","url":"https:\/\/meijerholland.nl\/wp-content\/uploads\/2025\/01\/1000038086-rotated.jpg","contentUrl":"https:\/\/meijerholland.nl\/wp-content\/uploads\/2025\/01\/1000038086-rotated.jpg","width":1530,"height":2040},{"@type":"BreadcrumbList","@id":"https:\/\/meijerholland.nl\/de\/produkt\/tweedehands-rambo-2\/#breadcrumb","itemListElement":[{"@type":"ListItem","position":1,"name":"Home","item":"https:\/\/meijerholland.nl\/de\/"},{"@type":"ListItem","position":2,"name":"Produkte","item":"https:\/\/meijerholland.nl\/de\/produkte\/"},{"@type":"ListItem","position":3,"name":"Gebrauchte Ballenzangen und Ballensammlers","item":"https:\/\/meijerholland.nl\/de\/productcategorie\/gebraucht\/"},{"@type":"ListItem","position":4,"name":"Rambo 2 &#8211; i088"}]},{"@type":"WebSite","@id":"https:\/\/meijerholland.nl\/en\/#website","url":"https:\/\/meijerholland.nl\/en\/","name":"Meijer Holland","description":"Bale Handling Systems\u200e","publisher":{"@id":"https:\/\/meijerholland.nl\/en\/#organization"},"potentialAction":[{"@type":"SearchAction","target":{"@type":"EntryPoint","urlTemplate":"https:\/\/meijerholland.nl\/en\/?s={search_term_string}"},"query-input":{"@type":"PropertyValueSpecification","valueRequired":true,"valueName":"search_term_string"}}],"inLanguage":"de"},{"@type":"Organization","@id":"https:\/\/meijerholland.nl\/en\/#organization","name":"Meijer Holland","url":"https:\/\/meijerholland.nl\/en\/","logo":{"@type":"ImageObject","inLanguage":"de","@id":"https:\/\/meijerholland.nl\/en\/#\/schema\/logo\/image\/","url":"https:\/\/meijerholland.nl\/wp-content\/uploads\/2019\/10\/MH-logo.jpg","contentUrl":"https:\/\/meijerholland.nl\/wp-content\/uploads\/2019\/10\/MH-logo.jpg","width":3316,"height":614,"caption":"Meijer Holland"},"image":{"@id":"https:\/\/meijerholland.nl\/en\/#\/schema\/logo\/image\/"},"sameAs":["https:\/\/www.facebook.com\/meijerhollandbalehandlingsystems\/","https:\/\/www.linkedin.com\/company\/meijer-holland---bale-handling-sytems\/","https:\/\/www.instagram.com\/meijerholland\/"]}]}},"_links":{"self":[{"href":"https:\/\/meijerholland.nl\/de\/wp-json\/wp\/v2\/product\/9627","targetHints":{"allow":["GET"]}}],"collection":[{"href":"https:\/\/meijerholland.nl\/de\/wp-json\/wp\/v2\/product"}],"about":[{"href":"https:\/\/meijerholland.nl\/de\/wp-json\/wp\/v2\/types\/product"}],"wp:featuredmedia":[{"embeddable":true,"href":"https:\/\/meijerholland.nl\/de\/wp-json\/wp\/v2\/media\/9629"}],"wp:attachment":[{"href":"https:\/\/meijerholland.nl\/de\/wp-json\/wp\/v2\/media?parent=9627"}],"wp:term":[{"taxonomy":"product_brand","embeddable":true,"href":"https:\/\/meijerholland.nl\/de\/wp-json\/wp\/v2\/product_brand?post=9627"},{"taxonomy":"product_cat","embeddable":true,"href":"https:\/\/meijerholland.nl\/de\/wp-json\/wp\/v2\/product_cat?post=9627"},{"taxonomy":"product_tag","embeddable":true,"href":"https:\/\/meijerholland.nl\/de\/wp-json\/wp\/v2\/product_tag?post=9627"}],"curies":[{"name":"wp","href":"https:\/\/api.w.org\/{rel}","templated":true}]}}