{"id":10841,"date":"2025-10-20T09:33:56","date_gmt":"2025-10-20T09:33:56","guid":{"rendered":"https:\/\/meijerholland.nl\/?post_type=product&#038;p=10841"},"modified":"2025-10-20T10:10:26","modified_gmt":"2025-10-20T10:10:26","slug":"rambo-3-krone","status":"publish","type":"product","link":"https:\/\/meijerholland.nl\/nl\/product\/rambo-3-krone\/","title":{"rendered":"Rambo 3 ex demo Krone &#8211; i231"},"content":{"rendered":"<p>De Rambo 3 verzamelt 3 grote stro- of hooibalen \u00e9\u00e9n voor \u00e9\u00e9n in lengterichting en laadt ze tegelijk op. Haken trekken de balenklem tegen het frame. Dit zorgt voor een veilige manier van werken. Voor het afladen van de balen is de Rambo 3 bij uitstek geschikt.<br \/>\n&#8211; sensoren signaleren of er een baal onder haak ligt en alleen dan wordt het ventiel van de cilinder geopend<br \/>\n&#8211; de 3 balen worden samen losgelaten<br \/>\n&#8211; geschikt voor balen van circa 240 cm lang en 120 cm breed<br \/>\n&#8211; maximaal gewicht per baal 500 kg<br \/>\n&#8211; geschikt voor demontabele aanbouw<br \/>\n&#8211; niet opklapbaar<br \/>\n&#8211; de Rambo is minder geschikt voor het gebruik op hellingen<\/p>\n<p>Uitgevoerd met:<br \/>\n&#8211; 12 speciaal ontwikkelde haken van hoogwaardig staal die in de balen draaien<br \/>\n&#8211; 2 hydraulische automaten die ervoor zorgen dat de balen afzonderlijk geklemd kunnen worden<br \/>\n&#8211; 1 cilinder en 4 haken per baal<\/p>\n<p>Inbegrepen opties<br \/>\n&#8211; Volvo aanbouw<br \/>\n&#8211; 2 hydraulische slangen<\/p>\n<p>Optioneel:<br \/>\n&#8211; hydraulische koppelingen<br \/>\n&#8211; overdrukventiel<\/p>\n<p>Max. druk hydraulisch circuit: 180 bar. Wij adviseren een overdrukventiel te gebruiken bij een hogere druk dan 180 bar of bij balen met dichtheid hoger dan 200 kg\/m\u00b3.<\/p>\n<p>Afmetingen l x b x h = 205 x 290 x 100 cm.<\/p>\n","protected":false},"excerpt":{"rendered":"<p>De Rambo 3 verzamelt 3 grote stro- of hooibalen \u00e9\u00e9n&#8230;<\/p>\n","protected":false},"featured_media":10842,"template":"","meta":{"_acf_changed":false},"product_brand":[],"product_cat":[53],"product_tag":[],"class_list":{"0":"post-10841","1":"product","2":"type-product","3":"status-publish","4":"has-post-thumbnail","6":"product_cat-gebruikt","8":"first","9":"instock","10":"taxable","11":"shipping-taxable","12":"product-type-simple"},"acf":[],"yoast_head":"<!-- This site is optimized with the Yoast SEO plugin v27.4 - https:\/\/yoast.com\/product\/yoast-seo-wordpress\/ -->\n<title>Ex Demo Rambo 3 Balenklem Te Koop | Meijer Holland<\/title>\n<meta name=\"description\" content=\"Ex-demo Rambo 3 balenklem voor rechthoekige balen. Volledig gecontroleerd, direct beschikbaar voor verkoop via Meijer Holland.\" \/>\n<meta name=\"robots\" content=\"index, follow, max-snippet:-1, max-image-preview:large, max-video-preview:-1\" \/>\n<link rel=\"canonical\" href=\"https:\/\/meijerholland.nl\/nl\/product\/rambo-3-krone\/\" \/>\n<meta property=\"og:locale\" content=\"nl_NL\" \/>\n<meta property=\"og:type\" content=\"article\" \/>\n<meta property=\"og:title\" content=\"Ex Demo Rambo 3 Balenklem Te Koop | Meijer Holland\" \/>\n<meta property=\"og:description\" content=\"Ex-demo Rambo 3 balenklem voor rechthoekige balen. Volledig gecontroleerd, direct beschikbaar voor verkoop via Meijer Holland.\" \/>\n<meta property=\"og:url\" content=\"https:\/\/meijerholland.nl\/nl\/product\/rambo-3-krone\/\" \/>\n<meta property=\"og:site_name\" content=\"Meijer Holland\" \/>\n<meta property=\"article:publisher\" content=\"https:\/\/www.facebook.com\/meijerhollandbalehandlingsystems\/\" \/>\n<meta property=\"article:modified_time\" content=\"2025-10-20T10:10:26+00:00\" \/>\n<meta property=\"og:image\" content=\"https:\/\/meijerholland.nl\/wp-content\/uploads\/2025\/10\/1.jpg\" \/>\n\t<meta property=\"og:image:width\" content=\"2048\" \/>\n\t<meta property=\"og:image:height\" content=\"1364\" \/>\n\t<meta property=\"og:image:type\" content=\"image\/jpeg\" \/>\n<meta name=\"twitter:card\" content=\"summary_large_image\" \/>\n<meta name=\"twitter:label1\" content=\"Geschatte leestijd\" \/>\n\t<meta name=\"twitter:data1\" content=\"2 minuten\" \/>\n<script type=\"application\/ld+json\" class=\"yoast-schema-graph\">{\"@context\":\"https:\\\/\\\/schema.org\",\"@graph\":[{\"@type\":\"WebPage\",\"@id\":\"https:\\\/\\\/meijerholland.nl\\\/nl\\\/product\\\/rambo-3-krone\\\/\",\"url\":\"https:\\\/\\\/meijerholland.nl\\\/nl\\\/product\\\/rambo-3-krone\\\/\",\"name\":\"Ex Demo Rambo 3 Balenklem Te Koop | Meijer Holland\",\"isPartOf\":{\"@id\":\"https:\\\/\\\/meijerholland.nl\\\/en\\\/#website\"},\"primaryImageOfPage\":{\"@id\":\"https:\\\/\\\/meijerholland.nl\\\/nl\\\/product\\\/rambo-3-krone\\\/#primaryimage\"},\"image\":{\"@id\":\"https:\\\/\\\/meijerholland.nl\\\/nl\\\/product\\\/rambo-3-krone\\\/#primaryimage\"},\"thumbnailUrl\":\"https:\\\/\\\/meijerholland.nl\\\/wp-content\\\/uploads\\\/2025\\\/10\\\/1.jpg\",\"datePublished\":\"2025-10-20T09:33:56+00:00\",\"dateModified\":\"2025-10-20T10:10:26+00:00\",\"description\":\"Ex-demo Rambo 3 balenklem voor rechthoekige balen. Volledig gecontroleerd, direct beschikbaar voor verkoop via Meijer Holland.\",\"breadcrumb\":{\"@id\":\"https:\\\/\\\/meijerholland.nl\\\/nl\\\/product\\\/rambo-3-krone\\\/#breadcrumb\"},\"inLanguage\":\"nl-NL\",\"potentialAction\":[{\"@type\":\"ReadAction\",\"target\":[\"https:\\\/\\\/meijerholland.nl\\\/nl\\\/product\\\/rambo-3-krone\\\/\"]}]},{\"@type\":\"ImageObject\",\"inLanguage\":\"nl-NL\",\"@id\":\"https:\\\/\\\/meijerholland.nl\\\/nl\\\/product\\\/rambo-3-krone\\\/#primaryimage\",\"url\":\"https:\\\/\\\/meijerholland.nl\\\/wp-content\\\/uploads\\\/2025\\\/10\\\/1.jpg\",\"contentUrl\":\"https:\\\/\\\/meijerholland.nl\\\/wp-content\\\/uploads\\\/2025\\\/10\\\/1.jpg\",\"width\":2048,\"height\":1364,\"caption\":\"Ex-demo Rambo 3 balenklem voor rechthoekige balen, volledig gecontroleerd en klaar voor gebruik.\"},{\"@type\":\"BreadcrumbList\",\"@id\":\"https:\\\/\\\/meijerholland.nl\\\/nl\\\/product\\\/rambo-3-krone\\\/#breadcrumb\",\"itemListElement\":[{\"@type\":\"ListItem\",\"position\":1,\"name\":\"Home\",\"item\":\"https:\\\/\\\/meijerholland.nl\\\/nl\\\/\"},{\"@type\":\"ListItem\",\"position\":2,\"name\":\"Producten\",\"item\":\"https:\\\/\\\/meijerholland.nl\\\/nl\\\/producten\\\/\"},{\"@type\":\"ListItem\",\"position\":3,\"name\":\"Tweedehands balenklemmen en balenverzamelaars\",\"item\":\"https:\\\/\\\/meijerholland.nl\\\/nl\\\/productcategorie\\\/gebruikt\\\/\"},{\"@type\":\"ListItem\",\"position\":4,\"name\":\"Rambo 3 ex demo Krone &#8211; i231\"}]},{\"@type\":\"WebSite\",\"@id\":\"https:\\\/\\\/meijerholland.nl\\\/en\\\/#website\",\"url\":\"https:\\\/\\\/meijerholland.nl\\\/en\\\/\",\"name\":\"Meijer Holland\",\"description\":\"Bale Handling Systems\u200e\",\"publisher\":{\"@id\":\"https:\\\/\\\/meijerholland.nl\\\/en\\\/#organization\"},\"potentialAction\":[{\"@type\":\"SearchAction\",\"target\":{\"@type\":\"EntryPoint\",\"urlTemplate\":\"https:\\\/\\\/meijerholland.nl\\\/en\\\/?s={search_term_string}\"},\"query-input\":{\"@type\":\"PropertyValueSpecification\",\"valueRequired\":true,\"valueName\":\"search_term_string\"}}],\"inLanguage\":\"nl-NL\"},{\"@type\":\"Organization\",\"@id\":\"https:\\\/\\\/meijerholland.nl\\\/en\\\/#organization\",\"name\":\"Meijer Holland\",\"url\":\"https:\\\/\\\/meijerholland.nl\\\/en\\\/\",\"logo\":{\"@type\":\"ImageObject\",\"inLanguage\":\"nl-NL\",\"@id\":\"https:\\\/\\\/meijerholland.nl\\\/en\\\/#\\\/schema\\\/logo\\\/image\\\/\",\"url\":\"https:\\\/\\\/meijerholland.nl\\\/wp-content\\\/uploads\\\/2019\\\/10\\\/MH-logo.jpg\",\"contentUrl\":\"https:\\\/\\\/meijerholland.nl\\\/wp-content\\\/uploads\\\/2019\\\/10\\\/MH-logo.jpg\",\"width\":3316,\"height\":614,\"caption\":\"Meijer Holland\"},\"image\":{\"@id\":\"https:\\\/\\\/meijerholland.nl\\\/en\\\/#\\\/schema\\\/logo\\\/image\\\/\"},\"sameAs\":[\"https:\\\/\\\/www.facebook.com\\\/meijerhollandbalehandlingsystems\\\/\",\"https:\\\/\\\/www.linkedin.com\\\/company\\\/meijer-holland---bale-handling-sytems\\\/\",\"https:\\\/\\\/www.instagram.com\\\/meijerholland\\\/\"]}]}<\/script>\n<!-- \/ Yoast SEO plugin. -->","yoast_head_json":{"title":"Ex Demo Rambo 3 Balenklem Te Koop | Meijer Holland","description":"Ex-demo Rambo 3 balenklem voor rechthoekige balen. Volledig gecontroleerd, direct beschikbaar voor verkoop via Meijer Holland.","robots":{"index":"index","follow":"follow","max-snippet":"max-snippet:-1","max-image-preview":"max-image-preview:large","max-video-preview":"max-video-preview:-1"},"canonical":"https:\/\/meijerholland.nl\/nl\/product\/rambo-3-krone\/","og_locale":"nl_NL","og_type":"article","og_title":"Ex Demo Rambo 3 Balenklem Te Koop | Meijer Holland","og_description":"Ex-demo Rambo 3 balenklem voor rechthoekige balen. Volledig gecontroleerd, direct beschikbaar voor verkoop via Meijer Holland.","og_url":"https:\/\/meijerholland.nl\/nl\/product\/rambo-3-krone\/","og_site_name":"Meijer Holland","article_publisher":"https:\/\/www.facebook.com\/meijerhollandbalehandlingsystems\/","article_modified_time":"2025-10-20T10:10:26+00:00","og_image":[{"width":2048,"height":1364,"url":"https:\/\/meijerholland.nl\/wp-content\/uploads\/2025\/10\/1.jpg","type":"image\/jpeg"}],"twitter_card":"summary_large_image","twitter_misc":{"Geschatte leestijd":"2 minuten"},"schema":{"@context":"https:\/\/schema.org","@graph":[{"@type":"WebPage","@id":"https:\/\/meijerholland.nl\/nl\/product\/rambo-3-krone\/","url":"https:\/\/meijerholland.nl\/nl\/product\/rambo-3-krone\/","name":"Ex Demo Rambo 3 Balenklem Te Koop | Meijer Holland","isPartOf":{"@id":"https:\/\/meijerholland.nl\/en\/#website"},"primaryImageOfPage":{"@id":"https:\/\/meijerholland.nl\/nl\/product\/rambo-3-krone\/#primaryimage"},"image":{"@id":"https:\/\/meijerholland.nl\/nl\/product\/rambo-3-krone\/#primaryimage"},"thumbnailUrl":"https:\/\/meijerholland.nl\/wp-content\/uploads\/2025\/10\/1.jpg","datePublished":"2025-10-20T09:33:56+00:00","dateModified":"2025-10-20T10:10:26+00:00","description":"Ex-demo Rambo 3 balenklem voor rechthoekige balen. Volledig gecontroleerd, direct beschikbaar voor verkoop via Meijer Holland.","breadcrumb":{"@id":"https:\/\/meijerholland.nl\/nl\/product\/rambo-3-krone\/#breadcrumb"},"inLanguage":"nl-NL","potentialAction":[{"@type":"ReadAction","target":["https:\/\/meijerholland.nl\/nl\/product\/rambo-3-krone\/"]}]},{"@type":"ImageObject","inLanguage":"nl-NL","@id":"https:\/\/meijerholland.nl\/nl\/product\/rambo-3-krone\/#primaryimage","url":"https:\/\/meijerholland.nl\/wp-content\/uploads\/2025\/10\/1.jpg","contentUrl":"https:\/\/meijerholland.nl\/wp-content\/uploads\/2025\/10\/1.jpg","width":2048,"height":1364,"caption":"Ex-demo Rambo 3 balenklem voor rechthoekige balen, volledig gecontroleerd en klaar voor gebruik."},{"@type":"BreadcrumbList","@id":"https:\/\/meijerholland.nl\/nl\/product\/rambo-3-krone\/#breadcrumb","itemListElement":[{"@type":"ListItem","position":1,"name":"Home","item":"https:\/\/meijerholland.nl\/nl\/"},{"@type":"ListItem","position":2,"name":"Producten","item":"https:\/\/meijerholland.nl\/nl\/producten\/"},{"@type":"ListItem","position":3,"name":"Tweedehands balenklemmen en balenverzamelaars","item":"https:\/\/meijerholland.nl\/nl\/productcategorie\/gebruikt\/"},{"@type":"ListItem","position":4,"name":"Rambo 3 ex demo Krone &#8211; i231"}]},{"@type":"WebSite","@id":"https:\/\/meijerholland.nl\/en\/#website","url":"https:\/\/meijerholland.nl\/en\/","name":"Meijer Holland","description":"Bale Handling Systems\u200e","publisher":{"@id":"https:\/\/meijerholland.nl\/en\/#organization"},"potentialAction":[{"@type":"SearchAction","target":{"@type":"EntryPoint","urlTemplate":"https:\/\/meijerholland.nl\/en\/?s={search_term_string}"},"query-input":{"@type":"PropertyValueSpecification","valueRequired":true,"valueName":"search_term_string"}}],"inLanguage":"nl-NL"},{"@type":"Organization","@id":"https:\/\/meijerholland.nl\/en\/#organization","name":"Meijer Holland","url":"https:\/\/meijerholland.nl\/en\/","logo":{"@type":"ImageObject","inLanguage":"nl-NL","@id":"https:\/\/meijerholland.nl\/en\/#\/schema\/logo\/image\/","url":"https:\/\/meijerholland.nl\/wp-content\/uploads\/2019\/10\/MH-logo.jpg","contentUrl":"https:\/\/meijerholland.nl\/wp-content\/uploads\/2019\/10\/MH-logo.jpg","width":3316,"height":614,"caption":"Meijer Holland"},"image":{"@id":"https:\/\/meijerholland.nl\/en\/#\/schema\/logo\/image\/"},"sameAs":["https:\/\/www.facebook.com\/meijerhollandbalehandlingsystems\/","https:\/\/www.linkedin.com\/company\/meijer-holland---bale-handling-sytems\/","https:\/\/www.instagram.com\/meijerholland\/"]}]}},"_links":{"self":[{"href":"https:\/\/meijerholland.nl\/nl\/wp-json\/wp\/v2\/product\/10841","targetHints":{"allow":["GET"]}}],"collection":[{"href":"https:\/\/meijerholland.nl\/nl\/wp-json\/wp\/v2\/product"}],"about":[{"href":"https:\/\/meijerholland.nl\/nl\/wp-json\/wp\/v2\/types\/product"}],"wp:featuredmedia":[{"embeddable":true,"href":"https:\/\/meijerholland.nl\/nl\/wp-json\/wp\/v2\/media\/10842"}],"wp:attachment":[{"href":"https:\/\/meijerholland.nl\/nl\/wp-json\/wp\/v2\/media?parent=10841"}],"wp:term":[{"taxonomy":"product_brand","embeddable":true,"href":"https:\/\/meijerholland.nl\/nl\/wp-json\/wp\/v2\/product_brand?post=10841"},{"taxonomy":"product_cat","embeddable":true,"href":"https:\/\/meijerholland.nl\/nl\/wp-json\/wp\/v2\/product_cat?post=10841"},{"taxonomy":"product_tag","embeddable":true,"href":"https:\/\/meijerholland.nl\/nl\/wp-json\/wp\/v2\/product_tag?post=10841"}],"curies":[{"name":"wp","href":"https:\/\/api.w.org\/{rel}","templated":true}]}}