{"id":1115,"date":"2019-10-04T15:17:25","date_gmt":"2019-10-04T15:17:25","guid":{"rendered":"https:\/\/meijerholland.nl\/?post_type=product&#038;p=1115"},"modified":"2026-03-26T12:11:10","modified_gmt":"2026-03-26T12:11:10","slug":"jumbo-aa-5","status":"publish","type":"product","link":"https:\/\/meijerholland.nl\/nl\/product\/jumbo-aa-5\/","title":{"rendered":"Jumbo AA5 gewikkelde balenklem"},"content":{"rendered":"<p data-start=\"553\" data-end=\"793\">De Jumbo AA5 gewikkelde balenklem is ontwikkeld voor het oppakken en verplaatsen van kleine, gewikkelde rechthoekige balen zonder beschadiging van het folie. De balen worden \u00e9\u00e9n voor \u00e9\u00e9n opgenomen en vervolgens in een vast patroon afgelegd.<\/p>\n<p data-start=\"795\" data-end=\"1039\">De balenklem wordt aangesloten op het hydraulisch systeem van een verreiker, voorlader, shovel of kraan. Door de gecontroleerde klemming en positionering worden de balen effici\u00ebnt verzameld en geschikt gemaakt voor verdere verwerking of opslag.<\/p>\n<h2 data-section-id=\"1sw22a6\" data-start=\"1041\" data-end=\"1058\">Geschikt voor<\/h2>\n<ul data-start=\"1060\" data-end=\"1227\">\n<li data-section-id=\"1pdx5yx\" data-start=\"1060\" data-end=\"1093\">5 gewikkelde balen per cyclus<\/li>\n<li data-section-id=\"1lp11x3\" data-start=\"1094\" data-end=\"1123\">Balen van 85 x 50 x 40 cm<\/li>\n<li data-section-id=\"xnk2ue\" data-start=\"1124\" data-end=\"1153\">Kleine rechthoekige balen<\/li>\n<li data-section-id=\"nnz6sx\" data-start=\"1154\" data-end=\"1179\">Foliegewikkelde balen<\/li>\n<li data-section-id=\"121owcq\" data-start=\"1180\" data-end=\"1227\">Toepassingen met verreiker, shovel of kraan<\/li>\n<\/ul>\n<h2 data-section-id=\"tj7q9m\" data-start=\"1229\" data-end=\"1247\">Uitgevoerd met<\/h2>\n<ul data-start=\"1249\" data-end=\"1371\">\n<li data-section-id=\"7c628n\" data-start=\"1249\" data-end=\"1292\">4 hydraulische automaten met loopwielen<\/li>\n<li data-section-id=\"1ngkdns\" data-start=\"1293\" data-end=\"1355\">Individuele klemming van balen via \u00e9\u00e9n hydraulisch ventiel<\/li>\n<li data-section-id=\"uwwye4\" data-start=\"1356\" data-end=\"1371\">5 cilinders<\/li>\n<\/ul>\n<h2 data-section-id=\"1rgga3s\" data-start=\"1373\" data-end=\"1421\">Voordelen van Jumbo AA5 gewikkelde balenklem<\/h2>\n<ul data-start=\"1423\" data-end=\"1670\">\n<li data-section-id=\"1hvemhq\" data-start=\"1423\" data-end=\"1482\">Legt balen in een stabiel patroon voor verdere handling<\/li>\n<li data-section-id=\"1v2ek6k\" data-start=\"1483\" data-end=\"1529\">Voorkomt beschadiging van gewikkelde balen<\/li>\n<li data-section-id=\"1i9oxa0\" data-start=\"1530\" data-end=\"1567\">Geschikt voor stapelen op pallets<\/li>\n<li data-section-id=\"nqx9zk\" data-start=\"1568\" data-end=\"1619\">Effici\u00ebnt werken door meerdere balen per cyclus<\/li>\n<li data-section-id=\"1t5x0pe\" data-start=\"1620\" data-end=\"1670\">Praktisch inzetbaar voor loonwerk en logistiek<\/li>\n<\/ul>\n<h2 data-section-id=\"wvssv7\" data-start=\"1672\" data-end=\"1718\">Opties gewikkelde balenklem<\/h2>\n<p data-start=\"1720\" data-end=\"1760\">Uitbreidbaar afhankelijk van toepassing.<\/p>\n<ul>\n<li data-section-id=\"1fi4w55\" data-start=\"1762\" data-end=\"1790\">Demontabele aanbouwdelen<\/li>\n<li data-section-id=\"1by54cy\" data-start=\"1791\" data-end=\"1830\">Hydraulische slangen en koppelingen<\/li>\n<li data-section-id=\"1ljennr\" data-start=\"1831\" data-end=\"1850\">Overdrukventiel<\/li>\n<\/ul>\n<h3>Contact &amp; handleiding<\/h3>\n<p>Voor meer informatie of benieuwd naar de mogelijkheden betreft <strong><a href=\"https:\/\/meijerholland.nl\/nl\/productcategorie\/speciaalbouw\/\">maatwerk<\/a> <a href=\"https:\/\/meijerholland.nl\/nl\/productcategorie\/speciaalbouw\/\">oplossingen<\/a><\/strong>? Neem contact op met onze experts.<\/p>\n<ul>\n<li>Download de <a href=\"https:\/\/meijerholland.nl\/wp-content\/uploads\/2025\/01\/MHM-AA5-NL.pdf\"><strong>handleiding<\/strong><\/a><\/li>\n<li>Bel ons: <strong><a href=\"callto:+31503126448\">+31 (0)50 \u2013 3126448<\/a><\/strong><\/li>\n<li>Mail naar: <strong><a href=\"mailto:info@meijerholland.com\" rel=\"noopener\" data-start=\"134\" data-end=\"156\">info@meijerholland.com<\/a><\/strong><\/li>\n<li>Of vul het <strong><a href=\"https:\/\/meijerholland.nl\/nl\/contact\/\">contactformulier<\/a> <\/strong>in<\/li>\n<\/ul>\n","protected":false},"excerpt":{"rendered":"<p>De Jumbo AA5 gewikkelde balenklem is ontwikkeld voor het oppakken&#8230;<\/p>\n","protected":false},"featured_media":1130,"template":"","meta":{"_acf_changed":false},"product_brand":[],"product_cat":[55],"product_tag":[],"class_list":{"0":"post-1115","1":"product","2":"type-product","3":"status-publish","4":"has-post-thumbnail","6":"product_cat-jumbo-aa-kk-vr-balenklem","8":"first","9":"instock","10":"taxable","11":"shipping-taxable","12":"product-type-simple"},"acf":[],"yoast_head":"<!-- This site is optimized with the Yoast SEO plugin v27.4 - https:\/\/yoast.com\/product\/yoast-seo-wordpress\/ -->\n<title>Jumbo AA5 Balenklem voor 5 Gewikkelde Balen | Meijer Holland<\/title>\n<meta name=\"description\" content=\"Jumbo AA5 balenklem voor het oppakken van 5 gewikkelde balen zonder foliebeschadiging. Effici\u00ebnt stapelen en geschikt voor palletverwerking.\" \/>\n<meta name=\"robots\" content=\"index, follow, max-snippet:-1, max-image-preview:large, max-video-preview:-1\" \/>\n<link rel=\"canonical\" href=\"https:\/\/meijerholland.nl\/nl\/product\/jumbo-aa-5\/\" \/>\n<meta property=\"og:locale\" content=\"nl_NL\" \/>\n<meta property=\"og:type\" content=\"article\" \/>\n<meta property=\"og:title\" content=\"Jumbo AA5 Balenklem voor 5 Gewikkelde Balen | Meijer Holland\" \/>\n<meta property=\"og:description\" content=\"Jumbo AA5 balenklem voor het oppakken van 5 gewikkelde balen zonder foliebeschadiging. Effici\u00ebnt stapelen en geschikt voor palletverwerking.\" \/>\n<meta property=\"og:url\" content=\"https:\/\/meijerholland.nl\/nl\/product\/jumbo-aa-5\/\" \/>\n<meta property=\"og:site_name\" content=\"Meijer Holland\" \/>\n<meta property=\"article:publisher\" content=\"https:\/\/www.facebook.com\/meijerhollandbalehandlingsystems\/\" \/>\n<meta property=\"article:modified_time\" content=\"2026-03-26T12:11:10+00:00\" \/>\n<meta property=\"og:image\" content=\"https:\/\/meijerholland.nl\/wp-content\/uploads\/2019\/10\/jumboaa5foto3-850x500.jpg\" \/>\n\t<meta property=\"og:image:width\" content=\"666\" \/>\n\t<meta property=\"og:image:height\" content=\"500\" \/>\n\t<meta property=\"og:image:type\" content=\"image\/jpeg\" \/>\n<meta name=\"twitter:card\" content=\"summary_large_image\" \/>\n<meta name=\"twitter:label1\" content=\"Geschatte leestijd\" \/>\n\t<meta name=\"twitter:data1\" content=\"2 minuten\" \/>\n<script type=\"application\/ld+json\" class=\"yoast-schema-graph\">{\"@context\":\"https:\\\/\\\/schema.org\",\"@graph\":[{\"@type\":\"WebPage\",\"@id\":\"https:\\\/\\\/meijerholland.nl\\\/nl\\\/product\\\/jumbo-aa-5\\\/\",\"url\":\"https:\\\/\\\/meijerholland.nl\\\/nl\\\/product\\\/jumbo-aa-5\\\/\",\"name\":\"Jumbo AA5 Balenklem voor 5 Gewikkelde Balen | Meijer Holland\",\"isPartOf\":{\"@id\":\"https:\\\/\\\/meijerholland.nl\\\/en\\\/#website\"},\"primaryImageOfPage\":{\"@id\":\"https:\\\/\\\/meijerholland.nl\\\/nl\\\/product\\\/jumbo-aa-5\\\/#primaryimage\"},\"image\":{\"@id\":\"https:\\\/\\\/meijerholland.nl\\\/nl\\\/product\\\/jumbo-aa-5\\\/#primaryimage\"},\"thumbnailUrl\":\"https:\\\/\\\/meijerholland.nl\\\/wp-content\\\/uploads\\\/2019\\\/10\\\/jumboaa5foto3-850x500.jpg\",\"datePublished\":\"2019-10-04T15:17:25+00:00\",\"dateModified\":\"2026-03-26T12:11:10+00:00\",\"description\":\"Jumbo AA5 balenklem voor het oppakken van 5 gewikkelde balen zonder foliebeschadiging. Effici\u00ebnt stapelen en geschikt voor palletverwerking.\",\"breadcrumb\":{\"@id\":\"https:\\\/\\\/meijerholland.nl\\\/nl\\\/product\\\/jumbo-aa-5\\\/#breadcrumb\"},\"inLanguage\":\"nl-NL\",\"potentialAction\":[{\"@type\":\"ReadAction\",\"target\":[\"https:\\\/\\\/meijerholland.nl\\\/nl\\\/product\\\/jumbo-aa-5\\\/\"]}]},{\"@type\":\"ImageObject\",\"inLanguage\":\"nl-NL\",\"@id\":\"https:\\\/\\\/meijerholland.nl\\\/nl\\\/product\\\/jumbo-aa-5\\\/#primaryimage\",\"url\":\"https:\\\/\\\/meijerholland.nl\\\/wp-content\\\/uploads\\\/2019\\\/10\\\/jumboaa5foto3-850x500.jpg\",\"contentUrl\":\"https:\\\/\\\/meijerholland.nl\\\/wp-content\\\/uploads\\\/2019\\\/10\\\/jumboaa5foto3-850x500.jpg\",\"width\":666,\"height\":500,\"caption\":\"Jumbo AA5 gewikkelde balenklem\"},{\"@type\":\"BreadcrumbList\",\"@id\":\"https:\\\/\\\/meijerholland.nl\\\/nl\\\/product\\\/jumbo-aa-5\\\/#breadcrumb\",\"itemListElement\":[{\"@type\":\"ListItem\",\"position\":1,\"name\":\"Home\",\"item\":\"https:\\\/\\\/meijerholland.nl\\\/nl\\\/\"},{\"@type\":\"ListItem\",\"position\":2,\"name\":\"Producten\",\"item\":\"https:\\\/\\\/meijerholland.nl\\\/nl\\\/producten\\\/\"},{\"@type\":\"ListItem\",\"position\":3,\"name\":\"Gewikkelde balen\",\"item\":\"https:\\\/\\\/meijerholland.nl\\\/nl\\\/productcategorie\\\/gewikkelde-balen\\\/\"},{\"@type\":\"ListItem\",\"position\":4,\"name\":\"Jumbo AA\\\/KK balenklem\",\"item\":\"https:\\\/\\\/meijerholland.nl\\\/nl\\\/productcategorie\\\/gewikkelde-balen\\\/jumbo-aa-kk-vr-balenklem\\\/\"},{\"@type\":\"ListItem\",\"position\":5,\"name\":\"Jumbo AA5 gewikkelde balenklem\"}]},{\"@type\":\"WebSite\",\"@id\":\"https:\\\/\\\/meijerholland.nl\\\/en\\\/#website\",\"url\":\"https:\\\/\\\/meijerholland.nl\\\/en\\\/\",\"name\":\"Meijer Holland\",\"description\":\"Bale Handling Systems\u200e\",\"publisher\":{\"@id\":\"https:\\\/\\\/meijerholland.nl\\\/en\\\/#organization\"},\"potentialAction\":[{\"@type\":\"SearchAction\",\"target\":{\"@type\":\"EntryPoint\",\"urlTemplate\":\"https:\\\/\\\/meijerholland.nl\\\/en\\\/?s={search_term_string}\"},\"query-input\":{\"@type\":\"PropertyValueSpecification\",\"valueRequired\":true,\"valueName\":\"search_term_string\"}}],\"inLanguage\":\"nl-NL\"},{\"@type\":\"Organization\",\"@id\":\"https:\\\/\\\/meijerholland.nl\\\/en\\\/#organization\",\"name\":\"Meijer Holland\",\"url\":\"https:\\\/\\\/meijerholland.nl\\\/en\\\/\",\"logo\":{\"@type\":\"ImageObject\",\"inLanguage\":\"nl-NL\",\"@id\":\"https:\\\/\\\/meijerholland.nl\\\/en\\\/#\\\/schema\\\/logo\\\/image\\\/\",\"url\":\"https:\\\/\\\/meijerholland.nl\\\/wp-content\\\/uploads\\\/2019\\\/10\\\/MH-logo.jpg\",\"contentUrl\":\"https:\\\/\\\/meijerholland.nl\\\/wp-content\\\/uploads\\\/2019\\\/10\\\/MH-logo.jpg\",\"width\":3316,\"height\":614,\"caption\":\"Meijer Holland\"},\"image\":{\"@id\":\"https:\\\/\\\/meijerholland.nl\\\/en\\\/#\\\/schema\\\/logo\\\/image\\\/\"},\"sameAs\":[\"https:\\\/\\\/www.facebook.com\\\/meijerhollandbalehandlingsystems\\\/\",\"https:\\\/\\\/www.linkedin.com\\\/company\\\/meijer-holland---bale-handling-sytems\\\/\",\"https:\\\/\\\/www.instagram.com\\\/meijerholland\\\/\"]}]}<\/script>\n<!-- \/ Yoast SEO plugin. -->","yoast_head_json":{"title":"Jumbo AA5 Balenklem voor 5 Gewikkelde Balen | Meijer Holland","description":"Jumbo AA5 balenklem voor het oppakken van 5 gewikkelde balen zonder foliebeschadiging. Effici\u00ebnt stapelen en geschikt voor palletverwerking.","robots":{"index":"index","follow":"follow","max-snippet":"max-snippet:-1","max-image-preview":"max-image-preview:large","max-video-preview":"max-video-preview:-1"},"canonical":"https:\/\/meijerholland.nl\/nl\/product\/jumbo-aa-5\/","og_locale":"nl_NL","og_type":"article","og_title":"Jumbo AA5 Balenklem voor 5 Gewikkelde Balen | Meijer Holland","og_description":"Jumbo AA5 balenklem voor het oppakken van 5 gewikkelde balen zonder foliebeschadiging. Effici\u00ebnt stapelen en geschikt voor palletverwerking.","og_url":"https:\/\/meijerholland.nl\/nl\/product\/jumbo-aa-5\/","og_site_name":"Meijer Holland","article_publisher":"https:\/\/www.facebook.com\/meijerhollandbalehandlingsystems\/","article_modified_time":"2026-03-26T12:11:10+00:00","og_image":[{"width":666,"height":500,"url":"https:\/\/meijerholland.nl\/wp-content\/uploads\/2019\/10\/jumboaa5foto3-850x500.jpg","type":"image\/jpeg"}],"twitter_card":"summary_large_image","twitter_misc":{"Geschatte leestijd":"2 minuten"},"schema":{"@context":"https:\/\/schema.org","@graph":[{"@type":"WebPage","@id":"https:\/\/meijerholland.nl\/nl\/product\/jumbo-aa-5\/","url":"https:\/\/meijerholland.nl\/nl\/product\/jumbo-aa-5\/","name":"Jumbo AA5 Balenklem voor 5 Gewikkelde Balen | Meijer Holland","isPartOf":{"@id":"https:\/\/meijerholland.nl\/en\/#website"},"primaryImageOfPage":{"@id":"https:\/\/meijerholland.nl\/nl\/product\/jumbo-aa-5\/#primaryimage"},"image":{"@id":"https:\/\/meijerholland.nl\/nl\/product\/jumbo-aa-5\/#primaryimage"},"thumbnailUrl":"https:\/\/meijerholland.nl\/wp-content\/uploads\/2019\/10\/jumboaa5foto3-850x500.jpg","datePublished":"2019-10-04T15:17:25+00:00","dateModified":"2026-03-26T12:11:10+00:00","description":"Jumbo AA5 balenklem voor het oppakken van 5 gewikkelde balen zonder foliebeschadiging. Effici\u00ebnt stapelen en geschikt voor palletverwerking.","breadcrumb":{"@id":"https:\/\/meijerholland.nl\/nl\/product\/jumbo-aa-5\/#breadcrumb"},"inLanguage":"nl-NL","potentialAction":[{"@type":"ReadAction","target":["https:\/\/meijerholland.nl\/nl\/product\/jumbo-aa-5\/"]}]},{"@type":"ImageObject","inLanguage":"nl-NL","@id":"https:\/\/meijerholland.nl\/nl\/product\/jumbo-aa-5\/#primaryimage","url":"https:\/\/meijerholland.nl\/wp-content\/uploads\/2019\/10\/jumboaa5foto3-850x500.jpg","contentUrl":"https:\/\/meijerholland.nl\/wp-content\/uploads\/2019\/10\/jumboaa5foto3-850x500.jpg","width":666,"height":500,"caption":"Jumbo AA5 gewikkelde balenklem"},{"@type":"BreadcrumbList","@id":"https:\/\/meijerholland.nl\/nl\/product\/jumbo-aa-5\/#breadcrumb","itemListElement":[{"@type":"ListItem","position":1,"name":"Home","item":"https:\/\/meijerholland.nl\/nl\/"},{"@type":"ListItem","position":2,"name":"Producten","item":"https:\/\/meijerholland.nl\/nl\/producten\/"},{"@type":"ListItem","position":3,"name":"Gewikkelde balen","item":"https:\/\/meijerholland.nl\/nl\/productcategorie\/gewikkelde-balen\/"},{"@type":"ListItem","position":4,"name":"Jumbo AA\/KK balenklem","item":"https:\/\/meijerholland.nl\/nl\/productcategorie\/gewikkelde-balen\/jumbo-aa-kk-vr-balenklem\/"},{"@type":"ListItem","position":5,"name":"Jumbo AA5 gewikkelde balenklem"}]},{"@type":"WebSite","@id":"https:\/\/meijerholland.nl\/en\/#website","url":"https:\/\/meijerholland.nl\/en\/","name":"Meijer Holland","description":"Bale Handling Systems\u200e","publisher":{"@id":"https:\/\/meijerholland.nl\/en\/#organization"},"potentialAction":[{"@type":"SearchAction","target":{"@type":"EntryPoint","urlTemplate":"https:\/\/meijerholland.nl\/en\/?s={search_term_string}"},"query-input":{"@type":"PropertyValueSpecification","valueRequired":true,"valueName":"search_term_string"}}],"inLanguage":"nl-NL"},{"@type":"Organization","@id":"https:\/\/meijerholland.nl\/en\/#organization","name":"Meijer Holland","url":"https:\/\/meijerholland.nl\/en\/","logo":{"@type":"ImageObject","inLanguage":"nl-NL","@id":"https:\/\/meijerholland.nl\/en\/#\/schema\/logo\/image\/","url":"https:\/\/meijerholland.nl\/wp-content\/uploads\/2019\/10\/MH-logo.jpg","contentUrl":"https:\/\/meijerholland.nl\/wp-content\/uploads\/2019\/10\/MH-logo.jpg","width":3316,"height":614,"caption":"Meijer Holland"},"image":{"@id":"https:\/\/meijerholland.nl\/en\/#\/schema\/logo\/image\/"},"sameAs":["https:\/\/www.facebook.com\/meijerhollandbalehandlingsystems\/","https:\/\/www.linkedin.com\/company\/meijer-holland---bale-handling-sytems\/","https:\/\/www.instagram.com\/meijerholland\/"]}]}},"_links":{"self":[{"href":"https:\/\/meijerholland.nl\/nl\/wp-json\/wp\/v2\/product\/1115","targetHints":{"allow":["GET"]}}],"collection":[{"href":"https:\/\/meijerholland.nl\/nl\/wp-json\/wp\/v2\/product"}],"about":[{"href":"https:\/\/meijerholland.nl\/nl\/wp-json\/wp\/v2\/types\/product"}],"wp:featuredmedia":[{"embeddable":true,"href":"https:\/\/meijerholland.nl\/nl\/wp-json\/wp\/v2\/media\/1130"}],"wp:attachment":[{"href":"https:\/\/meijerholland.nl\/nl\/wp-json\/wp\/v2\/media?parent=1115"}],"wp:term":[{"taxonomy":"product_brand","embeddable":true,"href":"https:\/\/meijerholland.nl\/nl\/wp-json\/wp\/v2\/product_brand?post=1115"},{"taxonomy":"product_cat","embeddable":true,"href":"https:\/\/meijerholland.nl\/nl\/wp-json\/wp\/v2\/product_cat?post=1115"},{"taxonomy":"product_tag","embeddable":true,"href":"https:\/\/meijerholland.nl\/nl\/wp-json\/wp\/v2\/product_tag?post=1115"}],"curies":[{"name":"wp","href":"https:\/\/api.w.org\/{rel}","templated":true}]}}