{"id":9621,"date":"2025-01-20T12:42:17","date_gmt":"2025-01-20T12:42:17","guid":{"rendered":"https:\/\/meijerholland.nl\/?post_type=product&#038;p=9621"},"modified":"2025-10-20T10:08:12","modified_gmt":"2025-10-20T10:08:12","slug":"gebruikte-rambo-2","status":"publish","type":"product","link":"https:\/\/meijerholland.nl\/nl\/product\/gebruikte-rambo-2\/","title":{"rendered":"Gebruikte Rambo 2 &#8211; i088"},"content":{"rendered":"<p>De Rambo 2 verzamelt 2 grote stro- of hooibalen \u00e9\u00e9n voor \u00e9\u00e9n in lengterichting en laadt ze tegelijk op. Haken trekken de balen klem tegen het frame. Dit zorgt voor een veilige manier van werken. Voor het afladen van de balen is de Rambo 2 bij uitstek geschikt.<\/p>\n<p>&#8211; sensoren signaleren of er een baal onder haak ligt en alleen dan wordt het ventiel van de cilinder geopend<br \/>\n&#8211; de 2 balen worden samen losgelaten<br \/>\n&#8211; geschikt voor balen van circa 240 cm lang en 120 cm breed<br \/>\n&#8211; maximaal gewicht per baal 500 kg<br \/>\n&#8211; geschikt voor demontabele aanbouw<br \/>\n&#8211; de Rambo is minder geschikt voor het gebruik op hellingen<\/p>\n<p>Uitgevoerd met:<br \/>\n&#8211; 8 speciaal ontwikkelde haken van hoogwaardig staal die in de balen draaien<br \/>\n&#8211; 1 hydraulisch automaat die ervoor zorgt dat de balen afzonderlijk geklemd kunnen worden (eerst links, dan rechts)<br \/>\n&#8211; 1 cilinder en 4 haken per baal<\/p>\n<p>Optioneel:<br \/>\n&#8211; demontabele aanbouwdelen<br \/>\n&#8211; 2 hydraulische slangen en koppelingen<br \/>\n&#8211; overdrukventiel<\/p>\n<p>Max. druk hydraulisch circuit: 180 bar. Wij adviseren een overdrukventiel te gebruiken bij een hogere druk dan 180 bar of bij balen met dichtheid hoger dan 200 kg\/m\u00b3.<\/p>\n","protected":false},"excerpt":{"rendered":"<p>De Rambo 2 verzamelt 2 grote stro- of hooibalen \u00e9\u00e9n&#8230;<\/p>\n","protected":false},"featured_media":9623,"template":"","meta":{"_acf_changed":false},"product_brand":[],"product_cat":[53],"product_tag":[],"class_list":{"0":"post-9621","1":"product","2":"type-product","3":"status-publish","4":"has-post-thumbnail","6":"product_cat-gebruikt","8":"first","9":"instock","10":"taxable","11":"shipping-taxable","12":"product-type-simple"},"acf":[],"yoast_head":"<!-- This site is optimized with the Yoast SEO plugin v27.3 - https:\/\/yoast.com\/product\/yoast-seo-wordpress\/ -->\n<title>Gebruikte Rambo 2 Balenklem Te Koop | Meijer Holland<\/title>\n<meta name=\"description\" content=\"Een gebruikte Rambo 2 balenklem te koop. Een hydraulisch aangedreven klem waarmee gemakkelijk twee balen per keer verplaatst kunnen worden.\" \/>\n<meta name=\"robots\" content=\"index, follow, max-snippet:-1, max-image-preview:large, max-video-preview:-1\" \/>\n<link rel=\"canonical\" href=\"https:\/\/meijerholland.nl\/nl\/product\/gebruikte-rambo-2\/\" \/>\n<meta property=\"og:locale\" content=\"nl_NL\" \/>\n<meta property=\"og:type\" content=\"article\" \/>\n<meta property=\"og:title\" content=\"Gebruikte Rambo 2 Balenklem Te Koop | Meijer Holland\" \/>\n<meta property=\"og:description\" content=\"Een gebruikte Rambo 2 balenklem te koop. Een hydraulisch aangedreven klem waarmee gemakkelijk twee balen per keer verplaatst kunnen worden.\" \/>\n<meta property=\"og:url\" content=\"https:\/\/meijerholland.nl\/nl\/product\/gebruikte-rambo-2\/\" \/>\n<meta property=\"og:site_name\" content=\"Meijer Holland\" \/>\n<meta property=\"article:publisher\" content=\"https:\/\/www.facebook.com\/meijerhollandbalehandlingsystems\/\" \/>\n<meta property=\"article:modified_time\" content=\"2025-10-20T10:08:12+00:00\" \/>\n<meta property=\"og:image\" content=\"https:\/\/meijerholland.nl\/wp-content\/uploads\/2025\/01\/1000038086-rotated.jpg\" \/>\n\t<meta property=\"og:image:width\" content=\"1530\" \/>\n\t<meta property=\"og:image:height\" content=\"2040\" \/>\n\t<meta property=\"og:image:type\" content=\"image\/jpeg\" \/>\n<meta name=\"twitter:card\" content=\"summary_large_image\" \/>\n<meta name=\"twitter:label1\" content=\"Geschatte leestijd\" \/>\n\t<meta name=\"twitter:data1\" content=\"2 minuten\" \/>\n<script type=\"application\/ld+json\" class=\"yoast-schema-graph\">{\"@context\":\"https:\\\/\\\/schema.org\",\"@graph\":[{\"@type\":\"WebPage\",\"@id\":\"https:\\\/\\\/meijerholland.nl\\\/nl\\\/product\\\/gebruikte-rambo-2\\\/\",\"url\":\"https:\\\/\\\/meijerholland.nl\\\/nl\\\/product\\\/gebruikte-rambo-2\\\/\",\"name\":\"Gebruikte Rambo 2 Balenklem Te Koop | Meijer Holland\",\"isPartOf\":{\"@id\":\"https:\\\/\\\/meijerholland.nl\\\/en\\\/#website\"},\"primaryImageOfPage\":{\"@id\":\"https:\\\/\\\/meijerholland.nl\\\/nl\\\/product\\\/gebruikte-rambo-2\\\/#primaryimage\"},\"image\":{\"@id\":\"https:\\\/\\\/meijerholland.nl\\\/nl\\\/product\\\/gebruikte-rambo-2\\\/#primaryimage\"},\"thumbnailUrl\":\"https:\\\/\\\/meijerholland.nl\\\/wp-content\\\/uploads\\\/2025\\\/01\\\/1000038086-rotated.jpg\",\"datePublished\":\"2025-01-20T12:42:17+00:00\",\"dateModified\":\"2025-10-20T10:08:12+00:00\",\"description\":\"Een gebruikte Rambo 2 balenklem te koop. Een hydraulisch aangedreven klem waarmee gemakkelijk twee balen per keer verplaatst kunnen worden.\",\"breadcrumb\":{\"@id\":\"https:\\\/\\\/meijerholland.nl\\\/nl\\\/product\\\/gebruikte-rambo-2\\\/#breadcrumb\"},\"inLanguage\":\"nl-NL\",\"potentialAction\":[{\"@type\":\"ReadAction\",\"target\":[\"https:\\\/\\\/meijerholland.nl\\\/nl\\\/product\\\/gebruikte-rambo-2\\\/\"]}]},{\"@type\":\"ImageObject\",\"inLanguage\":\"nl-NL\",\"@id\":\"https:\\\/\\\/meijerholland.nl\\\/nl\\\/product\\\/gebruikte-rambo-2\\\/#primaryimage\",\"url\":\"https:\\\/\\\/meijerholland.nl\\\/wp-content\\\/uploads\\\/2025\\\/01\\\/1000038086-rotated.jpg\",\"contentUrl\":\"https:\\\/\\\/meijerholland.nl\\\/wp-content\\\/uploads\\\/2025\\\/01\\\/1000038086-rotated.jpg\",\"width\":1530,\"height\":2040,\"caption\":\"Meijer Holland balenklem voor hooi en stro\"},{\"@type\":\"BreadcrumbList\",\"@id\":\"https:\\\/\\\/meijerholland.nl\\\/nl\\\/product\\\/gebruikte-rambo-2\\\/#breadcrumb\",\"itemListElement\":[{\"@type\":\"ListItem\",\"position\":1,\"name\":\"Home\",\"item\":\"https:\\\/\\\/meijerholland.nl\\\/nl\\\/\"},{\"@type\":\"ListItem\",\"position\":2,\"name\":\"Producten\",\"item\":\"https:\\\/\\\/meijerholland.nl\\\/nl\\\/producten\\\/\"},{\"@type\":\"ListItem\",\"position\":3,\"name\":\"Tweedehands balenklemmen en balenverzamelaars\",\"item\":\"https:\\\/\\\/meijerholland.nl\\\/nl\\\/productcategorie\\\/gebruikt\\\/\"},{\"@type\":\"ListItem\",\"position\":4,\"name\":\"Gebruikte Rambo 2 &#8211; i088\"}]},{\"@type\":\"WebSite\",\"@id\":\"https:\\\/\\\/meijerholland.nl\\\/en\\\/#website\",\"url\":\"https:\\\/\\\/meijerholland.nl\\\/en\\\/\",\"name\":\"Meijer Holland\",\"description\":\"Bale Handling Systems\u200e\",\"publisher\":{\"@id\":\"https:\\\/\\\/meijerholland.nl\\\/en\\\/#organization\"},\"potentialAction\":[{\"@type\":\"SearchAction\",\"target\":{\"@type\":\"EntryPoint\",\"urlTemplate\":\"https:\\\/\\\/meijerholland.nl\\\/en\\\/?s={search_term_string}\"},\"query-input\":{\"@type\":\"PropertyValueSpecification\",\"valueRequired\":true,\"valueName\":\"search_term_string\"}}],\"inLanguage\":\"nl-NL\"},{\"@type\":\"Organization\",\"@id\":\"https:\\\/\\\/meijerholland.nl\\\/en\\\/#organization\",\"name\":\"Meijer Holland\",\"url\":\"https:\\\/\\\/meijerholland.nl\\\/en\\\/\",\"logo\":{\"@type\":\"ImageObject\",\"inLanguage\":\"nl-NL\",\"@id\":\"https:\\\/\\\/meijerholland.nl\\\/en\\\/#\\\/schema\\\/logo\\\/image\\\/\",\"url\":\"https:\\\/\\\/meijerholland.nl\\\/wp-content\\\/uploads\\\/2019\\\/10\\\/MH-logo.jpg\",\"contentUrl\":\"https:\\\/\\\/meijerholland.nl\\\/wp-content\\\/uploads\\\/2019\\\/10\\\/MH-logo.jpg\",\"width\":3316,\"height\":614,\"caption\":\"Meijer Holland\"},\"image\":{\"@id\":\"https:\\\/\\\/meijerholland.nl\\\/en\\\/#\\\/schema\\\/logo\\\/image\\\/\"},\"sameAs\":[\"https:\\\/\\\/www.facebook.com\\\/meijerhollandbalehandlingsystems\\\/\",\"https:\\\/\\\/www.linkedin.com\\\/company\\\/meijer-holland---bale-handling-sytems\\\/\",\"https:\\\/\\\/www.instagram.com\\\/meijerholland\\\/\"]}]}<\/script>\n<!-- \/ Yoast SEO plugin. -->","yoast_head_json":{"title":"Gebruikte Rambo 2 Balenklem Te Koop | Meijer Holland","description":"Een gebruikte Rambo 2 balenklem te koop. Een hydraulisch aangedreven klem waarmee gemakkelijk twee balen per keer verplaatst kunnen worden.","robots":{"index":"index","follow":"follow","max-snippet":"max-snippet:-1","max-image-preview":"max-image-preview:large","max-video-preview":"max-video-preview:-1"},"canonical":"https:\/\/meijerholland.nl\/nl\/product\/gebruikte-rambo-2\/","og_locale":"nl_NL","og_type":"article","og_title":"Gebruikte Rambo 2 Balenklem Te Koop | Meijer Holland","og_description":"Een gebruikte Rambo 2 balenklem te koop. Een hydraulisch aangedreven klem waarmee gemakkelijk twee balen per keer verplaatst kunnen worden.","og_url":"https:\/\/meijerholland.nl\/nl\/product\/gebruikte-rambo-2\/","og_site_name":"Meijer Holland","article_publisher":"https:\/\/www.facebook.com\/meijerhollandbalehandlingsystems\/","article_modified_time":"2025-10-20T10:08:12+00:00","og_image":[{"width":1530,"height":2040,"url":"https:\/\/meijerholland.nl\/wp-content\/uploads\/2025\/01\/1000038086-rotated.jpg","type":"image\/jpeg"}],"twitter_card":"summary_large_image","twitter_misc":{"Geschatte leestijd":"2 minuten"},"schema":{"@context":"https:\/\/schema.org","@graph":[{"@type":"WebPage","@id":"https:\/\/meijerholland.nl\/nl\/product\/gebruikte-rambo-2\/","url":"https:\/\/meijerholland.nl\/nl\/product\/gebruikte-rambo-2\/","name":"Gebruikte Rambo 2 Balenklem Te Koop | Meijer Holland","isPartOf":{"@id":"https:\/\/meijerholland.nl\/en\/#website"},"primaryImageOfPage":{"@id":"https:\/\/meijerholland.nl\/nl\/product\/gebruikte-rambo-2\/#primaryimage"},"image":{"@id":"https:\/\/meijerholland.nl\/nl\/product\/gebruikte-rambo-2\/#primaryimage"},"thumbnailUrl":"https:\/\/meijerholland.nl\/wp-content\/uploads\/2025\/01\/1000038086-rotated.jpg","datePublished":"2025-01-20T12:42:17+00:00","dateModified":"2025-10-20T10:08:12+00:00","description":"Een gebruikte Rambo 2 balenklem te koop. Een hydraulisch aangedreven klem waarmee gemakkelijk twee balen per keer verplaatst kunnen worden.","breadcrumb":{"@id":"https:\/\/meijerholland.nl\/nl\/product\/gebruikte-rambo-2\/#breadcrumb"},"inLanguage":"nl-NL","potentialAction":[{"@type":"ReadAction","target":["https:\/\/meijerholland.nl\/nl\/product\/gebruikte-rambo-2\/"]}]},{"@type":"ImageObject","inLanguage":"nl-NL","@id":"https:\/\/meijerholland.nl\/nl\/product\/gebruikte-rambo-2\/#primaryimage","url":"https:\/\/meijerholland.nl\/wp-content\/uploads\/2025\/01\/1000038086-rotated.jpg","contentUrl":"https:\/\/meijerholland.nl\/wp-content\/uploads\/2025\/01\/1000038086-rotated.jpg","width":1530,"height":2040,"caption":"Meijer Holland balenklem voor hooi en stro"},{"@type":"BreadcrumbList","@id":"https:\/\/meijerholland.nl\/nl\/product\/gebruikte-rambo-2\/#breadcrumb","itemListElement":[{"@type":"ListItem","position":1,"name":"Home","item":"https:\/\/meijerholland.nl\/nl\/"},{"@type":"ListItem","position":2,"name":"Producten","item":"https:\/\/meijerholland.nl\/nl\/producten\/"},{"@type":"ListItem","position":3,"name":"Tweedehands balenklemmen en balenverzamelaars","item":"https:\/\/meijerholland.nl\/nl\/productcategorie\/gebruikt\/"},{"@type":"ListItem","position":4,"name":"Gebruikte Rambo 2 &#8211; i088"}]},{"@type":"WebSite","@id":"https:\/\/meijerholland.nl\/en\/#website","url":"https:\/\/meijerholland.nl\/en\/","name":"Meijer Holland","description":"Bale Handling Systems\u200e","publisher":{"@id":"https:\/\/meijerholland.nl\/en\/#organization"},"potentialAction":[{"@type":"SearchAction","target":{"@type":"EntryPoint","urlTemplate":"https:\/\/meijerholland.nl\/en\/?s={search_term_string}"},"query-input":{"@type":"PropertyValueSpecification","valueRequired":true,"valueName":"search_term_string"}}],"inLanguage":"nl-NL"},{"@type":"Organization","@id":"https:\/\/meijerholland.nl\/en\/#organization","name":"Meijer Holland","url":"https:\/\/meijerholland.nl\/en\/","logo":{"@type":"ImageObject","inLanguage":"nl-NL","@id":"https:\/\/meijerholland.nl\/en\/#\/schema\/logo\/image\/","url":"https:\/\/meijerholland.nl\/wp-content\/uploads\/2019\/10\/MH-logo.jpg","contentUrl":"https:\/\/meijerholland.nl\/wp-content\/uploads\/2019\/10\/MH-logo.jpg","width":3316,"height":614,"caption":"Meijer Holland"},"image":{"@id":"https:\/\/meijerholland.nl\/en\/#\/schema\/logo\/image\/"},"sameAs":["https:\/\/www.facebook.com\/meijerhollandbalehandlingsystems\/","https:\/\/www.linkedin.com\/company\/meijer-holland---bale-handling-sytems\/","https:\/\/www.instagram.com\/meijerholland\/"]}]}},"_links":{"self":[{"href":"https:\/\/meijerholland.nl\/nl\/wp-json\/wp\/v2\/product\/9621","targetHints":{"allow":["GET"]}}],"collection":[{"href":"https:\/\/meijerholland.nl\/nl\/wp-json\/wp\/v2\/product"}],"about":[{"href":"https:\/\/meijerholland.nl\/nl\/wp-json\/wp\/v2\/types\/product"}],"wp:featuredmedia":[{"embeddable":true,"href":"https:\/\/meijerholland.nl\/nl\/wp-json\/wp\/v2\/media\/9623"}],"wp:attachment":[{"href":"https:\/\/meijerholland.nl\/nl\/wp-json\/wp\/v2\/media?parent=9621"}],"wp:term":[{"taxonomy":"product_brand","embeddable":true,"href":"https:\/\/meijerholland.nl\/nl\/wp-json\/wp\/v2\/product_brand?post=9621"},{"taxonomy":"product_cat","embeddable":true,"href":"https:\/\/meijerholland.nl\/nl\/wp-json\/wp\/v2\/product_cat?post=9621"},{"taxonomy":"product_tag","embeddable":true,"href":"https:\/\/meijerholland.nl\/nl\/wp-json\/wp\/v2\/product_tag?post=9621"}],"curies":[{"name":"wp","href":"https:\/\/api.w.org\/{rel}","templated":true}]}}